{"id":322,"date":"2021-08-19T18:47:22","date_gmt":"2021-08-19T18:47:22","guid":{"rendered":"https:\/\/xedoo.com\/versand\/"},"modified":"2025-04-14T09:38:54","modified_gmt":"2025-04-14T07:38:54","slug":"versand","status":"publish","type":"page","link":"https:\/\/xedoo.com\/de\/versand\/","title":{"rendered":"Versand- und Zahlungsinformationen"},"content":{"rendered":"<h3>Versandkosten<\/h3>\n<p><strong>Der Versand von Pflanzen in das europ\u00e4ische Ausland erfolgt grunds\u00e4tzlich nur Montags. Dies geschieht zum Schutz der Pflanzen, da wir unn\u00f6tige Aufenthalte in den Warenh\u00e4usern der Transportunternehmen \u00fcber Wochenenden vermeiden m\u00f6chten. Versendet wird via UPS oder DPD.<\/strong><\/p>\n<p>Nachdem das Transportunternehmen die bestellte Ware abgeholt hat, erhalten Kunden eine Mitteilung mit der jeweiligen Sendungsverfolgungsnummer.<\/p>\n<p>Aufgrund von Exportbeschr\u00e4nkungen f\u00fcr die meisten unserer Produkte k\u00f6nnen wir leider nur in die folgenden L\u00e4nder der EU liefern.<\/p>\n<p>&nbsp;<\/p>\n<p><strong>Spanien Festland:<\/strong> 1-3 Werktage<\/p>\n<p>0 &#8211; 3 Kg &#8211; \u20ac 7,50<\/p>\n<p>3 &#8211; 10 Kg &#8211; \u20ac 12,50<\/p>\n<p><strong>Belgien, Deutschland, Frankreich, Italien, Luxemburg, Niederlande, \u00d6sterreich:<\/strong> 5 Werktage<\/p>\n<p>0 &#8211; 1 Kg &#8211; \u20ac 14,90<\/p>\n<p>1\u00a0 &#8211; 3 Kg &#8211; \u20ac 19,90<\/p>\n<p>3 &#8211; 10 Kg &#8211; \u20ac 27,50<\/p>\n<p><strong>Irland, Polen, Rum\u00e4nien, Slowakei, Slowenien, Tschechische Republik, Ungarn:<\/strong> 5-7 Werktage<\/p>\n<p>0 &#8211; 1 Kg &#8211; \u20ac 22,50<\/p>\n<p>1 &#8211; 3 Kg &#8211; \u20ac 27,50<\/p>\n<p>3 &#8211; 10 Kg &#8211; \u20ac 35,00<\/p>\n<p><strong>Bulgarien, D\u00e4nemark, Estland, Finnland, Griechenland, Kroatien, Lettland, Litauen, Schweden:<\/strong> 5-7 Werktage<\/p>\n<p>0 &#8211; 1 Kg &#8211; \u20ac 22,50<\/p>\n<p>1 &#8211; 3 Kg &#8211; \u20ac 40,00<\/p>\n<p>3 &#8211; 10 Kg &#8211; \u20ac 55,00<\/p>\n<p>&nbsp;<\/p>\n<h3>Zahlungsm\u00f6glichkeiten:<\/h3>\n<p>Via Bank\u00fcberweisung, Kreditkarte oder PayPal (Paypal: max.250 Euro)<\/p>\n<p>&nbsp;<\/p>\n","protected":false},"excerpt":{"rendered":"<p>Versandkosten Der Versand von Pflanzen in das europ\u00e4ische Ausland erfolgt grunds\u00e4tzlich nur Montags. Dies geschieht zum Schutz der Pflanzen, da wir unn\u00f6tige Aufenthalte in den Warenh\u00e4usern der Transportunternehmen \u00fcber Wochenenden vermeiden m\u00f6chten. Versendet wird via UPS oder DPD. Nachdem das Transportunternehmen die bestellte Ware abgeholt hat, erhalten Kunden eine Mitteilung mit der jeweiligen Sendungsverfolgungsnummer. Aufgrund<\/p>\n","protected":false},"author":1,"featured_media":0,"parent":0,"menu_order":0,"comment_status":"closed","ping_status":"closed","template":"","meta":{"footnotes":""},"class_list":["post-322","page","type-page","status-publish","hentry","prodpage-classic"],"yoast_head":"<!-- This site is optimized with the Yoast SEO Premium plugin v22.0 (Yoast SEO v22.7) - https:\/\/yoast.com\/wordpress\/plugins\/seo\/ -->\n<title>Versand- und Zahlungsinformationen<\/title>\n<meta name=\"robots\" content=\"noindex, follow\" \/>\n<meta name=\"twitter:label1\" content=\"Gesch\u00e4tzte Lesezeit\" \/>\n\t<meta name=\"twitter:data1\" content=\"1\u00a0Minute\" \/>\n<script type=\"application\/ld+json\" class=\"yoast-schema-graph\">{\"@context\":\"https:\/\/schema.org\",\"@graph\":[{\"@type\":\"WebPage\",\"@id\":\"https:\/\/xedoo.com\/de\/versand\/\",\"url\":\"https:\/\/xedoo.com\/de\/versand\/\",\"name\":\"Versand- und Zahlungsinformationen\",\"isPartOf\":{\"@id\":\"https:\/\/xedoo.com\/de\/#website\"},\"datePublished\":\"2021-08-19T18:47:22+00:00\",\"dateModified\":\"2025-04-14T07:38:54+00:00\",\"breadcrumb\":{\"@id\":\"https:\/\/xedoo.com\/de\/versand\/#breadcrumb\"},\"inLanguage\":\"de\",\"potentialAction\":[{\"@type\":\"ReadAction\",\"target\":[\"https:\/\/xedoo.com\/de\/versand\/\"]}]},{\"@type\":\"BreadcrumbList\",\"@id\":\"https:\/\/xedoo.com\/de\/versand\/#breadcrumb\",\"itemListElement\":[{\"@type\":\"ListItem\",\"position\":1,\"name\":\"Home\",\"item\":\"https:\/\/xedoo.com\/de\/\"},{\"@type\":\"ListItem\",\"position\":2,\"name\":\"Versand- und Zahlungsinformationen\"}]},{\"@type\":\"WebSite\",\"@id\":\"https:\/\/xedoo.com\/de\/#website\",\"url\":\"https:\/\/xedoo.com\/de\/\",\"name\":\"Xedoo.com\",\"description\":\"\",\"publisher\":{\"@id\":\"https:\/\/xedoo.com\/de\/#organization\"},\"potentialAction\":[{\"@type\":\"SearchAction\",\"target\":{\"@type\":\"EntryPoint\",\"urlTemplate\":\"https:\/\/xedoo.com\/de\/?s={search_term_string}\"},\"query-input\":\"required name=search_term_string\"}],\"inLanguage\":\"de\"},{\"@type\":\"Organization\",\"@id\":\"https:\/\/xedoo.com\/de\/#organization\",\"name\":\"Xedoo\",\"url\":\"https:\/\/xedoo.com\/de\/\",\"logo\":{\"@type\":\"ImageObject\",\"inLanguage\":\"de\",\"@id\":\"https:\/\/xedoo.com\/de\/#\/schema\/logo\/image\/\",\"url\":\"https:\/\/xedoo.com\/wp-content\/uploads\/2021\/12\/cropped-cropped-logo-new.jpg\",\"contentUrl\":\"https:\/\/xedoo.com\/wp-content\/uploads\/2021\/12\/cropped-cropped-logo-new.jpg\",\"width\":240,\"height\":84,\"caption\":\"Xedoo\"},\"image\":{\"@id\":\"https:\/\/xedoo.com\/de\/#\/schema\/logo\/image\/\"}}]}<\/script>\n<!-- \/ Yoast SEO Premium plugin. -->","yoast_head_json":{"title":"Versand- und Zahlungsinformationen","robots":{"index":"noindex","follow":"follow"},"twitter_misc":{"Gesch\u00e4tzte Lesezeit":"1\u00a0Minute"},"schema":{"@context":"https:\/\/schema.org","@graph":[{"@type":"WebPage","@id":"https:\/\/xedoo.com\/de\/versand\/","url":"https:\/\/xedoo.com\/de\/versand\/","name":"Versand- und Zahlungsinformationen","isPartOf":{"@id":"https:\/\/xedoo.com\/de\/#website"},"datePublished":"2021-08-19T18:47:22+00:00","dateModified":"2025-04-14T07:38:54+00:00","breadcrumb":{"@id":"https:\/\/xedoo.com\/de\/versand\/#breadcrumb"},"inLanguage":"de","potentialAction":[{"@type":"ReadAction","target":["https:\/\/xedoo.com\/de\/versand\/"]}]},{"@type":"BreadcrumbList","@id":"https:\/\/xedoo.com\/de\/versand\/#breadcrumb","itemListElement":[{"@type":"ListItem","position":1,"name":"Home","item":"https:\/\/xedoo.com\/de\/"},{"@type":"ListItem","position":2,"name":"Versand- und Zahlungsinformationen"}]},{"@type":"WebSite","@id":"https:\/\/xedoo.com\/de\/#website","url":"https:\/\/xedoo.com\/de\/","name":"Xedoo.com","description":"","publisher":{"@id":"https:\/\/xedoo.com\/de\/#organization"},"potentialAction":[{"@type":"SearchAction","target":{"@type":"EntryPoint","urlTemplate":"https:\/\/xedoo.com\/de\/?s={search_term_string}"},"query-input":"required name=search_term_string"}],"inLanguage":"de"},{"@type":"Organization","@id":"https:\/\/xedoo.com\/de\/#organization","name":"Xedoo","url":"https:\/\/xedoo.com\/de\/","logo":{"@type":"ImageObject","inLanguage":"de","@id":"https:\/\/xedoo.com\/de\/#\/schema\/logo\/image\/","url":"https:\/\/xedoo.com\/wp-content\/uploads\/2021\/12\/cropped-cropped-logo-new.jpg","contentUrl":"https:\/\/xedoo.com\/wp-content\/uploads\/2021\/12\/cropped-cropped-logo-new.jpg","width":240,"height":84,"caption":"Xedoo"},"image":{"@id":"https:\/\/xedoo.com\/de\/#\/schema\/logo\/image\/"}}]}},"_links":{"self":[{"href":"https:\/\/xedoo.com\/de\/wp-json\/wp\/v2\/pages\/322"}],"collection":[{"href":"https:\/\/xedoo.com\/de\/wp-json\/wp\/v2\/pages"}],"about":[{"href":"https:\/\/xedoo.com\/de\/wp-json\/wp\/v2\/types\/page"}],"author":[{"embeddable":true,"href":"https:\/\/xedoo.com\/de\/wp-json\/wp\/v2\/users\/1"}],"replies":[{"embeddable":true,"href":"https:\/\/xedoo.com\/de\/wp-json\/wp\/v2\/comments?post=322"}],"version-history":[{"count":47,"href":"https:\/\/xedoo.com\/de\/wp-json\/wp\/v2\/pages\/322\/revisions"}],"predecessor-version":[{"id":4207,"href":"https:\/\/xedoo.com\/de\/wp-json\/wp\/v2\/pages\/322\/revisions\/4207"}],"wp:attachment":[{"href":"https:\/\/xedoo.com\/de\/wp-json\/wp\/v2\/media?parent=322"}],"curies":[{"name":"wp","href":"https:\/\/api.w.org\/{rel}","templated":true}]}}