{"id":1164,"date":"2021-12-14T10:33:09","date_gmt":"2022-01-26T07:40:27","guid":{"rendered":"https:\/\/xedoo.com\/?post_type=product&#038;p=1164"},"modified":"2022-03-13T12:32:48","modified_gmt":"2022-03-13T11:32:48","slug":"roter-faecherahorn-acer-palmatum-atropurpureum","status":"publish","type":"product","link":"https:\/\/xedoo.com\/de\/produkt\/roter-faecherahorn-acer-palmatum-atropurpureum\/","title":{"rendered":"Roter F\u00e4cherahorn (Acer Palmatum Atropurpureum)"},"content":{"rendered":"<p>Der Japanische rote F\u00e4cherahorn (Acer Palmatum Atropurpureum) ist eine Sorte von unvergleichlicher Sch\u00f6nheit, die durch ihren malerischen Wuchs besticht. Es gibt einen Grund, warum dieser sch\u00f6ne gro\u00dfe Strauch zu den beliebtesten und bekanntesten Palmenahornen geh\u00f6rt. Die Bl\u00e4tter von Acer palmatum Atropurpureum haben im Sommer eine auffallend dunkelrote bis kastanienrote Farbe. Zum Herbst hin nehmen sie eine kr\u00e4ftige, leuchtend rote F\u00e4rbung an, die sie zu einem wunderbaren Bestandteil des Altweibersommers macht. Der Japanische Purpur-Ahorn ist ein Zierstrauch mit baumartigem Wuchs. Er ist reich verzweigt, wird drei bis f\u00fcnf Meter hoch und ist etwas kleiner als die Wildart. In der Breite erreicht er \u00e4hnliche Dimensionen, obwohl er im Alter eher breiter als hoch wird. Der rote japanische F\u00e4cherahorn ist in der Bonsaigestaltung sehr beliebt. Bonsai, Setzlinge, Jungpflanzen und gro\u00dfe Pflanzen f\u00fcr den Garten.<\/p>\n<p>Wissenschaftlicher Name: Acer Palmatum Atropurpureum<br \/>\nGew\u00f6hnlicher Name: Japanischer Purpur-Ahorn, Japanischer Purpur-Palmenahorn, Roter Japanischer F\u00e4cherahorn<br \/>\nHerkunft: Japan<br \/>\nWuchsh\u00f6he: bis zu 5 Meter<br \/>\nFrostempfindlich: Nein<br \/>\nHitzeempfindlich: Nein<br \/>\nWindempfindlich: Nein<br \/>\nAls Bonsai geeignet: Ja<br \/>\nGr\u00f6\u00dfe: 30-40cm<\/p>\n","protected":false},"excerpt":{"rendered":"<p>Roter Japanischer F\u00e4cherahorn (Acer Palmatum Atropurpureum) 30-40cm zu verkaufen f\u00fcr Garten und Bonsai Gestaltung.<\/p>\n","protected":false},"featured_media":981,"template":"","meta":[],"product_brand":[],"product_cat":[109,111],"product_tag":[],"woo-feed-brand":[],"class_list":{"0":"post-1164","1":"product","2":"type-product","3":"status-publish","4":"has-post-thumbnail","6":"product_cat-bonsai","7":"product_cat-gartenpflanzen","9":"first","10":"outofstock","11":"shipping-taxable","12":"purchasable","13":"product-type-simple","14":"prodpage-classic"},"yoast_head":"<!-- This site is optimized with the Yoast SEO Premium plugin v22.0 (Yoast SEO v22.7) - https:\/\/yoast.com\/wordpress\/plugins\/seo\/ -->\n<title>Roter F\u00e4cherahorn (Acer Palmatum Atropurpureum)<\/title>\n<meta name=\"description\" content=\"Japanischer Roter F\u00e4cherahorn (Acer Palmatum Atropurpureum) f\u00fcr Garten und Bonsai Kreationen. Gr\u00f6\u00dfe: 30-40cm\" \/>\n<meta name=\"robots\" content=\"index, follow, max-snippet:-1, max-image-preview:large, max-video-preview:-1\" \/>\n<link rel=\"canonical\" href=\"https:\/\/xedoo.com\/de\/produkt\/roter-faecherahorn-acer-palmatum-atropurpureum\/\" \/>\n<meta name=\"twitter:label1\" content=\"Gesch\u00e4tzte Lesezeit\" \/>\n\t<meta name=\"twitter:data1\" content=\"1\u00a0Minute\" \/>\n<script type=\"application\/ld+json\" class=\"yoast-schema-graph\">{\"@context\":\"https:\/\/schema.org\",\"@graph\":[{\"@type\":\"WebPage\",\"@id\":\"https:\/\/xedoo.com\/de\/produkt\/roter-faecherahorn-acer-palmatum-atropurpureum\/\",\"url\":\"https:\/\/xedoo.com\/de\/produkt\/roter-faecherahorn-acer-palmatum-atropurpureum\/\",\"name\":\"Roter F\u00e4cherahorn (Acer Palmatum Atropurpureum)\",\"isPartOf\":{\"@id\":\"https:\/\/xedoo.com\/de\/#website\"},\"primaryImageOfPage\":{\"@id\":\"https:\/\/xedoo.com\/de\/produkt\/roter-faecherahorn-acer-palmatum-atropurpureum\/#primaryimage\"},\"image\":{\"@id\":\"https:\/\/xedoo.com\/de\/produkt\/roter-faecherahorn-acer-palmatum-atropurpureum\/#primaryimage\"},\"thumbnailUrl\":\"https:\/\/xedoo.com\/wp-content\/uploads\/2021\/12\/acer-palmatum-atropurpureum-30-40.jpg\",\"datePublished\":\"2022-01-26T07:40:27+00:00\",\"dateModified\":\"2022-03-13T11:32:48+00:00\",\"description\":\"Japanischer Roter F\u00e4cherahorn (Acer Palmatum Atropurpureum) f\u00fcr Garten und Bonsai Kreationen. Gr\u00f6\u00dfe: 30-40cm\",\"breadcrumb\":{\"@id\":\"https:\/\/xedoo.com\/de\/produkt\/roter-faecherahorn-acer-palmatum-atropurpureum\/#breadcrumb\"},\"inLanguage\":\"de\",\"potentialAction\":[{\"@type\":\"ReadAction\",\"target\":[\"https:\/\/xedoo.com\/de\/produkt\/roter-faecherahorn-acer-palmatum-atropurpureum\/\"]}]},{\"@type\":\"ImageObject\",\"inLanguage\":\"de\",\"@id\":\"https:\/\/xedoo.com\/de\/produkt\/roter-faecherahorn-acer-palmatum-atropurpureum\/#primaryimage\",\"url\":\"https:\/\/xedoo.com\/wp-content\/uploads\/2021\/12\/acer-palmatum-atropurpureum-30-40.jpg\",\"contentUrl\":\"https:\/\/xedoo.com\/wp-content\/uploads\/2021\/12\/acer-palmatum-atropurpureum-30-40.jpg\",\"width\":1000,\"height\":1000,\"caption\":\"acer-palmatum-atropurpureum-30-40\"},{\"@type\":\"BreadcrumbList\",\"@id\":\"https:\/\/xedoo.com\/de\/produkt\/roter-faecherahorn-acer-palmatum-atropurpureum\/#breadcrumb\",\"itemListElement\":[{\"@type\":\"ListItem\",\"position\":1,\"name\":\"Home\",\"item\":\"https:\/\/xedoo.com\/de\/\"},{\"@type\":\"ListItem\",\"position\":2,\"name\":\"Mediterrane Baumschule, G\u00e4rtnerei M\u00e1laga, Spanien &#8211; Xedoo.com\",\"item\":\"https:\/\/xedoo.com\/de\/\"},{\"@type\":\"ListItem\",\"position\":3,\"name\":\"Roter F\u00e4cherahorn (Acer Palmatum Atropurpureum)\"}]},{\"@type\":\"WebSite\",\"@id\":\"https:\/\/xedoo.com\/de\/#website\",\"url\":\"https:\/\/xedoo.com\/de\/\",\"name\":\"Xedoo.com\",\"description\":\"\",\"publisher\":{\"@id\":\"https:\/\/xedoo.com\/de\/#organization\"},\"potentialAction\":[{\"@type\":\"SearchAction\",\"target\":{\"@type\":\"EntryPoint\",\"urlTemplate\":\"https:\/\/xedoo.com\/de\/?s={search_term_string}\"},\"query-input\":\"required name=search_term_string\"}],\"inLanguage\":\"de\"},{\"@type\":\"Organization\",\"@id\":\"https:\/\/xedoo.com\/de\/#organization\",\"name\":\"Xedoo\",\"url\":\"https:\/\/xedoo.com\/de\/\",\"logo\":{\"@type\":\"ImageObject\",\"inLanguage\":\"de\",\"@id\":\"https:\/\/xedoo.com\/de\/#\/schema\/logo\/image\/\",\"url\":\"https:\/\/xedoo.com\/wp-content\/uploads\/2021\/12\/cropped-cropped-logo-new.jpg\",\"contentUrl\":\"https:\/\/xedoo.com\/wp-content\/uploads\/2021\/12\/cropped-cropped-logo-new.jpg\",\"width\":240,\"height\":84,\"caption\":\"Xedoo\"},\"image\":{\"@id\":\"https:\/\/xedoo.com\/de\/#\/schema\/logo\/image\/\"}}]}<\/script>\n<!-- \/ Yoast SEO Premium plugin. -->","yoast_head_json":{"title":"Roter F\u00e4cherahorn (Acer Palmatum Atropurpureum)","description":"Japanischer Roter F\u00e4cherahorn (Acer Palmatum Atropurpureum) f\u00fcr Garten und Bonsai Kreationen. Gr\u00f6\u00dfe: 30-40cm","robots":{"index":"index","follow":"follow","max-snippet":"max-snippet:-1","max-image-preview":"max-image-preview:large","max-video-preview":"max-video-preview:-1"},"canonical":"https:\/\/xedoo.com\/de\/produkt\/roter-faecherahorn-acer-palmatum-atropurpureum\/","twitter_misc":{"Gesch\u00e4tzte Lesezeit":"1\u00a0Minute"},"schema":{"@context":"https:\/\/schema.org","@graph":[{"@type":"WebPage","@id":"https:\/\/xedoo.com\/de\/produkt\/roter-faecherahorn-acer-palmatum-atropurpureum\/","url":"https:\/\/xedoo.com\/de\/produkt\/roter-faecherahorn-acer-palmatum-atropurpureum\/","name":"Roter F\u00e4cherahorn (Acer Palmatum Atropurpureum)","isPartOf":{"@id":"https:\/\/xedoo.com\/de\/#website"},"primaryImageOfPage":{"@id":"https:\/\/xedoo.com\/de\/produkt\/roter-faecherahorn-acer-palmatum-atropurpureum\/#primaryimage"},"image":{"@id":"https:\/\/xedoo.com\/de\/produkt\/roter-faecherahorn-acer-palmatum-atropurpureum\/#primaryimage"},"thumbnailUrl":"https:\/\/xedoo.com\/wp-content\/uploads\/2021\/12\/acer-palmatum-atropurpureum-30-40.jpg","datePublished":"2022-01-26T07:40:27+00:00","dateModified":"2022-03-13T11:32:48+00:00","description":"Japanischer Roter F\u00e4cherahorn (Acer Palmatum Atropurpureum) f\u00fcr Garten und Bonsai Kreationen. Gr\u00f6\u00dfe: 30-40cm","breadcrumb":{"@id":"https:\/\/xedoo.com\/de\/produkt\/roter-faecherahorn-acer-palmatum-atropurpureum\/#breadcrumb"},"inLanguage":"de","potentialAction":[{"@type":"ReadAction","target":["https:\/\/xedoo.com\/de\/produkt\/roter-faecherahorn-acer-palmatum-atropurpureum\/"]}]},{"@type":"ImageObject","inLanguage":"de","@id":"https:\/\/xedoo.com\/de\/produkt\/roter-faecherahorn-acer-palmatum-atropurpureum\/#primaryimage","url":"https:\/\/xedoo.com\/wp-content\/uploads\/2021\/12\/acer-palmatum-atropurpureum-30-40.jpg","contentUrl":"https:\/\/xedoo.com\/wp-content\/uploads\/2021\/12\/acer-palmatum-atropurpureum-30-40.jpg","width":1000,"height":1000,"caption":"acer-palmatum-atropurpureum-30-40"},{"@type":"BreadcrumbList","@id":"https:\/\/xedoo.com\/de\/produkt\/roter-faecherahorn-acer-palmatum-atropurpureum\/#breadcrumb","itemListElement":[{"@type":"ListItem","position":1,"name":"Home","item":"https:\/\/xedoo.com\/de\/"},{"@type":"ListItem","position":2,"name":"Mediterrane Baumschule, G\u00e4rtnerei M\u00e1laga, Spanien &#8211; Xedoo.com","item":"https:\/\/xedoo.com\/de\/"},{"@type":"ListItem","position":3,"name":"Roter F\u00e4cherahorn (Acer Palmatum Atropurpureum)"}]},{"@type":"WebSite","@id":"https:\/\/xedoo.com\/de\/#website","url":"https:\/\/xedoo.com\/de\/","name":"Xedoo.com","description":"","publisher":{"@id":"https:\/\/xedoo.com\/de\/#organization"},"potentialAction":[{"@type":"SearchAction","target":{"@type":"EntryPoint","urlTemplate":"https:\/\/xedoo.com\/de\/?s={search_term_string}"},"query-input":"required name=search_term_string"}],"inLanguage":"de"},{"@type":"Organization","@id":"https:\/\/xedoo.com\/de\/#organization","name":"Xedoo","url":"https:\/\/xedoo.com\/de\/","logo":{"@type":"ImageObject","inLanguage":"de","@id":"https:\/\/xedoo.com\/de\/#\/schema\/logo\/image\/","url":"https:\/\/xedoo.com\/wp-content\/uploads\/2021\/12\/cropped-cropped-logo-new.jpg","contentUrl":"https:\/\/xedoo.com\/wp-content\/uploads\/2021\/12\/cropped-cropped-logo-new.jpg","width":240,"height":84,"caption":"Xedoo"},"image":{"@id":"https:\/\/xedoo.com\/de\/#\/schema\/logo\/image\/"}}]}},"_links":{"self":[{"href":"https:\/\/xedoo.com\/de\/wp-json\/wp\/v2\/product\/1164"}],"collection":[{"href":"https:\/\/xedoo.com\/de\/wp-json\/wp\/v2\/product"}],"about":[{"href":"https:\/\/xedoo.com\/de\/wp-json\/wp\/v2\/types\/product"}],"wp:featuredmedia":[{"embeddable":true,"href":"https:\/\/xedoo.com\/de\/wp-json\/wp\/v2\/media\/981"}],"wp:attachment":[{"href":"https:\/\/xedoo.com\/de\/wp-json\/wp\/v2\/media?parent=1164"}],"wp:term":[{"taxonomy":"product_brand","embeddable":true,"href":"https:\/\/xedoo.com\/de\/wp-json\/wp\/v2\/product_brand?post=1164"},{"taxonomy":"product_cat","embeddable":true,"href":"https:\/\/xedoo.com\/de\/wp-json\/wp\/v2\/product_cat?post=1164"},{"taxonomy":"product_tag","embeddable":true,"href":"https:\/\/xedoo.com\/de\/wp-json\/wp\/v2\/product_tag?post=1164"},{"taxonomy":"woo-feed-brand","embeddable":true,"href":"https:\/\/xedoo.com\/de\/wp-json\/wp\/v2\/woo-feed-brand?post=1164"}],"curies":[{"name":"wp","href":"https:\/\/api.w.org\/{rel}","templated":true}]}}