{"id":1172,"date":"2022-01-26T11:01:43","date_gmt":"2022-01-26T10:13:30","guid":{"rendered":"https:\/\/xedoo.com\/?post_type=product&#038;p=1172"},"modified":"2023-05-17T01:09:24","modified_gmt":"2023-05-16T23:09:24","slug":"rotaustreibender-faecherahorn-acer-palmatum-deshojo-kaufen","status":"publish","type":"product","link":"https:\/\/xedoo.com\/de\/produkt\/rotaustreibender-faecherahorn-acer-palmatum-deshojo-kaufen\/","title":{"rendered":"Rotaustreibender F\u00e4cherahorn (Acer Palmatum Deshojo) kaufen"},"content":{"rendered":"<p>Der rotaustreibende F\u00e4cherahorn (Acer Palmatum Deshojo) geh\u00f6rt zur Gattung der Ahorne und stammt aus China, Japan und Korea. Er wird haupts\u00e4chlich als Zierpflanze in G\u00e4rten und zur Bonsai Gestaltung verwendet. Gegen\u00fcber der gr\u00fcnen Wildform erreicht der rotaustreibende F\u00e4cherahorn nur selten eine Gesamth\u00f6he von 5 Metern. Er w\u00e4chst eher strauchf\u00f6rmig und weniger als typischer aufrechter Baum. Japanische rotaustreibende F\u00e4cherahorne sind etwas sensibel hinsichtlich des Bodensubstrates und der Bew\u00e4sserung. Ein leicht saurer, gut durchl\u00e4ssiger Boden hat sich in Europa gut bew\u00e4hrt. Bei der Bew\u00e4sserung sollte nach M\u00f6glichkeit kalkarmes Wasser oder sogar Osmose Wasser verwendet werden. Das wechselnde Farbspiel des Laubes im Laufe des Jahres macht Acer Palmatum Deshojo zu einem wahren Blickfang im Garten. Das Fr\u00fchjahr startet die Pflanze mit dem Austrieb von neuen kaminroten Bl\u00e4ttern, die sich im Sommer in hellgr\u00fcnes Laub verwandeln und sich dann im Herbst wieder in ein nicht ganz so intensives Rot \u00e4ndern.<\/p>\n<p>Wissenschaftlicher Name: Acer Palmatum Deshojo<br \/>\nGew\u00f6hnlicher Name: Roter japanischer F\u00e4cherahorn, Rotaustreibender F\u00e4cherahorn, Roter japanischer Ahorn<br \/>\nHerkunft: China, Korea, Japan<br \/>\nWuchsh\u00f6he: bis zu 5 Meter<br \/>\nEmpfindlich gegen K\u00e4lte: Nein<br \/>\nHitzeempfindlich: Nein<br \/>\nWindempfindlich: Nein<br \/>\nAls Bonsai geeignet: Ja<br \/>\nGr\u00f6\u00dfe: Setzling 15-25cm<\/p>\n","protected":false},"excerpt":{"rendered":"<p>Verkauf von rotaustreibenden F\u00e4cherahorn Setzlingen (Acer Palmatum Deshojo) f\u00fcr Garten und zur Bonsai Gestaltung. Gr\u00f6\u00dfe: 15-25cm<\/p>\n","protected":false},"featured_media":1194,"template":"","meta":[],"product_brand":[],"product_cat":[109,111],"product_tag":[],"woo-feed-brand":[],"class_list":{"0":"post-1172","1":"product","2":"type-product","3":"status-publish","4":"has-post-thumbnail","6":"product_cat-bonsai","7":"product_cat-gartenpflanzen","9":"first","10":"outofstock","11":"shipping-taxable","12":"purchasable","13":"product-type-simple","14":"prodpage-classic"},"yoast_head":"<!-- This site is optimized with the Yoast SEO Premium plugin v22.0 (Yoast SEO v22.7) - https:\/\/yoast.com\/wordpress\/plugins\/seo\/ -->\n<title>Rotaustreibender F\u00e4cherahorn (Acer Palmatum Deshojo) kaufen \u2618\ufe0f<\/title>\n<meta name=\"description\" content=\"Verkauf von rotaustreibenden F\u00e4cherahorn Setzlingen (Acer Palmatum Deshojo) f\u00fcr Garten und zur Bonsai Gestaltung. Gr\u00f6\u00dfe: 15-25cm\" \/>\n<meta name=\"robots\" content=\"index, follow, max-snippet:-1, max-image-preview:large, max-video-preview:-1\" \/>\n<link rel=\"canonical\" href=\"https:\/\/xedoo.com\/de\/produkt\/rotaustreibender-faecherahorn-acer-palmatum-deshojo-kaufen\/\" \/>\n<meta name=\"twitter:label1\" content=\"Gesch\u00e4tzte Lesezeit\" \/>\n\t<meta name=\"twitter:data1\" content=\"1\u00a0Minute\" \/>\n<script type=\"application\/ld+json\" class=\"yoast-schema-graph\">{\"@context\":\"https:\/\/schema.org\",\"@graph\":[{\"@type\":\"WebPage\",\"@id\":\"https:\/\/xedoo.com\/de\/produkt\/rotaustreibender-faecherahorn-acer-palmatum-deshojo-kaufen\/\",\"url\":\"https:\/\/xedoo.com\/de\/produkt\/rotaustreibender-faecherahorn-acer-palmatum-deshojo-kaufen\/\",\"name\":\"Rotaustreibender F\u00e4cherahorn (Acer Palmatum Deshojo) kaufen \u2618\ufe0f\",\"isPartOf\":{\"@id\":\"https:\/\/xedoo.com\/de\/#website\"},\"primaryImageOfPage\":{\"@id\":\"https:\/\/xedoo.com\/de\/produkt\/rotaustreibender-faecherahorn-acer-palmatum-deshojo-kaufen\/#primaryimage\"},\"image\":{\"@id\":\"https:\/\/xedoo.com\/de\/produkt\/rotaustreibender-faecherahorn-acer-palmatum-deshojo-kaufen\/#primaryimage\"},\"thumbnailUrl\":\"https:\/\/xedoo.com\/wp-content\/uploads\/2022\/01\/acer-palmatum-deshojo.jpg\",\"datePublished\":\"2022-01-26T10:13:30+00:00\",\"dateModified\":\"2023-05-16T23:09:24+00:00\",\"description\":\"Verkauf von rotaustreibenden F\u00e4cherahorn Setzlingen (Acer Palmatum Deshojo) f\u00fcr Garten und zur Bonsai Gestaltung. Gr\u00f6\u00dfe: 15-25cm\",\"breadcrumb\":{\"@id\":\"https:\/\/xedoo.com\/de\/produkt\/rotaustreibender-faecherahorn-acer-palmatum-deshojo-kaufen\/#breadcrumb\"},\"inLanguage\":\"de\",\"potentialAction\":[{\"@type\":\"ReadAction\",\"target\":[\"https:\/\/xedoo.com\/de\/produkt\/rotaustreibender-faecherahorn-acer-palmatum-deshojo-kaufen\/\"]}]},{\"@type\":\"ImageObject\",\"inLanguage\":\"de\",\"@id\":\"https:\/\/xedoo.com\/de\/produkt\/rotaustreibender-faecherahorn-acer-palmatum-deshojo-kaufen\/#primaryimage\",\"url\":\"https:\/\/xedoo.com\/wp-content\/uploads\/2022\/01\/acer-palmatum-deshojo.jpg\",\"contentUrl\":\"https:\/\/xedoo.com\/wp-content\/uploads\/2022\/01\/acer-palmatum-deshojo.jpg\",\"width\":1000,\"height\":716,\"caption\":\"acer-palmatum-deshojo\"},{\"@type\":\"BreadcrumbList\",\"@id\":\"https:\/\/xedoo.com\/de\/produkt\/rotaustreibender-faecherahorn-acer-palmatum-deshojo-kaufen\/#breadcrumb\",\"itemListElement\":[{\"@type\":\"ListItem\",\"position\":1,\"name\":\"Home\",\"item\":\"https:\/\/xedoo.com\/de\/\"},{\"@type\":\"ListItem\",\"position\":2,\"name\":\"Mediterrane Baumschule, G\u00e4rtnerei M\u00e1laga, Spanien &#8211; Xedoo.com\",\"item\":\"https:\/\/xedoo.com\/de\/\"},{\"@type\":\"ListItem\",\"position\":3,\"name\":\"Rotaustreibender F\u00e4cherahorn (Acer Palmatum Deshojo) kaufen\"}]},{\"@type\":\"WebSite\",\"@id\":\"https:\/\/xedoo.com\/de\/#website\",\"url\":\"https:\/\/xedoo.com\/de\/\",\"name\":\"Xedoo.com\",\"description\":\"\",\"publisher\":{\"@id\":\"https:\/\/xedoo.com\/de\/#organization\"},\"potentialAction\":[{\"@type\":\"SearchAction\",\"target\":{\"@type\":\"EntryPoint\",\"urlTemplate\":\"https:\/\/xedoo.com\/de\/?s={search_term_string}\"},\"query-input\":\"required name=search_term_string\"}],\"inLanguage\":\"de\"},{\"@type\":\"Organization\",\"@id\":\"https:\/\/xedoo.com\/de\/#organization\",\"name\":\"Xedoo\",\"url\":\"https:\/\/xedoo.com\/de\/\",\"logo\":{\"@type\":\"ImageObject\",\"inLanguage\":\"de\",\"@id\":\"https:\/\/xedoo.com\/de\/#\/schema\/logo\/image\/\",\"url\":\"https:\/\/xedoo.com\/wp-content\/uploads\/2021\/12\/cropped-cropped-logo-new.jpg\",\"contentUrl\":\"https:\/\/xedoo.com\/wp-content\/uploads\/2021\/12\/cropped-cropped-logo-new.jpg\",\"width\":240,\"height\":84,\"caption\":\"Xedoo\"},\"image\":{\"@id\":\"https:\/\/xedoo.com\/de\/#\/schema\/logo\/image\/\"}}]}<\/script>\n<!-- \/ Yoast SEO Premium plugin. -->","yoast_head_json":{"title":"Rotaustreibender F\u00e4cherahorn (Acer Palmatum Deshojo) kaufen \u2618\ufe0f","description":"Verkauf von rotaustreibenden F\u00e4cherahorn Setzlingen (Acer Palmatum Deshojo) f\u00fcr Garten und zur Bonsai Gestaltung. Gr\u00f6\u00dfe: 15-25cm","robots":{"index":"index","follow":"follow","max-snippet":"max-snippet:-1","max-image-preview":"max-image-preview:large","max-video-preview":"max-video-preview:-1"},"canonical":"https:\/\/xedoo.com\/de\/produkt\/rotaustreibender-faecherahorn-acer-palmatum-deshojo-kaufen\/","twitter_misc":{"Gesch\u00e4tzte Lesezeit":"1\u00a0Minute"},"schema":{"@context":"https:\/\/schema.org","@graph":[{"@type":"WebPage","@id":"https:\/\/xedoo.com\/de\/produkt\/rotaustreibender-faecherahorn-acer-palmatum-deshojo-kaufen\/","url":"https:\/\/xedoo.com\/de\/produkt\/rotaustreibender-faecherahorn-acer-palmatum-deshojo-kaufen\/","name":"Rotaustreibender F\u00e4cherahorn (Acer Palmatum Deshojo) kaufen \u2618\ufe0f","isPartOf":{"@id":"https:\/\/xedoo.com\/de\/#website"},"primaryImageOfPage":{"@id":"https:\/\/xedoo.com\/de\/produkt\/rotaustreibender-faecherahorn-acer-palmatum-deshojo-kaufen\/#primaryimage"},"image":{"@id":"https:\/\/xedoo.com\/de\/produkt\/rotaustreibender-faecherahorn-acer-palmatum-deshojo-kaufen\/#primaryimage"},"thumbnailUrl":"https:\/\/xedoo.com\/wp-content\/uploads\/2022\/01\/acer-palmatum-deshojo.jpg","datePublished":"2022-01-26T10:13:30+00:00","dateModified":"2023-05-16T23:09:24+00:00","description":"Verkauf von rotaustreibenden F\u00e4cherahorn Setzlingen (Acer Palmatum Deshojo) f\u00fcr Garten und zur Bonsai Gestaltung. Gr\u00f6\u00dfe: 15-25cm","breadcrumb":{"@id":"https:\/\/xedoo.com\/de\/produkt\/rotaustreibender-faecherahorn-acer-palmatum-deshojo-kaufen\/#breadcrumb"},"inLanguage":"de","potentialAction":[{"@type":"ReadAction","target":["https:\/\/xedoo.com\/de\/produkt\/rotaustreibender-faecherahorn-acer-palmatum-deshojo-kaufen\/"]}]},{"@type":"ImageObject","inLanguage":"de","@id":"https:\/\/xedoo.com\/de\/produkt\/rotaustreibender-faecherahorn-acer-palmatum-deshojo-kaufen\/#primaryimage","url":"https:\/\/xedoo.com\/wp-content\/uploads\/2022\/01\/acer-palmatum-deshojo.jpg","contentUrl":"https:\/\/xedoo.com\/wp-content\/uploads\/2022\/01\/acer-palmatum-deshojo.jpg","width":1000,"height":716,"caption":"acer-palmatum-deshojo"},{"@type":"BreadcrumbList","@id":"https:\/\/xedoo.com\/de\/produkt\/rotaustreibender-faecherahorn-acer-palmatum-deshojo-kaufen\/#breadcrumb","itemListElement":[{"@type":"ListItem","position":1,"name":"Home","item":"https:\/\/xedoo.com\/de\/"},{"@type":"ListItem","position":2,"name":"Mediterrane Baumschule, G\u00e4rtnerei M\u00e1laga, Spanien &#8211; Xedoo.com","item":"https:\/\/xedoo.com\/de\/"},{"@type":"ListItem","position":3,"name":"Rotaustreibender F\u00e4cherahorn (Acer Palmatum Deshojo) kaufen"}]},{"@type":"WebSite","@id":"https:\/\/xedoo.com\/de\/#website","url":"https:\/\/xedoo.com\/de\/","name":"Xedoo.com","description":"","publisher":{"@id":"https:\/\/xedoo.com\/de\/#organization"},"potentialAction":[{"@type":"SearchAction","target":{"@type":"EntryPoint","urlTemplate":"https:\/\/xedoo.com\/de\/?s={search_term_string}"},"query-input":"required name=search_term_string"}],"inLanguage":"de"},{"@type":"Organization","@id":"https:\/\/xedoo.com\/de\/#organization","name":"Xedoo","url":"https:\/\/xedoo.com\/de\/","logo":{"@type":"ImageObject","inLanguage":"de","@id":"https:\/\/xedoo.com\/de\/#\/schema\/logo\/image\/","url":"https:\/\/xedoo.com\/wp-content\/uploads\/2021\/12\/cropped-cropped-logo-new.jpg","contentUrl":"https:\/\/xedoo.com\/wp-content\/uploads\/2021\/12\/cropped-cropped-logo-new.jpg","width":240,"height":84,"caption":"Xedoo"},"image":{"@id":"https:\/\/xedoo.com\/de\/#\/schema\/logo\/image\/"}}]}},"_links":{"self":[{"href":"https:\/\/xedoo.com\/de\/wp-json\/wp\/v2\/product\/1172"}],"collection":[{"href":"https:\/\/xedoo.com\/de\/wp-json\/wp\/v2\/product"}],"about":[{"href":"https:\/\/xedoo.com\/de\/wp-json\/wp\/v2\/types\/product"}],"wp:featuredmedia":[{"embeddable":true,"href":"https:\/\/xedoo.com\/de\/wp-json\/wp\/v2\/media\/1194"}],"wp:attachment":[{"href":"https:\/\/xedoo.com\/de\/wp-json\/wp\/v2\/media?parent=1172"}],"wp:term":[{"taxonomy":"product_brand","embeddable":true,"href":"https:\/\/xedoo.com\/de\/wp-json\/wp\/v2\/product_brand?post=1172"},{"taxonomy":"product_cat","embeddable":true,"href":"https:\/\/xedoo.com\/de\/wp-json\/wp\/v2\/product_cat?post=1172"},{"taxonomy":"product_tag","embeddable":true,"href":"https:\/\/xedoo.com\/de\/wp-json\/wp\/v2\/product_tag?post=1172"},{"taxonomy":"woo-feed-brand","embeddable":true,"href":"https:\/\/xedoo.com\/de\/wp-json\/wp\/v2\/woo-feed-brand?post=1172"}],"curies":[{"name":"wp","href":"https:\/\/api.w.org\/{rel}","templated":true}]}}