{"id":1180,"date":"2022-01-26T14:12:47","date_gmt":"2022-01-26T13:29:51","guid":{"rendered":"https:\/\/xedoo.com\/?post_type=product&#038;p=1180"},"modified":"2022-10-29T12:57:43","modified_gmt":"2022-10-29T10:57:43","slug":"waldkiefer-pinus-sylvestris-kaufen","status":"publish","type":"product","link":"https:\/\/xedoo.com\/de\/produkt\/waldkiefer-pinus-sylvestris-kaufen\/","title":{"rendered":"Waldkiefer (Pinus Sylvestris) kaufen"},"content":{"rendered":"<p>Die Waldkiefer (Pinus Sylvestris) geh\u00f6rt zur Gattung der Kiefern und ist in Europa eine der am h\u00e4ufigsten anzutreffenden Kiefernarten. Sie ist in ganz Europa beheimatet, vom Norden Skandinaviens bis hin zum S\u00fcden Spaniens. Das Holz der Waldkiefer wird h\u00e4ufig in der Bauindustrie verwendet und die Waldkiefer gilt daher als eine der wichtigsten Rohstoffquellen. Pinus Sylvestris kann eine Gesamth\u00f6he von bis zu 50 Metern, einen Stammdurchmesser von bis zu 1 Meter, sowie ein Alter von bis zu 600 Jahren erreichen. Die Waldkiefer gilt als \u00e4u\u00dferst robust, gedeiht auf fast allen nat\u00fcrlichen B\u00f6den und gilt als unempfindlich gegen\u00fcber Frost, Hitze und Trockenheit. Auch in der Bonsaigestaltung wird Pinus Sylvestris gerne verwendet.<\/p>\n<p>Wissenschaftlicher Name: Pinus Sylvestris<br \/>\nGebr\u00e4uchlicher Name: Waldkiefer, Gew\u00f6hnliche Kiefer, Wei\u00dfkiefer, Rotkiefer, Rotf\u00f6hre, Forche<br \/>\nHerkunft: Europa<br \/>\nWuchsh\u00f6he: bis zu 50 Meter<br \/>\nEmpfindlich gegen K\u00e4lte: Nein<br \/>\nHitzeempfindlich: Nein<br \/>\nWindempfindlich: Nein<br \/>\nAls Bonsai geeignet: Ja<br \/>\nH\u00f6he der Pflanzen: Setzlinge, 20-30cm<\/p>\n","protected":false},"excerpt":{"rendered":"<p>Waldkiefer (Pinus Sylvestris) Setzlinge kaufen. Die Waldkiefer ist ein wichtiger Holzlieferant und kann auch hervorragend zur Bonsaigestaltung verwendet werden.<\/p>\n","protected":false},"featured_media":1303,"template":"","meta":[],"product_brand":[],"product_cat":[111,107],"product_tag":[],"woo-feed-brand":[],"class_list":{"0":"post-1180","1":"product","2":"type-product","3":"status-publish","4":"has-post-thumbnail","6":"product_cat-gartenpflanzen","7":"product_cat-pinus-kiefern","9":"first","10":"outofstock","11":"shipping-taxable","12":"purchasable","13":"product-type-simple","14":"prodpage-classic"},"yoast_head":"<!-- This site is optimized with the Yoast SEO Premium plugin v22.0 (Yoast SEO v22.7) - https:\/\/yoast.com\/wordpress\/plugins\/seo\/ -->\n<title>Waldkiefer (Pinus Sylvestris) kaufen<\/title>\n<meta name=\"description\" content=\"Waldkiefer (Pinus Sylvestris) Setzlinge kaufen. Die Waldkiefer ist ein wichtiger Holzlieferant und kann zur Bonsaigestaltung verwendet werden\" \/>\n<meta name=\"robots\" content=\"index, follow, max-snippet:-1, max-image-preview:large, max-video-preview:-1\" \/>\n<link rel=\"canonical\" href=\"https:\/\/xedoo.com\/de\/produkt\/waldkiefer-pinus-sylvestris-kaufen\/\" \/>\n<meta name=\"twitter:label1\" content=\"Gesch\u00e4tzte Lesezeit\" \/>\n\t<meta name=\"twitter:data1\" content=\"1\u00a0Minute\" \/>\n<script type=\"application\/ld+json\" class=\"yoast-schema-graph\">{\"@context\":\"https:\/\/schema.org\",\"@graph\":[{\"@type\":\"WebPage\",\"@id\":\"https:\/\/xedoo.com\/de\/produkt\/waldkiefer-pinus-sylvestris-kaufen\/\",\"url\":\"https:\/\/xedoo.com\/de\/produkt\/waldkiefer-pinus-sylvestris-kaufen\/\",\"name\":\"Waldkiefer (Pinus Sylvestris) kaufen\",\"isPartOf\":{\"@id\":\"https:\/\/xedoo.com\/de\/#website\"},\"primaryImageOfPage\":{\"@id\":\"https:\/\/xedoo.com\/de\/produkt\/waldkiefer-pinus-sylvestris-kaufen\/#primaryimage\"},\"image\":{\"@id\":\"https:\/\/xedoo.com\/de\/produkt\/waldkiefer-pinus-sylvestris-kaufen\/#primaryimage\"},\"thumbnailUrl\":\"https:\/\/xedoo.com\/wp-content\/uploads\/2022\/01\/pinus-sylvestris-2.jpg\",\"datePublished\":\"2022-01-26T13:29:51+00:00\",\"dateModified\":\"2022-10-29T10:57:43+00:00\",\"description\":\"Waldkiefer (Pinus Sylvestris) Setzlinge kaufen. Die Waldkiefer ist ein wichtiger Holzlieferant und kann zur Bonsaigestaltung verwendet werden\",\"breadcrumb\":{\"@id\":\"https:\/\/xedoo.com\/de\/produkt\/waldkiefer-pinus-sylvestris-kaufen\/#breadcrumb\"},\"inLanguage\":\"de\",\"potentialAction\":[{\"@type\":\"ReadAction\",\"target\":[\"https:\/\/xedoo.com\/de\/produkt\/waldkiefer-pinus-sylvestris-kaufen\/\"]}]},{\"@type\":\"ImageObject\",\"inLanguage\":\"de\",\"@id\":\"https:\/\/xedoo.com\/de\/produkt\/waldkiefer-pinus-sylvestris-kaufen\/#primaryimage\",\"url\":\"https:\/\/xedoo.com\/wp-content\/uploads\/2022\/01\/pinus-sylvestris-2.jpg\",\"contentUrl\":\"https:\/\/xedoo.com\/wp-content\/uploads\/2022\/01\/pinus-sylvestris-2.jpg\",\"width\":2500,\"height\":1638,\"caption\":\"pinus-sylvestris\"},{\"@type\":\"BreadcrumbList\",\"@id\":\"https:\/\/xedoo.com\/de\/produkt\/waldkiefer-pinus-sylvestris-kaufen\/#breadcrumb\",\"itemListElement\":[{\"@type\":\"ListItem\",\"position\":1,\"name\":\"Home\",\"item\":\"https:\/\/xedoo.com\/de\/\"},{\"@type\":\"ListItem\",\"position\":2,\"name\":\"Mediterrane Baumschule, G\u00e4rtnerei M\u00e1laga, Spanien &#8211; Xedoo.com\",\"item\":\"https:\/\/xedoo.com\/de\/\"},{\"@type\":\"ListItem\",\"position\":3,\"name\":\"Waldkiefer (Pinus Sylvestris) kaufen\"}]},{\"@type\":\"WebSite\",\"@id\":\"https:\/\/xedoo.com\/de\/#website\",\"url\":\"https:\/\/xedoo.com\/de\/\",\"name\":\"Xedoo.com\",\"description\":\"\",\"publisher\":{\"@id\":\"https:\/\/xedoo.com\/de\/#organization\"},\"potentialAction\":[{\"@type\":\"SearchAction\",\"target\":{\"@type\":\"EntryPoint\",\"urlTemplate\":\"https:\/\/xedoo.com\/de\/?s={search_term_string}\"},\"query-input\":\"required name=search_term_string\"}],\"inLanguage\":\"de\"},{\"@type\":\"Organization\",\"@id\":\"https:\/\/xedoo.com\/de\/#organization\",\"name\":\"Xedoo\",\"url\":\"https:\/\/xedoo.com\/de\/\",\"logo\":{\"@type\":\"ImageObject\",\"inLanguage\":\"de\",\"@id\":\"https:\/\/xedoo.com\/de\/#\/schema\/logo\/image\/\",\"url\":\"https:\/\/xedoo.com\/wp-content\/uploads\/2021\/12\/cropped-cropped-logo-new.jpg\",\"contentUrl\":\"https:\/\/xedoo.com\/wp-content\/uploads\/2021\/12\/cropped-cropped-logo-new.jpg\",\"width\":240,\"height\":84,\"caption\":\"Xedoo\"},\"image\":{\"@id\":\"https:\/\/xedoo.com\/de\/#\/schema\/logo\/image\/\"}}]}<\/script>\n<!-- \/ Yoast SEO Premium plugin. -->","yoast_head_json":{"title":"Waldkiefer (Pinus Sylvestris) kaufen","description":"Waldkiefer (Pinus Sylvestris) Setzlinge kaufen. Die Waldkiefer ist ein wichtiger Holzlieferant und kann zur Bonsaigestaltung verwendet werden","robots":{"index":"index","follow":"follow","max-snippet":"max-snippet:-1","max-image-preview":"max-image-preview:large","max-video-preview":"max-video-preview:-1"},"canonical":"https:\/\/xedoo.com\/de\/produkt\/waldkiefer-pinus-sylvestris-kaufen\/","twitter_misc":{"Gesch\u00e4tzte Lesezeit":"1\u00a0Minute"},"schema":{"@context":"https:\/\/schema.org","@graph":[{"@type":"WebPage","@id":"https:\/\/xedoo.com\/de\/produkt\/waldkiefer-pinus-sylvestris-kaufen\/","url":"https:\/\/xedoo.com\/de\/produkt\/waldkiefer-pinus-sylvestris-kaufen\/","name":"Waldkiefer (Pinus Sylvestris) kaufen","isPartOf":{"@id":"https:\/\/xedoo.com\/de\/#website"},"primaryImageOfPage":{"@id":"https:\/\/xedoo.com\/de\/produkt\/waldkiefer-pinus-sylvestris-kaufen\/#primaryimage"},"image":{"@id":"https:\/\/xedoo.com\/de\/produkt\/waldkiefer-pinus-sylvestris-kaufen\/#primaryimage"},"thumbnailUrl":"https:\/\/xedoo.com\/wp-content\/uploads\/2022\/01\/pinus-sylvestris-2.jpg","datePublished":"2022-01-26T13:29:51+00:00","dateModified":"2022-10-29T10:57:43+00:00","description":"Waldkiefer (Pinus Sylvestris) Setzlinge kaufen. Die Waldkiefer ist ein wichtiger Holzlieferant und kann zur Bonsaigestaltung verwendet werden","breadcrumb":{"@id":"https:\/\/xedoo.com\/de\/produkt\/waldkiefer-pinus-sylvestris-kaufen\/#breadcrumb"},"inLanguage":"de","potentialAction":[{"@type":"ReadAction","target":["https:\/\/xedoo.com\/de\/produkt\/waldkiefer-pinus-sylvestris-kaufen\/"]}]},{"@type":"ImageObject","inLanguage":"de","@id":"https:\/\/xedoo.com\/de\/produkt\/waldkiefer-pinus-sylvestris-kaufen\/#primaryimage","url":"https:\/\/xedoo.com\/wp-content\/uploads\/2022\/01\/pinus-sylvestris-2.jpg","contentUrl":"https:\/\/xedoo.com\/wp-content\/uploads\/2022\/01\/pinus-sylvestris-2.jpg","width":2500,"height":1638,"caption":"pinus-sylvestris"},{"@type":"BreadcrumbList","@id":"https:\/\/xedoo.com\/de\/produkt\/waldkiefer-pinus-sylvestris-kaufen\/#breadcrumb","itemListElement":[{"@type":"ListItem","position":1,"name":"Home","item":"https:\/\/xedoo.com\/de\/"},{"@type":"ListItem","position":2,"name":"Mediterrane Baumschule, G\u00e4rtnerei M\u00e1laga, Spanien &#8211; Xedoo.com","item":"https:\/\/xedoo.com\/de\/"},{"@type":"ListItem","position":3,"name":"Waldkiefer (Pinus Sylvestris) kaufen"}]},{"@type":"WebSite","@id":"https:\/\/xedoo.com\/de\/#website","url":"https:\/\/xedoo.com\/de\/","name":"Xedoo.com","description":"","publisher":{"@id":"https:\/\/xedoo.com\/de\/#organization"},"potentialAction":[{"@type":"SearchAction","target":{"@type":"EntryPoint","urlTemplate":"https:\/\/xedoo.com\/de\/?s={search_term_string}"},"query-input":"required name=search_term_string"}],"inLanguage":"de"},{"@type":"Organization","@id":"https:\/\/xedoo.com\/de\/#organization","name":"Xedoo","url":"https:\/\/xedoo.com\/de\/","logo":{"@type":"ImageObject","inLanguage":"de","@id":"https:\/\/xedoo.com\/de\/#\/schema\/logo\/image\/","url":"https:\/\/xedoo.com\/wp-content\/uploads\/2021\/12\/cropped-cropped-logo-new.jpg","contentUrl":"https:\/\/xedoo.com\/wp-content\/uploads\/2021\/12\/cropped-cropped-logo-new.jpg","width":240,"height":84,"caption":"Xedoo"},"image":{"@id":"https:\/\/xedoo.com\/de\/#\/schema\/logo\/image\/"}}]}},"_links":{"self":[{"href":"https:\/\/xedoo.com\/de\/wp-json\/wp\/v2\/product\/1180"}],"collection":[{"href":"https:\/\/xedoo.com\/de\/wp-json\/wp\/v2\/product"}],"about":[{"href":"https:\/\/xedoo.com\/de\/wp-json\/wp\/v2\/types\/product"}],"wp:featuredmedia":[{"embeddable":true,"href":"https:\/\/xedoo.com\/de\/wp-json\/wp\/v2\/media\/1303"}],"wp:attachment":[{"href":"https:\/\/xedoo.com\/de\/wp-json\/wp\/v2\/media?parent=1180"}],"wp:term":[{"taxonomy":"product_brand","embeddable":true,"href":"https:\/\/xedoo.com\/de\/wp-json\/wp\/v2\/product_brand?post=1180"},{"taxonomy":"product_cat","embeddable":true,"href":"https:\/\/xedoo.com\/de\/wp-json\/wp\/v2\/product_cat?post=1180"},{"taxonomy":"product_tag","embeddable":true,"href":"https:\/\/xedoo.com\/de\/wp-json\/wp\/v2\/product_tag?post=1180"},{"taxonomy":"woo-feed-brand","embeddable":true,"href":"https:\/\/xedoo.com\/de\/wp-json\/wp\/v2\/woo-feed-brand?post=1180"}],"curies":[{"name":"wp","href":"https:\/\/api.w.org\/{rel}","templated":true}]}}