{"id":1276,"date":"2022-02-17T10:51:46","date_gmt":"2022-02-17T09:51:46","guid":{"rendered":"https:\/\/xedoo.com\/?post_type=product&#038;p=1276"},"modified":"2026-04-22T08:46:13","modified_gmt":"2026-04-22T06:46:13","slug":"juniperus-chinensis-itoigawa-jungpflanzen","status":"publish","type":"product","link":"https:\/\/xedoo.com\/de\/produkt\/juniperus-chinensis-itoigawa-jungpflanzen\/","title":{"rendered":"Juniperus Chinensis Itoigawa Wacholder"},"content":{"rendered":"<p>Juniperus Chinensis Itoigawa (Chinesischer Itoigawa Wacholder) ist eine Zwergform des chinesischen Wacholders, die urspr\u00fcnglich aus der Bergregion um die japanische Stadt Itoigawa stammt. Diese 1910 entdeckte Variante von Juniperus Chinensis war in der freien Natur bis 1950 praktisch ausgestorben, da die Bonsai-Sammler bereits alle Exemplare ausgegraben hatten.<\/p>\n<p>Der Chinesische Itoigawa Wacholder gilt als einer der sch\u00f6nsten Bonsais \u00fcberhaupt und ist in der Regel in keiner normalen G\u00e4rtnerei zu finden. Er unterscheidet sich vom normalen chinesischen Wacholder durch ein langsameres Wachstum und feineres, weicheres und helleres gr\u00fcnes Blattwerk. Aus diesem Grund wird der Chinesische Itoigawa Wacholder auch oft als der K\u00f6nig der Bonsai bezeichnet. Hier bieten wir S\u00e4mlinge und Jungpflanzen von Juniperus Chinensis Shimpaku var. Itoigawa in verschiedenen Entwicklungsstadien und Gr\u00f6\u00dfen an, die sich noch gut formen lassen und damit hervorragend als Bonsai Rohware oder Prebonsai geeignet sind, um einen Bonsai von Grund auf und nach eigenem Gefallen zu formen.<\/p>\n<p>Der Wacholder ist eine sehr robuste Pflanze und vertr\u00e4gt Temperaturen von -20 bis 40 Grad Celsius. Die bronzene bis braune Verf\u00e4rbung der Pflanzen bei Temperaturen unter 0 Grad Celsius ist normal und kein Grund zur Sorge. Sobald es w\u00e4rmer wird, f\u00e4rben sich die Wacholder wieder gr\u00fcn.<\/p>\n<h3>Juniperus Chinensis Itoigawa Pflege<\/h3>\n<p><strong>Licht:<\/strong><\/p>\n<p>Der Itoigawa-Wacholder bevorzugt volle Sonne bis Halbschatten. Sorgen Sie f\u00fcr optimales Wachstum und Blattentwicklung f\u00fcr mindestens 6 Stunden direktes Sonnenlicht pro Tag.<\/p>\n<p><strong>Bew\u00e4sserung:<\/strong><\/p>\n<p>Im Allgemeinen bevorzugen Wacholder leicht feuchte, aber gut durchl\u00e4ssige B\u00f6den. Geben Sie dem Itoigawa-Wacholder reichlich Wasser und lassen Sie die Erde zwischen den Wassergaben leicht antrocknen. Vermeiden Sie zu viel Wasser, da dies zu Wurzelf\u00e4ule f\u00fchren kann. Passen Sie die Bew\u00e4sserungsh\u00e4ufigkeit den Umgebungsbedingungen und dem Feuchtigkeitsbedarf der Pflanze an.<\/p>\n<p><strong>Boden:<\/strong><\/p>\n<p>Gut durchl\u00e4ssiger Boden ist f\u00fcr den Itoigawa-Wacholder entscheidend. Um eine gute Drainage zu gew\u00e4hrleisten und gleichzeitig etwas Feuchtigkeit und N\u00e4hrstoffe zu bewahren, wird oft eine spezielle Bonsai-Erdemischung oder eine Mischung aus Akadama, Bimsstein und Lavasteinen empfohlen. Vermeiden Sie die Verwendung schwerer, verdichteter B\u00f6den, die die Wurzeln ersticken k\u00f6nnen.<\/p>\n<p><strong>D\u00fcngung:<\/strong><\/p>\n<p>Regelm\u00e4\u00dfiges D\u00fcngen tr\u00e4gt dazu bei, die Gesundheit und Vitalit\u00e4t des Itoigawa-Wacholders zu erhalten. Verwenden Sie einen ausgewogenen Bonsai-D\u00fcnger mit langsamer Freisetzung oder einen Fl\u00fcssigd\u00fcnger, der speziell f\u00fcr Wacholder entwickelt wurde. Befolgen Sie die Anweisungen auf dem Produktetikett zur richtigen Anwendung und zum richtigen Zeitpunkt.<\/p>\n<p><strong>Schnitt und Formgebung:<\/strong><\/p>\n<p>Juniperus Chinensis Itoigawa reagiert gut auf regelm\u00e4\u00dfiges Beschneiden und Formen, um die gew\u00fcnschte Form zu behalten. Verwenden Sie eine scharfe Gartenschere, um neue Triebe zu beschneiden und die Gesamtstruktur und das Gleichgewicht des Baumes zu erhalten. Auch Dr\u00e4hte k\u00f6nnen verwendet werden, um \u00c4ste an die gew\u00fcnschte Stelle zu f\u00fchren. Dabei muss jedoch darauf geachtet werden, die Baumrinde nicht zu besch\u00e4digen.<\/p>\n<p><strong>Schutz vor extremen Temperaturen:<\/strong><\/p>\n<p>Der Itoigawa-Wacholder ist im Allgemeinen winterhart, aber extreme K\u00e4lte oder Hitze k\u00f6nnen die Pflanze belasten. Sch\u00fctzen Sie den Bonsai im Winter vor eisigen Temperaturen und starkem Wind, indem Sie ihn an einen gesch\u00fctzten Ort stellen oder ein Fr\u00fchbeet verwenden. Sorgen Sie an hei\u00dfen Sommertagen au\u00dferdem f\u00fcr etwas Schatten, um \u00fcberm\u00e4\u00dfigen Hitzestress zu vermeiden.<\/p>\n<p><strong>Sch\u00e4dlinge und Krankheiten:<\/strong><\/p>\n<p>Juniperus Chinensis Itoigawa kann anf\u00e4llig f\u00fcr h\u00e4ufige Wacholdersch\u00e4dlinge wie Blattl\u00e4use, Spinnmilben und Wacholderschildl\u00e4use sein. Untersuchen Sie den Baum regelm\u00e4\u00dfig auf Anzeichen von Befall oder Krankheit und ergreifen Sie geeignete Ma\u00dfnahmen, wie beispielsweise die Verwendung von Insektizidseife oder Gartenbau\u00f6l, um Sch\u00e4dlinge zu bek\u00e4mpfen. Eine gute Luftzirkulation und richtiges Gie\u00dfen k\u00f6nnen ebenfalls dazu beitragen, Krankheiten vorzubeugen.<\/p>\n<p>Denken Sie daran, dass die Pflege eines Bonsais sorgf\u00e4ltige Beobachtung und Beachtung der spezifischen Bed\u00fcrfnisse jedes einzelnen Baumes erfordert. Ziehen Sie in Erw\u00e4gung, erfahrene Bonsai-Enthusiasten zu konsultieren oder einem \u00f6rtlichen Bonsai-Club beizutreten, um weitere Informationen und Anleitungen zur Pflege des Itoigawa-Wacholders oder anderer Bonsais zu erhalten.<\/p>\n<p>Bitte beachten Sie: Es wird empfohlen, sehr junge Itoigawa Pflanzen noch nicht zu beschneiden, da sie sonst dazu neigen, harte, nadelartige Triebe zu entwickeln.<\/p>\n<p>Wissenschaftlicher Name: Juniperus Chinensis Shimpaku var. Itoigawa<br \/>\nDeutscher Name: Chinesischer Itoigawa Wacholder<br \/>\nWuchsh\u00f6he: bis zu 1 Meter<br \/>\nEmpfindlich gegen K\u00e4lte: Nein<br \/>\nHitzeempfindlich: Nein<br \/>\nWindempfindlich: Nein<br \/>\nAls Bonsai geeignet: Ja<br \/>\nGr\u00f6\u00dfe: 5-50 cm, Jungpflanzen, ideal um Prebonsai zu gestalten<br \/>\nAlter: 2-8 Jahre<br \/>\nLieferform: Topf 9 x 9 cm<\/p>\n","protected":false},"excerpt":{"rendered":"<p>Juniperus Chinensis Itoigawa Wacholder kaufen &#8211; g\u00fcnstige Jungpflanzen und Prebonsai in verschiedenen Entwicklungsstadien und Gr\u00f6\u00dfen f\u00fcr die perfekte Bonsai Kreation.<\/p>\n<p>&nbsp;<\/p>\n","protected":false},"featured_media":1986,"template":"","meta":[],"product_brand":[],"product_cat":[166],"product_tag":[178],"woo-feed-brand":[],"class_list":{"0":"post-1276","1":"product","2":"type-product","3":"status-publish","4":"has-post-thumbnail","6":"product_cat-juniperus-chinensis-chinesischer-wacholder","7":"product_tag-juniperus-chinensis-itoigawa-de","9":"first","10":"instock","11":"featured","12":"shipping-taxable","13":"purchasable","14":"product-type-variable","15":"has-default-attributes","16":"prodpage-classic"},"yoast_head":"<!-- This site is optimized with the Yoast SEO Premium plugin v22.0 (Yoast SEO v22.7) - https:\/\/yoast.com\/wordpress\/plugins\/seo\/ -->\n<title>Juniperus Chinensis Itoigawa Wacholder<\/title>\n<meta name=\"description\" content=\"Juniperus Chinensis Itoigawa Wacholder Jungpflanzen, 5 - 50 cm, perfekt zur Gestaltung von wundersch\u00f6nen und gesunden Bonsais. G\u00fcnstig ab 4,90 Euro.\" \/>\n<meta name=\"robots\" content=\"index, follow, max-snippet:-1, max-image-preview:large, max-video-preview:-1\" \/>\n<link rel=\"canonical\" href=\"https:\/\/xedoo.com\/de\/produkt\/juniperus-chinensis-itoigawa-jungpflanzen\/\" \/>\n<meta name=\"twitter:label1\" content=\"Gesch\u00e4tzte Lesezeit\" \/>\n\t<meta name=\"twitter:data1\" content=\"4\u00a0Minuten\" \/>\n<script type=\"application\/ld+json\" class=\"yoast-schema-graph\">{\"@context\":\"https:\/\/schema.org\",\"@graph\":[{\"@type\":\"WebPage\",\"@id\":\"https:\/\/xedoo.com\/de\/produkt\/juniperus-chinensis-itoigawa-jungpflanzen\/\",\"url\":\"https:\/\/xedoo.com\/de\/produkt\/juniperus-chinensis-itoigawa-jungpflanzen\/\",\"name\":\"Juniperus Chinensis Itoigawa Wacholder\",\"isPartOf\":{\"@id\":\"https:\/\/xedoo.com\/de\/#website\"},\"primaryImageOfPage\":{\"@id\":\"https:\/\/xedoo.com\/de\/produkt\/juniperus-chinensis-itoigawa-jungpflanzen\/#primaryimage\"},\"image\":{\"@id\":\"https:\/\/xedoo.com\/de\/produkt\/juniperus-chinensis-itoigawa-jungpflanzen\/#primaryimage\"},\"thumbnailUrl\":\"https:\/\/xedoo.com\/wp-content\/uploads\/2022\/02\/juniperus-chinensis-itoigawa.jpg\",\"datePublished\":\"2022-02-17T09:51:46+00:00\",\"dateModified\":\"2026-04-22T06:46:13+00:00\",\"description\":\"Juniperus Chinensis Itoigawa Wacholder Jungpflanzen, 5 - 50 cm, perfekt zur Gestaltung von wundersch\u00f6nen und gesunden Bonsais. G\u00fcnstig ab 4,90 Euro.\",\"breadcrumb\":{\"@id\":\"https:\/\/xedoo.com\/de\/produkt\/juniperus-chinensis-itoigawa-jungpflanzen\/#breadcrumb\"},\"inLanguage\":\"de\",\"potentialAction\":[{\"@type\":\"ReadAction\",\"target\":[\"https:\/\/xedoo.com\/de\/produkt\/juniperus-chinensis-itoigawa-jungpflanzen\/\"]}]},{\"@type\":\"ImageObject\",\"inLanguage\":\"de\",\"@id\":\"https:\/\/xedoo.com\/de\/produkt\/juniperus-chinensis-itoigawa-jungpflanzen\/#primaryimage\",\"url\":\"https:\/\/xedoo.com\/wp-content\/uploads\/2022\/02\/juniperus-chinensis-itoigawa.jpg\",\"contentUrl\":\"https:\/\/xedoo.com\/wp-content\/uploads\/2022\/02\/juniperus-chinensis-itoigawa.jpg\",\"width\":2500,\"height\":1667,\"caption\":\"Chinesischer Itoigawa Wacholder Jungpflanzen\"},{\"@type\":\"BreadcrumbList\",\"@id\":\"https:\/\/xedoo.com\/de\/produkt\/juniperus-chinensis-itoigawa-jungpflanzen\/#breadcrumb\",\"itemListElement\":[{\"@type\":\"ListItem\",\"position\":1,\"name\":\"Home\",\"item\":\"https:\/\/xedoo.com\/de\/\"},{\"@type\":\"ListItem\",\"position\":2,\"name\":\"Mediterrane Baumschule, G\u00e4rtnerei M\u00e1laga, Spanien &#8211; Xedoo.com\",\"item\":\"https:\/\/xedoo.com\/de\/\"},{\"@type\":\"ListItem\",\"position\":3,\"name\":\"Juniperus Chinensis Itoigawa Wacholder\"}]},{\"@type\":\"WebSite\",\"@id\":\"https:\/\/xedoo.com\/de\/#website\",\"url\":\"https:\/\/xedoo.com\/de\/\",\"name\":\"Xedoo.com\",\"description\":\"\",\"publisher\":{\"@id\":\"https:\/\/xedoo.com\/de\/#organization\"},\"potentialAction\":[{\"@type\":\"SearchAction\",\"target\":{\"@type\":\"EntryPoint\",\"urlTemplate\":\"https:\/\/xedoo.com\/de\/?s={search_term_string}\"},\"query-input\":\"required name=search_term_string\"}],\"inLanguage\":\"de\"},{\"@type\":\"Organization\",\"@id\":\"https:\/\/xedoo.com\/de\/#organization\",\"name\":\"Xedoo\",\"url\":\"https:\/\/xedoo.com\/de\/\",\"logo\":{\"@type\":\"ImageObject\",\"inLanguage\":\"de\",\"@id\":\"https:\/\/xedoo.com\/de\/#\/schema\/logo\/image\/\",\"url\":\"https:\/\/xedoo.com\/wp-content\/uploads\/2021\/12\/cropped-cropped-logo-new.jpg\",\"contentUrl\":\"https:\/\/xedoo.com\/wp-content\/uploads\/2021\/12\/cropped-cropped-logo-new.jpg\",\"width\":240,\"height\":84,\"caption\":\"Xedoo\"},\"image\":{\"@id\":\"https:\/\/xedoo.com\/de\/#\/schema\/logo\/image\/\"}}]}<\/script>\n<!-- \/ Yoast SEO Premium plugin. -->","yoast_head_json":{"title":"Juniperus Chinensis Itoigawa Wacholder","description":"Juniperus Chinensis Itoigawa Wacholder Jungpflanzen, 5 - 50 cm, perfekt zur Gestaltung von wundersch\u00f6nen und gesunden Bonsais. G\u00fcnstig ab 4,90 Euro.","robots":{"index":"index","follow":"follow","max-snippet":"max-snippet:-1","max-image-preview":"max-image-preview:large","max-video-preview":"max-video-preview:-1"},"canonical":"https:\/\/xedoo.com\/de\/produkt\/juniperus-chinensis-itoigawa-jungpflanzen\/","twitter_misc":{"Gesch\u00e4tzte Lesezeit":"4\u00a0Minuten"},"schema":{"@context":"https:\/\/schema.org","@graph":[{"@type":"WebPage","@id":"https:\/\/xedoo.com\/de\/produkt\/juniperus-chinensis-itoigawa-jungpflanzen\/","url":"https:\/\/xedoo.com\/de\/produkt\/juniperus-chinensis-itoigawa-jungpflanzen\/","name":"Juniperus Chinensis Itoigawa Wacholder","isPartOf":{"@id":"https:\/\/xedoo.com\/de\/#website"},"primaryImageOfPage":{"@id":"https:\/\/xedoo.com\/de\/produkt\/juniperus-chinensis-itoigawa-jungpflanzen\/#primaryimage"},"image":{"@id":"https:\/\/xedoo.com\/de\/produkt\/juniperus-chinensis-itoigawa-jungpflanzen\/#primaryimage"},"thumbnailUrl":"https:\/\/xedoo.com\/wp-content\/uploads\/2022\/02\/juniperus-chinensis-itoigawa.jpg","datePublished":"2022-02-17T09:51:46+00:00","dateModified":"2026-04-22T06:46:13+00:00","description":"Juniperus Chinensis Itoigawa Wacholder Jungpflanzen, 5 - 50 cm, perfekt zur Gestaltung von wundersch\u00f6nen und gesunden Bonsais. G\u00fcnstig ab 4,90 Euro.","breadcrumb":{"@id":"https:\/\/xedoo.com\/de\/produkt\/juniperus-chinensis-itoigawa-jungpflanzen\/#breadcrumb"},"inLanguage":"de","potentialAction":[{"@type":"ReadAction","target":["https:\/\/xedoo.com\/de\/produkt\/juniperus-chinensis-itoigawa-jungpflanzen\/"]}]},{"@type":"ImageObject","inLanguage":"de","@id":"https:\/\/xedoo.com\/de\/produkt\/juniperus-chinensis-itoigawa-jungpflanzen\/#primaryimage","url":"https:\/\/xedoo.com\/wp-content\/uploads\/2022\/02\/juniperus-chinensis-itoigawa.jpg","contentUrl":"https:\/\/xedoo.com\/wp-content\/uploads\/2022\/02\/juniperus-chinensis-itoigawa.jpg","width":2500,"height":1667,"caption":"Chinesischer Itoigawa Wacholder Jungpflanzen"},{"@type":"BreadcrumbList","@id":"https:\/\/xedoo.com\/de\/produkt\/juniperus-chinensis-itoigawa-jungpflanzen\/#breadcrumb","itemListElement":[{"@type":"ListItem","position":1,"name":"Home","item":"https:\/\/xedoo.com\/de\/"},{"@type":"ListItem","position":2,"name":"Mediterrane Baumschule, G\u00e4rtnerei M\u00e1laga, Spanien &#8211; Xedoo.com","item":"https:\/\/xedoo.com\/de\/"},{"@type":"ListItem","position":3,"name":"Juniperus Chinensis Itoigawa Wacholder"}]},{"@type":"WebSite","@id":"https:\/\/xedoo.com\/de\/#website","url":"https:\/\/xedoo.com\/de\/","name":"Xedoo.com","description":"","publisher":{"@id":"https:\/\/xedoo.com\/de\/#organization"},"potentialAction":[{"@type":"SearchAction","target":{"@type":"EntryPoint","urlTemplate":"https:\/\/xedoo.com\/de\/?s={search_term_string}"},"query-input":"required name=search_term_string"}],"inLanguage":"de"},{"@type":"Organization","@id":"https:\/\/xedoo.com\/de\/#organization","name":"Xedoo","url":"https:\/\/xedoo.com\/de\/","logo":{"@type":"ImageObject","inLanguage":"de","@id":"https:\/\/xedoo.com\/de\/#\/schema\/logo\/image\/","url":"https:\/\/xedoo.com\/wp-content\/uploads\/2021\/12\/cropped-cropped-logo-new.jpg","contentUrl":"https:\/\/xedoo.com\/wp-content\/uploads\/2021\/12\/cropped-cropped-logo-new.jpg","width":240,"height":84,"caption":"Xedoo"},"image":{"@id":"https:\/\/xedoo.com\/de\/#\/schema\/logo\/image\/"}}]}},"_links":{"self":[{"href":"https:\/\/xedoo.com\/de\/wp-json\/wp\/v2\/product\/1276"}],"collection":[{"href":"https:\/\/xedoo.com\/de\/wp-json\/wp\/v2\/product"}],"about":[{"href":"https:\/\/xedoo.com\/de\/wp-json\/wp\/v2\/types\/product"}],"wp:featuredmedia":[{"embeddable":true,"href":"https:\/\/xedoo.com\/de\/wp-json\/wp\/v2\/media\/1986"}],"wp:attachment":[{"href":"https:\/\/xedoo.com\/de\/wp-json\/wp\/v2\/media?parent=1276"}],"wp:term":[{"taxonomy":"product_brand","embeddable":true,"href":"https:\/\/xedoo.com\/de\/wp-json\/wp\/v2\/product_brand?post=1276"},{"taxonomy":"product_cat","embeddable":true,"href":"https:\/\/xedoo.com\/de\/wp-json\/wp\/v2\/product_cat?post=1276"},{"taxonomy":"product_tag","embeddable":true,"href":"https:\/\/xedoo.com\/de\/wp-json\/wp\/v2\/product_tag?post=1276"},{"taxonomy":"woo-feed-brand","embeddable":true,"href":"https:\/\/xedoo.com\/de\/wp-json\/wp\/v2\/woo-feed-brand?post=1276"}],"curies":[{"name":"wp","href":"https:\/\/api.w.org\/{rel}","templated":true}]}}