{"id":1378,"date":"2022-03-13T17:59:49","date_gmt":"2022-03-13T16:59:49","guid":{"rendered":"https:\/\/xedoo.com\/?post_type=product&#038;p=1378"},"modified":"2026-03-15T20:32:41","modified_gmt":"2026-03-15T19:32:41","slug":"cupressus-sempervirens-mittelmeer-zypresse","status":"publish","type":"product","link":"https:\/\/xedoo.com\/de\/produkt\/cupressus-sempervirens-mittelmeer-zypresse\/","title":{"rendered":"Cupressus Sempervirens Stricta, Mittelmeer Zypresse"},"content":{"rendered":"<p>Cupressus Sempervirens Stricta stammt aus dem Mittelmeer Raum und w\u00e4chst dort auf einer Vielzahl von unterschiedlichen B\u00f6den. Sie gilt als sehr tolerant gegen\u00fcber PH Werten und Bodenzusammensetzungen. Sie ist ebenfalls sehr klimatolerant und w\u00e4chst sehr gut sowohl in den hei\u00dfen und trockenen Gegenden S\u00fcdeuropas, als auch in den k\u00fchleren Regionen Mittel- und Nordeuropas. Sie gilt als unempfindlich gegen\u00fcber gro\u00dfer Hitze, langen Trockenperioden und gilt auch bedingt winterhart. Nur bei langanhaltenden Frostperioden mit Temperaturen unter &#8211; 20 Grad Celsius kann es zu Frostsch\u00e4den an der Pflanze kommen.<\/p>\n<p>Die Mittelmeer Zypresse wird in Europa gerne als Heckenpflanze und als gro\u00dfe Solit\u00e4rpflanze angebaut. Ihr starkes Wachstum erlaubt die schnelle Formation von gro\u00dfen und dichten Hecken, die vor Wind sch\u00fctzen und als Sichtschutz dienen. Beim Anlegen von Hecken sollten pro Meter nicht mehr als 2 Pflanzen gesetzt werden, da Cupressus Sempervirens unter optimalen Bedingungen eine Gesamth\u00f6he von bis zu 35 Meter und einen Durchmesser von bis zu 1 Meter erreichen kann.<\/p>\n<p>Wissenschaftlicher Name: Cupressus Sempervirens Stricta<br \/>\nDeutscher Name: Echte Zypresse, Italienische Zypresse, Mittelmeer Zypresse, S\u00e4ulen Zypresse, Trauer Zypresse<br \/>\nHerkunft: Mittelmeerraum<br \/>\nWuchsh\u00f6he: bis zu 35 Meter<br \/>\nWinterhart: Bedingt bis \u201320 Grad Celsius<br \/>\nHitzeempfindlich: Nein<br \/>\nWindempfindlich: Nein<br \/>\nAls Bonsai geeignet: Ja<br \/>\nH\u00f6he der Pflanze: 15-60 cm, Jungpflanzen<\/p>\n","protected":false},"excerpt":{"rendered":"<p>Cupressus sempervirens kaufen (Mittelmeer Zypresse) Jungpflanzen f\u00fcr die Bepflanzung von Hecken. H\u00f6he der Pflanzen: 15 &#8211; 60 cm.<\/p>\n","protected":false},"featured_media":1412,"template":"","meta":[],"product_brand":[],"product_cat":[111],"product_tag":[],"woo-feed-brand":[],"class_list":{"0":"post-1378","1":"product","2":"type-product","3":"status-publish","4":"has-post-thumbnail","6":"product_cat-gartenpflanzen","8":"first","9":"instock","10":"shipping-taxable","11":"purchasable","12":"product-type-variable","13":"has-default-attributes","14":"prodpage-classic"},"yoast_head":"<!-- This site is optimized with the Yoast SEO Premium plugin v22.0 (Yoast SEO v22.7) - https:\/\/yoast.com\/wordpress\/plugins\/seo\/ -->\n<title>Cupressus Sempervirens Stricta, Mittelmeer Zypresse<\/title>\n<meta name=\"description\" content=\"Cupressus Sempervirens kaufen, , Mittelmeer Zypresse - Jungpflanzen zur Heckengestaltung direkt aus der Baumschule in Spanien.\" \/>\n<meta name=\"robots\" content=\"index, follow, max-snippet:-1, max-image-preview:large, max-video-preview:-1\" \/>\n<link rel=\"canonical\" href=\"https:\/\/xedoo.com\/de\/produkt\/cupressus-sempervirens-mittelmeer-zypresse\/\" \/>\n<meta name=\"twitter:label1\" content=\"Gesch\u00e4tzte Lesezeit\" \/>\n\t<meta name=\"twitter:data1\" content=\"2\u00a0Minuten\" \/>\n<script type=\"application\/ld+json\" class=\"yoast-schema-graph\">{\"@context\":\"https:\/\/schema.org\",\"@graph\":[{\"@type\":\"WebPage\",\"@id\":\"https:\/\/xedoo.com\/de\/produkt\/cupressus-sempervirens-mittelmeer-zypresse\/\",\"url\":\"https:\/\/xedoo.com\/de\/produkt\/cupressus-sempervirens-mittelmeer-zypresse\/\",\"name\":\"Cupressus Sempervirens Stricta, Mittelmeer Zypresse\",\"isPartOf\":{\"@id\":\"https:\/\/xedoo.com\/de\/#website\"},\"primaryImageOfPage\":{\"@id\":\"https:\/\/xedoo.com\/de\/produkt\/cupressus-sempervirens-mittelmeer-zypresse\/#primaryimage\"},\"image\":{\"@id\":\"https:\/\/xedoo.com\/de\/produkt\/cupressus-sempervirens-mittelmeer-zypresse\/#primaryimage\"},\"thumbnailUrl\":\"https:\/\/xedoo.com\/wp-content\/uploads\/2022\/03\/cupressus-sempervirens.jpg\",\"datePublished\":\"2022-03-13T16:59:49+00:00\",\"dateModified\":\"2026-03-15T19:32:41+00:00\",\"description\":\"Cupressus Sempervirens kaufen, , Mittelmeer Zypresse - Jungpflanzen zur Heckengestaltung direkt aus der Baumschule in Spanien.\",\"breadcrumb\":{\"@id\":\"https:\/\/xedoo.com\/de\/produkt\/cupressus-sempervirens-mittelmeer-zypresse\/#breadcrumb\"},\"inLanguage\":\"de\",\"potentialAction\":[{\"@type\":\"ReadAction\",\"target\":[\"https:\/\/xedoo.com\/de\/produkt\/cupressus-sempervirens-mittelmeer-zypresse\/\"]}]},{\"@type\":\"ImageObject\",\"inLanguage\":\"de\",\"@id\":\"https:\/\/xedoo.com\/de\/produkt\/cupressus-sempervirens-mittelmeer-zypresse\/#primaryimage\",\"url\":\"https:\/\/xedoo.com\/wp-content\/uploads\/2022\/03\/cupressus-sempervirens.jpg\",\"contentUrl\":\"https:\/\/xedoo.com\/wp-content\/uploads\/2022\/03\/cupressus-sempervirens.jpg\",\"width\":2500,\"height\":1667,\"caption\":\"Cupressus Sempervirens - Mittelmeer Zypresse\"},{\"@type\":\"BreadcrumbList\",\"@id\":\"https:\/\/xedoo.com\/de\/produkt\/cupressus-sempervirens-mittelmeer-zypresse\/#breadcrumb\",\"itemListElement\":[{\"@type\":\"ListItem\",\"position\":1,\"name\":\"Home\",\"item\":\"https:\/\/xedoo.com\/de\/\"},{\"@type\":\"ListItem\",\"position\":2,\"name\":\"Mediterrane Baumschule, G\u00e4rtnerei M\u00e1laga, Spanien &#8211; Xedoo.com\",\"item\":\"https:\/\/xedoo.com\/de\/\"},{\"@type\":\"ListItem\",\"position\":3,\"name\":\"Cupressus Sempervirens Stricta, Mittelmeer Zypresse\"}]},{\"@type\":\"WebSite\",\"@id\":\"https:\/\/xedoo.com\/de\/#website\",\"url\":\"https:\/\/xedoo.com\/de\/\",\"name\":\"Xedoo.com\",\"description\":\"\",\"publisher\":{\"@id\":\"https:\/\/xedoo.com\/de\/#organization\"},\"potentialAction\":[{\"@type\":\"SearchAction\",\"target\":{\"@type\":\"EntryPoint\",\"urlTemplate\":\"https:\/\/xedoo.com\/de\/?s={search_term_string}\"},\"query-input\":\"required name=search_term_string\"}],\"inLanguage\":\"de\"},{\"@type\":\"Organization\",\"@id\":\"https:\/\/xedoo.com\/de\/#organization\",\"name\":\"Xedoo\",\"url\":\"https:\/\/xedoo.com\/de\/\",\"logo\":{\"@type\":\"ImageObject\",\"inLanguage\":\"de\",\"@id\":\"https:\/\/xedoo.com\/de\/#\/schema\/logo\/image\/\",\"url\":\"https:\/\/xedoo.com\/wp-content\/uploads\/2021\/12\/cropped-cropped-logo-new.jpg\",\"contentUrl\":\"https:\/\/xedoo.com\/wp-content\/uploads\/2021\/12\/cropped-cropped-logo-new.jpg\",\"width\":240,\"height\":84,\"caption\":\"Xedoo\"},\"image\":{\"@id\":\"https:\/\/xedoo.com\/de\/#\/schema\/logo\/image\/\"}}]}<\/script>\n<!-- \/ Yoast SEO Premium plugin. -->","yoast_head_json":{"title":"Cupressus Sempervirens Stricta, Mittelmeer Zypresse","description":"Cupressus Sempervirens kaufen, , Mittelmeer Zypresse - Jungpflanzen zur Heckengestaltung direkt aus der Baumschule in Spanien.","robots":{"index":"index","follow":"follow","max-snippet":"max-snippet:-1","max-image-preview":"max-image-preview:large","max-video-preview":"max-video-preview:-1"},"canonical":"https:\/\/xedoo.com\/de\/produkt\/cupressus-sempervirens-mittelmeer-zypresse\/","twitter_misc":{"Gesch\u00e4tzte Lesezeit":"2\u00a0Minuten"},"schema":{"@context":"https:\/\/schema.org","@graph":[{"@type":"WebPage","@id":"https:\/\/xedoo.com\/de\/produkt\/cupressus-sempervirens-mittelmeer-zypresse\/","url":"https:\/\/xedoo.com\/de\/produkt\/cupressus-sempervirens-mittelmeer-zypresse\/","name":"Cupressus Sempervirens Stricta, Mittelmeer Zypresse","isPartOf":{"@id":"https:\/\/xedoo.com\/de\/#website"},"primaryImageOfPage":{"@id":"https:\/\/xedoo.com\/de\/produkt\/cupressus-sempervirens-mittelmeer-zypresse\/#primaryimage"},"image":{"@id":"https:\/\/xedoo.com\/de\/produkt\/cupressus-sempervirens-mittelmeer-zypresse\/#primaryimage"},"thumbnailUrl":"https:\/\/xedoo.com\/wp-content\/uploads\/2022\/03\/cupressus-sempervirens.jpg","datePublished":"2022-03-13T16:59:49+00:00","dateModified":"2026-03-15T19:32:41+00:00","description":"Cupressus Sempervirens kaufen, , Mittelmeer Zypresse - Jungpflanzen zur Heckengestaltung direkt aus der Baumschule in Spanien.","breadcrumb":{"@id":"https:\/\/xedoo.com\/de\/produkt\/cupressus-sempervirens-mittelmeer-zypresse\/#breadcrumb"},"inLanguage":"de","potentialAction":[{"@type":"ReadAction","target":["https:\/\/xedoo.com\/de\/produkt\/cupressus-sempervirens-mittelmeer-zypresse\/"]}]},{"@type":"ImageObject","inLanguage":"de","@id":"https:\/\/xedoo.com\/de\/produkt\/cupressus-sempervirens-mittelmeer-zypresse\/#primaryimage","url":"https:\/\/xedoo.com\/wp-content\/uploads\/2022\/03\/cupressus-sempervirens.jpg","contentUrl":"https:\/\/xedoo.com\/wp-content\/uploads\/2022\/03\/cupressus-sempervirens.jpg","width":2500,"height":1667,"caption":"Cupressus Sempervirens - Mittelmeer Zypresse"},{"@type":"BreadcrumbList","@id":"https:\/\/xedoo.com\/de\/produkt\/cupressus-sempervirens-mittelmeer-zypresse\/#breadcrumb","itemListElement":[{"@type":"ListItem","position":1,"name":"Home","item":"https:\/\/xedoo.com\/de\/"},{"@type":"ListItem","position":2,"name":"Mediterrane Baumschule, G\u00e4rtnerei M\u00e1laga, Spanien &#8211; Xedoo.com","item":"https:\/\/xedoo.com\/de\/"},{"@type":"ListItem","position":3,"name":"Cupressus Sempervirens Stricta, Mittelmeer Zypresse"}]},{"@type":"WebSite","@id":"https:\/\/xedoo.com\/de\/#website","url":"https:\/\/xedoo.com\/de\/","name":"Xedoo.com","description":"","publisher":{"@id":"https:\/\/xedoo.com\/de\/#organization"},"potentialAction":[{"@type":"SearchAction","target":{"@type":"EntryPoint","urlTemplate":"https:\/\/xedoo.com\/de\/?s={search_term_string}"},"query-input":"required name=search_term_string"}],"inLanguage":"de"},{"@type":"Organization","@id":"https:\/\/xedoo.com\/de\/#organization","name":"Xedoo","url":"https:\/\/xedoo.com\/de\/","logo":{"@type":"ImageObject","inLanguage":"de","@id":"https:\/\/xedoo.com\/de\/#\/schema\/logo\/image\/","url":"https:\/\/xedoo.com\/wp-content\/uploads\/2021\/12\/cropped-cropped-logo-new.jpg","contentUrl":"https:\/\/xedoo.com\/wp-content\/uploads\/2021\/12\/cropped-cropped-logo-new.jpg","width":240,"height":84,"caption":"Xedoo"},"image":{"@id":"https:\/\/xedoo.com\/de\/#\/schema\/logo\/image\/"}}]}},"_links":{"self":[{"href":"https:\/\/xedoo.com\/de\/wp-json\/wp\/v2\/product\/1378"}],"collection":[{"href":"https:\/\/xedoo.com\/de\/wp-json\/wp\/v2\/product"}],"about":[{"href":"https:\/\/xedoo.com\/de\/wp-json\/wp\/v2\/types\/product"}],"wp:featuredmedia":[{"embeddable":true,"href":"https:\/\/xedoo.com\/de\/wp-json\/wp\/v2\/media\/1412"}],"wp:attachment":[{"href":"https:\/\/xedoo.com\/de\/wp-json\/wp\/v2\/media?parent=1378"}],"wp:term":[{"taxonomy":"product_brand","embeddable":true,"href":"https:\/\/xedoo.com\/de\/wp-json\/wp\/v2\/product_brand?post=1378"},{"taxonomy":"product_cat","embeddable":true,"href":"https:\/\/xedoo.com\/de\/wp-json\/wp\/v2\/product_cat?post=1378"},{"taxonomy":"product_tag","embeddable":true,"href":"https:\/\/xedoo.com\/de\/wp-json\/wp\/v2\/product_tag?post=1378"},{"taxonomy":"woo-feed-brand","embeddable":true,"href":"https:\/\/xedoo.com\/de\/wp-json\/wp\/v2\/woo-feed-brand?post=1378"}],"curies":[{"name":"wp","href":"https:\/\/api.w.org\/{rel}","templated":true}]}}