{"id":1401,"date":"2022-03-18T03:37:23","date_gmt":"2022-03-18T02:37:23","guid":{"rendered":"https:\/\/xedoo.com\/?post_type=product&#038;p=1401"},"modified":"2024-04-08T08:26:39","modified_gmt":"2024-04-08T06:26:39","slug":"quercus-suber-korkeiche","status":"publish","type":"product","link":"https:\/\/xedoo.com\/de\/produkt\/quercus-suber-korkeiche\/","title":{"rendered":"Quercus Suber (Korkeiche)"},"content":{"rendered":"<p>Quercus suber stammt aus dem Mittelmeer Raum und kann eine Gesamth\u00f6he von 25 Meter und einen Stammdurchmesser von 1 Meter erreichen. Der Baum stellt keine hohen Anspr\u00fcche an die Bodenbeschaffenheit und kann Hitze und l\u00e4ngere Trockenperioden gut \u00fcberstehen. Diese Eiche wird haupts\u00e4chlich in S\u00fcdeuropa zur Korkgewinnung angebaut, da pro Baum rund 100 &#8211; 200 Kg Kork gewonnen werden kann. Die Eicheln des Baumes werden oft zur Schweinem\u00e4stung eingesetzt. Pro Baum k\u00f6nnen davon rund 15-30 Kg pro Jahr geerntet werden.<\/p>\n<p>Der Baum ist sehr lichtbed\u00fcrftig und eignet sich daher nicht zum Anbau in dichten Baumgruppen. Er ist sehr w\u00e4rmeliebend und gilt als nur bedingt winterhart, kann jedoch Temperaturen bis \u2013 5 Grad Celsius gut \u00fcberstehen. Angeboten werden hier Jungpflanzen mit einer H\u00f6he von 15-90 cm, die ohne Topf versendet werden.<\/p>\n<p>Wissenschaftlicher Name: Quercus suber<br \/>\nGew\u00f6hnlicher Name: Korkeiche<br \/>\nHerkunft: Mittelmeerraum<br \/>\nWuchsh\u00f6he: bis zu 25 Meter<br \/>\nEmpfindlich gegen K\u00e4lte: Ja<br \/>\nEmpfindlich gegen Hitze: Nein<br \/>\nWindempfindlich: Nein<br \/>\nAls Bonsai geeignet: Ja<br \/>\nH\u00f6he der Pflanze: 15-90 cm Jungpflanzen<\/p>\n","protected":false},"excerpt":{"rendered":"<p>Quercus suber (Korkeiche) zu verkaufen, 15-90 cm Jungpflanzen ohne Topf aus dem Mittelmeeraum.<\/p>\n","protected":false},"featured_media":1398,"template":"","meta":[],"product_brand":[],"product_cat":[111],"product_tag":[],"woo-feed-brand":[],"class_list":{"0":"post-1401","1":"product","2":"type-product","3":"status-publish","4":"has-post-thumbnail","6":"product_cat-gartenpflanzen","8":"first","9":"outofstock","10":"shipping-taxable","11":"purchasable","12":"product-type-variable","13":"prodpage-classic"},"yoast_head":"<!-- This site is optimized with the Yoast SEO Premium plugin v22.0 (Yoast SEO v22.7) - https:\/\/yoast.com\/wordpress\/plugins\/seo\/ -->\n<title>Quercus Suber (Korkeiche) kaufen \u2618\ufe0f<\/title>\n<meta name=\"description\" content=\"Quercus suber, Korkeiche kaufen, Jungpflanzen, 15-90 cm direkt aus der Baumschule in Spanien, , Versand europaweit.\" \/>\n<meta name=\"robots\" content=\"index, follow, max-snippet:-1, max-image-preview:large, max-video-preview:-1\" \/>\n<link rel=\"canonical\" href=\"https:\/\/xedoo.com\/de\/produkt\/quercus-suber-korkeiche\/\" \/>\n<meta name=\"twitter:label1\" content=\"Gesch\u00e4tzte Lesezeit\" \/>\n\t<meta name=\"twitter:data1\" content=\"1\u00a0Minute\" \/>\n<script type=\"application\/ld+json\" class=\"yoast-schema-graph\">{\"@context\":\"https:\/\/schema.org\",\"@graph\":[{\"@type\":\"WebPage\",\"@id\":\"https:\/\/xedoo.com\/de\/produkt\/quercus-suber-korkeiche\/\",\"url\":\"https:\/\/xedoo.com\/de\/produkt\/quercus-suber-korkeiche\/\",\"name\":\"Quercus Suber (Korkeiche) kaufen \u2618\ufe0f\",\"isPartOf\":{\"@id\":\"https:\/\/xedoo.com\/de\/#website\"},\"primaryImageOfPage\":{\"@id\":\"https:\/\/xedoo.com\/de\/produkt\/quercus-suber-korkeiche\/#primaryimage\"},\"image\":{\"@id\":\"https:\/\/xedoo.com\/de\/produkt\/quercus-suber-korkeiche\/#primaryimage\"},\"thumbnailUrl\":\"https:\/\/xedoo.com\/wp-content\/uploads\/2022\/03\/quercus-suber-alcornoque.jpg\",\"datePublished\":\"2022-03-18T02:37:23+00:00\",\"dateModified\":\"2024-04-08T06:26:39+00:00\",\"description\":\"Quercus suber, Korkeiche kaufen, Jungpflanzen, 15-90 cm direkt aus der Baumschule in Spanien, , Versand europaweit.\",\"breadcrumb\":{\"@id\":\"https:\/\/xedoo.com\/de\/produkt\/quercus-suber-korkeiche\/#breadcrumb\"},\"inLanguage\":\"de\",\"potentialAction\":[{\"@type\":\"ReadAction\",\"target\":[\"https:\/\/xedoo.com\/de\/produkt\/quercus-suber-korkeiche\/\"]}]},{\"@type\":\"ImageObject\",\"inLanguage\":\"de\",\"@id\":\"https:\/\/xedoo.com\/de\/produkt\/quercus-suber-korkeiche\/#primaryimage\",\"url\":\"https:\/\/xedoo.com\/wp-content\/uploads\/2022\/03\/quercus-suber-alcornoque.jpg\",\"contentUrl\":\"https:\/\/xedoo.com\/wp-content\/uploads\/2022\/03\/quercus-suber-alcornoque.jpg\",\"width\":1000,\"height\":694,\"caption\":\"quercus suber korkeiche\"},{\"@type\":\"BreadcrumbList\",\"@id\":\"https:\/\/xedoo.com\/de\/produkt\/quercus-suber-korkeiche\/#breadcrumb\",\"itemListElement\":[{\"@type\":\"ListItem\",\"position\":1,\"name\":\"Home\",\"item\":\"https:\/\/xedoo.com\/de\/\"},{\"@type\":\"ListItem\",\"position\":2,\"name\":\"Mediterrane Baumschule, G\u00e4rtnerei M\u00e1laga, Spanien &#8211; Xedoo.com\",\"item\":\"https:\/\/xedoo.com\/de\/\"},{\"@type\":\"ListItem\",\"position\":3,\"name\":\"Quercus Suber (Korkeiche)\"}]},{\"@type\":\"WebSite\",\"@id\":\"https:\/\/xedoo.com\/de\/#website\",\"url\":\"https:\/\/xedoo.com\/de\/\",\"name\":\"Xedoo.com\",\"description\":\"\",\"publisher\":{\"@id\":\"https:\/\/xedoo.com\/de\/#organization\"},\"potentialAction\":[{\"@type\":\"SearchAction\",\"target\":{\"@type\":\"EntryPoint\",\"urlTemplate\":\"https:\/\/xedoo.com\/de\/?s={search_term_string}\"},\"query-input\":\"required name=search_term_string\"}],\"inLanguage\":\"de\"},{\"@type\":\"Organization\",\"@id\":\"https:\/\/xedoo.com\/de\/#organization\",\"name\":\"Xedoo\",\"url\":\"https:\/\/xedoo.com\/de\/\",\"logo\":{\"@type\":\"ImageObject\",\"inLanguage\":\"de\",\"@id\":\"https:\/\/xedoo.com\/de\/#\/schema\/logo\/image\/\",\"url\":\"https:\/\/xedoo.com\/wp-content\/uploads\/2021\/12\/cropped-cropped-logo-new.jpg\",\"contentUrl\":\"https:\/\/xedoo.com\/wp-content\/uploads\/2021\/12\/cropped-cropped-logo-new.jpg\",\"width\":240,\"height\":84,\"caption\":\"Xedoo\"},\"image\":{\"@id\":\"https:\/\/xedoo.com\/de\/#\/schema\/logo\/image\/\"}}]}<\/script>\n<!-- \/ Yoast SEO Premium plugin. -->","yoast_head_json":{"title":"Quercus Suber (Korkeiche) kaufen \u2618\ufe0f","description":"Quercus suber, Korkeiche kaufen, Jungpflanzen, 15-90 cm direkt aus der Baumschule in Spanien, , Versand europaweit.","robots":{"index":"index","follow":"follow","max-snippet":"max-snippet:-1","max-image-preview":"max-image-preview:large","max-video-preview":"max-video-preview:-1"},"canonical":"https:\/\/xedoo.com\/de\/produkt\/quercus-suber-korkeiche\/","twitter_misc":{"Gesch\u00e4tzte Lesezeit":"1\u00a0Minute"},"schema":{"@context":"https:\/\/schema.org","@graph":[{"@type":"WebPage","@id":"https:\/\/xedoo.com\/de\/produkt\/quercus-suber-korkeiche\/","url":"https:\/\/xedoo.com\/de\/produkt\/quercus-suber-korkeiche\/","name":"Quercus Suber (Korkeiche) kaufen \u2618\ufe0f","isPartOf":{"@id":"https:\/\/xedoo.com\/de\/#website"},"primaryImageOfPage":{"@id":"https:\/\/xedoo.com\/de\/produkt\/quercus-suber-korkeiche\/#primaryimage"},"image":{"@id":"https:\/\/xedoo.com\/de\/produkt\/quercus-suber-korkeiche\/#primaryimage"},"thumbnailUrl":"https:\/\/xedoo.com\/wp-content\/uploads\/2022\/03\/quercus-suber-alcornoque.jpg","datePublished":"2022-03-18T02:37:23+00:00","dateModified":"2024-04-08T06:26:39+00:00","description":"Quercus suber, Korkeiche kaufen, Jungpflanzen, 15-90 cm direkt aus der Baumschule in Spanien, , Versand europaweit.","breadcrumb":{"@id":"https:\/\/xedoo.com\/de\/produkt\/quercus-suber-korkeiche\/#breadcrumb"},"inLanguage":"de","potentialAction":[{"@type":"ReadAction","target":["https:\/\/xedoo.com\/de\/produkt\/quercus-suber-korkeiche\/"]}]},{"@type":"ImageObject","inLanguage":"de","@id":"https:\/\/xedoo.com\/de\/produkt\/quercus-suber-korkeiche\/#primaryimage","url":"https:\/\/xedoo.com\/wp-content\/uploads\/2022\/03\/quercus-suber-alcornoque.jpg","contentUrl":"https:\/\/xedoo.com\/wp-content\/uploads\/2022\/03\/quercus-suber-alcornoque.jpg","width":1000,"height":694,"caption":"quercus suber korkeiche"},{"@type":"BreadcrumbList","@id":"https:\/\/xedoo.com\/de\/produkt\/quercus-suber-korkeiche\/#breadcrumb","itemListElement":[{"@type":"ListItem","position":1,"name":"Home","item":"https:\/\/xedoo.com\/de\/"},{"@type":"ListItem","position":2,"name":"Mediterrane Baumschule, G\u00e4rtnerei M\u00e1laga, Spanien &#8211; Xedoo.com","item":"https:\/\/xedoo.com\/de\/"},{"@type":"ListItem","position":3,"name":"Quercus Suber (Korkeiche)"}]},{"@type":"WebSite","@id":"https:\/\/xedoo.com\/de\/#website","url":"https:\/\/xedoo.com\/de\/","name":"Xedoo.com","description":"","publisher":{"@id":"https:\/\/xedoo.com\/de\/#organization"},"potentialAction":[{"@type":"SearchAction","target":{"@type":"EntryPoint","urlTemplate":"https:\/\/xedoo.com\/de\/?s={search_term_string}"},"query-input":"required name=search_term_string"}],"inLanguage":"de"},{"@type":"Organization","@id":"https:\/\/xedoo.com\/de\/#organization","name":"Xedoo","url":"https:\/\/xedoo.com\/de\/","logo":{"@type":"ImageObject","inLanguage":"de","@id":"https:\/\/xedoo.com\/de\/#\/schema\/logo\/image\/","url":"https:\/\/xedoo.com\/wp-content\/uploads\/2021\/12\/cropped-cropped-logo-new.jpg","contentUrl":"https:\/\/xedoo.com\/wp-content\/uploads\/2021\/12\/cropped-cropped-logo-new.jpg","width":240,"height":84,"caption":"Xedoo"},"image":{"@id":"https:\/\/xedoo.com\/de\/#\/schema\/logo\/image\/"}}]}},"_links":{"self":[{"href":"https:\/\/xedoo.com\/de\/wp-json\/wp\/v2\/product\/1401"}],"collection":[{"href":"https:\/\/xedoo.com\/de\/wp-json\/wp\/v2\/product"}],"about":[{"href":"https:\/\/xedoo.com\/de\/wp-json\/wp\/v2\/types\/product"}],"wp:featuredmedia":[{"embeddable":true,"href":"https:\/\/xedoo.com\/de\/wp-json\/wp\/v2\/media\/1398"}],"wp:attachment":[{"href":"https:\/\/xedoo.com\/de\/wp-json\/wp\/v2\/media?parent=1401"}],"wp:term":[{"taxonomy":"product_brand","embeddable":true,"href":"https:\/\/xedoo.com\/de\/wp-json\/wp\/v2\/product_brand?post=1401"},{"taxonomy":"product_cat","embeddable":true,"href":"https:\/\/xedoo.com\/de\/wp-json\/wp\/v2\/product_cat?post=1401"},{"taxonomy":"product_tag","embeddable":true,"href":"https:\/\/xedoo.com\/de\/wp-json\/wp\/v2\/product_tag?post=1401"},{"taxonomy":"woo-feed-brand","embeddable":true,"href":"https:\/\/xedoo.com\/de\/wp-json\/wp\/v2\/woo-feed-brand?post=1401"}],"curies":[{"name":"wp","href":"https:\/\/api.w.org\/{rel}","templated":true}]}}