{"id":1484,"date":"2021-11-27T10:28:40","date_gmt":"2022-04-06T03:20:50","guid":{"rendered":"https:\/\/xedoo.com\/?post_type=product&#038;p=1484"},"modified":"2024-09-08T11:39:01","modified_gmt":"2024-09-08T09:39:01","slug":"pinus-parviflora-japanische-maedchenkiefer-kaufen","status":"publish","type":"product","link":"https:\/\/xedoo.com\/de\/produkt\/pinus-parviflora-japanische-maedchenkiefer-kaufen\/","title":{"rendered":"Pinus Parviflora Negishi, Japanische M\u00e4dchenkiefer"},"content":{"rendered":"<p>Die japanische M\u00e4dchenkiefer (Pinus parviflora oder Pinus pentaphylla) geh\u00f6rt zur Gattung der Kiefern (Pinus) und stammt aus Japan. Unter optimalen Bedingungen kann sie in ihrer Wildform eine H\u00f6he von bis zu 25 Metern erreichen. Die Sorten Glauca und Negishi sind Zwergformen, wachsen sehr langsam und sind daher f\u00fcr die Bonsaigestaltung besser geeignet. Pinus parviflora ist wegen ihres knorrigen Aussehens und ihrer feinen, dichten, blaugr\u00fcnen Nadeln eine der beliebtesten Bonsaipflanzen. Der Baum ist auch in Parks und \u00f6ffentlichen G\u00e4rten als Solit\u00e4rpflanze oder in kleineren Gruppen beliebt. Die japanische M\u00e4dchenkiefer ist nicht so robust wie andere Kiefern, weshalb sie oft auf Pinus Thunbergii oder Pinus Strobus veredelt wird.<\/p>\n<p>Herkunft: Japan<br \/>\nSorten: Pinus Parviflora Negishi<br \/>\nWuchsh\u00f6he: bis zu 5 Meter<br \/>\nEmpfindlich gegen K\u00e4lte: Nein<br \/>\nHitzeempfindlich: Nein<br \/>\nWindempfindlich: Nein<br \/>\nAls Bonsai geeignet: Ja<br \/>\nVerf\u00fcgbare Gr\u00f6\u00dfen: Jungpflanzen und gr\u00f6\u00dfere B\u00e4ume von 10-125cm<\/p>\n","protected":false},"excerpt":{"rendered":"<p>Japanische M\u00e4dchenkiefer kaufen, Pinus parviflora, Pinus pentaphylla, verschiedene Gr\u00f6\u00dfen zur Verf\u00fcgung: Bonsai, S\u00e4mlinge, junge Pflanzen und gro\u00dfe Pflanzen f\u00fcr den Garten.<\/p>\n","protected":false},"featured_media":1306,"template":"","meta":[],"product_brand":[],"product_cat":[111,107],"product_tag":[],"woo-feed-brand":[],"class_list":{"0":"post-1484","1":"product","2":"type-product","3":"status-publish","4":"has-post-thumbnail","6":"product_cat-gartenpflanzen","7":"product_cat-pinus-kiefern","9":"first","10":"outofstock","11":"featured","12":"shipping-taxable","13":"purchasable","14":"product-type-variable","15":"prodpage-classic"},"yoast_head":"<!-- This site is optimized with the Yoast SEO Premium plugin v22.0 (Yoast SEO v22.7) - https:\/\/yoast.com\/wordpress\/plugins\/seo\/ -->\n<title>Pinus Parviflora Negishi, Japanische M\u00e4dchenkiefer kaufen<\/title>\n<meta name=\"description\" content=\"Verkauf von japanischen M\u00e4dchenkiefern, Pinus parviflora in verschiedenen Gr\u00f6\u00dfen f\u00fcr den Garten und zum Anlegen von Bonsais\ufe0f ab.\" \/>\n<meta name=\"robots\" content=\"index, follow, max-snippet:-1, max-image-preview:large, max-video-preview:-1\" \/>\n<link rel=\"canonical\" href=\"https:\/\/xedoo.com\/de\/produkt\/pinus-parviflora-japanische-maedchenkiefer-kaufen\/\" \/>\n<meta name=\"twitter:label1\" content=\"Gesch\u00e4tzte Lesezeit\" \/>\n\t<meta name=\"twitter:data1\" content=\"1\u00a0Minute\" \/>\n<script type=\"application\/ld+json\" class=\"yoast-schema-graph\">{\"@context\":\"https:\/\/schema.org\",\"@graph\":[{\"@type\":\"WebPage\",\"@id\":\"https:\/\/xedoo.com\/de\/produkt\/pinus-parviflora-japanische-maedchenkiefer-kaufen\/\",\"url\":\"https:\/\/xedoo.com\/de\/produkt\/pinus-parviflora-japanische-maedchenkiefer-kaufen\/\",\"name\":\"Pinus Parviflora Negishi, Japanische M\u00e4dchenkiefer kaufen\",\"isPartOf\":{\"@id\":\"https:\/\/xedoo.com\/de\/#website\"},\"primaryImageOfPage\":{\"@id\":\"https:\/\/xedoo.com\/de\/produkt\/pinus-parviflora-japanische-maedchenkiefer-kaufen\/#primaryimage\"},\"image\":{\"@id\":\"https:\/\/xedoo.com\/de\/produkt\/pinus-parviflora-japanische-maedchenkiefer-kaufen\/#primaryimage\"},\"thumbnailUrl\":\"https:\/\/xedoo.com\/wp-content\/uploads\/2021\/11\/pinus-parviflora-negishi.jpg\",\"datePublished\":\"2022-04-06T03:20:50+00:00\",\"dateModified\":\"2024-09-08T09:39:01+00:00\",\"description\":\"Verkauf von japanischen M\u00e4dchenkiefern, Pinus parviflora in verschiedenen Gr\u00f6\u00dfen f\u00fcr den Garten und zum Anlegen von Bonsais\ufe0f ab.\",\"breadcrumb\":{\"@id\":\"https:\/\/xedoo.com\/de\/produkt\/pinus-parviflora-japanische-maedchenkiefer-kaufen\/#breadcrumb\"},\"inLanguage\":\"de\",\"potentialAction\":[{\"@type\":\"ReadAction\",\"target\":[\"https:\/\/xedoo.com\/de\/produkt\/pinus-parviflora-japanische-maedchenkiefer-kaufen\/\"]}]},{\"@type\":\"ImageObject\",\"inLanguage\":\"de\",\"@id\":\"https:\/\/xedoo.com\/de\/produkt\/pinus-parviflora-japanische-maedchenkiefer-kaufen\/#primaryimage\",\"url\":\"https:\/\/xedoo.com\/wp-content\/uploads\/2021\/11\/pinus-parviflora-negishi.jpg\",\"contentUrl\":\"https:\/\/xedoo.com\/wp-content\/uploads\/2021\/11\/pinus-parviflora-negishi.jpg\",\"width\":2500,\"height\":1667,\"caption\":\"pinus-parviflora-negishi\"},{\"@type\":\"BreadcrumbList\",\"@id\":\"https:\/\/xedoo.com\/de\/produkt\/pinus-parviflora-japanische-maedchenkiefer-kaufen\/#breadcrumb\",\"itemListElement\":[{\"@type\":\"ListItem\",\"position\":1,\"name\":\"Home\",\"item\":\"https:\/\/xedoo.com\/de\/\"},{\"@type\":\"ListItem\",\"position\":2,\"name\":\"Mediterrane Baumschule, G\u00e4rtnerei M\u00e1laga, Spanien &#8211; Xedoo.com\",\"item\":\"https:\/\/xedoo.com\/de\/\"},{\"@type\":\"ListItem\",\"position\":3,\"name\":\"Pinus Parviflora Negishi, Japanische M\u00e4dchenkiefer\"}]},{\"@type\":\"WebSite\",\"@id\":\"https:\/\/xedoo.com\/de\/#website\",\"url\":\"https:\/\/xedoo.com\/de\/\",\"name\":\"Xedoo.com\",\"description\":\"\",\"publisher\":{\"@id\":\"https:\/\/xedoo.com\/de\/#organization\"},\"potentialAction\":[{\"@type\":\"SearchAction\",\"target\":{\"@type\":\"EntryPoint\",\"urlTemplate\":\"https:\/\/xedoo.com\/de\/?s={search_term_string}\"},\"query-input\":\"required name=search_term_string\"}],\"inLanguage\":\"de\"},{\"@type\":\"Organization\",\"@id\":\"https:\/\/xedoo.com\/de\/#organization\",\"name\":\"Xedoo\",\"url\":\"https:\/\/xedoo.com\/de\/\",\"logo\":{\"@type\":\"ImageObject\",\"inLanguage\":\"de\",\"@id\":\"https:\/\/xedoo.com\/de\/#\/schema\/logo\/image\/\",\"url\":\"https:\/\/xedoo.com\/wp-content\/uploads\/2021\/12\/cropped-cropped-logo-new.jpg\",\"contentUrl\":\"https:\/\/xedoo.com\/wp-content\/uploads\/2021\/12\/cropped-cropped-logo-new.jpg\",\"width\":240,\"height\":84,\"caption\":\"Xedoo\"},\"image\":{\"@id\":\"https:\/\/xedoo.com\/de\/#\/schema\/logo\/image\/\"}}]}<\/script>\n<!-- \/ Yoast SEO Premium plugin. -->","yoast_head_json":{"title":"Pinus Parviflora Negishi, Japanische M\u00e4dchenkiefer kaufen","description":"Verkauf von japanischen M\u00e4dchenkiefern, Pinus parviflora in verschiedenen Gr\u00f6\u00dfen f\u00fcr den Garten und zum Anlegen von Bonsais\ufe0f ab.","robots":{"index":"index","follow":"follow","max-snippet":"max-snippet:-1","max-image-preview":"max-image-preview:large","max-video-preview":"max-video-preview:-1"},"canonical":"https:\/\/xedoo.com\/de\/produkt\/pinus-parviflora-japanische-maedchenkiefer-kaufen\/","twitter_misc":{"Gesch\u00e4tzte Lesezeit":"1\u00a0Minute"},"schema":{"@context":"https:\/\/schema.org","@graph":[{"@type":"WebPage","@id":"https:\/\/xedoo.com\/de\/produkt\/pinus-parviflora-japanische-maedchenkiefer-kaufen\/","url":"https:\/\/xedoo.com\/de\/produkt\/pinus-parviflora-japanische-maedchenkiefer-kaufen\/","name":"Pinus Parviflora Negishi, Japanische M\u00e4dchenkiefer kaufen","isPartOf":{"@id":"https:\/\/xedoo.com\/de\/#website"},"primaryImageOfPage":{"@id":"https:\/\/xedoo.com\/de\/produkt\/pinus-parviflora-japanische-maedchenkiefer-kaufen\/#primaryimage"},"image":{"@id":"https:\/\/xedoo.com\/de\/produkt\/pinus-parviflora-japanische-maedchenkiefer-kaufen\/#primaryimage"},"thumbnailUrl":"https:\/\/xedoo.com\/wp-content\/uploads\/2021\/11\/pinus-parviflora-negishi.jpg","datePublished":"2022-04-06T03:20:50+00:00","dateModified":"2024-09-08T09:39:01+00:00","description":"Verkauf von japanischen M\u00e4dchenkiefern, Pinus parviflora in verschiedenen Gr\u00f6\u00dfen f\u00fcr den Garten und zum Anlegen von Bonsais\ufe0f ab.","breadcrumb":{"@id":"https:\/\/xedoo.com\/de\/produkt\/pinus-parviflora-japanische-maedchenkiefer-kaufen\/#breadcrumb"},"inLanguage":"de","potentialAction":[{"@type":"ReadAction","target":["https:\/\/xedoo.com\/de\/produkt\/pinus-parviflora-japanische-maedchenkiefer-kaufen\/"]}]},{"@type":"ImageObject","inLanguage":"de","@id":"https:\/\/xedoo.com\/de\/produkt\/pinus-parviflora-japanische-maedchenkiefer-kaufen\/#primaryimage","url":"https:\/\/xedoo.com\/wp-content\/uploads\/2021\/11\/pinus-parviflora-negishi.jpg","contentUrl":"https:\/\/xedoo.com\/wp-content\/uploads\/2021\/11\/pinus-parviflora-negishi.jpg","width":2500,"height":1667,"caption":"pinus-parviflora-negishi"},{"@type":"BreadcrumbList","@id":"https:\/\/xedoo.com\/de\/produkt\/pinus-parviflora-japanische-maedchenkiefer-kaufen\/#breadcrumb","itemListElement":[{"@type":"ListItem","position":1,"name":"Home","item":"https:\/\/xedoo.com\/de\/"},{"@type":"ListItem","position":2,"name":"Mediterrane Baumschule, G\u00e4rtnerei M\u00e1laga, Spanien &#8211; Xedoo.com","item":"https:\/\/xedoo.com\/de\/"},{"@type":"ListItem","position":3,"name":"Pinus Parviflora Negishi, Japanische M\u00e4dchenkiefer"}]},{"@type":"WebSite","@id":"https:\/\/xedoo.com\/de\/#website","url":"https:\/\/xedoo.com\/de\/","name":"Xedoo.com","description":"","publisher":{"@id":"https:\/\/xedoo.com\/de\/#organization"},"potentialAction":[{"@type":"SearchAction","target":{"@type":"EntryPoint","urlTemplate":"https:\/\/xedoo.com\/de\/?s={search_term_string}"},"query-input":"required name=search_term_string"}],"inLanguage":"de"},{"@type":"Organization","@id":"https:\/\/xedoo.com\/de\/#organization","name":"Xedoo","url":"https:\/\/xedoo.com\/de\/","logo":{"@type":"ImageObject","inLanguage":"de","@id":"https:\/\/xedoo.com\/de\/#\/schema\/logo\/image\/","url":"https:\/\/xedoo.com\/wp-content\/uploads\/2021\/12\/cropped-cropped-logo-new.jpg","contentUrl":"https:\/\/xedoo.com\/wp-content\/uploads\/2021\/12\/cropped-cropped-logo-new.jpg","width":240,"height":84,"caption":"Xedoo"},"image":{"@id":"https:\/\/xedoo.com\/de\/#\/schema\/logo\/image\/"}}]}},"_links":{"self":[{"href":"https:\/\/xedoo.com\/de\/wp-json\/wp\/v2\/product\/1484"}],"collection":[{"href":"https:\/\/xedoo.com\/de\/wp-json\/wp\/v2\/product"}],"about":[{"href":"https:\/\/xedoo.com\/de\/wp-json\/wp\/v2\/types\/product"}],"wp:featuredmedia":[{"embeddable":true,"href":"https:\/\/xedoo.com\/de\/wp-json\/wp\/v2\/media\/1306"}],"wp:attachment":[{"href":"https:\/\/xedoo.com\/de\/wp-json\/wp\/v2\/media?parent=1484"}],"wp:term":[{"taxonomy":"product_brand","embeddable":true,"href":"https:\/\/xedoo.com\/de\/wp-json\/wp\/v2\/product_brand?post=1484"},{"taxonomy":"product_cat","embeddable":true,"href":"https:\/\/xedoo.com\/de\/wp-json\/wp\/v2\/product_cat?post=1484"},{"taxonomy":"product_tag","embeddable":true,"href":"https:\/\/xedoo.com\/de\/wp-json\/wp\/v2\/product_tag?post=1484"},{"taxonomy":"woo-feed-brand","embeddable":true,"href":"https:\/\/xedoo.com\/de\/wp-json\/wp\/v2\/woo-feed-brand?post=1484"}],"curies":[{"name":"wp","href":"https:\/\/api.w.org\/{rel}","templated":true}]}}