{"id":1575,"date":"2022-04-25T17:00:06","date_gmt":"2022-04-26T19:34:55","guid":{"rendered":"https:\/\/xedoo.com\/?post_type=product&#038;p=1575"},"modified":"2022-04-26T21:36:30","modified_gmt":"2022-04-26T19:36:30","slug":"pinus-parviflora-bonsai-maedchenkiefer","status":"publish","type":"product","link":"https:\/\/xedoo.com\/de\/produkt\/pinus-parviflora-bonsai-maedchenkiefer\/","title":{"rendered":"Pinus Parviflora Bonsai (M\u00e4dchenkiefer)"},"content":{"rendered":"<p>Wissenschaftlicher Name: Pinus parviflora, Pinus pentaphylla<br \/>\nGebr\u00e4uchlicher Name: M\u00e4dchenkiefer, Japanische Wei\u00dfkiefer<br \/>\nHerkunft: Japan<br \/>\nWuchsh\u00f6he: bis zu 1 Meter<br \/>\nEmpfindlich gegen K\u00e4lte: Nein<br \/>\nHitzeempfindlich: Nein<br \/>\nWindempfindlich: Nein<br \/>\nAlter: 15 Jahre<br \/>\nH\u00f6he ohne Topf: 32 cm<br \/>\nBreite: 40 cm<br \/>\nNebari: 6 cm<br \/>\nReferenznummer: 202204251656<\/p>\n","protected":false},"excerpt":{"rendered":"<p>Wissenschaftlicher Name: Pinus parviflora, Pinus pentaphylla Gebr\u00e4uchlicher Name: M\u00e4dchenkiefer, Japanische Wei\u00dfkiefer Herkunft: Japan Wuchsh\u00f6he: bis zu 1 Meter Empfindlich gegen K\u00e4lte: Nein Hitzeempfindlich: Nein Windempfindlich: Nein Alter: 15 Jahre H\u00f6he ohne Topf: 32 cm Breite: 40 cm Nebari: 6 cm Referenznummer: 202204251656<\/p>\n","protected":false},"featured_media":1568,"template":"","meta":[],"product_brand":[],"product_cat":[107],"product_tag":[],"woo-feed-brand":[],"class_list":{"0":"post-1575","1":"product","2":"type-product","3":"status-publish","4":"has-post-thumbnail","6":"product_cat-pinus-kiefern","8":"first","9":"outofstock","10":"sold-individually","11":"shipping-taxable","12":"purchasable","13":"product-type-simple","14":"prodpage-classic"},"yoast_head":"<!-- This site is optimized with the Yoast SEO Premium plugin v22.0 (Yoast SEO v22.7) - https:\/\/yoast.com\/wordpress\/plugins\/seo\/ -->\n<title>Pinus Parviflora Bonsai (M\u00e4dchenkiefer)<\/title>\n<meta name=\"description\" content=\"25. April 2022 - Wissenschaftlicher Name: Pinus parviflora, Pinus pentaphylla Gebr\u00e4uchlicher Name: M\u00e4dchenkiefer, Japanische Wei\u00dfkiefer Herkunft: Japan Wuchsh\u00f6he: bis zu 1\" \/>\n<meta name=\"robots\" content=\"index, follow, max-snippet:-1, max-image-preview:large, max-video-preview:-1\" \/>\n<link rel=\"canonical\" href=\"https:\/\/xedoo.com\/de\/produkt\/pinus-parviflora-bonsai-maedchenkiefer\/\" \/>\n<script type=\"application\/ld+json\" class=\"yoast-schema-graph\">{\"@context\":\"https:\/\/schema.org\",\"@graph\":[{\"@type\":\"WebPage\",\"@id\":\"https:\/\/xedoo.com\/de\/produkt\/pinus-parviflora-bonsai-maedchenkiefer\/\",\"url\":\"https:\/\/xedoo.com\/de\/produkt\/pinus-parviflora-bonsai-maedchenkiefer\/\",\"name\":\"Pinus Parviflora Bonsai (M\u00e4dchenkiefer)\",\"isPartOf\":{\"@id\":\"https:\/\/xedoo.com\/de\/#website\"},\"primaryImageOfPage\":{\"@id\":\"https:\/\/xedoo.com\/de\/produkt\/pinus-parviflora-bonsai-maedchenkiefer\/#primaryimage\"},\"image\":{\"@id\":\"https:\/\/xedoo.com\/de\/produkt\/pinus-parviflora-bonsai-maedchenkiefer\/#primaryimage\"},\"thumbnailUrl\":\"https:\/\/xedoo.com\/wp-content\/uploads\/2022\/04\/pinus-parviflora-bonsai-4.jpg\",\"datePublished\":\"2022-04-26T19:34:55+00:00\",\"dateModified\":\"2022-04-26T19:36:30+00:00\",\"description\":\"25. April 2022 - Wissenschaftlicher Name: Pinus parviflora, Pinus pentaphylla Gebr\u00e4uchlicher Name: M\u00e4dchenkiefer, Japanische Wei\u00dfkiefer Herkunft: Japan Wuchsh\u00f6he: bis zu 1\",\"breadcrumb\":{\"@id\":\"https:\/\/xedoo.com\/de\/produkt\/pinus-parviflora-bonsai-maedchenkiefer\/#breadcrumb\"},\"inLanguage\":\"de\",\"potentialAction\":[{\"@type\":\"ReadAction\",\"target\":[\"https:\/\/xedoo.com\/de\/produkt\/pinus-parviflora-bonsai-maedchenkiefer\/\"]}]},{\"@type\":\"ImageObject\",\"inLanguage\":\"de\",\"@id\":\"https:\/\/xedoo.com\/de\/produkt\/pinus-parviflora-bonsai-maedchenkiefer\/#primaryimage\",\"url\":\"https:\/\/xedoo.com\/wp-content\/uploads\/2022\/04\/pinus-parviflora-bonsai-4.jpg\",\"contentUrl\":\"https:\/\/xedoo.com\/wp-content\/uploads\/2022\/04\/pinus-parviflora-bonsai-4.jpg\",\"width\":2500,\"height\":2316,\"caption\":\"pinus-parviflora-bonsai\"},{\"@type\":\"BreadcrumbList\",\"@id\":\"https:\/\/xedoo.com\/de\/produkt\/pinus-parviflora-bonsai-maedchenkiefer\/#breadcrumb\",\"itemListElement\":[{\"@type\":\"ListItem\",\"position\":1,\"name\":\"Home\",\"item\":\"https:\/\/xedoo.com\/de\/\"},{\"@type\":\"ListItem\",\"position\":2,\"name\":\"Mediterrane Baumschule, G\u00e4rtnerei M\u00e1laga, Spanien &#8211; Xedoo.com\",\"item\":\"https:\/\/xedoo.com\/de\/\"},{\"@type\":\"ListItem\",\"position\":3,\"name\":\"Pinus Parviflora Bonsai (M\u00e4dchenkiefer)\"}]},{\"@type\":\"WebSite\",\"@id\":\"https:\/\/xedoo.com\/de\/#website\",\"url\":\"https:\/\/xedoo.com\/de\/\",\"name\":\"Xedoo.com\",\"description\":\"\",\"publisher\":{\"@id\":\"https:\/\/xedoo.com\/de\/#organization\"},\"potentialAction\":[{\"@type\":\"SearchAction\",\"target\":{\"@type\":\"EntryPoint\",\"urlTemplate\":\"https:\/\/xedoo.com\/de\/?s={search_term_string}\"},\"query-input\":\"required name=search_term_string\"}],\"inLanguage\":\"de\"},{\"@type\":\"Organization\",\"@id\":\"https:\/\/xedoo.com\/de\/#organization\",\"name\":\"Xedoo\",\"url\":\"https:\/\/xedoo.com\/de\/\",\"logo\":{\"@type\":\"ImageObject\",\"inLanguage\":\"de\",\"@id\":\"https:\/\/xedoo.com\/de\/#\/schema\/logo\/image\/\",\"url\":\"https:\/\/xedoo.com\/wp-content\/uploads\/2021\/12\/cropped-cropped-logo-new.jpg\",\"contentUrl\":\"https:\/\/xedoo.com\/wp-content\/uploads\/2021\/12\/cropped-cropped-logo-new.jpg\",\"width\":240,\"height\":84,\"caption\":\"Xedoo\"},\"image\":{\"@id\":\"https:\/\/xedoo.com\/de\/#\/schema\/logo\/image\/\"}}]}<\/script>\n<!-- \/ Yoast SEO Premium plugin. -->","yoast_head_json":{"title":"Pinus Parviflora Bonsai (M\u00e4dchenkiefer)","description":"25. April 2022 - Wissenschaftlicher Name: Pinus parviflora, Pinus pentaphylla Gebr\u00e4uchlicher Name: M\u00e4dchenkiefer, Japanische Wei\u00dfkiefer Herkunft: Japan Wuchsh\u00f6he: bis zu 1","robots":{"index":"index","follow":"follow","max-snippet":"max-snippet:-1","max-image-preview":"max-image-preview:large","max-video-preview":"max-video-preview:-1"},"canonical":"https:\/\/xedoo.com\/de\/produkt\/pinus-parviflora-bonsai-maedchenkiefer\/","schema":{"@context":"https:\/\/schema.org","@graph":[{"@type":"WebPage","@id":"https:\/\/xedoo.com\/de\/produkt\/pinus-parviflora-bonsai-maedchenkiefer\/","url":"https:\/\/xedoo.com\/de\/produkt\/pinus-parviflora-bonsai-maedchenkiefer\/","name":"Pinus Parviflora Bonsai (M\u00e4dchenkiefer)","isPartOf":{"@id":"https:\/\/xedoo.com\/de\/#website"},"primaryImageOfPage":{"@id":"https:\/\/xedoo.com\/de\/produkt\/pinus-parviflora-bonsai-maedchenkiefer\/#primaryimage"},"image":{"@id":"https:\/\/xedoo.com\/de\/produkt\/pinus-parviflora-bonsai-maedchenkiefer\/#primaryimage"},"thumbnailUrl":"https:\/\/xedoo.com\/wp-content\/uploads\/2022\/04\/pinus-parviflora-bonsai-4.jpg","datePublished":"2022-04-26T19:34:55+00:00","dateModified":"2022-04-26T19:36:30+00:00","description":"25. April 2022 - Wissenschaftlicher Name: Pinus parviflora, Pinus pentaphylla Gebr\u00e4uchlicher Name: M\u00e4dchenkiefer, Japanische Wei\u00dfkiefer Herkunft: Japan Wuchsh\u00f6he: bis zu 1","breadcrumb":{"@id":"https:\/\/xedoo.com\/de\/produkt\/pinus-parviflora-bonsai-maedchenkiefer\/#breadcrumb"},"inLanguage":"de","potentialAction":[{"@type":"ReadAction","target":["https:\/\/xedoo.com\/de\/produkt\/pinus-parviflora-bonsai-maedchenkiefer\/"]}]},{"@type":"ImageObject","inLanguage":"de","@id":"https:\/\/xedoo.com\/de\/produkt\/pinus-parviflora-bonsai-maedchenkiefer\/#primaryimage","url":"https:\/\/xedoo.com\/wp-content\/uploads\/2022\/04\/pinus-parviflora-bonsai-4.jpg","contentUrl":"https:\/\/xedoo.com\/wp-content\/uploads\/2022\/04\/pinus-parviflora-bonsai-4.jpg","width":2500,"height":2316,"caption":"pinus-parviflora-bonsai"},{"@type":"BreadcrumbList","@id":"https:\/\/xedoo.com\/de\/produkt\/pinus-parviflora-bonsai-maedchenkiefer\/#breadcrumb","itemListElement":[{"@type":"ListItem","position":1,"name":"Home","item":"https:\/\/xedoo.com\/de\/"},{"@type":"ListItem","position":2,"name":"Mediterrane Baumschule, G\u00e4rtnerei M\u00e1laga, Spanien &#8211; Xedoo.com","item":"https:\/\/xedoo.com\/de\/"},{"@type":"ListItem","position":3,"name":"Pinus Parviflora Bonsai (M\u00e4dchenkiefer)"}]},{"@type":"WebSite","@id":"https:\/\/xedoo.com\/de\/#website","url":"https:\/\/xedoo.com\/de\/","name":"Xedoo.com","description":"","publisher":{"@id":"https:\/\/xedoo.com\/de\/#organization"},"potentialAction":[{"@type":"SearchAction","target":{"@type":"EntryPoint","urlTemplate":"https:\/\/xedoo.com\/de\/?s={search_term_string}"},"query-input":"required name=search_term_string"}],"inLanguage":"de"},{"@type":"Organization","@id":"https:\/\/xedoo.com\/de\/#organization","name":"Xedoo","url":"https:\/\/xedoo.com\/de\/","logo":{"@type":"ImageObject","inLanguage":"de","@id":"https:\/\/xedoo.com\/de\/#\/schema\/logo\/image\/","url":"https:\/\/xedoo.com\/wp-content\/uploads\/2021\/12\/cropped-cropped-logo-new.jpg","contentUrl":"https:\/\/xedoo.com\/wp-content\/uploads\/2021\/12\/cropped-cropped-logo-new.jpg","width":240,"height":84,"caption":"Xedoo"},"image":{"@id":"https:\/\/xedoo.com\/de\/#\/schema\/logo\/image\/"}}]}},"_links":{"self":[{"href":"https:\/\/xedoo.com\/de\/wp-json\/wp\/v2\/product\/1575"}],"collection":[{"href":"https:\/\/xedoo.com\/de\/wp-json\/wp\/v2\/product"}],"about":[{"href":"https:\/\/xedoo.com\/de\/wp-json\/wp\/v2\/types\/product"}],"wp:featuredmedia":[{"embeddable":true,"href":"https:\/\/xedoo.com\/de\/wp-json\/wp\/v2\/media\/1568"}],"wp:attachment":[{"href":"https:\/\/xedoo.com\/de\/wp-json\/wp\/v2\/media?parent=1575"}],"wp:term":[{"taxonomy":"product_brand","embeddable":true,"href":"https:\/\/xedoo.com\/de\/wp-json\/wp\/v2\/product_brand?post=1575"},{"taxonomy":"product_cat","embeddable":true,"href":"https:\/\/xedoo.com\/de\/wp-json\/wp\/v2\/product_cat?post=1575"},{"taxonomy":"product_tag","embeddable":true,"href":"https:\/\/xedoo.com\/de\/wp-json\/wp\/v2\/product_tag?post=1575"},{"taxonomy":"woo-feed-brand","embeddable":true,"href":"https:\/\/xedoo.com\/de\/wp-json\/wp\/v2\/woo-feed-brand?post=1575"}],"curies":[{"name":"wp","href":"https:\/\/api.w.org\/{rel}","templated":true}]}}