{"id":1633,"date":"2022-06-02T07:03:37","date_gmt":"2022-06-02T05:03:37","guid":{"rendered":"https:\/\/xedoo.com\/?post_type=product&#038;p=1633"},"modified":"2026-04-15T13:24:45","modified_gmt":"2026-04-15T11:24:45","slug":"moringa-baum-kaufen-meerrettichbaum","status":"publish","type":"product","link":"https:\/\/xedoo.com\/de\/produkt\/moringa-baum-kaufen-meerrettichbaum\/","title":{"rendered":"Moringa Baum (Meerrettichbaum)"},"content":{"rendered":"<p>Der Moringa Baum (Moringa Oleifera), Wunderbaum oder Meerrettichbaum stammt urspr\u00fcnglich aus Indien, wird jedoch heutzutage aufgrund seiner medizinischen Bedeutung in vielen tropischen L\u00e4ndern angebaut. Der Baum w\u00e4chst sehr schnell und kann bereits im ersten Jahr unter optimalen Voraussetzungen eine H\u00f6he von bis zu 3 Meter erreichen. Bereits nach 2 Jahren kann er eine Gesamth\u00f6he von 8 bis 10 Meter erreichen.<\/p>\n<p>Moringa gilt als ausgesprochen anspruchslos und ist sehr hitzevertr\u00e4glich, als tropische Pflanze ist sie jedoch empfindlich gegen\u00fcber K\u00e4lte und Staun\u00e4sse. Aus diesem Grund wird sie in Mittel- und Nordeuropa fast ausschliesslich als Zimmerpflanze gehalten. Wer \u00fcber ein beheiztes Gew\u00e4chshaus verf\u00fcgt, kann sie jedoch auch dort kultivieren.<\/p>\n<p>Moringa B\u00e4ume gelten in Indien seit Jahrhunderten als Wunderwaffen gegen verschiedene Krankheiten. Aufgrund der n\u00fctzlichen, medizinischen Eigenschaften wird die Pflanze auch oft als auch \u201eWunderbaum\u201c bezeichnet.<\/p>\n<p>Fast jeder Teil des Moringabaums ist essbar und kann in verschiedenen Formen verzehrt werden. Hier sind die verschiedenen essbaren Teile der Moringa-Pflanze:<\/p>\n<p><strong>Bl\u00e4tter:<\/strong> Moringa-Bl\u00e4tter sind einer der n\u00e4hrstoffreichsten Teile der Pflanze. Sie sind reich an Vitaminen (wie Vitamin C, Vitamin A und Vitamin K), Mineralien (wie Eisen, Kalzium und Magnesium) und Antioxidantien. Moringabl\u00e4tter k\u00f6nnen frisch in Salaten, Suppen, Eint\u00f6pfen und Currys verwendet werden. Sie k\u00f6nnen auch getrocknet und zu Pulver gemahlen werden, um sie als Nahrungserg\u00e4nzungsmittel zu verwenden oder Smoothies hinzuzuf\u00fcgen.<\/p>\n<p><strong>Schoten (Trommelst\u00f6cke):<\/strong> Die langen, schlanken Schoten des Moringabaums werden allgemein als Trommelst\u00f6cke bezeichnet. Sie werden h\u00e4ufig in verschiedenen kulinarischen Gerichten verwendet, insbesondere in der indischen K\u00fcche. Trommelst\u00f6cke k\u00f6nnen gekocht und zu Currys, Suppen und Eint\u00f6pfen hinzugef\u00fcgt werden. Beim Kochen werden sie weich und entwickeln einen milden, leicht s\u00fc\u00dflichen Geschmack.<\/p>\n<p><strong>Samen:<\/strong> Moringa-Samen sind in den Schoten eingeschlossen und ebenfalls essbar. Sie k\u00f6nnen aus den Schoten genommen, gereinigt und gekocht werden. Ger\u00f6stete Moringasamen werden \u00e4hnlich wie N\u00fcsse als Snack verzehrt. Sie k\u00f6nnen auch gepresst werden, um Moringa\u00f6l zu gewinnen, das zum Kochen und f\u00fcr kosmetische Zwecke verwendet wird.<\/p>\n<p><strong>Bl\u00fcten:<\/strong> Moringa-Bl\u00fcten sind essbar und werden oft in Salaten verwendet oder als Gem\u00fcse gekocht. Sie haben einen delikaten Geschmack und sind reich an N\u00e4hrstoffen. Aus den Bl\u00fcten k\u00f6nnen auch Tees und angereicherte \u00d6le hergestellt werden.<\/p>\n<p><strong>Wurzeln:<\/strong> Die Wurzeln des Moringabaums k\u00f6nnen ausgegraben und verzehrt werden. Sie haben einen Meerrettich-\u00e4hnlichen Geschmack, weshalb Moringa manchmal auch als \u201eMeerrettichbaum\u201c bezeichnet wird. Die Wurzeln werden typischerweise in der traditionellen Medizin verwendet und seltener als Nahrungsmittel verzehrt.<\/p>\n<p><strong>Rinde:<\/strong> Die innere Rinde des Moringa-Baums wird manchmal in der traditionellen Medizin verwendet, wird jedoch normalerweise nicht als Nahrungsmittel verzehrt.<\/p>\n<p>Es ist wichtig zu beachten, dass Moringa zwar sehr nahrhaft ist und zahlreiche potenzielle gesundheitliche Vorteile bietet, aber wie jedes andere Lebensmittel in Ma\u00dfen konsumiert werden sollte. Dar\u00fcber hinaus sollten Personen mit bestimmten Erkrankungen oder Personen, die Medikamente einnehmen, einen Arzt konsultieren, bevor sie Moringa zu ihrer Ern\u00e4hrung hinzuf\u00fcgen, insbesondere in gro\u00dfen Mengen oder in Form von Nahrungserg\u00e4nzungsmitteln.<\/p>\n<p>Angeboten werden hier Moringa Oleifera Samen, Setzlinge und Jungpflanzen in verschiedenen Gr\u00f6\u00dfen und Entwicklungsstadien. Die Pflanzen werden von uns selbst in S\u00fcdspanien angebaut und ohne jegliche Pestizide und chemische D\u00fcnger aufgezogen. Dies gew\u00e4hrt, da\u00df alle Produkte der Pflanze wie unsere Moringa Bl\u00e4tter und Moringa Samen absolut schadstofffrei sind und bedenkenlos konsumiert werden k\u00f6nnen.<\/p>\n<p><strong>Wichtig:<\/strong><\/p>\n<p>Die Moringa Pflanze vertr\u00e4gt den Lichtentzug, der beim Transport zwangsweise geschieht, nicht besonders gut. Aus diesem Grund werden Pflanzen f\u00fcr den Transport ins Ausland von uns entlaubt verschickt, d.h. s\u00e4mtliche Triebe und Bl\u00e4tter werden abgeschnitten. Der Baum schl\u00e4gt dann ca. 15 Tage nach Erhalt wieder neu aus, sofern es die Temperaturen erlauben.\u00a0Der Moringa Baum w\u00e4chst nur bei Temperaturen von mindestens 25 Grad Celsius und verliert seine Bl\u00e4tter nach Ablauf der Vegetationsperiode im Herbst.<\/p>\n<p>&nbsp;<\/p>\n<p>Wissenschaftlicher Name: Moringa Oleifera<br \/>\nDeutscher Name: Behenbaum, Behennussbaum, Kl\u00e4rmittelbaum, Meerrettichbaum, Moringa Baum, Pferderettichbaum, Trommelstockbaum, Wunderbaum<br \/>\nHerkunft: Indien<br \/>\nWuchsh\u00f6he: bis zu 10 Meter<br \/>\nEmpfindlich gegen K\u00e4lte: Ja<br \/>\nHitzeempfindlich: Nein<br \/>\nWindempfindlich: Nein<br \/>\nAls Bonsai geeignet: Ja<br \/>\nLieferform: Topf 9&#215;9 cm<\/p>\n","protected":false},"excerpt":{"rendered":"<p>Moringa Oleifera (Meerrettichbaum) Jungpflanzen in verschiedenen Gr\u00f6\u00dfen kaufen. Nur im Sommer verf\u00fcgbar.<\/p>\n<p>&nbsp;<\/p>\n<p>&nbsp;<\/p>\n","protected":false},"featured_media":1626,"template":"","meta":[],"product_brand":[],"product_cat":[111],"product_tag":[],"woo-feed-brand":[],"class_list":{"0":"post-1633","1":"product","2":"type-product","3":"status-publish","4":"has-post-thumbnail","6":"product_cat-gartenpflanzen","8":"first","9":"outofstock","10":"shipping-taxable","11":"purchasable","12":"product-type-variable","13":"has-default-attributes","14":"prodpage-classic"},"yoast_head":"<!-- This site is optimized with the Yoast SEO Premium plugin v22.0 (Yoast SEO v22.7) - https:\/\/yoast.com\/wordpress\/plugins\/seo\/ -->\n<title>Moringa Baum (Meerrettichbaum) kaufen<\/title>\n<meta name=\"description\" content=\"Moringa Oleifera Baum kaufen, H\u00f6he 30 - 120 cm. Der Moringa Baum ist eine Pflanze mit sehr n\u00fctzlichen, medizinischen Eigenschaften.\" \/>\n<meta name=\"robots\" content=\"index, follow, max-snippet:-1, max-image-preview:large, max-video-preview:-1\" \/>\n<link rel=\"canonical\" href=\"https:\/\/xedoo.com\/de\/produkt\/moringa-baum-kaufen-meerrettichbaum\/\" \/>\n<meta name=\"twitter:label1\" content=\"Gesch\u00e4tzte Lesezeit\" \/>\n\t<meta name=\"twitter:data1\" content=\"4\u00a0Minuten\" \/>\n<script type=\"application\/ld+json\" class=\"yoast-schema-graph\">{\"@context\":\"https:\/\/schema.org\",\"@graph\":[{\"@type\":\"WebPage\",\"@id\":\"https:\/\/xedoo.com\/de\/produkt\/moringa-baum-kaufen-meerrettichbaum\/\",\"url\":\"https:\/\/xedoo.com\/de\/produkt\/moringa-baum-kaufen-meerrettichbaum\/\",\"name\":\"Moringa Baum (Meerrettichbaum) kaufen\",\"isPartOf\":{\"@id\":\"https:\/\/xedoo.com\/de\/#website\"},\"primaryImageOfPage\":{\"@id\":\"https:\/\/xedoo.com\/de\/produkt\/moringa-baum-kaufen-meerrettichbaum\/#primaryimage\"},\"image\":{\"@id\":\"https:\/\/xedoo.com\/de\/produkt\/moringa-baum-kaufen-meerrettichbaum\/#primaryimage\"},\"thumbnailUrl\":\"https:\/\/xedoo.com\/wp-content\/uploads\/2022\/06\/moringa-olifeira-planta.jpg\",\"datePublished\":\"2022-06-02T05:03:37+00:00\",\"dateModified\":\"2026-04-15T11:24:45+00:00\",\"description\":\"Moringa Oleifera Baum kaufen, H\u00f6he 30 - 120 cm. Der Moringa Baum ist eine Pflanze mit sehr n\u00fctzlichen, medizinischen Eigenschaften.\",\"breadcrumb\":{\"@id\":\"https:\/\/xedoo.com\/de\/produkt\/moringa-baum-kaufen-meerrettichbaum\/#breadcrumb\"},\"inLanguage\":\"de\",\"potentialAction\":[{\"@type\":\"ReadAction\",\"target\":[\"https:\/\/xedoo.com\/de\/produkt\/moringa-baum-kaufen-meerrettichbaum\/\"]}]},{\"@type\":\"ImageObject\",\"inLanguage\":\"de\",\"@id\":\"https:\/\/xedoo.com\/de\/produkt\/moringa-baum-kaufen-meerrettichbaum\/#primaryimage\",\"url\":\"https:\/\/xedoo.com\/wp-content\/uploads\/2022\/06\/moringa-olifeira-planta.jpg\",\"contentUrl\":\"https:\/\/xedoo.com\/wp-content\/uploads\/2022\/06\/moringa-olifeira-planta.jpg\",\"width\":1000,\"height\":1333,\"caption\":\"moringa-oleifera-pflanze\"},{\"@type\":\"BreadcrumbList\",\"@id\":\"https:\/\/xedoo.com\/de\/produkt\/moringa-baum-kaufen-meerrettichbaum\/#breadcrumb\",\"itemListElement\":[{\"@type\":\"ListItem\",\"position\":1,\"name\":\"Home\",\"item\":\"https:\/\/xedoo.com\/de\/\"},{\"@type\":\"ListItem\",\"position\":2,\"name\":\"Mediterrane Baumschule, G\u00e4rtnerei M\u00e1laga, Spanien &#8211; Xedoo.com\",\"item\":\"https:\/\/xedoo.com\/de\/\"},{\"@type\":\"ListItem\",\"position\":3,\"name\":\"Moringa Baum (Meerrettichbaum)\"}]},{\"@type\":\"WebSite\",\"@id\":\"https:\/\/xedoo.com\/de\/#website\",\"url\":\"https:\/\/xedoo.com\/de\/\",\"name\":\"Xedoo.com\",\"description\":\"\",\"publisher\":{\"@id\":\"https:\/\/xedoo.com\/de\/#organization\"},\"potentialAction\":[{\"@type\":\"SearchAction\",\"target\":{\"@type\":\"EntryPoint\",\"urlTemplate\":\"https:\/\/xedoo.com\/de\/?s={search_term_string}\"},\"query-input\":\"required name=search_term_string\"}],\"inLanguage\":\"de\"},{\"@type\":\"Organization\",\"@id\":\"https:\/\/xedoo.com\/de\/#organization\",\"name\":\"Xedoo\",\"url\":\"https:\/\/xedoo.com\/de\/\",\"logo\":{\"@type\":\"ImageObject\",\"inLanguage\":\"de\",\"@id\":\"https:\/\/xedoo.com\/de\/#\/schema\/logo\/image\/\",\"url\":\"https:\/\/xedoo.com\/wp-content\/uploads\/2021\/12\/cropped-cropped-logo-new.jpg\",\"contentUrl\":\"https:\/\/xedoo.com\/wp-content\/uploads\/2021\/12\/cropped-cropped-logo-new.jpg\",\"width\":240,\"height\":84,\"caption\":\"Xedoo\"},\"image\":{\"@id\":\"https:\/\/xedoo.com\/de\/#\/schema\/logo\/image\/\"}}]}<\/script>\n<!-- \/ Yoast SEO Premium plugin. -->","yoast_head_json":{"title":"Moringa Baum (Meerrettichbaum) kaufen","description":"Moringa Oleifera Baum kaufen, H\u00f6he 30 - 120 cm. Der Moringa Baum ist eine Pflanze mit sehr n\u00fctzlichen, medizinischen Eigenschaften.","robots":{"index":"index","follow":"follow","max-snippet":"max-snippet:-1","max-image-preview":"max-image-preview:large","max-video-preview":"max-video-preview:-1"},"canonical":"https:\/\/xedoo.com\/de\/produkt\/moringa-baum-kaufen-meerrettichbaum\/","twitter_misc":{"Gesch\u00e4tzte Lesezeit":"4\u00a0Minuten"},"schema":{"@context":"https:\/\/schema.org","@graph":[{"@type":"WebPage","@id":"https:\/\/xedoo.com\/de\/produkt\/moringa-baum-kaufen-meerrettichbaum\/","url":"https:\/\/xedoo.com\/de\/produkt\/moringa-baum-kaufen-meerrettichbaum\/","name":"Moringa Baum (Meerrettichbaum) kaufen","isPartOf":{"@id":"https:\/\/xedoo.com\/de\/#website"},"primaryImageOfPage":{"@id":"https:\/\/xedoo.com\/de\/produkt\/moringa-baum-kaufen-meerrettichbaum\/#primaryimage"},"image":{"@id":"https:\/\/xedoo.com\/de\/produkt\/moringa-baum-kaufen-meerrettichbaum\/#primaryimage"},"thumbnailUrl":"https:\/\/xedoo.com\/wp-content\/uploads\/2022\/06\/moringa-olifeira-planta.jpg","datePublished":"2022-06-02T05:03:37+00:00","dateModified":"2026-04-15T11:24:45+00:00","description":"Moringa Oleifera Baum kaufen, H\u00f6he 30 - 120 cm. Der Moringa Baum ist eine Pflanze mit sehr n\u00fctzlichen, medizinischen Eigenschaften.","breadcrumb":{"@id":"https:\/\/xedoo.com\/de\/produkt\/moringa-baum-kaufen-meerrettichbaum\/#breadcrumb"},"inLanguage":"de","potentialAction":[{"@type":"ReadAction","target":["https:\/\/xedoo.com\/de\/produkt\/moringa-baum-kaufen-meerrettichbaum\/"]}]},{"@type":"ImageObject","inLanguage":"de","@id":"https:\/\/xedoo.com\/de\/produkt\/moringa-baum-kaufen-meerrettichbaum\/#primaryimage","url":"https:\/\/xedoo.com\/wp-content\/uploads\/2022\/06\/moringa-olifeira-planta.jpg","contentUrl":"https:\/\/xedoo.com\/wp-content\/uploads\/2022\/06\/moringa-olifeira-planta.jpg","width":1000,"height":1333,"caption":"moringa-oleifera-pflanze"},{"@type":"BreadcrumbList","@id":"https:\/\/xedoo.com\/de\/produkt\/moringa-baum-kaufen-meerrettichbaum\/#breadcrumb","itemListElement":[{"@type":"ListItem","position":1,"name":"Home","item":"https:\/\/xedoo.com\/de\/"},{"@type":"ListItem","position":2,"name":"Mediterrane Baumschule, G\u00e4rtnerei M\u00e1laga, Spanien &#8211; Xedoo.com","item":"https:\/\/xedoo.com\/de\/"},{"@type":"ListItem","position":3,"name":"Moringa Baum (Meerrettichbaum)"}]},{"@type":"WebSite","@id":"https:\/\/xedoo.com\/de\/#website","url":"https:\/\/xedoo.com\/de\/","name":"Xedoo.com","description":"","publisher":{"@id":"https:\/\/xedoo.com\/de\/#organization"},"potentialAction":[{"@type":"SearchAction","target":{"@type":"EntryPoint","urlTemplate":"https:\/\/xedoo.com\/de\/?s={search_term_string}"},"query-input":"required name=search_term_string"}],"inLanguage":"de"},{"@type":"Organization","@id":"https:\/\/xedoo.com\/de\/#organization","name":"Xedoo","url":"https:\/\/xedoo.com\/de\/","logo":{"@type":"ImageObject","inLanguage":"de","@id":"https:\/\/xedoo.com\/de\/#\/schema\/logo\/image\/","url":"https:\/\/xedoo.com\/wp-content\/uploads\/2021\/12\/cropped-cropped-logo-new.jpg","contentUrl":"https:\/\/xedoo.com\/wp-content\/uploads\/2021\/12\/cropped-cropped-logo-new.jpg","width":240,"height":84,"caption":"Xedoo"},"image":{"@id":"https:\/\/xedoo.com\/de\/#\/schema\/logo\/image\/"}}]}},"_links":{"self":[{"href":"https:\/\/xedoo.com\/de\/wp-json\/wp\/v2\/product\/1633"}],"collection":[{"href":"https:\/\/xedoo.com\/de\/wp-json\/wp\/v2\/product"}],"about":[{"href":"https:\/\/xedoo.com\/de\/wp-json\/wp\/v2\/types\/product"}],"wp:featuredmedia":[{"embeddable":true,"href":"https:\/\/xedoo.com\/de\/wp-json\/wp\/v2\/media\/1626"}],"wp:attachment":[{"href":"https:\/\/xedoo.com\/de\/wp-json\/wp\/v2\/media?parent=1633"}],"wp:term":[{"taxonomy":"product_brand","embeddable":true,"href":"https:\/\/xedoo.com\/de\/wp-json\/wp\/v2\/product_brand?post=1633"},{"taxonomy":"product_cat","embeddable":true,"href":"https:\/\/xedoo.com\/de\/wp-json\/wp\/v2\/product_cat?post=1633"},{"taxonomy":"product_tag","embeddable":true,"href":"https:\/\/xedoo.com\/de\/wp-json\/wp\/v2\/product_tag?post=1633"},{"taxonomy":"woo-feed-brand","embeddable":true,"href":"https:\/\/xedoo.com\/de\/wp-json\/wp\/v2\/woo-feed-brand?post=1633"}],"curies":[{"name":"wp","href":"https:\/\/api.w.org\/{rel}","templated":true}]}}