{"id":2027,"date":"2022-10-28T12:28:46","date_gmt":"2022-10-28T10:34:18","guid":{"rendered":"https:\/\/xedoo.com\/?post_type=product&#038;p=2027"},"modified":"2026-03-15T20:32:39","modified_gmt":"2026-03-15T19:32:39","slug":"olea-europea-olivenbaum-kaufen","status":"publish","type":"product","link":"https:\/\/xedoo.com\/de\/produkt\/olea-europea-olivenbaum-kaufen\/","title":{"rendered":"Olea Europaea (Olivenbaum)"},"content":{"rendered":"<p>Der Olivenbaum (Olea Europaea) kann eine H\u00f6he von 10-20 Metern, sowie ein Alter von bis zu 4000 Jahren erreichen. Die meisten Pflanzen, die heutzutage angeboten werden, stammen aus dem Mittelmeerraum, etwa aus Griechenland, Italien und Spanien, obwohl das eigentliche Ursprunggebiet bis heute immer noch umstritten ist. Es ist m\u00f6glich, da\u00df der Olivenbaum urspr\u00fcnglich aus Asien stammt und erst sp\u00e4ter auch in Europa angebaut wurde. Der Baum bevorzugt ein warmes Klima und viel Licht, vertr\u00e4gt jedoch keinen starken Frost. Er kann in Mittel- und Nordeuropa jedoch auch als Zimmerpflanze gehalten werden.<\/p>\n<p>Die Fr\u00fcchte der Pflanze (Oliven) sind essbar und werden unter anderem gerne in Salaten verwendet. 90% der Fr\u00fcchte werden jedoch zu Oliven\u00f6l verarbeitet. Bis der Baum die ersten Oliven entwickelt, k\u00f6nnen jedoch bis zu 7 Jahre vergehen.<\/p>\n<p>Beliebt sind Olivenb\u00e4ume auch als kleinere Indoor Bonsais, sowie als gr\u00f6\u00dfere Outdoor Bonsais, die in verschiedenen Gr\u00f6\u00dfen bis zu 5 Metern H\u00f6he angeboten werden und teilweise bereits mehrere Hundert Jahre alt sind. Einen Olivenbaum als Outdoor Bonsai zu kaufen, kann durchaus eine Herausforderung darstellen, da sie h\u00e4ufig mehrere Hundert Euro kosten und das Angebot in Europa sehr gross ist.<\/p>\n<p>Wissenschaftlicher Name: Olea Europaea<br \/>\nDeutscher Name: Olivenbaum<br \/>\nHerkunft: Europa<br \/>\nWuchsh\u00f6he: bis zu 20 Meter<br \/>\nEmpfindlich gegen K\u00e4lte: Ja<br \/>\nHitzeempfindlich: Nein<br \/>\nWindempfindlich: Nein<br \/>\nAls Bonsai geeignet: Ja<br \/>\nPflanzenh\u00f6he: ca. 20 cm<br \/>\nLieferform: Ballenpflanzen<\/p>\n","protected":false},"excerpt":{"rendered":"<p>Olivenbaum kaufen (Olea Europaea), Jungpflanzen g\u00fcnstig direkt aus Spanien.<\/p>\n","protected":false},"featured_media":2023,"template":"","meta":[],"product_brand":[],"product_cat":[109,111],"product_tag":[],"woo-feed-brand":[],"class_list":{"0":"post-2027","1":"product","2":"type-product","3":"status-publish","4":"has-post-thumbnail","6":"product_cat-bonsai","7":"product_cat-gartenpflanzen","9":"first","10":"instock","11":"shipping-taxable","12":"purchasable","13":"product-type-simple","14":"prodpage-classic"},"yoast_head":"<!-- This site is optimized with the Yoast SEO Premium plugin v22.0 (Yoast SEO v22.7) - https:\/\/yoast.com\/wordpress\/plugins\/seo\/ -->\n<title>Olea Europaea (Olivenbaum) kaufen<\/title>\n<meta name=\"description\" content=\"Olea Europaea (Olivenbaum) kaufen, Jungpflanzen sind bereits bereits ab direkt aus der Baumschule in Spanien erh\u00e4ltlich.\" \/>\n<meta name=\"robots\" content=\"index, follow, max-snippet:-1, max-image-preview:large, max-video-preview:-1\" \/>\n<link rel=\"canonical\" href=\"https:\/\/xedoo.com\/de\/produkt\/olea-europea-olivenbaum-kaufen\/\" \/>\n<meta name=\"twitter:label1\" content=\"Gesch\u00e4tzte Lesezeit\" \/>\n\t<meta name=\"twitter:data1\" content=\"2\u00a0Minuten\" \/>\n<script type=\"application\/ld+json\" class=\"yoast-schema-graph\">{\"@context\":\"https:\/\/schema.org\",\"@graph\":[{\"@type\":\"WebPage\",\"@id\":\"https:\/\/xedoo.com\/de\/produkt\/olea-europea-olivenbaum-kaufen\/\",\"url\":\"https:\/\/xedoo.com\/de\/produkt\/olea-europea-olivenbaum-kaufen\/\",\"name\":\"Olea Europaea (Olivenbaum) kaufen\",\"isPartOf\":{\"@id\":\"https:\/\/xedoo.com\/de\/#website\"},\"primaryImageOfPage\":{\"@id\":\"https:\/\/xedoo.com\/de\/produkt\/olea-europea-olivenbaum-kaufen\/#primaryimage\"},\"image\":{\"@id\":\"https:\/\/xedoo.com\/de\/produkt\/olea-europea-olivenbaum-kaufen\/#primaryimage\"},\"thumbnailUrl\":\"https:\/\/xedoo.com\/wp-content\/uploads\/2022\/10\/olea-europea.jpg\",\"datePublished\":\"2022-10-28T10:34:18+00:00\",\"dateModified\":\"2026-03-15T19:32:39+00:00\",\"description\":\"Olea Europaea (Olivenbaum) kaufen, Jungpflanzen sind bereits bereits ab direkt aus der Baumschule in Spanien erh\u00e4ltlich.\",\"breadcrumb\":{\"@id\":\"https:\/\/xedoo.com\/de\/produkt\/olea-europea-olivenbaum-kaufen\/#breadcrumb\"},\"inLanguage\":\"de\",\"potentialAction\":[{\"@type\":\"ReadAction\",\"target\":[\"https:\/\/xedoo.com\/de\/produkt\/olea-europea-olivenbaum-kaufen\/\"]}]},{\"@type\":\"ImageObject\",\"inLanguage\":\"de\",\"@id\":\"https:\/\/xedoo.com\/de\/produkt\/olea-europea-olivenbaum-kaufen\/#primaryimage\",\"url\":\"https:\/\/xedoo.com\/wp-content\/uploads\/2022\/10\/olea-europea.jpg\",\"contentUrl\":\"https:\/\/xedoo.com\/wp-content\/uploads\/2022\/10\/olea-europea.jpg\",\"width\":2400,\"height\":1600,\"caption\":\"Olivenbaum kaufen\"},{\"@type\":\"BreadcrumbList\",\"@id\":\"https:\/\/xedoo.com\/de\/produkt\/olea-europea-olivenbaum-kaufen\/#breadcrumb\",\"itemListElement\":[{\"@type\":\"ListItem\",\"position\":1,\"name\":\"Home\",\"item\":\"https:\/\/xedoo.com\/de\/\"},{\"@type\":\"ListItem\",\"position\":2,\"name\":\"Mediterrane Baumschule, G\u00e4rtnerei M\u00e1laga, Spanien &#8211; Xedoo.com\",\"item\":\"https:\/\/xedoo.com\/de\/\"},{\"@type\":\"ListItem\",\"position\":3,\"name\":\"Olea Europaea (Olivenbaum)\"}]},{\"@type\":\"WebSite\",\"@id\":\"https:\/\/xedoo.com\/de\/#website\",\"url\":\"https:\/\/xedoo.com\/de\/\",\"name\":\"Xedoo.com\",\"description\":\"\",\"publisher\":{\"@id\":\"https:\/\/xedoo.com\/de\/#organization\"},\"potentialAction\":[{\"@type\":\"SearchAction\",\"target\":{\"@type\":\"EntryPoint\",\"urlTemplate\":\"https:\/\/xedoo.com\/de\/?s={search_term_string}\"},\"query-input\":\"required name=search_term_string\"}],\"inLanguage\":\"de\"},{\"@type\":\"Organization\",\"@id\":\"https:\/\/xedoo.com\/de\/#organization\",\"name\":\"Xedoo\",\"url\":\"https:\/\/xedoo.com\/de\/\",\"logo\":{\"@type\":\"ImageObject\",\"inLanguage\":\"de\",\"@id\":\"https:\/\/xedoo.com\/de\/#\/schema\/logo\/image\/\",\"url\":\"https:\/\/xedoo.com\/wp-content\/uploads\/2021\/12\/cropped-cropped-logo-new.jpg\",\"contentUrl\":\"https:\/\/xedoo.com\/wp-content\/uploads\/2021\/12\/cropped-cropped-logo-new.jpg\",\"width\":240,\"height\":84,\"caption\":\"Xedoo\"},\"image\":{\"@id\":\"https:\/\/xedoo.com\/de\/#\/schema\/logo\/image\/\"}}]}<\/script>\n<!-- \/ Yoast SEO Premium plugin. -->","yoast_head_json":{"title":"Olea Europaea (Olivenbaum) kaufen","description":"Olea Europaea (Olivenbaum) kaufen, Jungpflanzen sind bereits bereits ab direkt aus der Baumschule in Spanien erh\u00e4ltlich.","robots":{"index":"index","follow":"follow","max-snippet":"max-snippet:-1","max-image-preview":"max-image-preview:large","max-video-preview":"max-video-preview:-1"},"canonical":"https:\/\/xedoo.com\/de\/produkt\/olea-europea-olivenbaum-kaufen\/","twitter_misc":{"Gesch\u00e4tzte Lesezeit":"2\u00a0Minuten"},"schema":{"@context":"https:\/\/schema.org","@graph":[{"@type":"WebPage","@id":"https:\/\/xedoo.com\/de\/produkt\/olea-europea-olivenbaum-kaufen\/","url":"https:\/\/xedoo.com\/de\/produkt\/olea-europea-olivenbaum-kaufen\/","name":"Olea Europaea (Olivenbaum) kaufen","isPartOf":{"@id":"https:\/\/xedoo.com\/de\/#website"},"primaryImageOfPage":{"@id":"https:\/\/xedoo.com\/de\/produkt\/olea-europea-olivenbaum-kaufen\/#primaryimage"},"image":{"@id":"https:\/\/xedoo.com\/de\/produkt\/olea-europea-olivenbaum-kaufen\/#primaryimage"},"thumbnailUrl":"https:\/\/xedoo.com\/wp-content\/uploads\/2022\/10\/olea-europea.jpg","datePublished":"2022-10-28T10:34:18+00:00","dateModified":"2026-03-15T19:32:39+00:00","description":"Olea Europaea (Olivenbaum) kaufen, Jungpflanzen sind bereits bereits ab direkt aus der Baumschule in Spanien erh\u00e4ltlich.","breadcrumb":{"@id":"https:\/\/xedoo.com\/de\/produkt\/olea-europea-olivenbaum-kaufen\/#breadcrumb"},"inLanguage":"de","potentialAction":[{"@type":"ReadAction","target":["https:\/\/xedoo.com\/de\/produkt\/olea-europea-olivenbaum-kaufen\/"]}]},{"@type":"ImageObject","inLanguage":"de","@id":"https:\/\/xedoo.com\/de\/produkt\/olea-europea-olivenbaum-kaufen\/#primaryimage","url":"https:\/\/xedoo.com\/wp-content\/uploads\/2022\/10\/olea-europea.jpg","contentUrl":"https:\/\/xedoo.com\/wp-content\/uploads\/2022\/10\/olea-europea.jpg","width":2400,"height":1600,"caption":"Olivenbaum kaufen"},{"@type":"BreadcrumbList","@id":"https:\/\/xedoo.com\/de\/produkt\/olea-europea-olivenbaum-kaufen\/#breadcrumb","itemListElement":[{"@type":"ListItem","position":1,"name":"Home","item":"https:\/\/xedoo.com\/de\/"},{"@type":"ListItem","position":2,"name":"Mediterrane Baumschule, G\u00e4rtnerei M\u00e1laga, Spanien &#8211; Xedoo.com","item":"https:\/\/xedoo.com\/de\/"},{"@type":"ListItem","position":3,"name":"Olea Europaea (Olivenbaum)"}]},{"@type":"WebSite","@id":"https:\/\/xedoo.com\/de\/#website","url":"https:\/\/xedoo.com\/de\/","name":"Xedoo.com","description":"","publisher":{"@id":"https:\/\/xedoo.com\/de\/#organization"},"potentialAction":[{"@type":"SearchAction","target":{"@type":"EntryPoint","urlTemplate":"https:\/\/xedoo.com\/de\/?s={search_term_string}"},"query-input":"required name=search_term_string"}],"inLanguage":"de"},{"@type":"Organization","@id":"https:\/\/xedoo.com\/de\/#organization","name":"Xedoo","url":"https:\/\/xedoo.com\/de\/","logo":{"@type":"ImageObject","inLanguage":"de","@id":"https:\/\/xedoo.com\/de\/#\/schema\/logo\/image\/","url":"https:\/\/xedoo.com\/wp-content\/uploads\/2021\/12\/cropped-cropped-logo-new.jpg","contentUrl":"https:\/\/xedoo.com\/wp-content\/uploads\/2021\/12\/cropped-cropped-logo-new.jpg","width":240,"height":84,"caption":"Xedoo"},"image":{"@id":"https:\/\/xedoo.com\/de\/#\/schema\/logo\/image\/"}}]}},"_links":{"self":[{"href":"https:\/\/xedoo.com\/de\/wp-json\/wp\/v2\/product\/2027"}],"collection":[{"href":"https:\/\/xedoo.com\/de\/wp-json\/wp\/v2\/product"}],"about":[{"href":"https:\/\/xedoo.com\/de\/wp-json\/wp\/v2\/types\/product"}],"wp:featuredmedia":[{"embeddable":true,"href":"https:\/\/xedoo.com\/de\/wp-json\/wp\/v2\/media\/2023"}],"wp:attachment":[{"href":"https:\/\/xedoo.com\/de\/wp-json\/wp\/v2\/media?parent=2027"}],"wp:term":[{"taxonomy":"product_brand","embeddable":true,"href":"https:\/\/xedoo.com\/de\/wp-json\/wp\/v2\/product_brand?post=2027"},{"taxonomy":"product_cat","embeddable":true,"href":"https:\/\/xedoo.com\/de\/wp-json\/wp\/v2\/product_cat?post=2027"},{"taxonomy":"product_tag","embeddable":true,"href":"https:\/\/xedoo.com\/de\/wp-json\/wp\/v2\/product_tag?post=2027"},{"taxonomy":"woo-feed-brand","embeddable":true,"href":"https:\/\/xedoo.com\/de\/wp-json\/wp\/v2\/woo-feed-brand?post=2027"}],"curies":[{"name":"wp","href":"https:\/\/api.w.org\/{rel}","templated":true}]}}