{"id":2056,"date":"2022-11-13T15:39:26","date_gmt":"2022-11-13T14:46:59","guid":{"rendered":"https:\/\/xedoo.com\/?post_type=product&#038;p=2056"},"modified":"2022-11-13T15:47:00","modified_gmt":"2022-11-13T14:47:00","slug":"blumentopf-aus-kunststoff-3-liter","status":"publish","type":"product","link":"https:\/\/xedoo.com\/de\/produkt\/blumentopf-aus-kunststoff-3-liter\/","title":{"rendered":"Blumentopf aus Kunststoff, 3 Liter"},"content":{"rendered":"<p>Runde 3 Liter Blument\u00f6pfe aus Kunststoff<br \/>\nGr\u00f6\u00dfe: 17cm Durchmesser &#8211; 16,5cm H\u00f6he<br \/>\nFarbe: Terrakotta<\/p>\n","protected":false},"excerpt":{"rendered":"<p>Runde 3 Liter Blument\u00f6pfe aus Kunststoff Gr\u00f6\u00dfe: 17cm Durchmesser &#8211; 16,5cm H\u00f6he Farbe: Terrakotta<\/p>\n","protected":false},"featured_media":2055,"template":"","meta":[],"product_brand":[],"product_cat":[232],"product_tag":[],"woo-feed-brand":[],"class_list":{"0":"post-2056","1":"product","2":"type-product","3":"status-publish","4":"has-post-thumbnail","6":"product_cat-blumentoepfe","8":"first","9":"outofstock","10":"shipping-taxable","11":"purchasable","12":"product-type-simple","13":"prodpage-classic"},"yoast_head":"<!-- This site is optimized with the Yoast SEO Premium plugin v22.0 (Yoast SEO v22.7) - https:\/\/yoast.com\/wordpress\/plugins\/seo\/ -->\n<title>Blumentopf aus Kunststoff, 3 Liter<\/title>\n<meta name=\"description\" content=\"13. November 2022 - Runde 3 Liter Blument\u00f6pfe aus Kunststoff Gr\u00f6\u00dfe: 17cm Durchmesser - 16,5cm H\u00f6he Farbe: Terrakotta\" \/>\n<meta name=\"robots\" content=\"index, follow, max-snippet:-1, max-image-preview:large, max-video-preview:-1\" \/>\n<link rel=\"canonical\" href=\"https:\/\/xedoo.com\/de\/produkt\/blumentopf-aus-kunststoff-3-liter\/\" \/>\n<script type=\"application\/ld+json\" class=\"yoast-schema-graph\">{\"@context\":\"https:\/\/schema.org\",\"@graph\":[{\"@type\":\"WebPage\",\"@id\":\"https:\/\/xedoo.com\/de\/produkt\/blumentopf-aus-kunststoff-3-liter\/\",\"url\":\"https:\/\/xedoo.com\/de\/produkt\/blumentopf-aus-kunststoff-3-liter\/\",\"name\":\"Blumentopf aus Kunststoff, 3 Liter\",\"isPartOf\":{\"@id\":\"https:\/\/xedoo.com\/de\/#website\"},\"primaryImageOfPage\":{\"@id\":\"https:\/\/xedoo.com\/de\/produkt\/blumentopf-aus-kunststoff-3-liter\/#primaryimage\"},\"image\":{\"@id\":\"https:\/\/xedoo.com\/de\/produkt\/blumentopf-aus-kunststoff-3-liter\/#primaryimage\"},\"thumbnailUrl\":\"https:\/\/xedoo.com\/wp-content\/uploads\/2022\/11\/maceta-plastico-3-litros.jpg\",\"datePublished\":\"2022-11-13T14:46:59+00:00\",\"dateModified\":\"2022-11-13T14:47:00+00:00\",\"description\":\"13. November 2022 - Runde 3 Liter Blument\u00f6pfe aus Kunststoff Gr\u00f6\u00dfe: 17cm Durchmesser - 16,5cm H\u00f6he Farbe: Terrakotta\",\"breadcrumb\":{\"@id\":\"https:\/\/xedoo.com\/de\/produkt\/blumentopf-aus-kunststoff-3-liter\/#breadcrumb\"},\"inLanguage\":\"de\",\"potentialAction\":[{\"@type\":\"ReadAction\",\"target\":[\"https:\/\/xedoo.com\/de\/produkt\/blumentopf-aus-kunststoff-3-liter\/\"]}]},{\"@type\":\"ImageObject\",\"inLanguage\":\"de\",\"@id\":\"https:\/\/xedoo.com\/de\/produkt\/blumentopf-aus-kunststoff-3-liter\/#primaryimage\",\"url\":\"https:\/\/xedoo.com\/wp-content\/uploads\/2022\/11\/maceta-plastico-3-litros.jpg\",\"contentUrl\":\"https:\/\/xedoo.com\/wp-content\/uploads\/2022\/11\/maceta-plastico-3-litros.jpg\",\"width\":1667,\"height\":2500,\"caption\":\"maceta-plastico-3-litros\"},{\"@type\":\"BreadcrumbList\",\"@id\":\"https:\/\/xedoo.com\/de\/produkt\/blumentopf-aus-kunststoff-3-liter\/#breadcrumb\",\"itemListElement\":[{\"@type\":\"ListItem\",\"position\":1,\"name\":\"Home\",\"item\":\"https:\/\/xedoo.com\/de\/\"},{\"@type\":\"ListItem\",\"position\":2,\"name\":\"Mediterrane Baumschule, G\u00e4rtnerei M\u00e1laga, Spanien &#8211; Xedoo.com\",\"item\":\"https:\/\/xedoo.com\/de\/\"},{\"@type\":\"ListItem\",\"position\":3,\"name\":\"Blumentopf aus Kunststoff, 3 Liter\"}]},{\"@type\":\"WebSite\",\"@id\":\"https:\/\/xedoo.com\/de\/#website\",\"url\":\"https:\/\/xedoo.com\/de\/\",\"name\":\"Xedoo.com\",\"description\":\"\",\"publisher\":{\"@id\":\"https:\/\/xedoo.com\/de\/#organization\"},\"potentialAction\":[{\"@type\":\"SearchAction\",\"target\":{\"@type\":\"EntryPoint\",\"urlTemplate\":\"https:\/\/xedoo.com\/de\/?s={search_term_string}\"},\"query-input\":\"required name=search_term_string\"}],\"inLanguage\":\"de\"},{\"@type\":\"Organization\",\"@id\":\"https:\/\/xedoo.com\/de\/#organization\",\"name\":\"Xedoo\",\"url\":\"https:\/\/xedoo.com\/de\/\",\"logo\":{\"@type\":\"ImageObject\",\"inLanguage\":\"de\",\"@id\":\"https:\/\/xedoo.com\/de\/#\/schema\/logo\/image\/\",\"url\":\"https:\/\/xedoo.com\/wp-content\/uploads\/2021\/12\/cropped-cropped-logo-new.jpg\",\"contentUrl\":\"https:\/\/xedoo.com\/wp-content\/uploads\/2021\/12\/cropped-cropped-logo-new.jpg\",\"width\":240,\"height\":84,\"caption\":\"Xedoo\"},\"image\":{\"@id\":\"https:\/\/xedoo.com\/de\/#\/schema\/logo\/image\/\"}}]}<\/script>\n<!-- \/ Yoast SEO Premium plugin. -->","yoast_head_json":{"title":"Blumentopf aus Kunststoff, 3 Liter","description":"13. November 2022 - Runde 3 Liter Blument\u00f6pfe aus Kunststoff Gr\u00f6\u00dfe: 17cm Durchmesser - 16,5cm H\u00f6he Farbe: Terrakotta","robots":{"index":"index","follow":"follow","max-snippet":"max-snippet:-1","max-image-preview":"max-image-preview:large","max-video-preview":"max-video-preview:-1"},"canonical":"https:\/\/xedoo.com\/de\/produkt\/blumentopf-aus-kunststoff-3-liter\/","schema":{"@context":"https:\/\/schema.org","@graph":[{"@type":"WebPage","@id":"https:\/\/xedoo.com\/de\/produkt\/blumentopf-aus-kunststoff-3-liter\/","url":"https:\/\/xedoo.com\/de\/produkt\/blumentopf-aus-kunststoff-3-liter\/","name":"Blumentopf aus Kunststoff, 3 Liter","isPartOf":{"@id":"https:\/\/xedoo.com\/de\/#website"},"primaryImageOfPage":{"@id":"https:\/\/xedoo.com\/de\/produkt\/blumentopf-aus-kunststoff-3-liter\/#primaryimage"},"image":{"@id":"https:\/\/xedoo.com\/de\/produkt\/blumentopf-aus-kunststoff-3-liter\/#primaryimage"},"thumbnailUrl":"https:\/\/xedoo.com\/wp-content\/uploads\/2022\/11\/maceta-plastico-3-litros.jpg","datePublished":"2022-11-13T14:46:59+00:00","dateModified":"2022-11-13T14:47:00+00:00","description":"13. November 2022 - Runde 3 Liter Blument\u00f6pfe aus Kunststoff Gr\u00f6\u00dfe: 17cm Durchmesser - 16,5cm H\u00f6he Farbe: Terrakotta","breadcrumb":{"@id":"https:\/\/xedoo.com\/de\/produkt\/blumentopf-aus-kunststoff-3-liter\/#breadcrumb"},"inLanguage":"de","potentialAction":[{"@type":"ReadAction","target":["https:\/\/xedoo.com\/de\/produkt\/blumentopf-aus-kunststoff-3-liter\/"]}]},{"@type":"ImageObject","inLanguage":"de","@id":"https:\/\/xedoo.com\/de\/produkt\/blumentopf-aus-kunststoff-3-liter\/#primaryimage","url":"https:\/\/xedoo.com\/wp-content\/uploads\/2022\/11\/maceta-plastico-3-litros.jpg","contentUrl":"https:\/\/xedoo.com\/wp-content\/uploads\/2022\/11\/maceta-plastico-3-litros.jpg","width":1667,"height":2500,"caption":"maceta-plastico-3-litros"},{"@type":"BreadcrumbList","@id":"https:\/\/xedoo.com\/de\/produkt\/blumentopf-aus-kunststoff-3-liter\/#breadcrumb","itemListElement":[{"@type":"ListItem","position":1,"name":"Home","item":"https:\/\/xedoo.com\/de\/"},{"@type":"ListItem","position":2,"name":"Mediterrane Baumschule, G\u00e4rtnerei M\u00e1laga, Spanien &#8211; Xedoo.com","item":"https:\/\/xedoo.com\/de\/"},{"@type":"ListItem","position":3,"name":"Blumentopf aus Kunststoff, 3 Liter"}]},{"@type":"WebSite","@id":"https:\/\/xedoo.com\/de\/#website","url":"https:\/\/xedoo.com\/de\/","name":"Xedoo.com","description":"","publisher":{"@id":"https:\/\/xedoo.com\/de\/#organization"},"potentialAction":[{"@type":"SearchAction","target":{"@type":"EntryPoint","urlTemplate":"https:\/\/xedoo.com\/de\/?s={search_term_string}"},"query-input":"required name=search_term_string"}],"inLanguage":"de"},{"@type":"Organization","@id":"https:\/\/xedoo.com\/de\/#organization","name":"Xedoo","url":"https:\/\/xedoo.com\/de\/","logo":{"@type":"ImageObject","inLanguage":"de","@id":"https:\/\/xedoo.com\/de\/#\/schema\/logo\/image\/","url":"https:\/\/xedoo.com\/wp-content\/uploads\/2021\/12\/cropped-cropped-logo-new.jpg","contentUrl":"https:\/\/xedoo.com\/wp-content\/uploads\/2021\/12\/cropped-cropped-logo-new.jpg","width":240,"height":84,"caption":"Xedoo"},"image":{"@id":"https:\/\/xedoo.com\/de\/#\/schema\/logo\/image\/"}}]}},"_links":{"self":[{"href":"https:\/\/xedoo.com\/de\/wp-json\/wp\/v2\/product\/2056"}],"collection":[{"href":"https:\/\/xedoo.com\/de\/wp-json\/wp\/v2\/product"}],"about":[{"href":"https:\/\/xedoo.com\/de\/wp-json\/wp\/v2\/types\/product"}],"wp:featuredmedia":[{"embeddable":true,"href":"https:\/\/xedoo.com\/de\/wp-json\/wp\/v2\/media\/2055"}],"wp:attachment":[{"href":"https:\/\/xedoo.com\/de\/wp-json\/wp\/v2\/media?parent=2056"}],"wp:term":[{"taxonomy":"product_brand","embeddable":true,"href":"https:\/\/xedoo.com\/de\/wp-json\/wp\/v2\/product_brand?post=2056"},{"taxonomy":"product_cat","embeddable":true,"href":"https:\/\/xedoo.com\/de\/wp-json\/wp\/v2\/product_cat?post=2056"},{"taxonomy":"product_tag","embeddable":true,"href":"https:\/\/xedoo.com\/de\/wp-json\/wp\/v2\/product_tag?post=2056"},{"taxonomy":"woo-feed-brand","embeddable":true,"href":"https:\/\/xedoo.com\/de\/wp-json\/wp\/v2\/woo-feed-brand?post=2056"}],"curies":[{"name":"wp","href":"https:\/\/api.w.org\/{rel}","templated":true}]}}