{"id":2070,"date":"2022-11-17T12:30:00","date_gmt":"2022-11-17T11:34:31","guid":{"rendered":"https:\/\/xedoo.com\/?post_type=product&#038;p=2070"},"modified":"2024-06-03T21:02:45","modified_gmt":"2024-06-03T19:02:45","slug":"ficus-carica-echte-feige-kaufen","status":"publish","type":"product","link":"https:\/\/xedoo.com\/de\/produkt\/ficus-carica-echte-feige-kaufen\/","title":{"rendered":"Ficus Carica (echte Feige)"},"content":{"rendered":"<p>Der Feigenbaum stammt aus dem Mittelmeerraum und kann dort H\u00f6hen von bis zu 10 Meter erreichen. In Mittel- und Nordeuropa werden die B\u00e4ume selten gr\u00f6\u00dfer als 5 Meter. Ficus Carica ist nat\u00fcrlich vorwiegend bekannt aufgrund der essbaren Fr\u00fcchte, den Feigen. Diese k\u00f6nnen sich bereits an sehr jungen B\u00e4umen entwickeln. Der Baum liebt die W\u00e4rme und sollte nicht dem Frost ausgesetzt werden. Angeboten werden hier Jungpflanzen im Alter von 2 Jahren. Der Feigenbaum wird auch gerne als Bonsai kultiviert, da er bereits im jungen Alter \u00fcber ein sehr knorriges und relativ dickes Astwerk verf\u00fcgt.<\/p>\n<p>Wissenschaftlicher Name: Ficus Carica<br \/>\nDeutscher Name: Echte Feige, Feigenbaum<br \/>\nHerkunft: Spanien<br \/>\nWuchsh\u00f6he: bis zu 10 Meter<br \/>\nEmpfindlich gegen K\u00e4lte: Ja<br \/>\nHitzeempfindlich: Nein<br \/>\nWindempfindlich: Nein<br \/>\nAls Bonsai geeignet: Ja<br \/>\nPflanzenh\u00f6he: 50 cm<br \/>\nLieferform: Ballenpflanzen<\/p>\n","protected":false},"excerpt":{"rendered":"<p>Echte Feige (Ficus Carica) B\u00e4ume kaufen direkt aus der Baumschule in Spanien<\/p>\n","protected":false},"featured_media":2066,"template":"","meta":[],"product_brand":[],"product_cat":[109,111],"product_tag":[],"woo-feed-brand":[],"class_list":{"0":"post-2070","1":"product","2":"type-product","3":"status-publish","4":"has-post-thumbnail","6":"product_cat-bonsai","7":"product_cat-gartenpflanzen","9":"first","10":"outofstock","11":"shipping-taxable","12":"purchasable","13":"product-type-simple","14":"prodpage-classic"},"yoast_head":"<!-- This site is optimized with the Yoast SEO Premium plugin v22.0 (Yoast SEO v22.7) - https:\/\/yoast.com\/wordpress\/plugins\/seo\/ -->\n<title>Ficus Carica kaufen (echter Feigenbaum)<\/title>\n<meta name=\"description\" content=\"Ficus Carica (echte Feige) B\u00e4umchen direkt aus Spanien bereits ab\" \/>\n<meta name=\"robots\" content=\"index, follow, max-snippet:-1, max-image-preview:large, max-video-preview:-1\" \/>\n<link rel=\"canonical\" href=\"https:\/\/xedoo.com\/de\/produkt\/ficus-carica-echte-feige-kaufen\/\" \/>\n<meta name=\"twitter:label1\" content=\"Gesch\u00e4tzte Lesezeit\" \/>\n\t<meta name=\"twitter:data1\" content=\"1\u00a0Minute\" \/>\n<script type=\"application\/ld+json\" class=\"yoast-schema-graph\">{\"@context\":\"https:\/\/schema.org\",\"@graph\":[{\"@type\":\"WebPage\",\"@id\":\"https:\/\/xedoo.com\/de\/produkt\/ficus-carica-echte-feige-kaufen\/\",\"url\":\"https:\/\/xedoo.com\/de\/produkt\/ficus-carica-echte-feige-kaufen\/\",\"name\":\"Ficus Carica kaufen (echter Feigenbaum)\",\"isPartOf\":{\"@id\":\"https:\/\/xedoo.com\/de\/#website\"},\"primaryImageOfPage\":{\"@id\":\"https:\/\/xedoo.com\/de\/produkt\/ficus-carica-echte-feige-kaufen\/#primaryimage\"},\"image\":{\"@id\":\"https:\/\/xedoo.com\/de\/produkt\/ficus-carica-echte-feige-kaufen\/#primaryimage\"},\"thumbnailUrl\":\"https:\/\/xedoo.com\/wp-content\/uploads\/2022\/11\/ficus-carica-echte-feige.jpg\",\"datePublished\":\"2022-11-17T11:34:31+00:00\",\"dateModified\":\"2024-06-03T19:02:45+00:00\",\"description\":\"Ficus Carica (echte Feige) B\u00e4umchen direkt aus Spanien bereits ab\",\"breadcrumb\":{\"@id\":\"https:\/\/xedoo.com\/de\/produkt\/ficus-carica-echte-feige-kaufen\/#breadcrumb\"},\"inLanguage\":\"de\",\"potentialAction\":[{\"@type\":\"ReadAction\",\"target\":[\"https:\/\/xedoo.com\/de\/produkt\/ficus-carica-echte-feige-kaufen\/\"]}]},{\"@type\":\"ImageObject\",\"inLanguage\":\"de\",\"@id\":\"https:\/\/xedoo.com\/de\/produkt\/ficus-carica-echte-feige-kaufen\/#primaryimage\",\"url\":\"https:\/\/xedoo.com\/wp-content\/uploads\/2022\/11\/ficus-carica-echte-feige.jpg\",\"contentUrl\":\"https:\/\/xedoo.com\/wp-content\/uploads\/2022\/11\/ficus-carica-echte-feige.jpg\",\"width\":2500,\"height\":1667,\"caption\":\"ficus-carica-higuera\"},{\"@type\":\"BreadcrumbList\",\"@id\":\"https:\/\/xedoo.com\/de\/produkt\/ficus-carica-echte-feige-kaufen\/#breadcrumb\",\"itemListElement\":[{\"@type\":\"ListItem\",\"position\":1,\"name\":\"Home\",\"item\":\"https:\/\/xedoo.com\/de\/\"},{\"@type\":\"ListItem\",\"position\":2,\"name\":\"Mediterrane Baumschule, G\u00e4rtnerei M\u00e1laga, Spanien &#8211; Xedoo.com\",\"item\":\"https:\/\/xedoo.com\/de\/\"},{\"@type\":\"ListItem\",\"position\":3,\"name\":\"Ficus Carica (echte Feige)\"}]},{\"@type\":\"WebSite\",\"@id\":\"https:\/\/xedoo.com\/de\/#website\",\"url\":\"https:\/\/xedoo.com\/de\/\",\"name\":\"Xedoo.com\",\"description\":\"\",\"publisher\":{\"@id\":\"https:\/\/xedoo.com\/de\/#organization\"},\"potentialAction\":[{\"@type\":\"SearchAction\",\"target\":{\"@type\":\"EntryPoint\",\"urlTemplate\":\"https:\/\/xedoo.com\/de\/?s={search_term_string}\"},\"query-input\":\"required name=search_term_string\"}],\"inLanguage\":\"de\"},{\"@type\":\"Organization\",\"@id\":\"https:\/\/xedoo.com\/de\/#organization\",\"name\":\"Xedoo\",\"url\":\"https:\/\/xedoo.com\/de\/\",\"logo\":{\"@type\":\"ImageObject\",\"inLanguage\":\"de\",\"@id\":\"https:\/\/xedoo.com\/de\/#\/schema\/logo\/image\/\",\"url\":\"https:\/\/xedoo.com\/wp-content\/uploads\/2021\/12\/cropped-cropped-logo-new.jpg\",\"contentUrl\":\"https:\/\/xedoo.com\/wp-content\/uploads\/2021\/12\/cropped-cropped-logo-new.jpg\",\"width\":240,\"height\":84,\"caption\":\"Xedoo\"},\"image\":{\"@id\":\"https:\/\/xedoo.com\/de\/#\/schema\/logo\/image\/\"}}]}<\/script>\n<!-- \/ Yoast SEO Premium plugin. -->","yoast_head_json":{"title":"Ficus Carica kaufen (echter Feigenbaum)","description":"Ficus Carica (echte Feige) B\u00e4umchen direkt aus Spanien bereits ab","robots":{"index":"index","follow":"follow","max-snippet":"max-snippet:-1","max-image-preview":"max-image-preview:large","max-video-preview":"max-video-preview:-1"},"canonical":"https:\/\/xedoo.com\/de\/produkt\/ficus-carica-echte-feige-kaufen\/","twitter_misc":{"Gesch\u00e4tzte Lesezeit":"1\u00a0Minute"},"schema":{"@context":"https:\/\/schema.org","@graph":[{"@type":"WebPage","@id":"https:\/\/xedoo.com\/de\/produkt\/ficus-carica-echte-feige-kaufen\/","url":"https:\/\/xedoo.com\/de\/produkt\/ficus-carica-echte-feige-kaufen\/","name":"Ficus Carica kaufen (echter Feigenbaum)","isPartOf":{"@id":"https:\/\/xedoo.com\/de\/#website"},"primaryImageOfPage":{"@id":"https:\/\/xedoo.com\/de\/produkt\/ficus-carica-echte-feige-kaufen\/#primaryimage"},"image":{"@id":"https:\/\/xedoo.com\/de\/produkt\/ficus-carica-echte-feige-kaufen\/#primaryimage"},"thumbnailUrl":"https:\/\/xedoo.com\/wp-content\/uploads\/2022\/11\/ficus-carica-echte-feige.jpg","datePublished":"2022-11-17T11:34:31+00:00","dateModified":"2024-06-03T19:02:45+00:00","description":"Ficus Carica (echte Feige) B\u00e4umchen direkt aus Spanien bereits ab","breadcrumb":{"@id":"https:\/\/xedoo.com\/de\/produkt\/ficus-carica-echte-feige-kaufen\/#breadcrumb"},"inLanguage":"de","potentialAction":[{"@type":"ReadAction","target":["https:\/\/xedoo.com\/de\/produkt\/ficus-carica-echte-feige-kaufen\/"]}]},{"@type":"ImageObject","inLanguage":"de","@id":"https:\/\/xedoo.com\/de\/produkt\/ficus-carica-echte-feige-kaufen\/#primaryimage","url":"https:\/\/xedoo.com\/wp-content\/uploads\/2022\/11\/ficus-carica-echte-feige.jpg","contentUrl":"https:\/\/xedoo.com\/wp-content\/uploads\/2022\/11\/ficus-carica-echte-feige.jpg","width":2500,"height":1667,"caption":"ficus-carica-higuera"},{"@type":"BreadcrumbList","@id":"https:\/\/xedoo.com\/de\/produkt\/ficus-carica-echte-feige-kaufen\/#breadcrumb","itemListElement":[{"@type":"ListItem","position":1,"name":"Home","item":"https:\/\/xedoo.com\/de\/"},{"@type":"ListItem","position":2,"name":"Mediterrane Baumschule, G\u00e4rtnerei M\u00e1laga, Spanien &#8211; Xedoo.com","item":"https:\/\/xedoo.com\/de\/"},{"@type":"ListItem","position":3,"name":"Ficus Carica (echte Feige)"}]},{"@type":"WebSite","@id":"https:\/\/xedoo.com\/de\/#website","url":"https:\/\/xedoo.com\/de\/","name":"Xedoo.com","description":"","publisher":{"@id":"https:\/\/xedoo.com\/de\/#organization"},"potentialAction":[{"@type":"SearchAction","target":{"@type":"EntryPoint","urlTemplate":"https:\/\/xedoo.com\/de\/?s={search_term_string}"},"query-input":"required name=search_term_string"}],"inLanguage":"de"},{"@type":"Organization","@id":"https:\/\/xedoo.com\/de\/#organization","name":"Xedoo","url":"https:\/\/xedoo.com\/de\/","logo":{"@type":"ImageObject","inLanguage":"de","@id":"https:\/\/xedoo.com\/de\/#\/schema\/logo\/image\/","url":"https:\/\/xedoo.com\/wp-content\/uploads\/2021\/12\/cropped-cropped-logo-new.jpg","contentUrl":"https:\/\/xedoo.com\/wp-content\/uploads\/2021\/12\/cropped-cropped-logo-new.jpg","width":240,"height":84,"caption":"Xedoo"},"image":{"@id":"https:\/\/xedoo.com\/de\/#\/schema\/logo\/image\/"}}]}},"_links":{"self":[{"href":"https:\/\/xedoo.com\/de\/wp-json\/wp\/v2\/product\/2070"}],"collection":[{"href":"https:\/\/xedoo.com\/de\/wp-json\/wp\/v2\/product"}],"about":[{"href":"https:\/\/xedoo.com\/de\/wp-json\/wp\/v2\/types\/product"}],"wp:featuredmedia":[{"embeddable":true,"href":"https:\/\/xedoo.com\/de\/wp-json\/wp\/v2\/media\/2066"}],"wp:attachment":[{"href":"https:\/\/xedoo.com\/de\/wp-json\/wp\/v2\/media?parent=2070"}],"wp:term":[{"taxonomy":"product_brand","embeddable":true,"href":"https:\/\/xedoo.com\/de\/wp-json\/wp\/v2\/product_brand?post=2070"},{"taxonomy":"product_cat","embeddable":true,"href":"https:\/\/xedoo.com\/de\/wp-json\/wp\/v2\/product_cat?post=2070"},{"taxonomy":"product_tag","embeddable":true,"href":"https:\/\/xedoo.com\/de\/wp-json\/wp\/v2\/product_tag?post=2070"},{"taxonomy":"woo-feed-brand","embeddable":true,"href":"https:\/\/xedoo.com\/de\/wp-json\/wp\/v2\/woo-feed-brand?post=2070"}],"curies":[{"name":"wp","href":"https:\/\/api.w.org\/{rel}","templated":true}]}}