{"id":2082,"date":"2022-11-17T16:36:28","date_gmt":"2022-11-17T15:31:16","guid":{"rendered":"https:\/\/xedoo.com\/?post_type=product&#038;p=2082"},"modified":"2026-03-15T20:32:38","modified_gmt":"2026-03-15T19:32:38","slug":"olea-sylvestris-wilder-olivenbaum-kaufen","status":"publish","type":"product","link":"https:\/\/xedoo.com\/de\/produkt\/olea-sylvestris-wilder-olivenbaum-kaufen\/","title":{"rendered":"Olea Europaea Sylvestris (Wilder Olivenbaum)"},"content":{"rendered":"<p>Olea Sylvestris ist die im Mittelmeerraum beheimatete wilde Variante des bekannten Olivenbaumes. Die Wildform ist kleiner und w\u00e4chst im Gegensatz zur kultivierten Form eher wie ein Busch mit sehr unregelm\u00e4\u00dfigen Verzweigungen. Auch die Oliven und Bl\u00e4tter sind wesentlich kleiner als bei der kultivierten Variante. Beide Varianten lieben ein warmes Klima und vertragen keinen Frost. Olea Sylvestris kann sehr gut zur\u00fcckgeschnitten werden und wird daher auch gerne zur Gestaltung von Bonsai verwendet. Sieht man einmal von der Frostempfindlichkeit ab, handelt es sich beim wilden Olivenbaum um einen sehr robusten Baum, der monatelang ohne jegliches Wasser auskommt.<\/p>\n<p>Der Baum wird in k\u00fchleren Klimazonen meistens als Zimmerpflanze gehalten, kann jedoch vom Fr\u00fchling bis zum Herbst auch nach drau\u00dfen gestellt werden.<\/p>\n<p>Wissenschaftlicher Name: Olea Europaea subsp. Sylvestris, Olea Oleaster<br \/>\nDeutscher Name: Wilder Olivenbaum<br \/>\nHerkunft: Spanien<br \/>\nWuchsh\u00f6he: bis zu 5 Meter<br \/>\nEmpfindlich gegen K\u00e4lte: Ja<br \/>\nHitzeempfindlich: Nein<br \/>\nWindempfindlich: Nein<br \/>\nAls Bonsai geeignet: Ja<br \/>\nPflanzenh\u00f6he: ca. 20 cm<br \/>\nLieferform: Ballenpflanzen<\/p>\n","protected":false},"excerpt":{"rendered":"<p>Olea Sylvestris (Wilder Olivenbaum) Jungpflanzen kaufen<\/p>\n","protected":false},"featured_media":2078,"template":"","meta":[],"product_brand":[],"product_cat":[109,111],"product_tag":[],"woo-feed-brand":[],"class_list":{"0":"post-2082","1":"product","2":"type-product","3":"status-publish","4":"has-post-thumbnail","6":"product_cat-bonsai","7":"product_cat-gartenpflanzen","9":"first","10":"instock","11":"shipping-taxable","12":"purchasable","13":"product-type-simple","14":"prodpage-classic"},"yoast_head":"<!-- This site is optimized with the Yoast SEO Premium plugin v22.0 (Yoast SEO v22.7) - https:\/\/yoast.com\/wordpress\/plugins\/seo\/ -->\n<title>Olea Europaea Sylvestris (Wilder Olivenbaum) kaufen \u2618\ufe0f Xedoo M\u00e1laga<\/title>\n<meta name=\"description\" content=\"Olea Europaea Sylvestris (Wilder Olivenbaum) ab direkt aus der Baumschule in Spanien.\" \/>\n<meta name=\"robots\" content=\"index, follow, max-snippet:-1, max-image-preview:large, max-video-preview:-1\" \/>\n<link rel=\"canonical\" href=\"https:\/\/xedoo.com\/de\/produkt\/olea-sylvestris-wilder-olivenbaum-kaufen\/\" \/>\n<meta name=\"twitter:label1\" content=\"Gesch\u00e4tzte Lesezeit\" \/>\n\t<meta name=\"twitter:data1\" content=\"1\u00a0Minute\" \/>\n<script type=\"application\/ld+json\" class=\"yoast-schema-graph\">{\"@context\":\"https:\/\/schema.org\",\"@graph\":[{\"@type\":\"WebPage\",\"@id\":\"https:\/\/xedoo.com\/de\/produkt\/olea-sylvestris-wilder-olivenbaum-kaufen\/\",\"url\":\"https:\/\/xedoo.com\/de\/produkt\/olea-sylvestris-wilder-olivenbaum-kaufen\/\",\"name\":\"Olea Europaea Sylvestris (Wilder Olivenbaum) kaufen \u2618\ufe0f Xedoo M\u00e1laga\",\"isPartOf\":{\"@id\":\"https:\/\/xedoo.com\/de\/#website\"},\"primaryImageOfPage\":{\"@id\":\"https:\/\/xedoo.com\/de\/produkt\/olea-sylvestris-wilder-olivenbaum-kaufen\/#primaryimage\"},\"image\":{\"@id\":\"https:\/\/xedoo.com\/de\/produkt\/olea-sylvestris-wilder-olivenbaum-kaufen\/#primaryimage\"},\"thumbnailUrl\":\"https:\/\/xedoo.com\/wp-content\/uploads\/2022\/11\/olea-sylvestris.jpg\",\"datePublished\":\"2022-11-17T15:31:16+00:00\",\"dateModified\":\"2026-03-15T19:32:38+00:00\",\"description\":\"Olea Europaea Sylvestris (Wilder Olivenbaum) ab direkt aus der Baumschule in Spanien.\",\"breadcrumb\":{\"@id\":\"https:\/\/xedoo.com\/de\/produkt\/olea-sylvestris-wilder-olivenbaum-kaufen\/#breadcrumb\"},\"inLanguage\":\"de\",\"potentialAction\":[{\"@type\":\"ReadAction\",\"target\":[\"https:\/\/xedoo.com\/de\/produkt\/olea-sylvestris-wilder-olivenbaum-kaufen\/\"]}]},{\"@type\":\"ImageObject\",\"inLanguage\":\"de\",\"@id\":\"https:\/\/xedoo.com\/de\/produkt\/olea-sylvestris-wilder-olivenbaum-kaufen\/#primaryimage\",\"url\":\"https:\/\/xedoo.com\/wp-content\/uploads\/2022\/11\/olea-sylvestris.jpg\",\"contentUrl\":\"https:\/\/xedoo.com\/wp-content\/uploads\/2022\/11\/olea-sylvestris.jpg\",\"width\":2500,\"height\":1667,\"caption\":\"olea-sylvestris\"},{\"@type\":\"BreadcrumbList\",\"@id\":\"https:\/\/xedoo.com\/de\/produkt\/olea-sylvestris-wilder-olivenbaum-kaufen\/#breadcrumb\",\"itemListElement\":[{\"@type\":\"ListItem\",\"position\":1,\"name\":\"Home\",\"item\":\"https:\/\/xedoo.com\/de\/\"},{\"@type\":\"ListItem\",\"position\":2,\"name\":\"Mediterrane Baumschule, G\u00e4rtnerei M\u00e1laga, Spanien &#8211; Xedoo.com\",\"item\":\"https:\/\/xedoo.com\/de\/\"},{\"@type\":\"ListItem\",\"position\":3,\"name\":\"Olea Europaea Sylvestris (Wilder Olivenbaum)\"}]},{\"@type\":\"WebSite\",\"@id\":\"https:\/\/xedoo.com\/de\/#website\",\"url\":\"https:\/\/xedoo.com\/de\/\",\"name\":\"Xedoo.com\",\"description\":\"\",\"publisher\":{\"@id\":\"https:\/\/xedoo.com\/de\/#organization\"},\"potentialAction\":[{\"@type\":\"SearchAction\",\"target\":{\"@type\":\"EntryPoint\",\"urlTemplate\":\"https:\/\/xedoo.com\/de\/?s={search_term_string}\"},\"query-input\":\"required name=search_term_string\"}],\"inLanguage\":\"de\"},{\"@type\":\"Organization\",\"@id\":\"https:\/\/xedoo.com\/de\/#organization\",\"name\":\"Xedoo\",\"url\":\"https:\/\/xedoo.com\/de\/\",\"logo\":{\"@type\":\"ImageObject\",\"inLanguage\":\"de\",\"@id\":\"https:\/\/xedoo.com\/de\/#\/schema\/logo\/image\/\",\"url\":\"https:\/\/xedoo.com\/wp-content\/uploads\/2021\/12\/cropped-cropped-logo-new.jpg\",\"contentUrl\":\"https:\/\/xedoo.com\/wp-content\/uploads\/2021\/12\/cropped-cropped-logo-new.jpg\",\"width\":240,\"height\":84,\"caption\":\"Xedoo\"},\"image\":{\"@id\":\"https:\/\/xedoo.com\/de\/#\/schema\/logo\/image\/\"}}]}<\/script>\n<!-- \/ Yoast SEO Premium plugin. -->","yoast_head_json":{"title":"Olea Europaea Sylvestris (Wilder Olivenbaum) kaufen \u2618\ufe0f Xedoo M\u00e1laga","description":"Olea Europaea Sylvestris (Wilder Olivenbaum) ab direkt aus der Baumschule in Spanien.","robots":{"index":"index","follow":"follow","max-snippet":"max-snippet:-1","max-image-preview":"max-image-preview:large","max-video-preview":"max-video-preview:-1"},"canonical":"https:\/\/xedoo.com\/de\/produkt\/olea-sylvestris-wilder-olivenbaum-kaufen\/","twitter_misc":{"Gesch\u00e4tzte Lesezeit":"1\u00a0Minute"},"schema":{"@context":"https:\/\/schema.org","@graph":[{"@type":"WebPage","@id":"https:\/\/xedoo.com\/de\/produkt\/olea-sylvestris-wilder-olivenbaum-kaufen\/","url":"https:\/\/xedoo.com\/de\/produkt\/olea-sylvestris-wilder-olivenbaum-kaufen\/","name":"Olea Europaea Sylvestris (Wilder Olivenbaum) kaufen \u2618\ufe0f Xedoo M\u00e1laga","isPartOf":{"@id":"https:\/\/xedoo.com\/de\/#website"},"primaryImageOfPage":{"@id":"https:\/\/xedoo.com\/de\/produkt\/olea-sylvestris-wilder-olivenbaum-kaufen\/#primaryimage"},"image":{"@id":"https:\/\/xedoo.com\/de\/produkt\/olea-sylvestris-wilder-olivenbaum-kaufen\/#primaryimage"},"thumbnailUrl":"https:\/\/xedoo.com\/wp-content\/uploads\/2022\/11\/olea-sylvestris.jpg","datePublished":"2022-11-17T15:31:16+00:00","dateModified":"2026-03-15T19:32:38+00:00","description":"Olea Europaea Sylvestris (Wilder Olivenbaum) ab direkt aus der Baumschule in Spanien.","breadcrumb":{"@id":"https:\/\/xedoo.com\/de\/produkt\/olea-sylvestris-wilder-olivenbaum-kaufen\/#breadcrumb"},"inLanguage":"de","potentialAction":[{"@type":"ReadAction","target":["https:\/\/xedoo.com\/de\/produkt\/olea-sylvestris-wilder-olivenbaum-kaufen\/"]}]},{"@type":"ImageObject","inLanguage":"de","@id":"https:\/\/xedoo.com\/de\/produkt\/olea-sylvestris-wilder-olivenbaum-kaufen\/#primaryimage","url":"https:\/\/xedoo.com\/wp-content\/uploads\/2022\/11\/olea-sylvestris.jpg","contentUrl":"https:\/\/xedoo.com\/wp-content\/uploads\/2022\/11\/olea-sylvestris.jpg","width":2500,"height":1667,"caption":"olea-sylvestris"},{"@type":"BreadcrumbList","@id":"https:\/\/xedoo.com\/de\/produkt\/olea-sylvestris-wilder-olivenbaum-kaufen\/#breadcrumb","itemListElement":[{"@type":"ListItem","position":1,"name":"Home","item":"https:\/\/xedoo.com\/de\/"},{"@type":"ListItem","position":2,"name":"Mediterrane Baumschule, G\u00e4rtnerei M\u00e1laga, Spanien &#8211; Xedoo.com","item":"https:\/\/xedoo.com\/de\/"},{"@type":"ListItem","position":3,"name":"Olea Europaea Sylvestris (Wilder Olivenbaum)"}]},{"@type":"WebSite","@id":"https:\/\/xedoo.com\/de\/#website","url":"https:\/\/xedoo.com\/de\/","name":"Xedoo.com","description":"","publisher":{"@id":"https:\/\/xedoo.com\/de\/#organization"},"potentialAction":[{"@type":"SearchAction","target":{"@type":"EntryPoint","urlTemplate":"https:\/\/xedoo.com\/de\/?s={search_term_string}"},"query-input":"required name=search_term_string"}],"inLanguage":"de"},{"@type":"Organization","@id":"https:\/\/xedoo.com\/de\/#organization","name":"Xedoo","url":"https:\/\/xedoo.com\/de\/","logo":{"@type":"ImageObject","inLanguage":"de","@id":"https:\/\/xedoo.com\/de\/#\/schema\/logo\/image\/","url":"https:\/\/xedoo.com\/wp-content\/uploads\/2021\/12\/cropped-cropped-logo-new.jpg","contentUrl":"https:\/\/xedoo.com\/wp-content\/uploads\/2021\/12\/cropped-cropped-logo-new.jpg","width":240,"height":84,"caption":"Xedoo"},"image":{"@id":"https:\/\/xedoo.com\/de\/#\/schema\/logo\/image\/"}}]}},"_links":{"self":[{"href":"https:\/\/xedoo.com\/de\/wp-json\/wp\/v2\/product\/2082"}],"collection":[{"href":"https:\/\/xedoo.com\/de\/wp-json\/wp\/v2\/product"}],"about":[{"href":"https:\/\/xedoo.com\/de\/wp-json\/wp\/v2\/types\/product"}],"wp:featuredmedia":[{"embeddable":true,"href":"https:\/\/xedoo.com\/de\/wp-json\/wp\/v2\/media\/2078"}],"wp:attachment":[{"href":"https:\/\/xedoo.com\/de\/wp-json\/wp\/v2\/media?parent=2082"}],"wp:term":[{"taxonomy":"product_brand","embeddable":true,"href":"https:\/\/xedoo.com\/de\/wp-json\/wp\/v2\/product_brand?post=2082"},{"taxonomy":"product_cat","embeddable":true,"href":"https:\/\/xedoo.com\/de\/wp-json\/wp\/v2\/product_cat?post=2082"},{"taxonomy":"product_tag","embeddable":true,"href":"https:\/\/xedoo.com\/de\/wp-json\/wp\/v2\/product_tag?post=2082"},{"taxonomy":"woo-feed-brand","embeddable":true,"href":"https:\/\/xedoo.com\/de\/wp-json\/wp\/v2\/woo-feed-brand?post=2082"}],"curies":[{"name":"wp","href":"https:\/\/api.w.org\/{rel}","templated":true}]}}