{"id":2105,"date":"2022-11-23T09:10:40","date_gmt":"2022-11-23T08:10:40","guid":{"rendered":"https:\/\/xedoo.com\/?post_type=product&#038;p=2105"},"modified":"2024-04-07T18:38:00","modified_gmt":"2024-04-07T16:38:00","slug":"bougainvillea-drillingsblume-kaufen","status":"publish","type":"product","link":"https:\/\/xedoo.com\/de\/produkt\/bougainvillea-drillingsblume-kaufen\/","title":{"rendered":"Bougainvillea (Drillingsblume)"},"content":{"rendered":"<p>Die Bougainvillea oder Drillingsblume stammt urspr\u00fcnglich aus S\u00fcdamerika, wird jedoch heutzutage in fast allen warmen Klimazonen angebaut und wird in Deutschland selbst bei Aldi, Bauhaus, Dehner, Hornbach, Lidl und Obi verkauft. Unter optimalen Bedingungen kann die Pflanze eine H\u00f6he von bis zu 15 Metern erreichen, in Mittel- und Nordeuropa wird sie jedoch nur selten gr\u00f6\u00dfer als 3-5 Meter. Das Wachstum der Pflanze betr\u00e4gt bis zu 2 Meter pro Jahr.<\/p>\n<p>Es sind mehr als 10 Varianten in vielen verschiedenen Farben bekannt. Die h\u00e4ufigsten Farben, die im Handel angeboten werden, sind lila, rosa und weiss. Ist die Pflanze einmal eingewachsen, bl\u00fcht sie in warmen Regionen fast das ganze Jahr \u00fcber, w\u00e4hrend sie in k\u00e4lteren Regionen nur von Fr\u00fchling bis Herbst bl\u00fcht. Im Winter verliert sie dort auch die meisten ihrer Bl\u00e4tter.<\/p>\n<p>Bougainvillea liebt die Sonne und ist nicht besonders winterhart, daher sollte sie in k\u00fchleren Regionen in der Winterzeit an einen frostsicheren Ort verbracht werden. Die Drillingsblume kann sehr gut zur\u00fcckgeschnitten werden und ist daher auch als Bonsai sehr beliebt. Um \u00fcppig zu wachsen und ihre gesamte Bl\u00fctenpracht zeigen zu k\u00f6nnen, ben\u00f6tigt sie 5-8 Stunden Sonne t\u00e4glich. Wird sie im Schatten gehalten, werden sich kaum Bl\u00fcten zeigen. Die Bl\u00e4tter der Pflanze sind etwas empfindlich gegen starke Winde, daher sollte sie nach M\u00f6glichkeit auch einen relativ windgesch\u00fctzten Standort erhalten.<\/p>\n<p><strong>Tipps zur Pflege:<\/strong><\/p>\n<p>1. Geben Sie Ihrer Pflanze ausreichend Sonnenlicht und Wasser: Bougainvilleas brauchen Sonne und Wasser, um gut zu gedeihen. Stellen Sie sie also an einen Platz, der viel Sonnenlicht erh\u00e4lt und leicht zu pflegen ist.<\/p>\n<p>2. Schneiden Sie Ihre Bougainvillea regelm\u00e4\u00dfig zur\u00fcck: Das Beschneiden ist wichtig f\u00fcr die Gesundheit der Pflanze, denn es f\u00f6rdert neues Wachstum und die Bl\u00fctenbildung.<\/p>\n<p>3. D\u00fcngen Sie alle 14 Tage: D\u00fcnger kann dazu beitragen, dass Ihre Bougainvillea die N\u00e4hrstoffe erh\u00e4lt, die sie zum Gedeihen braucht. D\u00fcngen Sie daher von Mai bis September alle zwei Wochen, wenn Sie die Pflanze gie\u00dfen.<\/p>\n<p>4. In einen Tontopf pflanzen: Tont\u00f6pfe eignen sich hervorragend f\u00fcr die Bougainvillea, da sie mehr Feuchtigkeit speichern als andere T\u00f6pfe, so dass die Pflanze l\u00e4nger hydratisiert bleibt.<\/p>\n<p>Wissenschaftlicher Name: Bougainvillea<br \/>\nDeutscher Name: Drillingsblume<br \/>\nHerkunft: Spanien<br \/>\nWuchsh\u00f6he: bis zu 15 Meter<br \/>\nWinterhart: Nein<br \/>\nHitzeempfindlich: Nein<br \/>\nWindempfindlich: Ja<br \/>\nAls Bonsai geeignet: Ja<br \/>\nPflanzenh\u00f6he: ca. 20 \u2013 30 cm<br \/>\nLieferform: Ballenpflanzen<br \/>\nFarben: lila, rosa, weiss<\/p>\n","protected":false},"excerpt":{"rendered":"<p>Bougainvillea kaufen &#8211; Drillingsblume in verschiedenen Farben direkt aus der Baumschule in Spanien.<\/p>\n<p>Erh\u00e4ltlich von Mai bis Oktober<\/p>\n<p>&nbsp;<\/p>\n","protected":false},"featured_media":2100,"template":"","meta":[],"product_brand":[],"product_cat":[109,111],"product_tag":[],"woo-feed-brand":[],"class_list":{"0":"post-2105","1":"product","2":"type-product","3":"status-publish","4":"has-post-thumbnail","6":"product_cat-bonsai","7":"product_cat-gartenpflanzen","9":"first","10":"outofstock","11":"shipping-taxable","12":"purchasable","13":"product-type-variable","14":"prodpage-classic"},"yoast_head":"<!-- This site is optimized with the Yoast SEO Premium plugin v22.0 (Yoast SEO v22.7) - https:\/\/yoast.com\/wordpress\/plugins\/seo\/ -->\n<title>Bougainvillea kaufen (Drillingsblume)<\/title>\n<meta name=\"description\" content=\"Bougainvillea (Drillingsblume) Jungpflanzen in verschiedenen Farben direkt aus der spanischen Baumschule ab\" \/>\n<meta name=\"robots\" content=\"index, follow, max-snippet:-1, max-image-preview:large, max-video-preview:-1\" \/>\n<link rel=\"canonical\" href=\"https:\/\/xedoo.com\/de\/produkt\/bougainvillea-drillingsblume-kaufen\/\" \/>\n<meta name=\"twitter:label1\" content=\"Gesch\u00e4tzte Lesezeit\" \/>\n\t<meta name=\"twitter:data1\" content=\"3\u00a0Minuten\" \/>\n<script type=\"application\/ld+json\" class=\"yoast-schema-graph\">{\"@context\":\"https:\/\/schema.org\",\"@graph\":[{\"@type\":\"WebPage\",\"@id\":\"https:\/\/xedoo.com\/de\/produkt\/bougainvillea-drillingsblume-kaufen\/\",\"url\":\"https:\/\/xedoo.com\/de\/produkt\/bougainvillea-drillingsblume-kaufen\/\",\"name\":\"Bougainvillea kaufen (Drillingsblume)\",\"isPartOf\":{\"@id\":\"https:\/\/xedoo.com\/de\/#website\"},\"primaryImageOfPage\":{\"@id\":\"https:\/\/xedoo.com\/de\/produkt\/bougainvillea-drillingsblume-kaufen\/#primaryimage\"},\"image\":{\"@id\":\"https:\/\/xedoo.com\/de\/produkt\/bougainvillea-drillingsblume-kaufen\/#primaryimage\"},\"thumbnailUrl\":\"https:\/\/xedoo.com\/wp-content\/uploads\/2022\/11\/bougainvillea-purple.jpg\",\"datePublished\":\"2022-11-23T08:10:40+00:00\",\"dateModified\":\"2024-04-07T16:38:00+00:00\",\"description\":\"Bougainvillea (Drillingsblume) Jungpflanzen in verschiedenen Farben direkt aus der spanischen Baumschule ab\",\"breadcrumb\":{\"@id\":\"https:\/\/xedoo.com\/de\/produkt\/bougainvillea-drillingsblume-kaufen\/#breadcrumb\"},\"inLanguage\":\"de\",\"potentialAction\":[{\"@type\":\"ReadAction\",\"target\":[\"https:\/\/xedoo.com\/de\/produkt\/bougainvillea-drillingsblume-kaufen\/\"]}]},{\"@type\":\"ImageObject\",\"inLanguage\":\"de\",\"@id\":\"https:\/\/xedoo.com\/de\/produkt\/bougainvillea-drillingsblume-kaufen\/#primaryimage\",\"url\":\"https:\/\/xedoo.com\/wp-content\/uploads\/2022\/11\/bougainvillea-purple.jpg\",\"contentUrl\":\"https:\/\/xedoo.com\/wp-content\/uploads\/2022\/11\/bougainvillea-purple.jpg\",\"width\":2500,\"height\":1667,\"caption\":\"bougainvillea kaufen\"},{\"@type\":\"BreadcrumbList\",\"@id\":\"https:\/\/xedoo.com\/de\/produkt\/bougainvillea-drillingsblume-kaufen\/#breadcrumb\",\"itemListElement\":[{\"@type\":\"ListItem\",\"position\":1,\"name\":\"Home\",\"item\":\"https:\/\/xedoo.com\/de\/\"},{\"@type\":\"ListItem\",\"position\":2,\"name\":\"Mediterrane Baumschule, G\u00e4rtnerei M\u00e1laga, Spanien &#8211; Xedoo.com\",\"item\":\"https:\/\/xedoo.com\/de\/\"},{\"@type\":\"ListItem\",\"position\":3,\"name\":\"Bougainvillea (Drillingsblume)\"}]},{\"@type\":\"WebSite\",\"@id\":\"https:\/\/xedoo.com\/de\/#website\",\"url\":\"https:\/\/xedoo.com\/de\/\",\"name\":\"Xedoo.com\",\"description\":\"\",\"publisher\":{\"@id\":\"https:\/\/xedoo.com\/de\/#organization\"},\"potentialAction\":[{\"@type\":\"SearchAction\",\"target\":{\"@type\":\"EntryPoint\",\"urlTemplate\":\"https:\/\/xedoo.com\/de\/?s={search_term_string}\"},\"query-input\":\"required name=search_term_string\"}],\"inLanguage\":\"de\"},{\"@type\":\"Organization\",\"@id\":\"https:\/\/xedoo.com\/de\/#organization\",\"name\":\"Xedoo\",\"url\":\"https:\/\/xedoo.com\/de\/\",\"logo\":{\"@type\":\"ImageObject\",\"inLanguage\":\"de\",\"@id\":\"https:\/\/xedoo.com\/de\/#\/schema\/logo\/image\/\",\"url\":\"https:\/\/xedoo.com\/wp-content\/uploads\/2021\/12\/cropped-cropped-logo-new.jpg\",\"contentUrl\":\"https:\/\/xedoo.com\/wp-content\/uploads\/2021\/12\/cropped-cropped-logo-new.jpg\",\"width\":240,\"height\":84,\"caption\":\"Xedoo\"},\"image\":{\"@id\":\"https:\/\/xedoo.com\/de\/#\/schema\/logo\/image\/\"}}]}<\/script>\n<!-- \/ Yoast SEO Premium plugin. -->","yoast_head_json":{"title":"Bougainvillea kaufen (Drillingsblume)","description":"Bougainvillea (Drillingsblume) Jungpflanzen in verschiedenen Farben direkt aus der spanischen Baumschule ab","robots":{"index":"index","follow":"follow","max-snippet":"max-snippet:-1","max-image-preview":"max-image-preview:large","max-video-preview":"max-video-preview:-1"},"canonical":"https:\/\/xedoo.com\/de\/produkt\/bougainvillea-drillingsblume-kaufen\/","twitter_misc":{"Gesch\u00e4tzte Lesezeit":"3\u00a0Minuten"},"schema":{"@context":"https:\/\/schema.org","@graph":[{"@type":"WebPage","@id":"https:\/\/xedoo.com\/de\/produkt\/bougainvillea-drillingsblume-kaufen\/","url":"https:\/\/xedoo.com\/de\/produkt\/bougainvillea-drillingsblume-kaufen\/","name":"Bougainvillea kaufen (Drillingsblume)","isPartOf":{"@id":"https:\/\/xedoo.com\/de\/#website"},"primaryImageOfPage":{"@id":"https:\/\/xedoo.com\/de\/produkt\/bougainvillea-drillingsblume-kaufen\/#primaryimage"},"image":{"@id":"https:\/\/xedoo.com\/de\/produkt\/bougainvillea-drillingsblume-kaufen\/#primaryimage"},"thumbnailUrl":"https:\/\/xedoo.com\/wp-content\/uploads\/2022\/11\/bougainvillea-purple.jpg","datePublished":"2022-11-23T08:10:40+00:00","dateModified":"2024-04-07T16:38:00+00:00","description":"Bougainvillea (Drillingsblume) Jungpflanzen in verschiedenen Farben direkt aus der spanischen Baumschule ab","breadcrumb":{"@id":"https:\/\/xedoo.com\/de\/produkt\/bougainvillea-drillingsblume-kaufen\/#breadcrumb"},"inLanguage":"de","potentialAction":[{"@type":"ReadAction","target":["https:\/\/xedoo.com\/de\/produkt\/bougainvillea-drillingsblume-kaufen\/"]}]},{"@type":"ImageObject","inLanguage":"de","@id":"https:\/\/xedoo.com\/de\/produkt\/bougainvillea-drillingsblume-kaufen\/#primaryimage","url":"https:\/\/xedoo.com\/wp-content\/uploads\/2022\/11\/bougainvillea-purple.jpg","contentUrl":"https:\/\/xedoo.com\/wp-content\/uploads\/2022\/11\/bougainvillea-purple.jpg","width":2500,"height":1667,"caption":"bougainvillea kaufen"},{"@type":"BreadcrumbList","@id":"https:\/\/xedoo.com\/de\/produkt\/bougainvillea-drillingsblume-kaufen\/#breadcrumb","itemListElement":[{"@type":"ListItem","position":1,"name":"Home","item":"https:\/\/xedoo.com\/de\/"},{"@type":"ListItem","position":2,"name":"Mediterrane Baumschule, G\u00e4rtnerei M\u00e1laga, Spanien &#8211; Xedoo.com","item":"https:\/\/xedoo.com\/de\/"},{"@type":"ListItem","position":3,"name":"Bougainvillea (Drillingsblume)"}]},{"@type":"WebSite","@id":"https:\/\/xedoo.com\/de\/#website","url":"https:\/\/xedoo.com\/de\/","name":"Xedoo.com","description":"","publisher":{"@id":"https:\/\/xedoo.com\/de\/#organization"},"potentialAction":[{"@type":"SearchAction","target":{"@type":"EntryPoint","urlTemplate":"https:\/\/xedoo.com\/de\/?s={search_term_string}"},"query-input":"required name=search_term_string"}],"inLanguage":"de"},{"@type":"Organization","@id":"https:\/\/xedoo.com\/de\/#organization","name":"Xedoo","url":"https:\/\/xedoo.com\/de\/","logo":{"@type":"ImageObject","inLanguage":"de","@id":"https:\/\/xedoo.com\/de\/#\/schema\/logo\/image\/","url":"https:\/\/xedoo.com\/wp-content\/uploads\/2021\/12\/cropped-cropped-logo-new.jpg","contentUrl":"https:\/\/xedoo.com\/wp-content\/uploads\/2021\/12\/cropped-cropped-logo-new.jpg","width":240,"height":84,"caption":"Xedoo"},"image":{"@id":"https:\/\/xedoo.com\/de\/#\/schema\/logo\/image\/"}}]}},"_links":{"self":[{"href":"https:\/\/xedoo.com\/de\/wp-json\/wp\/v2\/product\/2105"}],"collection":[{"href":"https:\/\/xedoo.com\/de\/wp-json\/wp\/v2\/product"}],"about":[{"href":"https:\/\/xedoo.com\/de\/wp-json\/wp\/v2\/types\/product"}],"wp:featuredmedia":[{"embeddable":true,"href":"https:\/\/xedoo.com\/de\/wp-json\/wp\/v2\/media\/2100"}],"wp:attachment":[{"href":"https:\/\/xedoo.com\/de\/wp-json\/wp\/v2\/media?parent=2105"}],"wp:term":[{"taxonomy":"product_brand","embeddable":true,"href":"https:\/\/xedoo.com\/de\/wp-json\/wp\/v2\/product_brand?post=2105"},{"taxonomy":"product_cat","embeddable":true,"href":"https:\/\/xedoo.com\/de\/wp-json\/wp\/v2\/product_cat?post=2105"},{"taxonomy":"product_tag","embeddable":true,"href":"https:\/\/xedoo.com\/de\/wp-json\/wp\/v2\/product_tag?post=2105"},{"taxonomy":"woo-feed-brand","embeddable":true,"href":"https:\/\/xedoo.com\/de\/wp-json\/wp\/v2\/woo-feed-brand?post=2105"}],"curies":[{"name":"wp","href":"https:\/\/api.w.org\/{rel}","templated":true}]}}