{"id":289,"date":"2021-10-01T05:19:13","date_gmt":"2021-08-19T13:59:48","guid":{"rendered":"https:\/\/xedoo.com\/?post_type=product&#038;p=289"},"modified":"2025-05-05T20:02:08","modified_gmt":"2025-05-05T18:02:08","slug":"johannisbrot-schoten-getrocknet","status":"publish","type":"product","link":"https:\/\/xedoo.com\/de\/produkt\/johannisbrot-schoten-getrocknet\/","title":{"rendered":"Johannisbrot Schoten (Ceratonia siliqua)"},"content":{"rendered":"<p>Die Johannisbrotschoten stammen aus eigenem Anbau ohne jegliche Chemie und sind das ganze Jahr \u00fcber frisch verf\u00fcgbar, da sie nur bei Bestellung direkt vom Baum gepfl\u00fcckt werden.<\/p>\n<p>Johannisbrot Schoten (ab EUR 8,99\/kg) sind die Fr\u00fcchte des Johannisbrotbaum (Ceratonia siliqua), die die Form einer Schote hat und im Inneren 8 bis 12 Samen enth\u00e4lt.<\/p>\n<p>Diese Frucht ist reich an Antioxidantien, haupts\u00e4chlich Polyphenolen, und kann als Alternative zu Kakaopulver oder Schokolade verwendet werden, da sie einen \u00e4hnlichen Geschmack hat. Au\u00dferdem hat Johannisbrot nur wenige Kalorien und ist eine gute Quelle f\u00fcr Ballaststoffe und B-Vitamine, Kalzium und Magnesium.<\/p>\n<p><strong>Verwendungszwecke<\/strong><br \/>\nJohannisbrotschoten werden nicht nur als Ersatz f\u00fcr Schokolade und Kakaopulver verwendet, sondern bieten dem K\u00f6rper auch die folgenden Vorteile:<\/p>\n<p><strong>1. F\u00fcr die Gesundheit des Magen-Darm-Trakts.<\/strong><br \/>\nJohannisbrot Schoten enthalten Ballaststoffe (Pektine) und Tannine, die helfen, Durchfall zu reduzieren, die Verdauung zu verbessern, \u00dcbers\u00e4uerung zu verhindern, Erbrechen zu reduzieren und eine gesunde Darmflora zu erhalten. Hat auch eine Anti-Reflux-Wirkung, was sie zu einer guten Zutat f\u00fcr S\u00e4uglingsnahrung machen.<\/p>\n<p><strong>2. Hilft, Cholesterin und Triglyceride zu senken.<\/strong><br \/>\nBio Johannisbrotschoten sind reich an Antioxidantien, was zur Senkung des &#8220;schlechten&#8221; Cholesterinspiegels (LDL) und der Triglyceride beitr\u00e4gt und so die Vorbeugung von Herzkrankheiten wie z. B. Atherosklerose f\u00f6rdert, da Antioxidantien die Ablagerung von Fett in den Arterien verhindern und die Aufnahme von Fetten durch den K\u00f6rper verringern.<\/p>\n<p><strong>3. Hilfe bei der Kontrolle von Diabetes<\/strong><br \/>\nDa Johannisbrot Schoten reich an Ballaststoffen wie Pektin sind, ist es m\u00f6glich, glyk\u00e4mische Spitzen zu vermeiden und die Menge des im K\u00f6rper zirkulierenden Zuckers zu verringern. Wenn Lebensmittel mit Johannisbrot angereichert werden, kann auch ihr glyk\u00e4mischer Index sinken, was ebenfalls zur Regulierung des Blutzuckerspiegels beitr\u00e4gt.<\/p>\n<p><strong>4. F\u00f6rdert die Knochengesundheit<\/strong><br \/>\nJohannisbrot ist reich an Kalzium und Magnesium, die zur Verbesserung der Knochendichte und damit zur St\u00e4rkung von Knochen und Z\u00e4hnen beitragen und so beispielsweise Knochenbr\u00fcchen und Osteoporose vorbeugen.<\/p>\n<p><strong>5. F\u00f6rderung der Gewichtsabnahme<\/strong><br \/>\nDa Johannisbrot kalorienarm, ballaststoffreich und fettarm ist, kann es im Rahmen einer gesunden und ausgewogenen Ern\u00e4hrung dazu beitragen, das S\u00e4ttigungsgef\u00fchl zu steigern, was wiederum zur Gewichtsabnahme beitr\u00e4gt.<\/p>\n<p><strong>6. Er beeintr\u00e4chtigt nicht die Qualit\u00e4t des Schlafs<\/strong><br \/>\nDa es kein Koffein enth\u00e4lt und einen s\u00fc\u00dfen Geschmack hat, kann Johannisbrot als Ersatz f\u00fcr Schokolade und Kakao verwendet werden und kann nachts konsumiert werden, ohne die Schlafqualit\u00e4t zu beeintr\u00e4chtigen, wenn man empfindlich auf Koffein reagiert.<\/p>\n<p><strong>7. Es k\u00f6nnte \u00fcber krebshemmende Eigenschaften verf\u00fcgen<\/strong><br \/>\nDa der Johannisbrotbaum reich an Antioxidantien ist, k\u00f6nnte es die Zellen vor Sch\u00e4den durch freie Radikale sch\u00fctzen und dar\u00fcber hinaus eine entz\u00fcndungshemmende Wirkung aus\u00fcben, was zur Vorbeugung von Krebs beitragen k\u00f6nnte. Es sind jedoch noch weitere Studien erforderlich, bevor diese Wirkung von Johannisbrot best\u00e4tigt werden kann.<\/p>\n<p><strong>Wie man Johannisbrot verwendet<\/strong><br \/>\nJohannisbrot kann in Form von Pulver oder Mehl bei der Zubereitung von Lebensmitteln wie Kuchen, Pudding, Keksen, Pfannkuchen und S\u00fc\u00dfigkeiten als Ersatz f\u00fcr Kakaopulver oder Schokolade selbst verwendet werden.<\/p>\n<p>Johannisbrotkernmehl, besser bekannt als Johannisbrotkernmehl, kann ebenfalls aus den Samen gewonnen werden und dient als Verdickungsmittel, Emulgator und Geliermittel in verschiedenen Industrieprodukten. Dar\u00fcber hinaus wird es auch in einigen S\u00e4uglingsnahrungen verwendet, um die Nahrung zu verdicken und Reflux und Erbrechen zu reduzieren.<\/p>\n<p><strong>Johannisbrotkernmehl oder Johannisbrotkernmehl bei Erbrechen oder Reflux<\/strong><br \/>\nMischen Sie 1 Essl\u00f6ffel Mehl mit 1 Glas Wasser und trinken Sie es. Bei S\u00e4uglingen sollte die Menge zwischen 1,2 und 2,4 g Mehl auf 120 ml Milch liegen.<\/p>\n<p><strong>Johannisbrotmehl gegen Durchfall<\/strong><br \/>\nMischen Sie 25 g Mehl in 1 Glas Wasser oder warme Milch. Nach jedem Durchfall trinken. Wenn dieses Rezept aus Johannisbrotmehl mit Sonnenblumenkernmehl und Reismehl gemischt wird, kann es auch bei Babys und schwangeren Frauen gegen Durchfall eingesetzt werden.<\/p>\n<p>Bio Johannisbrotschoten kaufen aus eigenem Anbau. In den Schoten befinden sich die Samen des Johannisbrotbaum. Jede Schote enth\u00e4lt 8-12 Samen, die eine Haltbarkeit von ca. 10 Jahren besitzen. Die Schoten sind daher auch f\u00fcr alle geeignet, die einen Johannisbrotbaum pflanzen m\u00f6chten.<\/p>\n","protected":false},"excerpt":{"rendered":"<p>Frische Johannisbrotschoten aus \u00f6kologischem Anbau direkt vom Johannisbrotbaum auf Ihren Tisch ab 8.99 \u20ac \/ Kg. Verkaufseinheiten 2.5 Kg, 5Kg, 10 Kg. Gr\u00f6\u00dfere Mengen auf Anfrage.<\/p>\n","protected":false},"featured_media":290,"template":"","meta":[],"product_brand":[],"product_cat":[111],"product_tag":[],"woo-feed-brand":[],"class_list":{"0":"post-289","1":"product","2":"type-product","3":"status-publish","4":"has-post-thumbnail","6":"product_cat-gartenpflanzen","8":"first","9":"outofstock","10":"shipping-taxable","11":"purchasable","12":"product-type-variable","13":"prodpage-classic"},"yoast_head":"<!-- This site is optimized with the Yoast SEO Premium plugin v22.0 (Yoast SEO v22.7) - https:\/\/yoast.com\/wordpress\/plugins\/seo\/ -->\n<title>Johannisbrot Schoten (Ceratonia siliqua) kaufen ab 8.99 \u20ac \/ Kg \u2618\ufe0f<\/title>\n<meta name=\"description\" content=\"Frische Bio Johannisbrotschoten kaufen aus \u00f6kologischem Anbau direkt vom Johannisbrotbaum in Spanien auf Ihren Tisch ab 8.99 \u20ac \/ Kg.\" \/>\n<meta name=\"robots\" content=\"index, follow, max-snippet:-1, max-image-preview:large, max-video-preview:-1\" \/>\n<link rel=\"canonical\" href=\"https:\/\/xedoo.com\/de\/produkt\/johannisbrot-schoten-getrocknet\/\" \/>\n<meta name=\"twitter:label1\" content=\"Gesch\u00e4tzte Lesezeit\" \/>\n\t<meta name=\"twitter:data1\" content=\"3\u00a0Minuten\" \/>\n<script type=\"application\/ld+json\" class=\"yoast-schema-graph\">{\"@context\":\"https:\/\/schema.org\",\"@graph\":[{\"@type\":\"WebPage\",\"@id\":\"https:\/\/xedoo.com\/de\/produkt\/johannisbrot-schoten-getrocknet\/\",\"url\":\"https:\/\/xedoo.com\/de\/produkt\/johannisbrot-schoten-getrocknet\/\",\"name\":\"Johannisbrot Schoten (Ceratonia siliqua) kaufen ab 8.99 \u20ac \/ Kg \u2618\ufe0f\",\"isPartOf\":{\"@id\":\"https:\/\/xedoo.com\/de\/#website\"},\"primaryImageOfPage\":{\"@id\":\"https:\/\/xedoo.com\/de\/produkt\/johannisbrot-schoten-getrocknet\/#primaryimage\"},\"image\":{\"@id\":\"https:\/\/xedoo.com\/de\/produkt\/johannisbrot-schoten-getrocknet\/#primaryimage\"},\"thumbnailUrl\":\"https:\/\/xedoo.com\/wp-content\/uploads\/2021\/08\/johannisbrot-schoten-getrocknet-1.jpg\",\"datePublished\":\"2021-08-19T13:59:48+00:00\",\"dateModified\":\"2025-05-05T18:02:08+00:00\",\"description\":\"Frische Bio Johannisbrotschoten kaufen aus \u00f6kologischem Anbau direkt vom Johannisbrotbaum in Spanien auf Ihren Tisch ab 8.99 \u20ac \/ Kg.\",\"breadcrumb\":{\"@id\":\"https:\/\/xedoo.com\/de\/produkt\/johannisbrot-schoten-getrocknet\/#breadcrumb\"},\"inLanguage\":\"de\",\"potentialAction\":[{\"@type\":\"ReadAction\",\"target\":[\"https:\/\/xedoo.com\/de\/produkt\/johannisbrot-schoten-getrocknet\/\"]}]},{\"@type\":\"ImageObject\",\"inLanguage\":\"de\",\"@id\":\"https:\/\/xedoo.com\/de\/produkt\/johannisbrot-schoten-getrocknet\/#primaryimage\",\"url\":\"https:\/\/xedoo.com\/wp-content\/uploads\/2021\/08\/johannisbrot-schoten-getrocknet-1.jpg\",\"contentUrl\":\"https:\/\/xedoo.com\/wp-content\/uploads\/2021\/08\/johannisbrot-schoten-getrocknet-1.jpg\",\"width\":1280,\"height\":853,\"caption\":\"Bio Johannisbrotschoten kaufen\"},{\"@type\":\"BreadcrumbList\",\"@id\":\"https:\/\/xedoo.com\/de\/produkt\/johannisbrot-schoten-getrocknet\/#breadcrumb\",\"itemListElement\":[{\"@type\":\"ListItem\",\"position\":1,\"name\":\"Home\",\"item\":\"https:\/\/xedoo.com\/de\/\"},{\"@type\":\"ListItem\",\"position\":2,\"name\":\"Mediterrane Baumschule, G\u00e4rtnerei M\u00e1laga, Spanien &#8211; Xedoo.com\",\"item\":\"https:\/\/xedoo.com\/de\/\"},{\"@type\":\"ListItem\",\"position\":3,\"name\":\"Johannisbrot Schoten (Ceratonia siliqua)\"}]},{\"@type\":\"WebSite\",\"@id\":\"https:\/\/xedoo.com\/de\/#website\",\"url\":\"https:\/\/xedoo.com\/de\/\",\"name\":\"Xedoo.com\",\"description\":\"\",\"publisher\":{\"@id\":\"https:\/\/xedoo.com\/de\/#organization\"},\"potentialAction\":[{\"@type\":\"SearchAction\",\"target\":{\"@type\":\"EntryPoint\",\"urlTemplate\":\"https:\/\/xedoo.com\/de\/?s={search_term_string}\"},\"query-input\":\"required name=search_term_string\"}],\"inLanguage\":\"de\"},{\"@type\":\"Organization\",\"@id\":\"https:\/\/xedoo.com\/de\/#organization\",\"name\":\"Xedoo\",\"url\":\"https:\/\/xedoo.com\/de\/\",\"logo\":{\"@type\":\"ImageObject\",\"inLanguage\":\"de\",\"@id\":\"https:\/\/xedoo.com\/de\/#\/schema\/logo\/image\/\",\"url\":\"https:\/\/xedoo.com\/wp-content\/uploads\/2021\/12\/cropped-cropped-logo-new.jpg\",\"contentUrl\":\"https:\/\/xedoo.com\/wp-content\/uploads\/2021\/12\/cropped-cropped-logo-new.jpg\",\"width\":240,\"height\":84,\"caption\":\"Xedoo\"},\"image\":{\"@id\":\"https:\/\/xedoo.com\/de\/#\/schema\/logo\/image\/\"}}]}<\/script>\n<!-- \/ Yoast SEO Premium plugin. -->","yoast_head_json":{"title":"Johannisbrot Schoten (Ceratonia siliqua) kaufen ab 8.99 \u20ac \/ Kg \u2618\ufe0f","description":"Frische Bio Johannisbrotschoten kaufen aus \u00f6kologischem Anbau direkt vom Johannisbrotbaum in Spanien auf Ihren Tisch ab 8.99 \u20ac \/ Kg.","robots":{"index":"index","follow":"follow","max-snippet":"max-snippet:-1","max-image-preview":"max-image-preview:large","max-video-preview":"max-video-preview:-1"},"canonical":"https:\/\/xedoo.com\/de\/produkt\/johannisbrot-schoten-getrocknet\/","twitter_misc":{"Gesch\u00e4tzte Lesezeit":"3\u00a0Minuten"},"schema":{"@context":"https:\/\/schema.org","@graph":[{"@type":"WebPage","@id":"https:\/\/xedoo.com\/de\/produkt\/johannisbrot-schoten-getrocknet\/","url":"https:\/\/xedoo.com\/de\/produkt\/johannisbrot-schoten-getrocknet\/","name":"Johannisbrot Schoten (Ceratonia siliqua) kaufen ab 8.99 \u20ac \/ Kg \u2618\ufe0f","isPartOf":{"@id":"https:\/\/xedoo.com\/de\/#website"},"primaryImageOfPage":{"@id":"https:\/\/xedoo.com\/de\/produkt\/johannisbrot-schoten-getrocknet\/#primaryimage"},"image":{"@id":"https:\/\/xedoo.com\/de\/produkt\/johannisbrot-schoten-getrocknet\/#primaryimage"},"thumbnailUrl":"https:\/\/xedoo.com\/wp-content\/uploads\/2021\/08\/johannisbrot-schoten-getrocknet-1.jpg","datePublished":"2021-08-19T13:59:48+00:00","dateModified":"2025-05-05T18:02:08+00:00","description":"Frische Bio Johannisbrotschoten kaufen aus \u00f6kologischem Anbau direkt vom Johannisbrotbaum in Spanien auf Ihren Tisch ab 8.99 \u20ac \/ Kg.","breadcrumb":{"@id":"https:\/\/xedoo.com\/de\/produkt\/johannisbrot-schoten-getrocknet\/#breadcrumb"},"inLanguage":"de","potentialAction":[{"@type":"ReadAction","target":["https:\/\/xedoo.com\/de\/produkt\/johannisbrot-schoten-getrocknet\/"]}]},{"@type":"ImageObject","inLanguage":"de","@id":"https:\/\/xedoo.com\/de\/produkt\/johannisbrot-schoten-getrocknet\/#primaryimage","url":"https:\/\/xedoo.com\/wp-content\/uploads\/2021\/08\/johannisbrot-schoten-getrocknet-1.jpg","contentUrl":"https:\/\/xedoo.com\/wp-content\/uploads\/2021\/08\/johannisbrot-schoten-getrocknet-1.jpg","width":1280,"height":853,"caption":"Bio Johannisbrotschoten kaufen"},{"@type":"BreadcrumbList","@id":"https:\/\/xedoo.com\/de\/produkt\/johannisbrot-schoten-getrocknet\/#breadcrumb","itemListElement":[{"@type":"ListItem","position":1,"name":"Home","item":"https:\/\/xedoo.com\/de\/"},{"@type":"ListItem","position":2,"name":"Mediterrane Baumschule, G\u00e4rtnerei M\u00e1laga, Spanien &#8211; Xedoo.com","item":"https:\/\/xedoo.com\/de\/"},{"@type":"ListItem","position":3,"name":"Johannisbrot Schoten (Ceratonia siliqua)"}]},{"@type":"WebSite","@id":"https:\/\/xedoo.com\/de\/#website","url":"https:\/\/xedoo.com\/de\/","name":"Xedoo.com","description":"","publisher":{"@id":"https:\/\/xedoo.com\/de\/#organization"},"potentialAction":[{"@type":"SearchAction","target":{"@type":"EntryPoint","urlTemplate":"https:\/\/xedoo.com\/de\/?s={search_term_string}"},"query-input":"required name=search_term_string"}],"inLanguage":"de"},{"@type":"Organization","@id":"https:\/\/xedoo.com\/de\/#organization","name":"Xedoo","url":"https:\/\/xedoo.com\/de\/","logo":{"@type":"ImageObject","inLanguage":"de","@id":"https:\/\/xedoo.com\/de\/#\/schema\/logo\/image\/","url":"https:\/\/xedoo.com\/wp-content\/uploads\/2021\/12\/cropped-cropped-logo-new.jpg","contentUrl":"https:\/\/xedoo.com\/wp-content\/uploads\/2021\/12\/cropped-cropped-logo-new.jpg","width":240,"height":84,"caption":"Xedoo"},"image":{"@id":"https:\/\/xedoo.com\/de\/#\/schema\/logo\/image\/"}}]}},"_links":{"self":[{"href":"https:\/\/xedoo.com\/de\/wp-json\/wp\/v2\/product\/289"}],"collection":[{"href":"https:\/\/xedoo.com\/de\/wp-json\/wp\/v2\/product"}],"about":[{"href":"https:\/\/xedoo.com\/de\/wp-json\/wp\/v2\/types\/product"}],"wp:featuredmedia":[{"embeddable":true,"href":"https:\/\/xedoo.com\/de\/wp-json\/wp\/v2\/media\/290"}],"wp:attachment":[{"href":"https:\/\/xedoo.com\/de\/wp-json\/wp\/v2\/media?parent=289"}],"wp:term":[{"taxonomy":"product_brand","embeddable":true,"href":"https:\/\/xedoo.com\/de\/wp-json\/wp\/v2\/product_brand?post=289"},{"taxonomy":"product_cat","embeddable":true,"href":"https:\/\/xedoo.com\/de\/wp-json\/wp\/v2\/product_cat?post=289"},{"taxonomy":"product_tag","embeddable":true,"href":"https:\/\/xedoo.com\/de\/wp-json\/wp\/v2\/product_tag?post=289"},{"taxonomy":"woo-feed-brand","embeddable":true,"href":"https:\/\/xedoo.com\/de\/wp-json\/wp\/v2\/woo-feed-brand?post=289"}],"curies":[{"name":"wp","href":"https:\/\/api.w.org\/{rel}","templated":true}]}}