{"id":2991,"date":"2022-02-24T17:00:23","date_gmt":"2022-02-24T16:00:23","guid":{"rendered":"https:\/\/xedoo.com\/?post_type=product&#038;p=2991"},"modified":"2026-04-17T22:10:09","modified_gmt":"2026-04-17T20:10:09","slug":"juniperus-chinensis-kishu-jungpflanzen","status":"publish","type":"product","link":"https:\/\/xedoo.com\/de\/produkt\/juniperus-chinensis-kishu-jungpflanzen\/","title":{"rendered":"Juniperus Chinensis Kishu Wacholder"},"content":{"rendered":"<p>Juniperus Chinensis Kishu (Chinesischer Kishu Wacholder ) ist wie die Sorte Itoigawa eine Zwergform und erreicht eine maximale H\u00f6he von 1 Meter. Das Laub erinnert an den normalen Juniperus Chinensis, ist jedoch dichter und feiner. Die Sorte Kishu geh\u00f6rt neben der Sorte Itoigawa zu den begehrtesten und auch teuersten Wacholdergew\u00e4chsen. Der Kishu-Wacholder wird sehr h\u00e4ufig in der Bonsaigestaltung verwendet. In den Bergregionen Japans, aus denen diese Sorte stammt, gibt es aufgrund der intensiven Ernte kaum noch Pflanzen. Daher handelt es sich bei den meisten Exemplaren, die heute zu finden sind, ausschlie\u00dflich um Exemplare, die in speziellen Baumschulen gez\u00fcchtet wurden.<\/p>\n<p>Angeboten werden hier Jungpflanzen im Alter zwischen 2 und 6 Jahren und einer Gr\u00f6\u00dfe von 5-50 cm. Mit dieser Gr\u00f6\u00dfe lassen sich noch wundersch\u00f6ne Bonsais ganz nach pers\u00f6nlichem Geschmack gestalten.<\/p>\n<p>Wissenschaftlicher Name: Juniperus Chinensis Shimpaku var. Kishu<br \/>\nVolksname: Chinesischer Kishu Wacholder<br \/>\nWuchsh\u00f6he: Bis zu 1 Meter<br \/>\nK\u00e4lteempfindlich: Nein<br \/>\nHitzeempfindlich: Nein<br \/>\nWindempfindlich: Nein<br \/>\nAls Bonsai geeignet: Ja<br \/>\nVerf\u00fcgbare Gr\u00f6\u00dfen: 5\u201350 cm, Jungpflanzen, Pre Bonsai<br \/>\nAlter: 2-6 Jahre<\/p>\n","protected":false},"excerpt":{"rendered":"<p>Juniperus Chinensis Kishu kaufen (Chinesischer Kishu Wacholder) in verschiedenen Entwicklungsstadien und Gr\u00f6\u00dfen zur Kreation von perfekten Bonsais.<\/p>\n<p>&nbsp;<\/p>\n","protected":false},"featured_media":1989,"template":"","meta":[],"product_brand":[],"product_cat":[166],"product_tag":[],"woo-feed-brand":[],"class_list":{"0":"post-2991","1":"product","2":"type-product","3":"status-publish","4":"has-post-thumbnail","6":"product_cat-juniperus-chinensis-chinesischer-wacholder","8":"first","9":"instock","10":"featured","11":"shipping-taxable","12":"purchasable","13":"product-type-variable","14":"has-default-attributes","15":"prodpage-classic"},"yoast_head":"<!-- This site is optimized with the Yoast SEO Premium plugin v22.0 (Yoast SEO v22.7) - https:\/\/yoast.com\/wordpress\/plugins\/seo\/ -->\n<title>Juniperus Chinensis Kishu Wacholder<\/title>\n<meta name=\"description\" content=\"Juniperus Chinensis Kishu Wacholder Jungpflanzen in verschiedenen Entwicklungsstadien und Gr\u00f6\u00dfen zur Gestaltung von Bonsai ab \u20ac 4,90.\" \/>\n<meta name=\"robots\" content=\"index, follow, max-snippet:-1, max-image-preview:large, max-video-preview:-1\" \/>\n<link rel=\"canonical\" href=\"https:\/\/xedoo.com\/de\/produkt\/juniperus-chinensis-kishu-jungpflanzen\/\" \/>\n<meta name=\"twitter:label1\" content=\"Gesch\u00e4tzte Lesezeit\" \/>\n\t<meta name=\"twitter:data1\" content=\"1\u00a0Minute\" \/>\n<script type=\"application\/ld+json\" class=\"yoast-schema-graph\">{\"@context\":\"https:\/\/schema.org\",\"@graph\":[{\"@type\":\"WebPage\",\"@id\":\"https:\/\/xedoo.com\/de\/produkt\/juniperus-chinensis-kishu-jungpflanzen\/\",\"url\":\"https:\/\/xedoo.com\/de\/produkt\/juniperus-chinensis-kishu-jungpflanzen\/\",\"name\":\"Juniperus Chinensis Kishu Wacholder\",\"isPartOf\":{\"@id\":\"https:\/\/xedoo.com\/de\/#website\"},\"primaryImageOfPage\":{\"@id\":\"https:\/\/xedoo.com\/de\/produkt\/juniperus-chinensis-kishu-jungpflanzen\/#primaryimage\"},\"image\":{\"@id\":\"https:\/\/xedoo.com\/de\/produkt\/juniperus-chinensis-kishu-jungpflanzen\/#primaryimage\"},\"thumbnailUrl\":\"https:\/\/xedoo.com\/wp-content\/uploads\/2022\/02\/juniperus-chinensis-kishu-1.jpg\",\"datePublished\":\"2022-02-24T16:00:23+00:00\",\"dateModified\":\"2026-04-17T20:10:09+00:00\",\"description\":\"Juniperus Chinensis Kishu Wacholder Jungpflanzen in verschiedenen Entwicklungsstadien und Gr\u00f6\u00dfen zur Gestaltung von Bonsai ab \u20ac 4,90.\",\"breadcrumb\":{\"@id\":\"https:\/\/xedoo.com\/de\/produkt\/juniperus-chinensis-kishu-jungpflanzen\/#breadcrumb\"},\"inLanguage\":\"de\",\"potentialAction\":[{\"@type\":\"ReadAction\",\"target\":[\"https:\/\/xedoo.com\/de\/produkt\/juniperus-chinensis-kishu-jungpflanzen\/\"]}]},{\"@type\":\"ImageObject\",\"inLanguage\":\"de\",\"@id\":\"https:\/\/xedoo.com\/de\/produkt\/juniperus-chinensis-kishu-jungpflanzen\/#primaryimage\",\"url\":\"https:\/\/xedoo.com\/wp-content\/uploads\/2022\/02\/juniperus-chinensis-kishu-1.jpg\",\"contentUrl\":\"https:\/\/xedoo.com\/wp-content\/uploads\/2022\/02\/juniperus-chinensis-kishu-1.jpg\",\"width\":2500,\"height\":1667,\"caption\":\"Chinesischer Kishu Wacholder Jungpflanzen\"},{\"@type\":\"BreadcrumbList\",\"@id\":\"https:\/\/xedoo.com\/de\/produkt\/juniperus-chinensis-kishu-jungpflanzen\/#breadcrumb\",\"itemListElement\":[{\"@type\":\"ListItem\",\"position\":1,\"name\":\"Home\",\"item\":\"https:\/\/xedoo.com\/de\/\"},{\"@type\":\"ListItem\",\"position\":2,\"name\":\"Mediterrane Baumschule, G\u00e4rtnerei M\u00e1laga, Spanien &#8211; Xedoo.com\",\"item\":\"https:\/\/xedoo.com\/de\/\"},{\"@type\":\"ListItem\",\"position\":3,\"name\":\"Juniperus Chinensis Kishu Wacholder\"}]},{\"@type\":\"WebSite\",\"@id\":\"https:\/\/xedoo.com\/de\/#website\",\"url\":\"https:\/\/xedoo.com\/de\/\",\"name\":\"Xedoo.com\",\"description\":\"\",\"publisher\":{\"@id\":\"https:\/\/xedoo.com\/de\/#organization\"},\"potentialAction\":[{\"@type\":\"SearchAction\",\"target\":{\"@type\":\"EntryPoint\",\"urlTemplate\":\"https:\/\/xedoo.com\/de\/?s={search_term_string}\"},\"query-input\":\"required name=search_term_string\"}],\"inLanguage\":\"de\"},{\"@type\":\"Organization\",\"@id\":\"https:\/\/xedoo.com\/de\/#organization\",\"name\":\"Xedoo\",\"url\":\"https:\/\/xedoo.com\/de\/\",\"logo\":{\"@type\":\"ImageObject\",\"inLanguage\":\"de\",\"@id\":\"https:\/\/xedoo.com\/de\/#\/schema\/logo\/image\/\",\"url\":\"https:\/\/xedoo.com\/wp-content\/uploads\/2021\/12\/cropped-cropped-logo-new.jpg\",\"contentUrl\":\"https:\/\/xedoo.com\/wp-content\/uploads\/2021\/12\/cropped-cropped-logo-new.jpg\",\"width\":240,\"height\":84,\"caption\":\"Xedoo\"},\"image\":{\"@id\":\"https:\/\/xedoo.com\/de\/#\/schema\/logo\/image\/\"}}]}<\/script>\n<!-- \/ Yoast SEO Premium plugin. -->","yoast_head_json":{"title":"Juniperus Chinensis Kishu Wacholder","description":"Juniperus Chinensis Kishu Wacholder Jungpflanzen in verschiedenen Entwicklungsstadien und Gr\u00f6\u00dfen zur Gestaltung von Bonsai ab \u20ac 4,90.","robots":{"index":"index","follow":"follow","max-snippet":"max-snippet:-1","max-image-preview":"max-image-preview:large","max-video-preview":"max-video-preview:-1"},"canonical":"https:\/\/xedoo.com\/de\/produkt\/juniperus-chinensis-kishu-jungpflanzen\/","twitter_misc":{"Gesch\u00e4tzte Lesezeit":"1\u00a0Minute"},"schema":{"@context":"https:\/\/schema.org","@graph":[{"@type":"WebPage","@id":"https:\/\/xedoo.com\/de\/produkt\/juniperus-chinensis-kishu-jungpflanzen\/","url":"https:\/\/xedoo.com\/de\/produkt\/juniperus-chinensis-kishu-jungpflanzen\/","name":"Juniperus Chinensis Kishu Wacholder","isPartOf":{"@id":"https:\/\/xedoo.com\/de\/#website"},"primaryImageOfPage":{"@id":"https:\/\/xedoo.com\/de\/produkt\/juniperus-chinensis-kishu-jungpflanzen\/#primaryimage"},"image":{"@id":"https:\/\/xedoo.com\/de\/produkt\/juniperus-chinensis-kishu-jungpflanzen\/#primaryimage"},"thumbnailUrl":"https:\/\/xedoo.com\/wp-content\/uploads\/2022\/02\/juniperus-chinensis-kishu-1.jpg","datePublished":"2022-02-24T16:00:23+00:00","dateModified":"2026-04-17T20:10:09+00:00","description":"Juniperus Chinensis Kishu Wacholder Jungpflanzen in verschiedenen Entwicklungsstadien und Gr\u00f6\u00dfen zur Gestaltung von Bonsai ab \u20ac 4,90.","breadcrumb":{"@id":"https:\/\/xedoo.com\/de\/produkt\/juniperus-chinensis-kishu-jungpflanzen\/#breadcrumb"},"inLanguage":"de","potentialAction":[{"@type":"ReadAction","target":["https:\/\/xedoo.com\/de\/produkt\/juniperus-chinensis-kishu-jungpflanzen\/"]}]},{"@type":"ImageObject","inLanguage":"de","@id":"https:\/\/xedoo.com\/de\/produkt\/juniperus-chinensis-kishu-jungpflanzen\/#primaryimage","url":"https:\/\/xedoo.com\/wp-content\/uploads\/2022\/02\/juniperus-chinensis-kishu-1.jpg","contentUrl":"https:\/\/xedoo.com\/wp-content\/uploads\/2022\/02\/juniperus-chinensis-kishu-1.jpg","width":2500,"height":1667,"caption":"Chinesischer Kishu Wacholder Jungpflanzen"},{"@type":"BreadcrumbList","@id":"https:\/\/xedoo.com\/de\/produkt\/juniperus-chinensis-kishu-jungpflanzen\/#breadcrumb","itemListElement":[{"@type":"ListItem","position":1,"name":"Home","item":"https:\/\/xedoo.com\/de\/"},{"@type":"ListItem","position":2,"name":"Mediterrane Baumschule, G\u00e4rtnerei M\u00e1laga, Spanien &#8211; Xedoo.com","item":"https:\/\/xedoo.com\/de\/"},{"@type":"ListItem","position":3,"name":"Juniperus Chinensis Kishu Wacholder"}]},{"@type":"WebSite","@id":"https:\/\/xedoo.com\/de\/#website","url":"https:\/\/xedoo.com\/de\/","name":"Xedoo.com","description":"","publisher":{"@id":"https:\/\/xedoo.com\/de\/#organization"},"potentialAction":[{"@type":"SearchAction","target":{"@type":"EntryPoint","urlTemplate":"https:\/\/xedoo.com\/de\/?s={search_term_string}"},"query-input":"required name=search_term_string"}],"inLanguage":"de"},{"@type":"Organization","@id":"https:\/\/xedoo.com\/de\/#organization","name":"Xedoo","url":"https:\/\/xedoo.com\/de\/","logo":{"@type":"ImageObject","inLanguage":"de","@id":"https:\/\/xedoo.com\/de\/#\/schema\/logo\/image\/","url":"https:\/\/xedoo.com\/wp-content\/uploads\/2021\/12\/cropped-cropped-logo-new.jpg","contentUrl":"https:\/\/xedoo.com\/wp-content\/uploads\/2021\/12\/cropped-cropped-logo-new.jpg","width":240,"height":84,"caption":"Xedoo"},"image":{"@id":"https:\/\/xedoo.com\/de\/#\/schema\/logo\/image\/"}}]}},"_links":{"self":[{"href":"https:\/\/xedoo.com\/de\/wp-json\/wp\/v2\/product\/2991"}],"collection":[{"href":"https:\/\/xedoo.com\/de\/wp-json\/wp\/v2\/product"}],"about":[{"href":"https:\/\/xedoo.com\/de\/wp-json\/wp\/v2\/types\/product"}],"wp:featuredmedia":[{"embeddable":true,"href":"https:\/\/xedoo.com\/de\/wp-json\/wp\/v2\/media\/1989"}],"wp:attachment":[{"href":"https:\/\/xedoo.com\/de\/wp-json\/wp\/v2\/media?parent=2991"}],"wp:term":[{"taxonomy":"product_brand","embeddable":true,"href":"https:\/\/xedoo.com\/de\/wp-json\/wp\/v2\/product_brand?post=2991"},{"taxonomy":"product_cat","embeddable":true,"href":"https:\/\/xedoo.com\/de\/wp-json\/wp\/v2\/product_cat?post=2991"},{"taxonomy":"product_tag","embeddable":true,"href":"https:\/\/xedoo.com\/de\/wp-json\/wp\/v2\/product_tag?post=2991"},{"taxonomy":"woo-feed-brand","embeddable":true,"href":"https:\/\/xedoo.com\/de\/wp-json\/wp\/v2\/woo-feed-brand?post=2991"}],"curies":[{"name":"wp","href":"https:\/\/api.w.org\/{rel}","templated":true}]}}