{"id":3680,"date":"2024-04-25T09:22:31","date_gmt":"2024-04-25T07:22:31","guid":{"rendered":"https:\/\/xedoo.com\/?post_type=product&#038;p=3680"},"modified":"2026-01-31T12:52:44","modified_gmt":"2026-01-31T11:52:44","slug":"mittelmeer-kiefer-pinus-pinea-kaufen","status":"publish","type":"product","link":"https:\/\/xedoo.com\/de\/produkt\/mittelmeer-kiefer-pinus-pinea-kaufen\/","title":{"rendered":"Mittelmeer Kiefer, Pinus Pinea"},"content":{"rendered":"<p>Die Mittelmeer Kiefer (Pinus Pinea) geh\u00f6rt zur Gattung der Kiefern (Pinus) und stammt, wie aus dem Namen bereits hervorgeht, aus dem Mittelmeerraum. Der Baum kann eine Wuchsh\u00f6he von bis zu 30 Meter erreichen und ist \u00e4u\u00dferst anspruchslos bez\u00fcglich der Bodenqualit\u00e4t und des Klimas. Er gedeiht in n\u00e4hrstoffreichen B\u00f6den genauso wie auf kargen B\u00f6den, ja sogar auf rohem Fels ist er h\u00e4ufig anzutreffen. Pinus Pinea ist bekannt f\u00fcr seine essbaren Samen, den Pinienkernen, die gerne ger\u00f6stet oder roh in Salatrezepten Verwendung finden. Die Mittelmeer Kiefer als Jungpflanze eignet sich mit ihren sp\u00e4teren knorrigen \u00c4sten auch hervorragend zur Bonsaigestaltung, obwohl sie hier l\u00e4ngst nicht so oft Verwendung findet wie beispielsweise die M\u00e4dchenkiefer oder die Schwarzkiefer.<\/p>\n<p>Wissenschaftlicher Name: Pinus Pinea<br \/>\nDeutscher Name: Mittelmeer Kiefer, Italienische Steinkiefer, Schirmkiefer, Pinienfichte<br \/>\nHerkunft: Spanien<br \/>\nWuchsh\u00f6he: bis zu 30 Meter<br \/>\nWinterhart: Ja, bis \u2013 10 Grad Celsius<br \/>\nHitzeempfindlich: Nein<br \/>\nWindempfindlich: Nein<br \/>\nGeeignet als Bonsai: Ja<br \/>\nPflanzenh\u00f6he: 40-60cm<br \/>\nLieferform: Ballenpflanzen<\/p>\n","protected":false},"excerpt":{"rendered":"<p>Verkauf von Pinus Pinea (Mittelmeer Kiefer) B\u00e4umen<\/p>\n","protected":false},"featured_media":608,"template":"","meta":[],"product_brand":[],"product_cat":[111,107],"product_tag":[],"woo-feed-brand":[],"class_list":{"0":"post-3680","1":"product","2":"type-product","3":"status-publish","4":"has-post-thumbnail","6":"product_cat-gartenpflanzen","7":"product_cat-pinus-kiefern","9":"first","10":"outofstock","11":"shipping-taxable","12":"purchasable","13":"product-type-variable","14":"has-default-attributes","15":"prodpage-classic"},"yoast_head":"<!-- This site is optimized with the Yoast SEO Premium plugin v22.0 (Yoast SEO v22.7) - https:\/\/yoast.com\/wordpress\/plugins\/seo\/ -->\n<title>Mittelmeer Kiefer, Pinus Pinea kaufen \u2618\ufe0f<\/title>\n<meta name=\"description\" content=\"Mittelmeer Kiefer, Pinus Pinea Mittelmeer Kiefer, Pinus Pinea 30-50cm kaufen. Die Mittelmeer Kiefer ist bekannt f\u00fcr ihre essbaren Pinienkerne.\" \/>\n<meta name=\"robots\" content=\"index, follow, max-snippet:-1, max-image-preview:large, max-video-preview:-1\" \/>\n<link rel=\"canonical\" href=\"https:\/\/xedoo.com\/de\/produkt\/mittelmeer-kiefer-pinus-pinea-kaufen\/\" \/>\n<meta name=\"twitter:label1\" content=\"Gesch\u00e4tzte Lesezeit\" \/>\n\t<meta name=\"twitter:data1\" content=\"1\u00a0Minute\" \/>\n<script type=\"application\/ld+json\" class=\"yoast-schema-graph\">{\"@context\":\"https:\/\/schema.org\",\"@graph\":[{\"@type\":\"WebPage\",\"@id\":\"https:\/\/xedoo.com\/de\/produkt\/mittelmeer-kiefer-pinus-pinea-kaufen\/\",\"url\":\"https:\/\/xedoo.com\/de\/produkt\/mittelmeer-kiefer-pinus-pinea-kaufen\/\",\"name\":\"Mittelmeer Kiefer, Pinus Pinea kaufen \u2618\ufe0f\",\"isPartOf\":{\"@id\":\"https:\/\/xedoo.com\/de\/#website\"},\"primaryImageOfPage\":{\"@id\":\"https:\/\/xedoo.com\/de\/produkt\/mittelmeer-kiefer-pinus-pinea-kaufen\/#primaryimage\"},\"image\":{\"@id\":\"https:\/\/xedoo.com\/de\/produkt\/mittelmeer-kiefer-pinus-pinea-kaufen\/#primaryimage\"},\"thumbnailUrl\":\"https:\/\/xedoo.com\/wp-content\/uploads\/2021\/11\/pinus-pinea-mittelmeer-kiefer.jpg\",\"datePublished\":\"2024-04-25T07:22:31+00:00\",\"dateModified\":\"2026-01-31T11:52:44+00:00\",\"description\":\"Mittelmeer Kiefer, Pinus Pinea Mittelmeer Kiefer, Pinus Pinea 30-50cm kaufen. Die Mittelmeer Kiefer ist bekannt f\u00fcr ihre essbaren Pinienkerne.\",\"breadcrumb\":{\"@id\":\"https:\/\/xedoo.com\/de\/produkt\/mittelmeer-kiefer-pinus-pinea-kaufen\/#breadcrumb\"},\"inLanguage\":\"de\",\"potentialAction\":[{\"@type\":\"ReadAction\",\"target\":[\"https:\/\/xedoo.com\/de\/produkt\/mittelmeer-kiefer-pinus-pinea-kaufen\/\"]}]},{\"@type\":\"ImageObject\",\"inLanguage\":\"de\",\"@id\":\"https:\/\/xedoo.com\/de\/produkt\/mittelmeer-kiefer-pinus-pinea-kaufen\/#primaryimage\",\"url\":\"https:\/\/xedoo.com\/wp-content\/uploads\/2021\/11\/pinus-pinea-mittelmeer-kiefer.jpg\",\"contentUrl\":\"https:\/\/xedoo.com\/wp-content\/uploads\/2021\/11\/pinus-pinea-mittelmeer-kiefer.jpg\",\"width\":1204,\"height\":800,\"caption\":\"pinus-pinea-mittelmeer-kiefer\"},{\"@type\":\"BreadcrumbList\",\"@id\":\"https:\/\/xedoo.com\/de\/produkt\/mittelmeer-kiefer-pinus-pinea-kaufen\/#breadcrumb\",\"itemListElement\":[{\"@type\":\"ListItem\",\"position\":1,\"name\":\"Home\",\"item\":\"https:\/\/xedoo.com\/de\/\"},{\"@type\":\"ListItem\",\"position\":2,\"name\":\"Mediterrane Baumschule, G\u00e4rtnerei M\u00e1laga, Spanien &#8211; Xedoo.com\",\"item\":\"https:\/\/xedoo.com\/de\/\"},{\"@type\":\"ListItem\",\"position\":3,\"name\":\"Mittelmeer Kiefer, Pinus Pinea\"}]},{\"@type\":\"WebSite\",\"@id\":\"https:\/\/xedoo.com\/de\/#website\",\"url\":\"https:\/\/xedoo.com\/de\/\",\"name\":\"Xedoo.com\",\"description\":\"\",\"publisher\":{\"@id\":\"https:\/\/xedoo.com\/de\/#organization\"},\"potentialAction\":[{\"@type\":\"SearchAction\",\"target\":{\"@type\":\"EntryPoint\",\"urlTemplate\":\"https:\/\/xedoo.com\/de\/?s={search_term_string}\"},\"query-input\":\"required name=search_term_string\"}],\"inLanguage\":\"de\"},{\"@type\":\"Organization\",\"@id\":\"https:\/\/xedoo.com\/de\/#organization\",\"name\":\"Xedoo\",\"url\":\"https:\/\/xedoo.com\/de\/\",\"logo\":{\"@type\":\"ImageObject\",\"inLanguage\":\"de\",\"@id\":\"https:\/\/xedoo.com\/de\/#\/schema\/logo\/image\/\",\"url\":\"https:\/\/xedoo.com\/wp-content\/uploads\/2021\/12\/cropped-cropped-logo-new.jpg\",\"contentUrl\":\"https:\/\/xedoo.com\/wp-content\/uploads\/2021\/12\/cropped-cropped-logo-new.jpg\",\"width\":240,\"height\":84,\"caption\":\"Xedoo\"},\"image\":{\"@id\":\"https:\/\/xedoo.com\/de\/#\/schema\/logo\/image\/\"}}]}<\/script>\n<!-- \/ Yoast SEO Premium plugin. -->","yoast_head_json":{"title":"Mittelmeer Kiefer, Pinus Pinea kaufen \u2618\ufe0f","description":"Mittelmeer Kiefer, Pinus Pinea Mittelmeer Kiefer, Pinus Pinea 30-50cm kaufen. Die Mittelmeer Kiefer ist bekannt f\u00fcr ihre essbaren Pinienkerne.","robots":{"index":"index","follow":"follow","max-snippet":"max-snippet:-1","max-image-preview":"max-image-preview:large","max-video-preview":"max-video-preview:-1"},"canonical":"https:\/\/xedoo.com\/de\/produkt\/mittelmeer-kiefer-pinus-pinea-kaufen\/","twitter_misc":{"Gesch\u00e4tzte Lesezeit":"1\u00a0Minute"},"schema":{"@context":"https:\/\/schema.org","@graph":[{"@type":"WebPage","@id":"https:\/\/xedoo.com\/de\/produkt\/mittelmeer-kiefer-pinus-pinea-kaufen\/","url":"https:\/\/xedoo.com\/de\/produkt\/mittelmeer-kiefer-pinus-pinea-kaufen\/","name":"Mittelmeer Kiefer, Pinus Pinea kaufen \u2618\ufe0f","isPartOf":{"@id":"https:\/\/xedoo.com\/de\/#website"},"primaryImageOfPage":{"@id":"https:\/\/xedoo.com\/de\/produkt\/mittelmeer-kiefer-pinus-pinea-kaufen\/#primaryimage"},"image":{"@id":"https:\/\/xedoo.com\/de\/produkt\/mittelmeer-kiefer-pinus-pinea-kaufen\/#primaryimage"},"thumbnailUrl":"https:\/\/xedoo.com\/wp-content\/uploads\/2021\/11\/pinus-pinea-mittelmeer-kiefer.jpg","datePublished":"2024-04-25T07:22:31+00:00","dateModified":"2026-01-31T11:52:44+00:00","description":"Mittelmeer Kiefer, Pinus Pinea Mittelmeer Kiefer, Pinus Pinea 30-50cm kaufen. Die Mittelmeer Kiefer ist bekannt f\u00fcr ihre essbaren Pinienkerne.","breadcrumb":{"@id":"https:\/\/xedoo.com\/de\/produkt\/mittelmeer-kiefer-pinus-pinea-kaufen\/#breadcrumb"},"inLanguage":"de","potentialAction":[{"@type":"ReadAction","target":["https:\/\/xedoo.com\/de\/produkt\/mittelmeer-kiefer-pinus-pinea-kaufen\/"]}]},{"@type":"ImageObject","inLanguage":"de","@id":"https:\/\/xedoo.com\/de\/produkt\/mittelmeer-kiefer-pinus-pinea-kaufen\/#primaryimage","url":"https:\/\/xedoo.com\/wp-content\/uploads\/2021\/11\/pinus-pinea-mittelmeer-kiefer.jpg","contentUrl":"https:\/\/xedoo.com\/wp-content\/uploads\/2021\/11\/pinus-pinea-mittelmeer-kiefer.jpg","width":1204,"height":800,"caption":"pinus-pinea-mittelmeer-kiefer"},{"@type":"BreadcrumbList","@id":"https:\/\/xedoo.com\/de\/produkt\/mittelmeer-kiefer-pinus-pinea-kaufen\/#breadcrumb","itemListElement":[{"@type":"ListItem","position":1,"name":"Home","item":"https:\/\/xedoo.com\/de\/"},{"@type":"ListItem","position":2,"name":"Mediterrane Baumschule, G\u00e4rtnerei M\u00e1laga, Spanien &#8211; Xedoo.com","item":"https:\/\/xedoo.com\/de\/"},{"@type":"ListItem","position":3,"name":"Mittelmeer Kiefer, Pinus Pinea"}]},{"@type":"WebSite","@id":"https:\/\/xedoo.com\/de\/#website","url":"https:\/\/xedoo.com\/de\/","name":"Xedoo.com","description":"","publisher":{"@id":"https:\/\/xedoo.com\/de\/#organization"},"potentialAction":[{"@type":"SearchAction","target":{"@type":"EntryPoint","urlTemplate":"https:\/\/xedoo.com\/de\/?s={search_term_string}"},"query-input":"required name=search_term_string"}],"inLanguage":"de"},{"@type":"Organization","@id":"https:\/\/xedoo.com\/de\/#organization","name":"Xedoo","url":"https:\/\/xedoo.com\/de\/","logo":{"@type":"ImageObject","inLanguage":"de","@id":"https:\/\/xedoo.com\/de\/#\/schema\/logo\/image\/","url":"https:\/\/xedoo.com\/wp-content\/uploads\/2021\/12\/cropped-cropped-logo-new.jpg","contentUrl":"https:\/\/xedoo.com\/wp-content\/uploads\/2021\/12\/cropped-cropped-logo-new.jpg","width":240,"height":84,"caption":"Xedoo"},"image":{"@id":"https:\/\/xedoo.com\/de\/#\/schema\/logo\/image\/"}}]}},"_links":{"self":[{"href":"https:\/\/xedoo.com\/de\/wp-json\/wp\/v2\/product\/3680"}],"collection":[{"href":"https:\/\/xedoo.com\/de\/wp-json\/wp\/v2\/product"}],"about":[{"href":"https:\/\/xedoo.com\/de\/wp-json\/wp\/v2\/types\/product"}],"wp:featuredmedia":[{"embeddable":true,"href":"https:\/\/xedoo.com\/de\/wp-json\/wp\/v2\/media\/608"}],"wp:attachment":[{"href":"https:\/\/xedoo.com\/de\/wp-json\/wp\/v2\/media?parent=3680"}],"wp:term":[{"taxonomy":"product_brand","embeddable":true,"href":"https:\/\/xedoo.com\/de\/wp-json\/wp\/v2\/product_brand?post=3680"},{"taxonomy":"product_cat","embeddable":true,"href":"https:\/\/xedoo.com\/de\/wp-json\/wp\/v2\/product_cat?post=3680"},{"taxonomy":"product_tag","embeddable":true,"href":"https:\/\/xedoo.com\/de\/wp-json\/wp\/v2\/product_tag?post=3680"},{"taxonomy":"woo-feed-brand","embeddable":true,"href":"https:\/\/xedoo.com\/de\/wp-json\/wp\/v2\/woo-feed-brand?post=3680"}],"curies":[{"name":"wp","href":"https:\/\/api.w.org\/{rel}","templated":true}]}}