{"id":3718,"date":"2024-05-03T09:38:00","date_gmt":"2024-05-03T07:38:00","guid":{"rendered":"https:\/\/xedoo.com\/?post_type=product&#038;p=3718"},"modified":"2024-09-12T12:05:38","modified_gmt":"2024-09-12T10:05:38","slug":"pinus-parviflora-samen-japanische-maedchenkiefer-samen","status":"publish","type":"product","link":"https:\/\/xedoo.com\/de\/produkt\/pinus-parviflora-samen-japanische-maedchenkiefer-samen\/","title":{"rendered":"Pinus Parviflora Samen, japanische M\u00e4dchenkiefer Samen"},"content":{"rendered":"<p>Japanische M\u00e4dchenkiefer (Pinus Parviflora) Samen in einen wundersch\u00f6nen Bonsai zu verwandeln, ist ein lohnender, aber zeitaufw\u00e4ndiger Prozess, der Geduld, Liebe zum Detail und sorgf\u00e4ltige Pflege erfordert. Hier finden Sie eine detaillierte Schritt-f\u00fcr-Schritt-Anleitung zum Z\u00fcchten japanischer M\u00e4dchenkiefer-Bonsai aus Samen:<\/p>\n<h3>Saatvorbereitung:<\/h3>\n<p>&#8211; Weichen Sie die M\u00e4dchenkiefer Samen etwa 24 Stunden lang in Wasser mit Raumtemperatur ein, um die Au\u00dfenh\u00fclle aufzuweichen und die Keimung zu verbessern.<br \/>\n&#8211; Einige Enthusiasten empfehlen auch, die Samenschale leicht anzuschleifen, um die Keimung weiter zu f\u00f6rdern, dieser Schritt ist jedoch optional.<\/p>\n<h3>Substrat ausw\u00e4hlen:<\/h3>\n<p>&#8211; Bonsai-Erde sollte gut durchl\u00e4ssig sein und eine gute Bel\u00fcftung der Wurzeln gew\u00e4hrleisten. Sie k\u00f6nnen eine Mischung aus Akadama, Bimsstein und Lavastein zu gleichen Teilen verwenden. Alternativ k\u00f6nnen Sie auch eine handels\u00fcbliche Bonsai Erdemischung verwenden.<br \/>\n&#8211; Sterilisieren Sie die Erde, indem Sie sie etwa 30 Minuten lang bei 82 \u00b0C (180 \u00b0F) im Ofen backen, um alle Krankheitserreger und Unkrautsamen abzut\u00f6ten.<\/p>\n<h3>Containerauswahl:<\/h3>\n<p>&#8211; W\u00e4hlen Sie zum Einpflanzen Ihrer M\u00e4dchenkiefer Samen eine flache Bonsaischale mit Drainage L\u00f6chern. Die Gr\u00f6\u00dfe des Topfes h\u00e4ngt von der Gr\u00f6\u00dfe des S\u00e4mlings ab, den Sie z\u00fcchten m\u00f6chten.<\/p>\n<h3>Die Samen pflanzen:<\/h3>\n<p>&#8211; F\u00fcllen Sie die Bonsaischale mit der vorbereiteten Erdmischung und lassen Sie dabei etwa 1 cm (0,4 Zoll) Platz unter dem Rand.<br \/>\n&#8211; Pflanzen Sie die Samen in gleichm\u00e4\u00dfigen Abst\u00e4nden auf die Erdoberfl\u00e4che. Dr\u00fccken Sie sie vorsichtig in die Erde, aber vergraben Sie sie nicht zu tief.<br \/>\n&#8211; Befeuchten Sie die Bodenoberfl\u00e4che mit Wasser, um sie zu befeuchten.<\/p>\n<h3>Keimung:<\/h3>\n<p>&#8211; Stellen Sie den Topf an einen warmen, hellen Ort mit indirekter Sonneneinstrahlung. Vermeiden Sie es, ihn direktem Sonnenlicht auszusetzen, da dies dazu f\u00fchren kann, dass der Boden zu schnell austrocknet und die empfindlichen S\u00e4mlinge gesch\u00e4digt werden.<br \/>\n&#8211; Halten Sie den Boden stets feucht, aber nicht durchn\u00e4sst. M\u00f6glicherweise m\u00fcssen Sie den Boden regelm\u00e4\u00dfig bespr\u00fchen, um den Feuchtigkeitsgehalt aufrechtzuerhalten.<br \/>\n&#8211; Die Keimung kann einige Wochen bis mehrere Monate dauern. Seien Sie also geduldig und sorgen Sie weiterhin f\u00fcr die n\u00f6tige Pflege.<\/p>\n<h3>S\u00e4mlings Pflege:<\/h3>\n<p>&#8211; Sobald die S\u00e4mlinge erscheinen, versorgen Sie sie weiterhin mit hellem, indirektem Sonnenlicht und halten Sie die Erde gleichm\u00e4\u00dfig feucht.<br \/>\n&#8211; Wenn die S\u00e4mlinge wachsen, m\u00fcssen Sie sie m\u00f6glicherweise ausd\u00fcnnen, um den richtigen Abstand zu gew\u00e4hrleisten und den st\u00e4rksten S\u00e4mlingen das Gedeihen zu erm\u00f6glichen.<br \/>\n&#8211; D\u00fcngen Sie die S\u00e4mlinge w\u00e4hrend der Vegetationsperiode (Fr\u00fchjahr bis Herbst) alle zwei Wochen mit einem ausgewogenen Fl\u00fcssigd\u00fcnger, der auf die halbe St\u00e4rke verd\u00fcnnt ist.<\/p>\n<h3>Training und Beschneiden:<\/h3>\n<p>&#8211; W\u00e4hrend sich die S\u00e4mlinge entwickeln, k\u00f6nnen Sie beginnen, sie mithilfe von Drahttechniken in Bonsai-Formen zu formen. Seien Sie vorsichtig, um eine Besch\u00e4digung der jungen Zweige zu vermeiden.<br \/>\n&#8211; Beschneiden Sie die S\u00e4mlinge regelm\u00e4\u00dfig, um die Verzweigung zu f\u00f6rdern und die gew\u00fcnschte Form beizubehalten. Verwenden Sie eine scharfe Bonsai-Schere, um saubere Schnitte zu erzielen und ein Abrei\u00dfen der Zweige zu vermeiden.<\/p>\n<h3>Umtopfen:<\/h3>\n<p>&#8211; Wenn die S\u00e4mlinge aus ihren T\u00f6pfen herauswachsen, m\u00fcssen Sie sie in gr\u00f6\u00dfere Beh\u00e4lter umtopfen, um mehr Platz f\u00fcr das Wurzelwachstum zu schaffen. Das Umtopfen erfolgt in der Regel alle 2\u20133 Jahre im Fr\u00fchjahr.<br \/>\n&#8211; Nehmen Sie beim Umtopfen den S\u00e4mling vorsichtig aus dem Topf, schneiden Sie die Wurzeln ab und pflanzen Sie ihn in frische Bonsai-Erde um. Schneiden Sie \u00fcbersch\u00fcssiges Laub zur\u00fcck, um den Stress f\u00fcr die Pflanze zu verringern.<\/p>\n<h3>Pflege:<\/h3>\n<p>&#8211; Sorgen Sie weiterhin f\u00fcr die richtige Pflege und Wartung, einschlie\u00dflich regelm\u00e4\u00dfiger Bew\u00e4sserung, D\u00fcngung und Beschneidung, um Ihren M\u00e4dchenkiefer Bonsai gesund zu erhalten.<br \/>\n&#8211; \u00dcberwachen Sie die Bonsai auf Sch\u00e4dlinge und Krankheiten und ergreifen Sie geeignete Ma\u00dfnahmen, um auftretende Probleme zu beheben.<\/p>\n<p>Mit Hingabe und richtiger Pflege verwandelt sich Ihr Pinus Parviflora Bonsai nach und nach in ein atemberaubendes Meisterwerk, das Freude und Ruhe in Ihr Haus oder Ihren Garten bringt.<\/p>\n","protected":false},"excerpt":{"rendered":"<ul>\n<li>Hochwertige und frische Pinus Parviflora Samen (Japanische M\u00e4dchenkiefer)<\/li>\n<li>Keimzeit: 4-12 Wochen<\/li>\n<li>Vor stratifiziert: bereit zur sofortigen Aussaat<\/li>\n<li>F\u00fcr die Zucht von kerngesunden Japanischen M\u00e4dchenkiefer Bonsai<\/li>\n<li>Erh\u00e4ltlich von Mai bis Oktober<\/li>\n<\/ul>\n","protected":false},"featured_media":3837,"template":"","meta":[],"product_brand":[],"product_cat":[109,107],"product_tag":[],"woo-feed-brand":[],"class_list":{"0":"post-3718","1":"product","2":"type-product","3":"status-publish","4":"has-post-thumbnail","6":"product_cat-bonsai","7":"product_cat-pinus-kiefern","9":"first","10":"outofstock","11":"shipping-taxable","12":"purchasable","13":"product-type-variable","14":"prodpage-classic"},"yoast_head":"<!-- This site is optimized with the Yoast SEO Premium plugin v22.0 (Yoast SEO v22.7) - https:\/\/yoast.com\/wordpress\/plugins\/seo\/ -->\n<title>Pinus Parviflora Samen, japanische M\u00e4dchenkiefer Samen<\/title>\n<meta name=\"description\" content=\"3. Mai 2024 - Hochwertige und frische Pinus Parviflora Samen (Japanische M\u00e4dchenkiefer)  Keimzeit: 4-12 Wochen  Vor stratifiziert: bereit zur sofortigen Aussaat  F\u00fcr die Zucht von kerngesunden Japanischen M\u00e4dchenkiefer Bonsai  Erh\u00e4ltlich von Mai bis Oktober\" \/>\n<meta name=\"robots\" content=\"index, follow, max-snippet:-1, max-image-preview:large, max-video-preview:-1\" \/>\n<link rel=\"canonical\" href=\"https:\/\/xedoo.com\/de\/produkt\/pinus-parviflora-samen-japanische-maedchenkiefer-samen\/\" \/>\n<meta name=\"twitter:label1\" content=\"Gesch\u00e4tzte Lesezeit\" \/>\n\t<meta name=\"twitter:data1\" content=\"4\u00a0Minuten\" \/>\n<script type=\"application\/ld+json\" class=\"yoast-schema-graph\">{\"@context\":\"https:\/\/schema.org\",\"@graph\":[{\"@type\":\"WebPage\",\"@id\":\"https:\/\/xedoo.com\/de\/produkt\/pinus-parviflora-samen-japanische-maedchenkiefer-samen\/\",\"url\":\"https:\/\/xedoo.com\/de\/produkt\/pinus-parviflora-samen-japanische-maedchenkiefer-samen\/\",\"name\":\"Pinus Parviflora Samen, japanische M\u00e4dchenkiefer Samen\",\"isPartOf\":{\"@id\":\"https:\/\/xedoo.com\/de\/#website\"},\"primaryImageOfPage\":{\"@id\":\"https:\/\/xedoo.com\/de\/produkt\/pinus-parviflora-samen-japanische-maedchenkiefer-samen\/#primaryimage\"},\"image\":{\"@id\":\"https:\/\/xedoo.com\/de\/produkt\/pinus-parviflora-samen-japanische-maedchenkiefer-samen\/#primaryimage\"},\"thumbnailUrl\":\"https:\/\/xedoo.com\/wp-content\/uploads\/2024\/05\/pinus-parviflora-seeds.png\",\"datePublished\":\"2024-05-03T07:38:00+00:00\",\"dateModified\":\"2024-09-12T10:05:38+00:00\",\"description\":\"3. Mai 2024 - Hochwertige und frische Pinus Parviflora Samen (Japanische M\u00e4dchenkiefer) Keimzeit: 4-12 Wochen Vor stratifiziert: bereit zur sofortigen Aussaat F\u00fcr die Zucht von kerngesunden Japanischen M\u00e4dchenkiefer Bonsai Erh\u00e4ltlich von Mai bis Oktober\",\"breadcrumb\":{\"@id\":\"https:\/\/xedoo.com\/de\/produkt\/pinus-parviflora-samen-japanische-maedchenkiefer-samen\/#breadcrumb\"},\"inLanguage\":\"de\",\"potentialAction\":[{\"@type\":\"ReadAction\",\"target\":[\"https:\/\/xedoo.com\/de\/produkt\/pinus-parviflora-samen-japanische-maedchenkiefer-samen\/\"]}]},{\"@type\":\"ImageObject\",\"inLanguage\":\"de\",\"@id\":\"https:\/\/xedoo.com\/de\/produkt\/pinus-parviflora-samen-japanische-maedchenkiefer-samen\/#primaryimage\",\"url\":\"https:\/\/xedoo.com\/wp-content\/uploads\/2024\/05\/pinus-parviflora-seeds.png\",\"contentUrl\":\"https:\/\/xedoo.com\/wp-content\/uploads\/2024\/05\/pinus-parviflora-seeds.png\",\"width\":2500,\"height\":1750,\"caption\":\"Japanische M\u00e4dchenkiefer Samen\"},{\"@type\":\"BreadcrumbList\",\"@id\":\"https:\/\/xedoo.com\/de\/produkt\/pinus-parviflora-samen-japanische-maedchenkiefer-samen\/#breadcrumb\",\"itemListElement\":[{\"@type\":\"ListItem\",\"position\":1,\"name\":\"Home\",\"item\":\"https:\/\/xedoo.com\/de\/\"},{\"@type\":\"ListItem\",\"position\":2,\"name\":\"Mediterrane Baumschule, G\u00e4rtnerei M\u00e1laga, Spanien &#8211; Xedoo.com\",\"item\":\"https:\/\/xedoo.com\/de\/\"},{\"@type\":\"ListItem\",\"position\":3,\"name\":\"Pinus Parviflora Samen, japanische M\u00e4dchenkiefer Samen\"}]},{\"@type\":\"WebSite\",\"@id\":\"https:\/\/xedoo.com\/de\/#website\",\"url\":\"https:\/\/xedoo.com\/de\/\",\"name\":\"Xedoo.com\",\"description\":\"\",\"publisher\":{\"@id\":\"https:\/\/xedoo.com\/de\/#organization\"},\"potentialAction\":[{\"@type\":\"SearchAction\",\"target\":{\"@type\":\"EntryPoint\",\"urlTemplate\":\"https:\/\/xedoo.com\/de\/?s={search_term_string}\"},\"query-input\":\"required name=search_term_string\"}],\"inLanguage\":\"de\"},{\"@type\":\"Organization\",\"@id\":\"https:\/\/xedoo.com\/de\/#organization\",\"name\":\"Xedoo\",\"url\":\"https:\/\/xedoo.com\/de\/\",\"logo\":{\"@type\":\"ImageObject\",\"inLanguage\":\"de\",\"@id\":\"https:\/\/xedoo.com\/de\/#\/schema\/logo\/image\/\",\"url\":\"https:\/\/xedoo.com\/wp-content\/uploads\/2021\/12\/cropped-cropped-logo-new.jpg\",\"contentUrl\":\"https:\/\/xedoo.com\/wp-content\/uploads\/2021\/12\/cropped-cropped-logo-new.jpg\",\"width\":240,\"height\":84,\"caption\":\"Xedoo\"},\"image\":{\"@id\":\"https:\/\/xedoo.com\/de\/#\/schema\/logo\/image\/\"}}]}<\/script>\n<!-- \/ Yoast SEO Premium plugin. -->","yoast_head_json":{"title":"Pinus Parviflora Samen, japanische M\u00e4dchenkiefer Samen","description":"3. Mai 2024 - Hochwertige und frische Pinus Parviflora Samen (Japanische M\u00e4dchenkiefer)  Keimzeit: 4-12 Wochen  Vor stratifiziert: bereit zur sofortigen Aussaat  F\u00fcr die Zucht von kerngesunden Japanischen M\u00e4dchenkiefer Bonsai  Erh\u00e4ltlich von Mai bis Oktober","robots":{"index":"index","follow":"follow","max-snippet":"max-snippet:-1","max-image-preview":"max-image-preview:large","max-video-preview":"max-video-preview:-1"},"canonical":"https:\/\/xedoo.com\/de\/produkt\/pinus-parviflora-samen-japanische-maedchenkiefer-samen\/","twitter_misc":{"Gesch\u00e4tzte Lesezeit":"4\u00a0Minuten"},"schema":{"@context":"https:\/\/schema.org","@graph":[{"@type":"WebPage","@id":"https:\/\/xedoo.com\/de\/produkt\/pinus-parviflora-samen-japanische-maedchenkiefer-samen\/","url":"https:\/\/xedoo.com\/de\/produkt\/pinus-parviflora-samen-japanische-maedchenkiefer-samen\/","name":"Pinus Parviflora Samen, japanische M\u00e4dchenkiefer Samen","isPartOf":{"@id":"https:\/\/xedoo.com\/de\/#website"},"primaryImageOfPage":{"@id":"https:\/\/xedoo.com\/de\/produkt\/pinus-parviflora-samen-japanische-maedchenkiefer-samen\/#primaryimage"},"image":{"@id":"https:\/\/xedoo.com\/de\/produkt\/pinus-parviflora-samen-japanische-maedchenkiefer-samen\/#primaryimage"},"thumbnailUrl":"https:\/\/xedoo.com\/wp-content\/uploads\/2024\/05\/pinus-parviflora-seeds.png","datePublished":"2024-05-03T07:38:00+00:00","dateModified":"2024-09-12T10:05:38+00:00","description":"3. Mai 2024 - Hochwertige und frische Pinus Parviflora Samen (Japanische M\u00e4dchenkiefer) Keimzeit: 4-12 Wochen Vor stratifiziert: bereit zur sofortigen Aussaat F\u00fcr die Zucht von kerngesunden Japanischen M\u00e4dchenkiefer Bonsai Erh\u00e4ltlich von Mai bis Oktober","breadcrumb":{"@id":"https:\/\/xedoo.com\/de\/produkt\/pinus-parviflora-samen-japanische-maedchenkiefer-samen\/#breadcrumb"},"inLanguage":"de","potentialAction":[{"@type":"ReadAction","target":["https:\/\/xedoo.com\/de\/produkt\/pinus-parviflora-samen-japanische-maedchenkiefer-samen\/"]}]},{"@type":"ImageObject","inLanguage":"de","@id":"https:\/\/xedoo.com\/de\/produkt\/pinus-parviflora-samen-japanische-maedchenkiefer-samen\/#primaryimage","url":"https:\/\/xedoo.com\/wp-content\/uploads\/2024\/05\/pinus-parviflora-seeds.png","contentUrl":"https:\/\/xedoo.com\/wp-content\/uploads\/2024\/05\/pinus-parviflora-seeds.png","width":2500,"height":1750,"caption":"Japanische M\u00e4dchenkiefer Samen"},{"@type":"BreadcrumbList","@id":"https:\/\/xedoo.com\/de\/produkt\/pinus-parviflora-samen-japanische-maedchenkiefer-samen\/#breadcrumb","itemListElement":[{"@type":"ListItem","position":1,"name":"Home","item":"https:\/\/xedoo.com\/de\/"},{"@type":"ListItem","position":2,"name":"Mediterrane Baumschule, G\u00e4rtnerei M\u00e1laga, Spanien &#8211; Xedoo.com","item":"https:\/\/xedoo.com\/de\/"},{"@type":"ListItem","position":3,"name":"Pinus Parviflora Samen, japanische M\u00e4dchenkiefer Samen"}]},{"@type":"WebSite","@id":"https:\/\/xedoo.com\/de\/#website","url":"https:\/\/xedoo.com\/de\/","name":"Xedoo.com","description":"","publisher":{"@id":"https:\/\/xedoo.com\/de\/#organization"},"potentialAction":[{"@type":"SearchAction","target":{"@type":"EntryPoint","urlTemplate":"https:\/\/xedoo.com\/de\/?s={search_term_string}"},"query-input":"required name=search_term_string"}],"inLanguage":"de"},{"@type":"Organization","@id":"https:\/\/xedoo.com\/de\/#organization","name":"Xedoo","url":"https:\/\/xedoo.com\/de\/","logo":{"@type":"ImageObject","inLanguage":"de","@id":"https:\/\/xedoo.com\/de\/#\/schema\/logo\/image\/","url":"https:\/\/xedoo.com\/wp-content\/uploads\/2021\/12\/cropped-cropped-logo-new.jpg","contentUrl":"https:\/\/xedoo.com\/wp-content\/uploads\/2021\/12\/cropped-cropped-logo-new.jpg","width":240,"height":84,"caption":"Xedoo"},"image":{"@id":"https:\/\/xedoo.com\/de\/#\/schema\/logo\/image\/"}}]}},"_links":{"self":[{"href":"https:\/\/xedoo.com\/de\/wp-json\/wp\/v2\/product\/3718"}],"collection":[{"href":"https:\/\/xedoo.com\/de\/wp-json\/wp\/v2\/product"}],"about":[{"href":"https:\/\/xedoo.com\/de\/wp-json\/wp\/v2\/types\/product"}],"wp:featuredmedia":[{"embeddable":true,"href":"https:\/\/xedoo.com\/de\/wp-json\/wp\/v2\/media\/3837"}],"wp:attachment":[{"href":"https:\/\/xedoo.com\/de\/wp-json\/wp\/v2\/media?parent=3718"}],"wp:term":[{"taxonomy":"product_brand","embeddable":true,"href":"https:\/\/xedoo.com\/de\/wp-json\/wp\/v2\/product_brand?post=3718"},{"taxonomy":"product_cat","embeddable":true,"href":"https:\/\/xedoo.com\/de\/wp-json\/wp\/v2\/product_cat?post=3718"},{"taxonomy":"product_tag","embeddable":true,"href":"https:\/\/xedoo.com\/de\/wp-json\/wp\/v2\/product_tag?post=3718"},{"taxonomy":"woo-feed-brand","embeddable":true,"href":"https:\/\/xedoo.com\/de\/wp-json\/wp\/v2\/woo-feed-brand?post=3718"}],"curies":[{"name":"wp","href":"https:\/\/api.w.org\/{rel}","templated":true}]}}