{"id":3982,"date":"2024-10-18T17:46:16","date_gmt":"2024-10-18T15:49:59","guid":{"rendered":"https:\/\/xedoo.com\/?post_type=product&#038;p=3982"},"modified":"2026-01-04T20:13:48","modified_gmt":"2026-01-04T19:13:48","slug":"punica-granatum-nana-zwerg-granatapfelbaum","status":"publish","type":"product","link":"https:\/\/xedoo.com\/de\/produkt\/punica-granatum-nana-zwerg-granatapfelbaum\/","title":{"rendered":"Punica Granatum &#8216;Nana&#8217; (Zwerg Granatapfelbaum)"},"content":{"rendered":"<p>Punica granatum &#8216;Nana&#8217;, auch Zwerggranatapfel genannt, ist ein kompakter und dekorativer Strauch, der sich perfekt f\u00fcr kleine G\u00e4rten, Terrassen, K\u00fcbel und sogar als <strong>Bonsai eignet <\/strong>. Diese Laubpflanze wird etwa 60\u2013120 cm hoch und breit und hat einen sch\u00f6nen, runden Wuchs. Ihre leuchtend rot-orangen, trompetenf\u00f6rmigen Bl\u00fcten bl\u00fchen vom Sp\u00e4tfr\u00fchling bis zum Sommer und ziehen Best\u00e4uber wie Bienen und Schmetterlinge an.<\/p>\n<p>Obwohl die Frucht kleiner ist als normale Granat\u00e4pfel, sind die winzigen, r\u00f6tlichen Granat\u00e4pfel sowohl dekorativ als auch essbar. Ihre gl\u00e4nzenden, lanzenf\u00f6rmigen Bl\u00e4tter bilden einen sch\u00f6nen gr\u00fcnen Hintergrund f\u00fcr die Bl\u00fcten und Fr\u00fcchte und sorgen so f\u00fcr saisonale Abwechslung.<\/p>\n<p><strong>Hauptmerkmale:<\/strong><\/p>\n<ul>\n<li>Kompakte Gr\u00f6\u00dfe, ideal f\u00fcr kleine R\u00e4ume, Beh\u00e4lter oder den Bonsai-Anbau<\/li>\n<li>Auff\u00e4llige rot-orange Bl\u00fcten von Fr\u00fchling bis Sommer<\/li>\n<li>Kleine, dekorative (und essbare ) Granat\u00e4pfel<\/li>\n<li>Gl\u00e4nzendes gr\u00fcnes Laub<\/li>\n<li>Geeignet f\u00fcr trockenheitstolerante oder mediterrane G\u00e4rten<\/li>\n<li>Kann beschnitten und zu einem Bonsai geformt werden<\/li>\n<li>Gedeihen in voller Sonne und gut durchl\u00e4ssigem Boden<\/li>\n<\/ul>\n<p><strong>Verwendung als Bonsai: <\/strong>Punica granatum &#8216;Nana&#8217; ist aufgrund seines kompakten Wuchses, seiner sch\u00f6nen Bl\u00fcten und seiner winzigen Fr\u00fcchte eine beliebte Wahl f\u00fcr <strong>Bonsai-Liebhaber <\/strong>. Seine kleinen Bl\u00e4tter und die F\u00e4higkeit, durch Beschneiden geformt zu werden, machen ihn ideal f\u00fcr die Bonsai-Gestaltung. Die Pflanze kann mit der Zeit einen knorrigen, gealterten Stamm entwickeln, was ihren optischen Reiz als Bonsai erh\u00f6ht. Regelm\u00e4\u00dfiges Beschneiden und Drahten hilft dabei, die gew\u00fcnschte Form zu erreichen, und seine F\u00e4higkeit, das Leben im Beh\u00e4lter zu \u00fcberstehen, macht ihn zu einem langfristigen Bonsai-Projekt.<\/p>\n<p><strong>Pflegetipps :\u200b<\/strong><\/p>\n<ul>\n<li>Bevorzugt volle Sonneneinstrahlung und gut durchl\u00e4ssigen Boden<\/li>\n<li>Nach der Etablierung trockenheitsresistent, sch\u00e4tzt aber regelm\u00e4\u00dfiges Gie\u00dfen w\u00e4hrend Trockenperioden<\/li>\n<li>Kann beschnitten werden, um Form und Gr\u00f6\u00dfe zu erhalten, ideal f\u00fcr formale G\u00e4rten, niedrige Hecken oder Bonsai<\/li>\n<li>In k\u00fchleren Klimazonen kann sie als Topfpflanze gehalten und im Winter ins Haus gebracht werden.<\/li>\n<li>Zur Bonsai-Pflege geh\u00f6rt regelm\u00e4\u00dfiges Beschneiden, Formen und gelegentliches Umtopfen<\/li>\n<\/ul>\n<p>Ob Sie einen sch\u00f6nen Strauch f\u00fcr Ihren Garten oder ein auff\u00e4lliges Bonsai-Mittelst\u00fcck w\u00fcnschen, der Zwerggranatapfel verleiht einen Hauch von mediterranem Charme!<\/p>\n<p>Wissenschaftlicher Name: Punica Granatum Nana<br \/>\nDeutscher Name: Zwerg Granatapfel Baum<br \/>\nHerkunft: Spanien<br \/>\nWuchsh\u00f6he: bis zu 1 Meter<br \/>\nWinterhart: Ja, bis -10\u00a0<b>\u00b0<\/b>C<br \/>\nHitzeempfindlich: Nein<br \/>\nWindempfindlich: Nein<br \/>\nGeeignet als Bonsai: Ja<br \/>\nPflanzenh\u00f6he: 20 &#8211; 30 cm<br \/>\nLieferform: Ballenpflanzen<\/p>\n","protected":false},"excerpt":{"rendered":"<p>Punica Granatum &#8216;Nana&#8217; (Zwerg Granatapfelbaum) Jungpflanzen<\/p>\n","protected":false},"featured_media":3978,"template":"","meta":[],"product_brand":[],"product_cat":[111],"product_tag":[],"woo-feed-brand":[],"class_list":{"0":"post-3982","1":"product","2":"type-product","3":"status-publish","4":"has-post-thumbnail","6":"product_cat-gartenpflanzen","8":"first","9":"outofstock","10":"shipping-taxable","11":"purchasable","12":"product-type-simple","13":"prodpage-classic"},"yoast_head":"<!-- This site is optimized with the Yoast SEO Premium plugin v22.0 (Yoast SEO v22.7) - https:\/\/yoast.com\/wordpress\/plugins\/seo\/ -->\n<title>Punica Granatum &#039;Nana&#039; (Zwerg Granatapfelbaum)<\/title>\n<meta name=\"description\" content=\"18. Oktober 2024 - Punica Granatum &#039;Nana&#039; (Zwerg Granatapfelbaum) Jungpflanzen\" \/>\n<meta name=\"robots\" content=\"index, follow, max-snippet:-1, max-image-preview:large, max-video-preview:-1\" \/>\n<link rel=\"canonical\" href=\"https:\/\/xedoo.com\/de\/produkt\/punica-granatum-nana-zwerg-granatapfelbaum\/\" \/>\n<meta name=\"twitter:label1\" content=\"Gesch\u00e4tzte Lesezeit\" \/>\n\t<meta name=\"twitter:data1\" content=\"2\u00a0Minuten\" \/>\n<script type=\"application\/ld+json\" class=\"yoast-schema-graph\">{\"@context\":\"https:\/\/schema.org\",\"@graph\":[{\"@type\":\"WebPage\",\"@id\":\"https:\/\/xedoo.com\/de\/produkt\/punica-granatum-nana-zwerg-granatapfelbaum\/\",\"url\":\"https:\/\/xedoo.com\/de\/produkt\/punica-granatum-nana-zwerg-granatapfelbaum\/\",\"name\":\"Punica Granatum 'Nana' (Zwerg Granatapfelbaum)\",\"isPartOf\":{\"@id\":\"https:\/\/xedoo.com\/de\/#website\"},\"primaryImageOfPage\":{\"@id\":\"https:\/\/xedoo.com\/de\/produkt\/punica-granatum-nana-zwerg-granatapfelbaum\/#primaryimage\"},\"image\":{\"@id\":\"https:\/\/xedoo.com\/de\/produkt\/punica-granatum-nana-zwerg-granatapfelbaum\/#primaryimage\"},\"thumbnailUrl\":\"https:\/\/xedoo.com\/wp-content\/uploads\/2024\/10\/punica-granatum-nana.png\",\"datePublished\":\"2024-10-18T15:49:59+00:00\",\"dateModified\":\"2026-01-04T19:13:48+00:00\",\"description\":\"18. Oktober 2024 - Punica Granatum 'Nana' (Zwerg Granatapfelbaum) Jungpflanzen\",\"breadcrumb\":{\"@id\":\"https:\/\/xedoo.com\/de\/produkt\/punica-granatum-nana-zwerg-granatapfelbaum\/#breadcrumb\"},\"inLanguage\":\"de\",\"potentialAction\":[{\"@type\":\"ReadAction\",\"target\":[\"https:\/\/xedoo.com\/de\/produkt\/punica-granatum-nana-zwerg-granatapfelbaum\/\"]}]},{\"@type\":\"ImageObject\",\"inLanguage\":\"de\",\"@id\":\"https:\/\/xedoo.com\/de\/produkt\/punica-granatum-nana-zwerg-granatapfelbaum\/#primaryimage\",\"url\":\"https:\/\/xedoo.com\/wp-content\/uploads\/2024\/10\/punica-granatum-nana.png\",\"contentUrl\":\"https:\/\/xedoo.com\/wp-content\/uploads\/2024\/10\/punica-granatum-nana.png\",\"width\":2500,\"height\":1667,\"caption\":\"punica-granatum-nana\"},{\"@type\":\"BreadcrumbList\",\"@id\":\"https:\/\/xedoo.com\/de\/produkt\/punica-granatum-nana-zwerg-granatapfelbaum\/#breadcrumb\",\"itemListElement\":[{\"@type\":\"ListItem\",\"position\":1,\"name\":\"Home\",\"item\":\"https:\/\/xedoo.com\/de\/\"},{\"@type\":\"ListItem\",\"position\":2,\"name\":\"Mediterrane Baumschule, G\u00e4rtnerei M\u00e1laga, Spanien &#8211; Xedoo.com\",\"item\":\"https:\/\/xedoo.com\/de\/\"},{\"@type\":\"ListItem\",\"position\":3,\"name\":\"Punica Granatum &#8216;Nana&#8217; (Zwerg Granatapfelbaum)\"}]},{\"@type\":\"WebSite\",\"@id\":\"https:\/\/xedoo.com\/de\/#website\",\"url\":\"https:\/\/xedoo.com\/de\/\",\"name\":\"Xedoo.com\",\"description\":\"\",\"publisher\":{\"@id\":\"https:\/\/xedoo.com\/de\/#organization\"},\"potentialAction\":[{\"@type\":\"SearchAction\",\"target\":{\"@type\":\"EntryPoint\",\"urlTemplate\":\"https:\/\/xedoo.com\/de\/?s={search_term_string}\"},\"query-input\":\"required name=search_term_string\"}],\"inLanguage\":\"de\"},{\"@type\":\"Organization\",\"@id\":\"https:\/\/xedoo.com\/de\/#organization\",\"name\":\"Xedoo\",\"url\":\"https:\/\/xedoo.com\/de\/\",\"logo\":{\"@type\":\"ImageObject\",\"inLanguage\":\"de\",\"@id\":\"https:\/\/xedoo.com\/de\/#\/schema\/logo\/image\/\",\"url\":\"https:\/\/xedoo.com\/wp-content\/uploads\/2021\/12\/cropped-cropped-logo-new.jpg\",\"contentUrl\":\"https:\/\/xedoo.com\/wp-content\/uploads\/2021\/12\/cropped-cropped-logo-new.jpg\",\"width\":240,\"height\":84,\"caption\":\"Xedoo\"},\"image\":{\"@id\":\"https:\/\/xedoo.com\/de\/#\/schema\/logo\/image\/\"}}]}<\/script>\n<!-- \/ Yoast SEO Premium plugin. -->","yoast_head_json":{"title":"Punica Granatum 'Nana' (Zwerg Granatapfelbaum)","description":"18. Oktober 2024 - Punica Granatum 'Nana' (Zwerg Granatapfelbaum) Jungpflanzen","robots":{"index":"index","follow":"follow","max-snippet":"max-snippet:-1","max-image-preview":"max-image-preview:large","max-video-preview":"max-video-preview:-1"},"canonical":"https:\/\/xedoo.com\/de\/produkt\/punica-granatum-nana-zwerg-granatapfelbaum\/","twitter_misc":{"Gesch\u00e4tzte Lesezeit":"2\u00a0Minuten"},"schema":{"@context":"https:\/\/schema.org","@graph":[{"@type":"WebPage","@id":"https:\/\/xedoo.com\/de\/produkt\/punica-granatum-nana-zwerg-granatapfelbaum\/","url":"https:\/\/xedoo.com\/de\/produkt\/punica-granatum-nana-zwerg-granatapfelbaum\/","name":"Punica Granatum 'Nana' (Zwerg Granatapfelbaum)","isPartOf":{"@id":"https:\/\/xedoo.com\/de\/#website"},"primaryImageOfPage":{"@id":"https:\/\/xedoo.com\/de\/produkt\/punica-granatum-nana-zwerg-granatapfelbaum\/#primaryimage"},"image":{"@id":"https:\/\/xedoo.com\/de\/produkt\/punica-granatum-nana-zwerg-granatapfelbaum\/#primaryimage"},"thumbnailUrl":"https:\/\/xedoo.com\/wp-content\/uploads\/2024\/10\/punica-granatum-nana.png","datePublished":"2024-10-18T15:49:59+00:00","dateModified":"2026-01-04T19:13:48+00:00","description":"18. Oktober 2024 - Punica Granatum 'Nana' (Zwerg Granatapfelbaum) Jungpflanzen","breadcrumb":{"@id":"https:\/\/xedoo.com\/de\/produkt\/punica-granatum-nana-zwerg-granatapfelbaum\/#breadcrumb"},"inLanguage":"de","potentialAction":[{"@type":"ReadAction","target":["https:\/\/xedoo.com\/de\/produkt\/punica-granatum-nana-zwerg-granatapfelbaum\/"]}]},{"@type":"ImageObject","inLanguage":"de","@id":"https:\/\/xedoo.com\/de\/produkt\/punica-granatum-nana-zwerg-granatapfelbaum\/#primaryimage","url":"https:\/\/xedoo.com\/wp-content\/uploads\/2024\/10\/punica-granatum-nana.png","contentUrl":"https:\/\/xedoo.com\/wp-content\/uploads\/2024\/10\/punica-granatum-nana.png","width":2500,"height":1667,"caption":"punica-granatum-nana"},{"@type":"BreadcrumbList","@id":"https:\/\/xedoo.com\/de\/produkt\/punica-granatum-nana-zwerg-granatapfelbaum\/#breadcrumb","itemListElement":[{"@type":"ListItem","position":1,"name":"Home","item":"https:\/\/xedoo.com\/de\/"},{"@type":"ListItem","position":2,"name":"Mediterrane Baumschule, G\u00e4rtnerei M\u00e1laga, Spanien &#8211; Xedoo.com","item":"https:\/\/xedoo.com\/de\/"},{"@type":"ListItem","position":3,"name":"Punica Granatum &#8216;Nana&#8217; (Zwerg Granatapfelbaum)"}]},{"@type":"WebSite","@id":"https:\/\/xedoo.com\/de\/#website","url":"https:\/\/xedoo.com\/de\/","name":"Xedoo.com","description":"","publisher":{"@id":"https:\/\/xedoo.com\/de\/#organization"},"potentialAction":[{"@type":"SearchAction","target":{"@type":"EntryPoint","urlTemplate":"https:\/\/xedoo.com\/de\/?s={search_term_string}"},"query-input":"required name=search_term_string"}],"inLanguage":"de"},{"@type":"Organization","@id":"https:\/\/xedoo.com\/de\/#organization","name":"Xedoo","url":"https:\/\/xedoo.com\/de\/","logo":{"@type":"ImageObject","inLanguage":"de","@id":"https:\/\/xedoo.com\/de\/#\/schema\/logo\/image\/","url":"https:\/\/xedoo.com\/wp-content\/uploads\/2021\/12\/cropped-cropped-logo-new.jpg","contentUrl":"https:\/\/xedoo.com\/wp-content\/uploads\/2021\/12\/cropped-cropped-logo-new.jpg","width":240,"height":84,"caption":"Xedoo"},"image":{"@id":"https:\/\/xedoo.com\/de\/#\/schema\/logo\/image\/"}}]}},"_links":{"self":[{"href":"https:\/\/xedoo.com\/de\/wp-json\/wp\/v2\/product\/3982"}],"collection":[{"href":"https:\/\/xedoo.com\/de\/wp-json\/wp\/v2\/product"}],"about":[{"href":"https:\/\/xedoo.com\/de\/wp-json\/wp\/v2\/types\/product"}],"wp:featuredmedia":[{"embeddable":true,"href":"https:\/\/xedoo.com\/de\/wp-json\/wp\/v2\/media\/3978"}],"wp:attachment":[{"href":"https:\/\/xedoo.com\/de\/wp-json\/wp\/v2\/media?parent=3982"}],"wp:term":[{"taxonomy":"product_brand","embeddable":true,"href":"https:\/\/xedoo.com\/de\/wp-json\/wp\/v2\/product_brand?post=3982"},{"taxonomy":"product_cat","embeddable":true,"href":"https:\/\/xedoo.com\/de\/wp-json\/wp\/v2\/product_cat?post=3982"},{"taxonomy":"product_tag","embeddable":true,"href":"https:\/\/xedoo.com\/de\/wp-json\/wp\/v2\/product_tag?post=3982"},{"taxonomy":"woo-feed-brand","embeddable":true,"href":"https:\/\/xedoo.com\/de\/wp-json\/wp\/v2\/woo-feed-brand?post=3982"}],"curies":[{"name":"wp","href":"https:\/\/api.w.org\/{rel}","templated":true}]}}