{"id":4248,"date":"2025-05-02T15:02:16","date_gmt":"2025-05-02T13:02:16","guid":{"rendered":"https:\/\/xedoo.com\/?post_type=product&#038;p=4248"},"modified":"2026-03-18T02:03:06","modified_gmt":"2026-03-18T01:03:06","slug":"ficus-microcarpa-tiger-bark","status":"publish","type":"product","link":"https:\/\/xedoo.com\/de\/produkt\/ficus-microcarpa-tiger-bark\/","title":{"rendered":"Ficus Microcarpa &#8216;Tiger Bark&#8217;"},"content":{"rendered":"<p><strong>Ficus Microcarpa \u201eTiger Bark\u201c ( Chinesische Tigerrinden Feige) <\/strong>ist eine auff\u00e4llige Sorte der Gattung Ficus microcarpa , die in der Bonsai-Community f\u00fcr ihre \u00c4sthetik und Widerstandsf\u00e4higkeit gesch\u00e4tzt wird. Dieser tropische Feigenbaum stammt aus S\u00fcdostasien und ist bekannt f\u00fcr seine markante Rinde, sein kr\u00e4ftiges Wachstum und seine Anpassungsf\u00e4higkeit. Damit eignet er sich hervorragend f\u00fcr Anf\u00e4nger und erfahrene Bonsai-Liebhaber.<\/p>\n<p><strong>Definierende Merkmale<\/strong><\/p>\n<p>Das auff\u00e4lligste Merkmal des Tiger Bark Ficus ist seine Rinde. Wie der Name schon sagt, weist die Rinde helle, horizontale Streifen oder Flecken auf, die an Tigerstreifen erinnern. Diese Muster werden mit zunehmendem Alter des Baumes deutlicher und verleihen dem Stamm ein strukturiertes, gealtertes Aussehen, das optisch interessant wirkt \u2013 ein \u00e4u\u00dferst w\u00fcnschenswertes Merkmal bei Bonsais.<\/p>\n<p>Die Bl\u00e4tter sind klein, oval und gl\u00e4nzend und variieren je nach Alter und Lichteinwirkung von hellgr\u00fcn bis dunkelgr\u00fcn. Sie sind immergr\u00fcn, das hei\u00dft, der Baum beh\u00e4lt sein Laub das ganze Jahr \u00fcber. Diese gleichbleibende Optik tr\u00e4gt dazu bei, die Attraktivit\u00e4t des Bonsais zu allen Jahreszeiten zu erhalten.<\/p>\n<p>Ein weiteres bemerkenswertes Merkmal sind seine Luftwurzeln. Unter feuchten Bedingungen bildet der Tiger Bark Ficus lange, herabh\u00e4ngende Wurzeln aus seinen Zweigen. Mit der Zeit k\u00f6nnen diese Wurzeln bis zum Boden reichen und so einen verschlungenen, banyanartigen Effekt erzeugen, der dem Bonsai Komplexit\u00e4t und optische Dramatik verleiht.<\/p>\n<p><strong>Warum die chinesische Tigerrinden Feige als Bonsai beliebt ist<\/strong><\/p>\n<p><strong>Ficus microcarpa \u201eTiger Bark\u201c ist <\/strong>aus mehreren wichtigen Gr\u00fcnden eine der am h\u00e4ufigsten verwendeten Ficus -Sorten f\u00fcr Bonsai:<\/p>\n<ul>\n<li><strong>Widerstandsf\u00e4higkeit: <\/strong>Die Pflanze vertr\u00e4gt Schnitt, Drahten und Umtopfen unglaublich gut. Sie erholt sich schneller von Stress als viele andere Arten.<\/li>\n<li><strong>\u00c4sthetisches Potenzial: <\/strong>Die einzigartige Rinde, die kleinen Bl\u00e4tter und die Entwicklung der Luftwurzeln erzeugen die Illusion von Alter und Gr\u00f6\u00dfe, was f\u00fcr ein \u00fcberzeugendes Bonsai-Design unerl\u00e4sslich ist.<\/li>\n<li><strong>Anpassungsf\u00e4higkeit: <\/strong>Sie kann in warmen Klimazonen drinnen oder drau\u00dfen gedeihen und vertr\u00e4gt niedrige Luftfeuchtigkeit besser als viele tropische Arten.<\/li>\n<li><strong>Schnelles Wachstum: <\/strong>Dieser Baum w\u00e4chst schnell und eignet sich daher ideal zum Formen und Trainieren. Sie m\u00fcssen nicht Jahrzehnte warten, um nennenswerte Fortschritte zu sehen.<\/li>\n<\/ul>\n<p><strong>Anbau und Pflege<\/strong><\/p>\n<p>Um einen Tiger Bark Ficus erfolgreich als Bonsai zu kultivieren, muss man seine nat\u00fcrlichen Vorlieben verstehen und entsprechend reagieren. So gelingt das Wesentliche:<\/p>\n<ol>\n<li><strong> Licht<\/strong><\/li>\n<\/ol>\n<p>Die Chinesische Tigerrinden Feige bevorzugt helles, indirektes Sonnenlicht, kann sich aber auch in Innenr\u00e4umen an weniger Lichtverh\u00e4ltnisse anpassen. Im Freien sollte er vor direkter Mittagssonne gesch\u00fctzt werden, da diese die Bl\u00e4tter, insbesondere in hei\u00dfen Klimazonen, verbrennen kann. Im Innenbereich ist ein S\u00fcdfenster ideal. Zus\u00e4tzliche Wachstumslampen k\u00f6nnen ebenfalls zur Erhaltung der Gesundheit beitragen und engere Internodien und kleinere Bl\u00e4tter f\u00f6rdern.<\/p>\n<ol start=\"2\">\n<li><strong> Temperatur und Luftfeuchtigkeit<\/strong><\/li>\n<\/ol>\n<p>Als tropische Art bevorzugt der Tiger Bark Ficus warme Bedingungen \u2013 idealerweise zwischen 15 \u00b0C und 29 \u00b0C. Er vertr\u00e4gt keinen Frost und sollte bei Temperaturen unter 10 \u00b0C ins Haus geholt werden. Obwohl er eine h\u00f6here Luftfeuchtigkeit bevorzugt, kann er auch bei normaler Luftfeuchtigkeit in Innenr\u00e4umen \u00fcberleben. Bespr\u00fchen oder eine Feuchtigkeitsschale k\u00f6nnen jedoch die Bildung von Luftwurzeln f\u00f6rdern und den Blattfall reduzieren.<\/p>\n<ol start=\"3\">\n<li><strong> Bew\u00e4sserung<\/strong><\/li>\n<\/ol>\n<p>Dieser Baum mag gleichm\u00e4\u00dfig feuchten Boden, vertr\u00e4gt aber keine N\u00e4sse. Gie\u00dfen Sie gr\u00fcndlich, wenn sich die oberste Schicht trocken anf\u00fchlt. Im Sommer kann das t\u00e4gliches Gie\u00dfen bedeuten, im Winter weniger h\u00e4ufig. \u00dcberw\u00e4sserung kann zu Wurzelf\u00e4ule f\u00fchren, daher ist eine gute Drainage unerl\u00e4sslich. Lassen Sie den Boden zwischen den Wassergaben leicht antrocknen , um Pilzbefall vorzubeugen.<\/p>\n<ol start=\"4\">\n<li><strong> Erde und Umtopfen<\/strong><\/li>\n<\/ol>\n<p>Eine gut durchl\u00e4ssige Bonsaierde ist entscheidend. Eine Mischung aus Akadama , Bimsstein und Lavastein oder eine handels\u00fcbliche Bonsai-Erde mit organischem Zusatz eignet sich gut. Der Tiger Bark Ficus sollte alle 2\u20133 Jahre umgetopft werden, um die Erde zu erneuern und die Wurzeln zu beschneiden. Der Fr\u00fchling ist der beste Zeitpunkt daf\u00fcr, kurz bevor der Baum sein kr\u00e4ftigstes Wachstum beginnt.<\/p>\n<ol start=\"5\">\n<li><strong> Beschneiden und Formen<\/strong><\/li>\n<\/ol>\n<p>Die Chinesische Tigerrinden Feige reagiert gut auf Schnitt. Sie k\u00f6nnen stark zur\u00fcckschneiden, um Prim\u00e4r\u00e4ste zu bilden, oder die Form durch regelm\u00e4\u00dfiges Stutzen neuer Triebe erhalten. Die Bl\u00e4tter werden mit der Zeit kleiner, wenn man sie regelm\u00e4\u00dfig zur\u00fcckschneidet. Drahten ist ganzj\u00e4hrig m\u00f6glich, aber Vorsicht ist geboten \u2013 die dicke Rinde kann Narben hinterlassen, wenn der Draht zu lange befestigt bleibt. Die Methode \u201eClip and Grow\u201c ist eine sicherere Methode f\u00fcr langfristiges Styling.<\/p>\n<p>F\u00fcr einen dramatischeren Look f\u00f6rdern G\u00e4rtner oft die Bildung von Luftwurzeln, indem sie feuchtes Torfmoos um \u00c4ste wickeln oder ein Feuchtigkeitszelt verwenden. Diese Wurzeln k\u00f6nnen entweder aus \u00e4sthetischen Gr\u00fcnden positioniert oder mit dem Stamm verwachsen werden, wodurch ein robusterer und \u00e4lter wirkender Baum entsteht.<\/p>\n<ol start=\"6\">\n<li><strong> D\u00fcngung<\/strong><\/li>\n<\/ol>\n<p>Da dieser Baum schnell w\u00e4chst, ben\u00f6tigt er regelm\u00e4\u00dfige D\u00fcngung. Ein ausgewogener, wasserl\u00f6slicher D\u00fcnger, der w\u00e4hrend der Wachstumsperiode alle zwei Wochen angewendet wird, unterst\u00fctzt gesundes Wachstum und Blattentwicklung. Reduzieren Sie die D\u00fcngung im Winter, insbesondere wenn der Baum in k\u00fchleren Innenr\u00e4umen steht, wo das Wachstum verlangsamt ist.<\/p>\n<p><strong>Styling-M\u00f6glichkeiten<\/strong><\/p>\n<p>Ficus microcarpa \u201eTiger Bark\u201c ist \u00e4u\u00dferst vielseitig und eignet sich gut f\u00fcr zahlreiche Bonsai-Stile, darunter:<\/p>\n<ul>\n<li><strong>Informell aufrecht ( Moyogi ): <\/strong>Die nat\u00fcrliche Flexibilit\u00e4t und Kraft des Baumes machen es einfach, ihn zu sanft geschwungenen St\u00e4mmen zu erziehen.<\/li>\n<li><strong>Banyan-Stil: <\/strong>Mithilfe von Luftwurzeln k\u00f6nnen Sie das Aussehen uralter tropischer B\u00e4ume mit breiten, ausgestellten Basen nachbilden.<\/li>\n<li><strong>Wurzeln \u00fcber Felsen: <\/strong>Das aggressive Wurzelsystem kann \u00fcber Felsen gef\u00fchrt werden, um B\u00e4ume nachzuahmen, die in rauen, steinigen Umgebungen wachsen.<\/li>\n<li><strong>Kaskade und Halbkaskade: <\/strong>Obwohl weniger verbreitet, k\u00f6nnen die flexiblen Zweige f\u00fcr diese dramatischen Stile nach unten gezogen werden.<\/li>\n<\/ul>\n<p>Er eignet sich auch hervorragend als <strong>Zimmerbonsai <\/strong>, sofern er ausreichend Licht und stabile Temperaturen erh\u00e4lt. Zur Pr\u00e4sentation wird er oft in schlichte T\u00f6pfe gesteckt, die einen Kontrast zu seinem komplexen Stamm und Wurzelwerk bilden.<\/p>\n<p><strong>Sch\u00e4dlinge und Probleme<\/strong><\/p>\n<p>Die Chinesische Tigerrinden Feige ist im Allgemeinen sch\u00e4dlingsresistent, kann aber in Innenr\u00e4umen h\u00e4ufige Zimmerpflanzensch\u00e4dlinge wie Spinnmilben, Schildl\u00e4use, Schmierl\u00e4use und Blattl\u00e4use anziehen. Regelm\u00e4\u00dfige Inspektion und sofortige Behandlung mit Neem\u00f6l, insektizider Seife oder manuelles Entfernen halten diese in Schach.<\/p>\n<p>Bei pl\u00f6tzlichen Ver\u00e4nderungen der Umgebung kann es zum Blattabfall kommen, insbesondere wenn die Pflanze im Winter ins Haus gebracht wird. Dies verschwindet in der Regel, sobald sich der Baum an die neue Umgebung gew\u00f6hnt hat.<\/p>\n<p>Wurzelf\u00e4ule ist zwar seltener, kann aber ein ernstes Problem darstellen, wenn die Pflanze zu viel gegossen oder in schlecht durchl\u00e4ssigen Boden gepflanzt wird. Gelbe Bl\u00e4tter und matschige Wurzeln sind wichtige Anzeichen \u2013 in solchen F\u00e4llen ist ein Umtopfen und Beschneiden der betroffenen Wurzeln notwendig.<\/p>\n<p><strong>Ficus microcarpa \u201eTiger Bark\u201c <\/strong>ist dank seiner Kombination aus Sch\u00f6nheit, Robustheit und Anpassungsf\u00e4higkeit eine herausragende Bonsai-Art. Ob erfahrener Bonsai-K\u00fcnstler auf der Suche nach einem Baum f\u00fcr anspruchsvolle Gestaltung oder Anf\u00e4nger auf der Suche nach einem anspruchslosen und dennoch lohnenden Baum \u2013 der Ficus \u201eTiger Bark \u201c ist genau das Richtige f\u00fcr Sie. Seine tigergestreifte Rinde, sein leuchtendes Laub und seine F\u00e4higkeit, Luftwurzeln zu bilden, verleihen ihm eine einzigartige Pers\u00f6nlichkeit, die jeder Bonsai-Sammlung Tiefe und Charakter verleiht.<\/p>\n","protected":false},"excerpt":{"rendered":"<p>Ficus Microcarpa &#8216;Tiger Bark&#8217; (Chinesische Tigerrinden Feige) in verschiedenen Gr\u00f6ssen lieferbar. Diese Pflanze eignet sich als Zimmerpflanze und als Bonsai.<\/p>\n","protected":false},"featured_media":4397,"template":"","meta":[],"product_brand":[],"product_cat":[109,111],"product_tag":[],"woo-feed-brand":[],"class_list":{"0":"post-4248","1":"product","2":"type-product","3":"status-publish","4":"has-post-thumbnail","6":"product_cat-bonsai","7":"product_cat-gartenpflanzen","9":"first","10":"outofstock","11":"shipping-taxable","12":"purchasable","13":"product-type-variable","14":"has-default-attributes","15":"prodpage-classic"},"yoast_head":"<!-- This site is optimized with the Yoast SEO Premium plugin v22.0 (Yoast SEO v22.7) - https:\/\/yoast.com\/wordpress\/plugins\/seo\/ -->\n<title>Ficus Microcarpa &#039;Tiger Bark&#039;<\/title>\n<meta name=\"description\" content=\"Ficus Microcarpa &#039;Tiger Bark&#039; (Chinesische Tigerrinden Feige) in verschiedenen Gr\u00f6ssen. Diese Pflanze eignet sich als Zimmerpflanze und als Bonsai.\" \/>\n<meta name=\"robots\" content=\"index, follow, max-snippet:-1, max-image-preview:large, max-video-preview:-1\" \/>\n<link rel=\"canonical\" href=\"https:\/\/xedoo.com\/de\/produkt\/ficus-microcarpa-tiger-bark\/\" \/>\n<meta name=\"twitter:label1\" content=\"Gesch\u00e4tzte Lesezeit\" \/>\n\t<meta name=\"twitter:data1\" content=\"5\u00a0Minuten\" \/>\n<script type=\"application\/ld+json\" class=\"yoast-schema-graph\">{\"@context\":\"https:\/\/schema.org\",\"@graph\":[{\"@type\":\"WebPage\",\"@id\":\"https:\/\/xedoo.com\/de\/produkt\/ficus-microcarpa-tiger-bark\/\",\"url\":\"https:\/\/xedoo.com\/de\/produkt\/ficus-microcarpa-tiger-bark\/\",\"name\":\"Ficus Microcarpa 'Tiger Bark'\",\"isPartOf\":{\"@id\":\"https:\/\/xedoo.com\/de\/#website\"},\"primaryImageOfPage\":{\"@id\":\"https:\/\/xedoo.com\/de\/produkt\/ficus-microcarpa-tiger-bark\/#primaryimage\"},\"image\":{\"@id\":\"https:\/\/xedoo.com\/de\/produkt\/ficus-microcarpa-tiger-bark\/#primaryimage\"},\"thumbnailUrl\":\"https:\/\/xedoo.com\/wp-content\/uploads\/2025\/05\/ficus-microcarpa-tiger-bark.jpg\",\"datePublished\":\"2025-05-02T13:02:16+00:00\",\"dateModified\":\"2026-03-18T01:03:06+00:00\",\"description\":\"Ficus Microcarpa 'Tiger Bark' (Chinesische Tigerrinden Feige) in verschiedenen Gr\u00f6ssen. Diese Pflanze eignet sich als Zimmerpflanze und als Bonsai.\",\"breadcrumb\":{\"@id\":\"https:\/\/xedoo.com\/de\/produkt\/ficus-microcarpa-tiger-bark\/#breadcrumb\"},\"inLanguage\":\"de\",\"potentialAction\":[{\"@type\":\"ReadAction\",\"target\":[\"https:\/\/xedoo.com\/de\/produkt\/ficus-microcarpa-tiger-bark\/\"]}]},{\"@type\":\"ImageObject\",\"inLanguage\":\"de\",\"@id\":\"https:\/\/xedoo.com\/de\/produkt\/ficus-microcarpa-tiger-bark\/#primaryimage\",\"url\":\"https:\/\/xedoo.com\/wp-content\/uploads\/2025\/05\/ficus-microcarpa-tiger-bark.jpg\",\"contentUrl\":\"https:\/\/xedoo.com\/wp-content\/uploads\/2025\/05\/ficus-microcarpa-tiger-bark.jpg\",\"width\":2487,\"height\":1905,\"caption\":\"ficus-microcarpa-tiger-bark\"},{\"@type\":\"BreadcrumbList\",\"@id\":\"https:\/\/xedoo.com\/de\/produkt\/ficus-microcarpa-tiger-bark\/#breadcrumb\",\"itemListElement\":[{\"@type\":\"ListItem\",\"position\":1,\"name\":\"Home\",\"item\":\"https:\/\/xedoo.com\/de\/\"},{\"@type\":\"ListItem\",\"position\":2,\"name\":\"Mediterrane Baumschule, G\u00e4rtnerei M\u00e1laga, Spanien &#8211; Xedoo.com\",\"item\":\"https:\/\/xedoo.com\/de\/\"},{\"@type\":\"ListItem\",\"position\":3,\"name\":\"Ficus Microcarpa &#8216;Tiger Bark&#8217;\"}]},{\"@type\":\"WebSite\",\"@id\":\"https:\/\/xedoo.com\/de\/#website\",\"url\":\"https:\/\/xedoo.com\/de\/\",\"name\":\"Xedoo.com\",\"description\":\"\",\"publisher\":{\"@id\":\"https:\/\/xedoo.com\/de\/#organization\"},\"potentialAction\":[{\"@type\":\"SearchAction\",\"target\":{\"@type\":\"EntryPoint\",\"urlTemplate\":\"https:\/\/xedoo.com\/de\/?s={search_term_string}\"},\"query-input\":\"required name=search_term_string\"}],\"inLanguage\":\"de\"},{\"@type\":\"Organization\",\"@id\":\"https:\/\/xedoo.com\/de\/#organization\",\"name\":\"Xedoo\",\"url\":\"https:\/\/xedoo.com\/de\/\",\"logo\":{\"@type\":\"ImageObject\",\"inLanguage\":\"de\",\"@id\":\"https:\/\/xedoo.com\/de\/#\/schema\/logo\/image\/\",\"url\":\"https:\/\/xedoo.com\/wp-content\/uploads\/2021\/12\/cropped-cropped-logo-new.jpg\",\"contentUrl\":\"https:\/\/xedoo.com\/wp-content\/uploads\/2021\/12\/cropped-cropped-logo-new.jpg\",\"width\":240,\"height\":84,\"caption\":\"Xedoo\"},\"image\":{\"@id\":\"https:\/\/xedoo.com\/de\/#\/schema\/logo\/image\/\"}}]}<\/script>\n<!-- \/ Yoast SEO Premium plugin. -->","yoast_head_json":{"title":"Ficus Microcarpa 'Tiger Bark'","description":"Ficus Microcarpa 'Tiger Bark' (Chinesische Tigerrinden Feige) in verschiedenen Gr\u00f6ssen. Diese Pflanze eignet sich als Zimmerpflanze und als Bonsai.","robots":{"index":"index","follow":"follow","max-snippet":"max-snippet:-1","max-image-preview":"max-image-preview:large","max-video-preview":"max-video-preview:-1"},"canonical":"https:\/\/xedoo.com\/de\/produkt\/ficus-microcarpa-tiger-bark\/","twitter_misc":{"Gesch\u00e4tzte Lesezeit":"5\u00a0Minuten"},"schema":{"@context":"https:\/\/schema.org","@graph":[{"@type":"WebPage","@id":"https:\/\/xedoo.com\/de\/produkt\/ficus-microcarpa-tiger-bark\/","url":"https:\/\/xedoo.com\/de\/produkt\/ficus-microcarpa-tiger-bark\/","name":"Ficus Microcarpa 'Tiger Bark'","isPartOf":{"@id":"https:\/\/xedoo.com\/de\/#website"},"primaryImageOfPage":{"@id":"https:\/\/xedoo.com\/de\/produkt\/ficus-microcarpa-tiger-bark\/#primaryimage"},"image":{"@id":"https:\/\/xedoo.com\/de\/produkt\/ficus-microcarpa-tiger-bark\/#primaryimage"},"thumbnailUrl":"https:\/\/xedoo.com\/wp-content\/uploads\/2025\/05\/ficus-microcarpa-tiger-bark.jpg","datePublished":"2025-05-02T13:02:16+00:00","dateModified":"2026-03-18T01:03:06+00:00","description":"Ficus Microcarpa 'Tiger Bark' (Chinesische Tigerrinden Feige) in verschiedenen Gr\u00f6ssen. Diese Pflanze eignet sich als Zimmerpflanze und als Bonsai.","breadcrumb":{"@id":"https:\/\/xedoo.com\/de\/produkt\/ficus-microcarpa-tiger-bark\/#breadcrumb"},"inLanguage":"de","potentialAction":[{"@type":"ReadAction","target":["https:\/\/xedoo.com\/de\/produkt\/ficus-microcarpa-tiger-bark\/"]}]},{"@type":"ImageObject","inLanguage":"de","@id":"https:\/\/xedoo.com\/de\/produkt\/ficus-microcarpa-tiger-bark\/#primaryimage","url":"https:\/\/xedoo.com\/wp-content\/uploads\/2025\/05\/ficus-microcarpa-tiger-bark.jpg","contentUrl":"https:\/\/xedoo.com\/wp-content\/uploads\/2025\/05\/ficus-microcarpa-tiger-bark.jpg","width":2487,"height":1905,"caption":"ficus-microcarpa-tiger-bark"},{"@type":"BreadcrumbList","@id":"https:\/\/xedoo.com\/de\/produkt\/ficus-microcarpa-tiger-bark\/#breadcrumb","itemListElement":[{"@type":"ListItem","position":1,"name":"Home","item":"https:\/\/xedoo.com\/de\/"},{"@type":"ListItem","position":2,"name":"Mediterrane Baumschule, G\u00e4rtnerei M\u00e1laga, Spanien &#8211; Xedoo.com","item":"https:\/\/xedoo.com\/de\/"},{"@type":"ListItem","position":3,"name":"Ficus Microcarpa &#8216;Tiger Bark&#8217;"}]},{"@type":"WebSite","@id":"https:\/\/xedoo.com\/de\/#website","url":"https:\/\/xedoo.com\/de\/","name":"Xedoo.com","description":"","publisher":{"@id":"https:\/\/xedoo.com\/de\/#organization"},"potentialAction":[{"@type":"SearchAction","target":{"@type":"EntryPoint","urlTemplate":"https:\/\/xedoo.com\/de\/?s={search_term_string}"},"query-input":"required name=search_term_string"}],"inLanguage":"de"},{"@type":"Organization","@id":"https:\/\/xedoo.com\/de\/#organization","name":"Xedoo","url":"https:\/\/xedoo.com\/de\/","logo":{"@type":"ImageObject","inLanguage":"de","@id":"https:\/\/xedoo.com\/de\/#\/schema\/logo\/image\/","url":"https:\/\/xedoo.com\/wp-content\/uploads\/2021\/12\/cropped-cropped-logo-new.jpg","contentUrl":"https:\/\/xedoo.com\/wp-content\/uploads\/2021\/12\/cropped-cropped-logo-new.jpg","width":240,"height":84,"caption":"Xedoo"},"image":{"@id":"https:\/\/xedoo.com\/de\/#\/schema\/logo\/image\/"}}]}},"_links":{"self":[{"href":"https:\/\/xedoo.com\/de\/wp-json\/wp\/v2\/product\/4248"}],"collection":[{"href":"https:\/\/xedoo.com\/de\/wp-json\/wp\/v2\/product"}],"about":[{"href":"https:\/\/xedoo.com\/de\/wp-json\/wp\/v2\/types\/product"}],"wp:featuredmedia":[{"embeddable":true,"href":"https:\/\/xedoo.com\/de\/wp-json\/wp\/v2\/media\/4397"}],"wp:attachment":[{"href":"https:\/\/xedoo.com\/de\/wp-json\/wp\/v2\/media?parent=4248"}],"wp:term":[{"taxonomy":"product_brand","embeddable":true,"href":"https:\/\/xedoo.com\/de\/wp-json\/wp\/v2\/product_brand?post=4248"},{"taxonomy":"product_cat","embeddable":true,"href":"https:\/\/xedoo.com\/de\/wp-json\/wp\/v2\/product_cat?post=4248"},{"taxonomy":"product_tag","embeddable":true,"href":"https:\/\/xedoo.com\/de\/wp-json\/wp\/v2\/product_tag?post=4248"},{"taxonomy":"woo-feed-brand","embeddable":true,"href":"https:\/\/xedoo.com\/de\/wp-json\/wp\/v2\/woo-feed-brand?post=4248"}],"curies":[{"name":"wp","href":"https:\/\/api.w.org\/{rel}","templated":true}]}}