{"id":511,"date":"2021-11-12T15:28:11","date_gmt":"2021-11-12T14:28:11","guid":{"rendered":"https:\/\/xedoo.com\/?post_type=product&#038;p=511"},"modified":"2026-03-06T14:49:10","modified_gmt":"2026-03-06T13:49:10","slug":"japanische-schwarzkiefer-pinus-thunbergii","status":"publish","type":"product","link":"https:\/\/xedoo.com\/de\/produkt\/japanische-schwarzkiefer-pinus-thunbergii\/","title":{"rendered":"Japanische Schwarzkiefer, Pinus Thunbergii"},"content":{"rendered":"<p>Die Japanische Schwarzkiefer (Pinus thunbergii) geh\u00f6rt zur Gattung der Kiefern (Pinus) und ist in Japan und Korea beheimatet, wird aber derzeit auch in anderen L\u00e4ndern angebaut. Diese wundersch\u00f6ne Kiefer kann bei einem Stammdurchmesser von etwa 2 Metern eine H\u00f6he von bis zu 45 Metern erreichen. Sie gilt bis -20 Grad Celsius als winterhart und ist zudem unempfindlich gegen Hitze, starke Winde und salzhaltige Luft, weshalb sie auch in K\u00fcstengebieten beliebt ist. Hier bieten wir die Wildform des Baumes in verschiedenen Gr\u00f6\u00dfen und Entwicklungsstadien an, die eine Gesamth\u00f6he von bis zu 40 Metern erreichen k\u00f6nnen. Er eignet sich sowohl als Gartenbaum als auch zur Bonsaigestaltung. Jungpflanzen bis zu einem Alter von 3 Jahren lassen sich noch hervorragend zu einem sch\u00f6nen Bonsai formen.<\/p>\n<p>Wissenschaftlicher Name: Pinus thunbergii<br \/>\nAllgemeiner Name: Japanische Schwarzkiefer<br \/>\nVariet\u00e4t: Wildform<br \/>\nHerkunft: Japan und Korea<br \/>\nWuchsh\u00f6he: bis zu 40 Meter<br \/>\nWinterhart: Ja, bis &#8211; 20 Grad Celsius<br \/>\nHitzeempfindlich: Nein<br \/>\nWindempfindlich: Nein<br \/>\nGeeignet als Bonsai: Ja<br \/>\nVerf\u00fcgbare Gr\u00f6\u00dfen: Jungpflanzen 10-40cm<\/p>\n","protected":false},"excerpt":{"rendered":"<p>Verkauf von japanischen Schwarzkiefern (Pinus Thunbergii) in verschiedenen Gr\u00f6\u00dfen.<\/p>\n","protected":false},"featured_media":500,"template":"","meta":[],"product_brand":[],"product_cat":[111,107],"product_tag":[],"woo-feed-brand":[],"class_list":{"0":"post-511","1":"product","2":"type-product","3":"status-publish","4":"has-post-thumbnail","6":"product_cat-gartenpflanzen","7":"product_cat-pinus-kiefern","9":"first","10":"instock","11":"featured","12":"shipping-taxable","13":"purchasable","14":"product-type-variable","15":"has-default-attributes","16":"prodpage-classic"},"yoast_head":"<!-- This site is optimized with the Yoast SEO Premium plugin v22.0 (Yoast SEO v22.7) - https:\/\/yoast.com\/wordpress\/plugins\/seo\/ -->\n<title>Japanische Schwarzkiefer, Pinus Thunbergii kaufen<\/title>\n<meta name=\"description\" content=\"Japanische Schwarzkiefer, Pinus Thunbergii kaufen, . Jungpflanzen f\u00fcr den Garten und als Bonsai Rohmaterial.\" \/>\n<meta name=\"robots\" content=\"index, follow, max-snippet:-1, max-image-preview:large, max-video-preview:-1\" \/>\n<link rel=\"canonical\" href=\"https:\/\/xedoo.com\/de\/produkt\/japanische-schwarzkiefer-pinus-thunbergii\/\" \/>\n<meta name=\"twitter:label1\" content=\"Gesch\u00e4tzte Lesezeit\" \/>\n\t<meta name=\"twitter:data1\" content=\"1\u00a0Minute\" \/>\n<script type=\"application\/ld+json\" class=\"yoast-schema-graph\">{\"@context\":\"https:\/\/schema.org\",\"@graph\":[{\"@type\":\"WebPage\",\"@id\":\"https:\/\/xedoo.com\/de\/produkt\/japanische-schwarzkiefer-pinus-thunbergii\/\",\"url\":\"https:\/\/xedoo.com\/de\/produkt\/japanische-schwarzkiefer-pinus-thunbergii\/\",\"name\":\"Japanische Schwarzkiefer, Pinus Thunbergii kaufen\",\"isPartOf\":{\"@id\":\"https:\/\/xedoo.com\/de\/#website\"},\"primaryImageOfPage\":{\"@id\":\"https:\/\/xedoo.com\/de\/produkt\/japanische-schwarzkiefer-pinus-thunbergii\/#primaryimage\"},\"image\":{\"@id\":\"https:\/\/xedoo.com\/de\/produkt\/japanische-schwarzkiefer-pinus-thunbergii\/#primaryimage\"},\"thumbnailUrl\":\"https:\/\/xedoo.com\/wp-content\/uploads\/2021\/11\/pino-negro-japones-pinus-thunbergii-2-1000.jpg\",\"datePublished\":\"2021-11-12T14:28:11+00:00\",\"dateModified\":\"2026-03-06T13:49:10+00:00\",\"description\":\"Japanische Schwarzkiefer, Pinus Thunbergii kaufen, . Jungpflanzen f\u00fcr den Garten und als Bonsai Rohmaterial.\",\"breadcrumb\":{\"@id\":\"https:\/\/xedoo.com\/de\/produkt\/japanische-schwarzkiefer-pinus-thunbergii\/#breadcrumb\"},\"inLanguage\":\"de\",\"potentialAction\":[{\"@type\":\"ReadAction\",\"target\":[\"https:\/\/xedoo.com\/de\/produkt\/japanische-schwarzkiefer-pinus-thunbergii\/\"]}]},{\"@type\":\"ImageObject\",\"inLanguage\":\"de\",\"@id\":\"https:\/\/xedoo.com\/de\/produkt\/japanische-schwarzkiefer-pinus-thunbergii\/#primaryimage\",\"url\":\"https:\/\/xedoo.com\/wp-content\/uploads\/2021\/11\/pino-negro-japones-pinus-thunbergii-2-1000.jpg\",\"contentUrl\":\"https:\/\/xedoo.com\/wp-content\/uploads\/2021\/11\/pino-negro-japones-pinus-thunbergii-2-1000.jpg\",\"width\":1600,\"height\":1298,\"caption\":\"Japanische Schwarzkiefer (Pinus Thungergii) 30-40cm\"},{\"@type\":\"BreadcrumbList\",\"@id\":\"https:\/\/xedoo.com\/de\/produkt\/japanische-schwarzkiefer-pinus-thunbergii\/#breadcrumb\",\"itemListElement\":[{\"@type\":\"ListItem\",\"position\":1,\"name\":\"Home\",\"item\":\"https:\/\/xedoo.com\/de\/\"},{\"@type\":\"ListItem\",\"position\":2,\"name\":\"Mediterrane Baumschule, G\u00e4rtnerei M\u00e1laga, Spanien &#8211; Xedoo.com\",\"item\":\"https:\/\/xedoo.com\/de\/\"},{\"@type\":\"ListItem\",\"position\":3,\"name\":\"Japanische Schwarzkiefer, Pinus Thunbergii\"}]},{\"@type\":\"WebSite\",\"@id\":\"https:\/\/xedoo.com\/de\/#website\",\"url\":\"https:\/\/xedoo.com\/de\/\",\"name\":\"Xedoo.com\",\"description\":\"\",\"publisher\":{\"@id\":\"https:\/\/xedoo.com\/de\/#organization\"},\"potentialAction\":[{\"@type\":\"SearchAction\",\"target\":{\"@type\":\"EntryPoint\",\"urlTemplate\":\"https:\/\/xedoo.com\/de\/?s={search_term_string}\"},\"query-input\":\"required name=search_term_string\"}],\"inLanguage\":\"de\"},{\"@type\":\"Organization\",\"@id\":\"https:\/\/xedoo.com\/de\/#organization\",\"name\":\"Xedoo\",\"url\":\"https:\/\/xedoo.com\/de\/\",\"logo\":{\"@type\":\"ImageObject\",\"inLanguage\":\"de\",\"@id\":\"https:\/\/xedoo.com\/de\/#\/schema\/logo\/image\/\",\"url\":\"https:\/\/xedoo.com\/wp-content\/uploads\/2021\/12\/cropped-cropped-logo-new.jpg\",\"contentUrl\":\"https:\/\/xedoo.com\/wp-content\/uploads\/2021\/12\/cropped-cropped-logo-new.jpg\",\"width\":240,\"height\":84,\"caption\":\"Xedoo\"},\"image\":{\"@id\":\"https:\/\/xedoo.com\/de\/#\/schema\/logo\/image\/\"}}]}<\/script>\n<!-- \/ Yoast SEO Premium plugin. -->","yoast_head_json":{"title":"Japanische Schwarzkiefer, Pinus Thunbergii kaufen","description":"Japanische Schwarzkiefer, Pinus Thunbergii kaufen, . Jungpflanzen f\u00fcr den Garten und als Bonsai Rohmaterial.","robots":{"index":"index","follow":"follow","max-snippet":"max-snippet:-1","max-image-preview":"max-image-preview:large","max-video-preview":"max-video-preview:-1"},"canonical":"https:\/\/xedoo.com\/de\/produkt\/japanische-schwarzkiefer-pinus-thunbergii\/","twitter_misc":{"Gesch\u00e4tzte Lesezeit":"1\u00a0Minute"},"schema":{"@context":"https:\/\/schema.org","@graph":[{"@type":"WebPage","@id":"https:\/\/xedoo.com\/de\/produkt\/japanische-schwarzkiefer-pinus-thunbergii\/","url":"https:\/\/xedoo.com\/de\/produkt\/japanische-schwarzkiefer-pinus-thunbergii\/","name":"Japanische Schwarzkiefer, Pinus Thunbergii kaufen","isPartOf":{"@id":"https:\/\/xedoo.com\/de\/#website"},"primaryImageOfPage":{"@id":"https:\/\/xedoo.com\/de\/produkt\/japanische-schwarzkiefer-pinus-thunbergii\/#primaryimage"},"image":{"@id":"https:\/\/xedoo.com\/de\/produkt\/japanische-schwarzkiefer-pinus-thunbergii\/#primaryimage"},"thumbnailUrl":"https:\/\/xedoo.com\/wp-content\/uploads\/2021\/11\/pino-negro-japones-pinus-thunbergii-2-1000.jpg","datePublished":"2021-11-12T14:28:11+00:00","dateModified":"2026-03-06T13:49:10+00:00","description":"Japanische Schwarzkiefer, Pinus Thunbergii kaufen, . Jungpflanzen f\u00fcr den Garten und als Bonsai Rohmaterial.","breadcrumb":{"@id":"https:\/\/xedoo.com\/de\/produkt\/japanische-schwarzkiefer-pinus-thunbergii\/#breadcrumb"},"inLanguage":"de","potentialAction":[{"@type":"ReadAction","target":["https:\/\/xedoo.com\/de\/produkt\/japanische-schwarzkiefer-pinus-thunbergii\/"]}]},{"@type":"ImageObject","inLanguage":"de","@id":"https:\/\/xedoo.com\/de\/produkt\/japanische-schwarzkiefer-pinus-thunbergii\/#primaryimage","url":"https:\/\/xedoo.com\/wp-content\/uploads\/2021\/11\/pino-negro-japones-pinus-thunbergii-2-1000.jpg","contentUrl":"https:\/\/xedoo.com\/wp-content\/uploads\/2021\/11\/pino-negro-japones-pinus-thunbergii-2-1000.jpg","width":1600,"height":1298,"caption":"Japanische Schwarzkiefer (Pinus Thungergii) 30-40cm"},{"@type":"BreadcrumbList","@id":"https:\/\/xedoo.com\/de\/produkt\/japanische-schwarzkiefer-pinus-thunbergii\/#breadcrumb","itemListElement":[{"@type":"ListItem","position":1,"name":"Home","item":"https:\/\/xedoo.com\/de\/"},{"@type":"ListItem","position":2,"name":"Mediterrane Baumschule, G\u00e4rtnerei M\u00e1laga, Spanien &#8211; Xedoo.com","item":"https:\/\/xedoo.com\/de\/"},{"@type":"ListItem","position":3,"name":"Japanische Schwarzkiefer, Pinus Thunbergii"}]},{"@type":"WebSite","@id":"https:\/\/xedoo.com\/de\/#website","url":"https:\/\/xedoo.com\/de\/","name":"Xedoo.com","description":"","publisher":{"@id":"https:\/\/xedoo.com\/de\/#organization"},"potentialAction":[{"@type":"SearchAction","target":{"@type":"EntryPoint","urlTemplate":"https:\/\/xedoo.com\/de\/?s={search_term_string}"},"query-input":"required name=search_term_string"}],"inLanguage":"de"},{"@type":"Organization","@id":"https:\/\/xedoo.com\/de\/#organization","name":"Xedoo","url":"https:\/\/xedoo.com\/de\/","logo":{"@type":"ImageObject","inLanguage":"de","@id":"https:\/\/xedoo.com\/de\/#\/schema\/logo\/image\/","url":"https:\/\/xedoo.com\/wp-content\/uploads\/2021\/12\/cropped-cropped-logo-new.jpg","contentUrl":"https:\/\/xedoo.com\/wp-content\/uploads\/2021\/12\/cropped-cropped-logo-new.jpg","width":240,"height":84,"caption":"Xedoo"},"image":{"@id":"https:\/\/xedoo.com\/de\/#\/schema\/logo\/image\/"}}]}},"_links":{"self":[{"href":"https:\/\/xedoo.com\/de\/wp-json\/wp\/v2\/product\/511"}],"collection":[{"href":"https:\/\/xedoo.com\/de\/wp-json\/wp\/v2\/product"}],"about":[{"href":"https:\/\/xedoo.com\/de\/wp-json\/wp\/v2\/types\/product"}],"wp:featuredmedia":[{"embeddable":true,"href":"https:\/\/xedoo.com\/de\/wp-json\/wp\/v2\/media\/500"}],"wp:attachment":[{"href":"https:\/\/xedoo.com\/de\/wp-json\/wp\/v2\/media?parent=511"}],"wp:term":[{"taxonomy":"product_brand","embeddable":true,"href":"https:\/\/xedoo.com\/de\/wp-json\/wp\/v2\/product_brand?post=511"},{"taxonomy":"product_cat","embeddable":true,"href":"https:\/\/xedoo.com\/de\/wp-json\/wp\/v2\/product_cat?post=511"},{"taxonomy":"product_tag","embeddable":true,"href":"https:\/\/xedoo.com\/de\/wp-json\/wp\/v2\/product_tag?post=511"},{"taxonomy":"woo-feed-brand","embeddable":true,"href":"https:\/\/xedoo.com\/de\/wp-json\/wp\/v2\/woo-feed-brand?post=511"}],"curies":[{"name":"wp","href":"https:\/\/api.w.org\/{rel}","templated":true}]}}