{"id":547,"date":"2021-11-21T11:23:45","date_gmt":"2021-11-21T10:54:41","guid":{"rendered":"https:\/\/xedoo.com\/?post_type=product&#038;p=547"},"modified":"2024-03-11T07:17:42","modified_gmt":"2024-03-11T06:17:42","slug":"chinesischen-wacholder-juniperus-chinensis-stricta-kaufen","status":"publish","type":"product","link":"https:\/\/xedoo.com\/de\/produkt\/chinesischen-wacholder-juniperus-chinensis-stricta-kaufen\/","title":{"rendered":"Juniperus chinensis stricta &#8211; Chinesischer Wacholder"},"content":{"rendered":"<p>Juniperus chinensis (Deutscher Name Chinesischer Wacholder) ist in China, Japan und Korea heimisch und geh\u00f6rt zur Familie der Zypressengew\u00e4chse. Die immergr\u00fcne Pflanze kann eine H\u00f6he von bis zu 25 Metern erreichen und w\u00e4chst in H\u00f6henlagen von \u00fcber 2000 Metern. Je nach Art w\u00e4chst Juniperus chinensis als aufrechter Baum oder als am Boden kriechender Strauch. Die Pflanze liebt viel Sonne, einen leicht sauren Boden mit guter Drainage und sollte immer leicht feucht gehalten werden, ohne Staun\u00e4sse an den Wurzeln. Die Unterart Juniperus chinensis stricta bleibt kleiner und wird oft als Bonsai verwendet.<\/p>\n<p>Herkunft: China, Japan und Korea<br \/>\nH\u00f6he: bis zu 25 Meter<br \/>\nEmpfindlich gegen K\u00e4lte: nein<br \/>\nHitzeempfindlich: nein<br \/>\nWindempfindlich: Nein.<br \/>\nAls Bonsai geeignet: ja<\/p>\n","protected":false},"excerpt":{"rendered":"<p>Verkauf von Chinesischen Wacholder (Juniperus chinensis stricta)<\/p>\n","protected":false},"featured_media":671,"template":"","meta":[],"product_brand":[],"product_cat":[111,166],"product_tag":[],"woo-feed-brand":[],"class_list":{"0":"post-547","1":"product","2":"type-product","3":"status-publish","4":"has-post-thumbnail","6":"product_cat-gartenpflanzen","7":"product_cat-juniperus-chinensis-chinesischer-wacholder","9":"first","10":"outofstock","11":"shipping-taxable","12":"purchasable","13":"product-type-variable","14":"prodpage-classic"},"yoast_head":"<!-- This site is optimized with the Yoast SEO Premium plugin v22.0 (Yoast SEO v22.7) - https:\/\/yoast.com\/wordpress\/plugins\/seo\/ -->\n<title>Juniperus chinensis stricta - Chinesischer Wacholder<\/title>\n<meta name=\"description\" content=\"21. November 2021 - Verkauf von Chinesischen Wacholder (Juniperus chinensis stricta)\" \/>\n<meta name=\"robots\" content=\"index, follow, max-snippet:-1, max-image-preview:large, max-video-preview:-1\" \/>\n<link rel=\"canonical\" href=\"https:\/\/xedoo.com\/de\/produkt\/chinesischen-wacholder-juniperus-chinensis-stricta-kaufen\/\" \/>\n<meta name=\"twitter:label1\" content=\"Gesch\u00e4tzte Lesezeit\" \/>\n\t<meta name=\"twitter:data1\" content=\"1\u00a0Minute\" \/>\n<script type=\"application\/ld+json\" class=\"yoast-schema-graph\">{\"@context\":\"https:\/\/schema.org\",\"@graph\":[{\"@type\":\"WebPage\",\"@id\":\"https:\/\/xedoo.com\/de\/produkt\/chinesischen-wacholder-juniperus-chinensis-stricta-kaufen\/\",\"url\":\"https:\/\/xedoo.com\/de\/produkt\/chinesischen-wacholder-juniperus-chinensis-stricta-kaufen\/\",\"name\":\"Juniperus chinensis stricta - Chinesischer Wacholder\",\"isPartOf\":{\"@id\":\"https:\/\/xedoo.com\/de\/#website\"},\"primaryImageOfPage\":{\"@id\":\"https:\/\/xedoo.com\/de\/produkt\/chinesischen-wacholder-juniperus-chinensis-stricta-kaufen\/#primaryimage\"},\"image\":{\"@id\":\"https:\/\/xedoo.com\/de\/produkt\/chinesischen-wacholder-juniperus-chinensis-stricta-kaufen\/#primaryimage\"},\"thumbnailUrl\":\"https:\/\/xedoo.com\/wp-content\/uploads\/2021\/11\/juniperus-chinensis-stricta-1.jpg\",\"datePublished\":\"2021-11-21T10:54:41+00:00\",\"dateModified\":\"2024-03-11T06:17:42+00:00\",\"description\":\"21. November 2021 - Verkauf von Chinesischen Wacholder (Juniperus chinensis stricta)\",\"breadcrumb\":{\"@id\":\"https:\/\/xedoo.com\/de\/produkt\/chinesischen-wacholder-juniperus-chinensis-stricta-kaufen\/#breadcrumb\"},\"inLanguage\":\"de\",\"potentialAction\":[{\"@type\":\"ReadAction\",\"target\":[\"https:\/\/xedoo.com\/de\/produkt\/chinesischen-wacholder-juniperus-chinensis-stricta-kaufen\/\"]}]},{\"@type\":\"ImageObject\",\"inLanguage\":\"de\",\"@id\":\"https:\/\/xedoo.com\/de\/produkt\/chinesischen-wacholder-juniperus-chinensis-stricta-kaufen\/#primaryimage\",\"url\":\"https:\/\/xedoo.com\/wp-content\/uploads\/2021\/11\/juniperus-chinensis-stricta-1.jpg\",\"contentUrl\":\"https:\/\/xedoo.com\/wp-content\/uploads\/2021\/11\/juniperus-chinensis-stricta-1.jpg\",\"width\":1000,\"height\":1000,\"caption\":\"juniperus-chinensis-stricta\"},{\"@type\":\"BreadcrumbList\",\"@id\":\"https:\/\/xedoo.com\/de\/produkt\/chinesischen-wacholder-juniperus-chinensis-stricta-kaufen\/#breadcrumb\",\"itemListElement\":[{\"@type\":\"ListItem\",\"position\":1,\"name\":\"Home\",\"item\":\"https:\/\/xedoo.com\/de\/\"},{\"@type\":\"ListItem\",\"position\":2,\"name\":\"Mediterrane Baumschule, G\u00e4rtnerei M\u00e1laga, Spanien &#8211; Xedoo.com\",\"item\":\"https:\/\/xedoo.com\/de\/\"},{\"@type\":\"ListItem\",\"position\":3,\"name\":\"Juniperus chinensis stricta &#8211; Chinesischer Wacholder\"}]},{\"@type\":\"WebSite\",\"@id\":\"https:\/\/xedoo.com\/de\/#website\",\"url\":\"https:\/\/xedoo.com\/de\/\",\"name\":\"Xedoo.com\",\"description\":\"\",\"publisher\":{\"@id\":\"https:\/\/xedoo.com\/de\/#organization\"},\"potentialAction\":[{\"@type\":\"SearchAction\",\"target\":{\"@type\":\"EntryPoint\",\"urlTemplate\":\"https:\/\/xedoo.com\/de\/?s={search_term_string}\"},\"query-input\":\"required name=search_term_string\"}],\"inLanguage\":\"de\"},{\"@type\":\"Organization\",\"@id\":\"https:\/\/xedoo.com\/de\/#organization\",\"name\":\"Xedoo\",\"url\":\"https:\/\/xedoo.com\/de\/\",\"logo\":{\"@type\":\"ImageObject\",\"inLanguage\":\"de\",\"@id\":\"https:\/\/xedoo.com\/de\/#\/schema\/logo\/image\/\",\"url\":\"https:\/\/xedoo.com\/wp-content\/uploads\/2021\/12\/cropped-cropped-logo-new.jpg\",\"contentUrl\":\"https:\/\/xedoo.com\/wp-content\/uploads\/2021\/12\/cropped-cropped-logo-new.jpg\",\"width\":240,\"height\":84,\"caption\":\"Xedoo\"},\"image\":{\"@id\":\"https:\/\/xedoo.com\/de\/#\/schema\/logo\/image\/\"}}]}<\/script>\n<!-- \/ Yoast SEO Premium plugin. -->","yoast_head_json":{"title":"Juniperus chinensis stricta - Chinesischer Wacholder","description":"21. November 2021 - Verkauf von Chinesischen Wacholder (Juniperus chinensis stricta)","robots":{"index":"index","follow":"follow","max-snippet":"max-snippet:-1","max-image-preview":"max-image-preview:large","max-video-preview":"max-video-preview:-1"},"canonical":"https:\/\/xedoo.com\/de\/produkt\/chinesischen-wacholder-juniperus-chinensis-stricta-kaufen\/","twitter_misc":{"Gesch\u00e4tzte Lesezeit":"1\u00a0Minute"},"schema":{"@context":"https:\/\/schema.org","@graph":[{"@type":"WebPage","@id":"https:\/\/xedoo.com\/de\/produkt\/chinesischen-wacholder-juniperus-chinensis-stricta-kaufen\/","url":"https:\/\/xedoo.com\/de\/produkt\/chinesischen-wacholder-juniperus-chinensis-stricta-kaufen\/","name":"Juniperus chinensis stricta - Chinesischer Wacholder","isPartOf":{"@id":"https:\/\/xedoo.com\/de\/#website"},"primaryImageOfPage":{"@id":"https:\/\/xedoo.com\/de\/produkt\/chinesischen-wacholder-juniperus-chinensis-stricta-kaufen\/#primaryimage"},"image":{"@id":"https:\/\/xedoo.com\/de\/produkt\/chinesischen-wacholder-juniperus-chinensis-stricta-kaufen\/#primaryimage"},"thumbnailUrl":"https:\/\/xedoo.com\/wp-content\/uploads\/2021\/11\/juniperus-chinensis-stricta-1.jpg","datePublished":"2021-11-21T10:54:41+00:00","dateModified":"2024-03-11T06:17:42+00:00","description":"21. November 2021 - Verkauf von Chinesischen Wacholder (Juniperus chinensis stricta)","breadcrumb":{"@id":"https:\/\/xedoo.com\/de\/produkt\/chinesischen-wacholder-juniperus-chinensis-stricta-kaufen\/#breadcrumb"},"inLanguage":"de","potentialAction":[{"@type":"ReadAction","target":["https:\/\/xedoo.com\/de\/produkt\/chinesischen-wacholder-juniperus-chinensis-stricta-kaufen\/"]}]},{"@type":"ImageObject","inLanguage":"de","@id":"https:\/\/xedoo.com\/de\/produkt\/chinesischen-wacholder-juniperus-chinensis-stricta-kaufen\/#primaryimage","url":"https:\/\/xedoo.com\/wp-content\/uploads\/2021\/11\/juniperus-chinensis-stricta-1.jpg","contentUrl":"https:\/\/xedoo.com\/wp-content\/uploads\/2021\/11\/juniperus-chinensis-stricta-1.jpg","width":1000,"height":1000,"caption":"juniperus-chinensis-stricta"},{"@type":"BreadcrumbList","@id":"https:\/\/xedoo.com\/de\/produkt\/chinesischen-wacholder-juniperus-chinensis-stricta-kaufen\/#breadcrumb","itemListElement":[{"@type":"ListItem","position":1,"name":"Home","item":"https:\/\/xedoo.com\/de\/"},{"@type":"ListItem","position":2,"name":"Mediterrane Baumschule, G\u00e4rtnerei M\u00e1laga, Spanien &#8211; Xedoo.com","item":"https:\/\/xedoo.com\/de\/"},{"@type":"ListItem","position":3,"name":"Juniperus chinensis stricta &#8211; Chinesischer Wacholder"}]},{"@type":"WebSite","@id":"https:\/\/xedoo.com\/de\/#website","url":"https:\/\/xedoo.com\/de\/","name":"Xedoo.com","description":"","publisher":{"@id":"https:\/\/xedoo.com\/de\/#organization"},"potentialAction":[{"@type":"SearchAction","target":{"@type":"EntryPoint","urlTemplate":"https:\/\/xedoo.com\/de\/?s={search_term_string}"},"query-input":"required name=search_term_string"}],"inLanguage":"de"},{"@type":"Organization","@id":"https:\/\/xedoo.com\/de\/#organization","name":"Xedoo","url":"https:\/\/xedoo.com\/de\/","logo":{"@type":"ImageObject","inLanguage":"de","@id":"https:\/\/xedoo.com\/de\/#\/schema\/logo\/image\/","url":"https:\/\/xedoo.com\/wp-content\/uploads\/2021\/12\/cropped-cropped-logo-new.jpg","contentUrl":"https:\/\/xedoo.com\/wp-content\/uploads\/2021\/12\/cropped-cropped-logo-new.jpg","width":240,"height":84,"caption":"Xedoo"},"image":{"@id":"https:\/\/xedoo.com\/de\/#\/schema\/logo\/image\/"}}]}},"_links":{"self":[{"href":"https:\/\/xedoo.com\/de\/wp-json\/wp\/v2\/product\/547"}],"collection":[{"href":"https:\/\/xedoo.com\/de\/wp-json\/wp\/v2\/product"}],"about":[{"href":"https:\/\/xedoo.com\/de\/wp-json\/wp\/v2\/types\/product"}],"wp:featuredmedia":[{"embeddable":true,"href":"https:\/\/xedoo.com\/de\/wp-json\/wp\/v2\/media\/671"}],"wp:attachment":[{"href":"https:\/\/xedoo.com\/de\/wp-json\/wp\/v2\/media?parent=547"}],"wp:term":[{"taxonomy":"product_brand","embeddable":true,"href":"https:\/\/xedoo.com\/de\/wp-json\/wp\/v2\/product_brand?post=547"},{"taxonomy":"product_cat","embeddable":true,"href":"https:\/\/xedoo.com\/de\/wp-json\/wp\/v2\/product_cat?post=547"},{"taxonomy":"product_tag","embeddable":true,"href":"https:\/\/xedoo.com\/de\/wp-json\/wp\/v2\/product_tag?post=547"},{"taxonomy":"woo-feed-brand","embeddable":true,"href":"https:\/\/xedoo.com\/de\/wp-json\/wp\/v2\/woo-feed-brand?post=547"}],"curies":[{"name":"wp","href":"https:\/\/api.w.org\/{rel}","templated":true}]}}