{"id":560,"date":"2021-11-21T13:50:43","date_gmt":"2021-11-21T12:57:31","guid":{"rendered":"https:\/\/xedoo.com\/?post_type=product&#038;p=560"},"modified":"2024-03-11T07:20:25","modified_gmt":"2024-03-11T06:20:25","slug":"kriechenden-zwerg-wacholder-kaufen-juniperus-procumbens-nana","status":"publish","type":"product","link":"https:\/\/xedoo.com\/de\/produkt\/kriechenden-zwerg-wacholder-kaufen-juniperus-procumbens-nana\/","title":{"rendered":"Juniperus chinensis procumbens nana"},"content":{"rendered":"<p>Juniperus chinensis procumbens nana (Deutscher Name Kriechender Wacholder) ist in Japan und China heimisch und kann dort eine Wuchsh\u00f6he von bis zu 70 Zentimetern erreichen. Der immergr\u00fcne Strauch geh\u00f6rt zur Familie der Zypressen und w\u00e4chst langsam am Boden entlang. Wie viele andere Juniper liebt auch diese Art einen voll sonnigen Standort, sowie einen leicht s\u00e4uerlichen, gut durchl\u00e4ssigen Boden. Die Pflanze sollte besonders in w\u00e4rmeren Regionen leicht feucht gehalten werden ohne dass die Wurzeln einer Staun\u00e4sse ausgesetzt werden. Die Unterart Juniperus procumbens nana oder Juniper chinensis var. Procumbens nana ist eine Zwergform von Juniperus procumbens und erreicht als solche nur eine Wuchsh\u00f6he von ca. 30 Zentimetern. Die Pflanze ist unter Bonsai Liebhabern besonders beliebt, lassen sich doch mit ihr die verschiedensten Bonsai Formen realisieren.<\/p>\n<p>Herkunft: China und Japan<br \/>\nWuchsh\u00f6he: bis zu 30 Zentimeter<br \/>\nEmpfindlich gegen K\u00e4lte: Nein<br \/>\nHitzeempfindlich: Nein<br \/>\nWindempfindlich: Nein<br \/>\nGeeignet als Bonsai: Ja<\/p>\n","protected":false},"excerpt":{"rendered":"<p>Kriechender Zwerg Wacholder Verkauf (Juniperus procumbens nana), verschiedene Gr\u00f6ssen verf\u00fcgbar.<\/p>\n","protected":false},"featured_media":674,"template":"","meta":[],"product_brand":[],"product_cat":[111,166],"product_tag":[],"woo-feed-brand":[],"class_list":{"0":"post-560","1":"product","2":"type-product","3":"status-publish","4":"has-post-thumbnail","6":"product_cat-gartenpflanzen","7":"product_cat-juniperus-chinensis-chinesischer-wacholder","9":"first","10":"outofstock","11":"shipping-taxable","12":"purchasable","13":"product-type-variable","14":"prodpage-classic"},"yoast_head":"<!-- This site is optimized with the Yoast SEO Premium plugin v22.0 (Yoast SEO v22.7) - https:\/\/yoast.com\/wordpress\/plugins\/seo\/ -->\n<title>Juniperus chinensis procumbens nana<\/title>\n<meta name=\"description\" content=\"21. November 2021 - Kriechender Zwerg Wacholder Verkauf (Juniperus procumbens nana), verschiedene Gr\u00f6ssen verf\u00fcgbar.\" \/>\n<meta name=\"robots\" content=\"index, follow, max-snippet:-1, max-image-preview:large, max-video-preview:-1\" \/>\n<link rel=\"canonical\" href=\"https:\/\/xedoo.com\/de\/produkt\/kriechenden-zwerg-wacholder-kaufen-juniperus-procumbens-nana\/\" \/>\n<meta name=\"twitter:label1\" content=\"Gesch\u00e4tzte Lesezeit\" \/>\n\t<meta name=\"twitter:data1\" content=\"1\u00a0Minute\" \/>\n<script type=\"application\/ld+json\" class=\"yoast-schema-graph\">{\"@context\":\"https:\/\/schema.org\",\"@graph\":[{\"@type\":\"WebPage\",\"@id\":\"https:\/\/xedoo.com\/de\/produkt\/kriechenden-zwerg-wacholder-kaufen-juniperus-procumbens-nana\/\",\"url\":\"https:\/\/xedoo.com\/de\/produkt\/kriechenden-zwerg-wacholder-kaufen-juniperus-procumbens-nana\/\",\"name\":\"Juniperus chinensis procumbens nana\",\"isPartOf\":{\"@id\":\"https:\/\/xedoo.com\/de\/#website\"},\"primaryImageOfPage\":{\"@id\":\"https:\/\/xedoo.com\/de\/produkt\/kriechenden-zwerg-wacholder-kaufen-juniperus-procumbens-nana\/#primaryimage\"},\"image\":{\"@id\":\"https:\/\/xedoo.com\/de\/produkt\/kriechenden-zwerg-wacholder-kaufen-juniperus-procumbens-nana\/#primaryimage\"},\"thumbnailUrl\":\"https:\/\/xedoo.com\/wp-content\/uploads\/2021\/11\/juniperus-procumbens-nana-1000.jpg\",\"datePublished\":\"2021-11-21T12:57:31+00:00\",\"dateModified\":\"2024-03-11T06:20:25+00:00\",\"description\":\"21. November 2021 - Kriechender Zwerg Wacholder Verkauf (Juniperus procumbens nana), verschiedene Gr\u00f6ssen verf\u00fcgbar.\",\"breadcrumb\":{\"@id\":\"https:\/\/xedoo.com\/de\/produkt\/kriechenden-zwerg-wacholder-kaufen-juniperus-procumbens-nana\/#breadcrumb\"},\"inLanguage\":\"de\",\"potentialAction\":[{\"@type\":\"ReadAction\",\"target\":[\"https:\/\/xedoo.com\/de\/produkt\/kriechenden-zwerg-wacholder-kaufen-juniperus-procumbens-nana\/\"]}]},{\"@type\":\"ImageObject\",\"inLanguage\":\"de\",\"@id\":\"https:\/\/xedoo.com\/de\/produkt\/kriechenden-zwerg-wacholder-kaufen-juniperus-procumbens-nana\/#primaryimage\",\"url\":\"https:\/\/xedoo.com\/wp-content\/uploads\/2021\/11\/juniperus-procumbens-nana-1000.jpg\",\"contentUrl\":\"https:\/\/xedoo.com\/wp-content\/uploads\/2021\/11\/juniperus-procumbens-nana-1000.jpg\",\"width\":1000,\"height\":1000,\"caption\":\"juniperus-procumbens-nana\"},{\"@type\":\"BreadcrumbList\",\"@id\":\"https:\/\/xedoo.com\/de\/produkt\/kriechenden-zwerg-wacholder-kaufen-juniperus-procumbens-nana\/#breadcrumb\",\"itemListElement\":[{\"@type\":\"ListItem\",\"position\":1,\"name\":\"Home\",\"item\":\"https:\/\/xedoo.com\/de\/\"},{\"@type\":\"ListItem\",\"position\":2,\"name\":\"Mediterrane Baumschule, G\u00e4rtnerei M\u00e1laga, Spanien &#8211; Xedoo.com\",\"item\":\"https:\/\/xedoo.com\/de\/\"},{\"@type\":\"ListItem\",\"position\":3,\"name\":\"Juniperus chinensis procumbens nana\"}]},{\"@type\":\"WebSite\",\"@id\":\"https:\/\/xedoo.com\/de\/#website\",\"url\":\"https:\/\/xedoo.com\/de\/\",\"name\":\"Xedoo.com\",\"description\":\"\",\"publisher\":{\"@id\":\"https:\/\/xedoo.com\/de\/#organization\"},\"potentialAction\":[{\"@type\":\"SearchAction\",\"target\":{\"@type\":\"EntryPoint\",\"urlTemplate\":\"https:\/\/xedoo.com\/de\/?s={search_term_string}\"},\"query-input\":\"required name=search_term_string\"}],\"inLanguage\":\"de\"},{\"@type\":\"Organization\",\"@id\":\"https:\/\/xedoo.com\/de\/#organization\",\"name\":\"Xedoo\",\"url\":\"https:\/\/xedoo.com\/de\/\",\"logo\":{\"@type\":\"ImageObject\",\"inLanguage\":\"de\",\"@id\":\"https:\/\/xedoo.com\/de\/#\/schema\/logo\/image\/\",\"url\":\"https:\/\/xedoo.com\/wp-content\/uploads\/2021\/12\/cropped-cropped-logo-new.jpg\",\"contentUrl\":\"https:\/\/xedoo.com\/wp-content\/uploads\/2021\/12\/cropped-cropped-logo-new.jpg\",\"width\":240,\"height\":84,\"caption\":\"Xedoo\"},\"image\":{\"@id\":\"https:\/\/xedoo.com\/de\/#\/schema\/logo\/image\/\"}}]}<\/script>\n<!-- \/ Yoast SEO Premium plugin. -->","yoast_head_json":{"title":"Juniperus chinensis procumbens nana","description":"21. November 2021 - Kriechender Zwerg Wacholder Verkauf (Juniperus procumbens nana), verschiedene Gr\u00f6ssen verf\u00fcgbar.","robots":{"index":"index","follow":"follow","max-snippet":"max-snippet:-1","max-image-preview":"max-image-preview:large","max-video-preview":"max-video-preview:-1"},"canonical":"https:\/\/xedoo.com\/de\/produkt\/kriechenden-zwerg-wacholder-kaufen-juniperus-procumbens-nana\/","twitter_misc":{"Gesch\u00e4tzte Lesezeit":"1\u00a0Minute"},"schema":{"@context":"https:\/\/schema.org","@graph":[{"@type":"WebPage","@id":"https:\/\/xedoo.com\/de\/produkt\/kriechenden-zwerg-wacholder-kaufen-juniperus-procumbens-nana\/","url":"https:\/\/xedoo.com\/de\/produkt\/kriechenden-zwerg-wacholder-kaufen-juniperus-procumbens-nana\/","name":"Juniperus chinensis procumbens nana","isPartOf":{"@id":"https:\/\/xedoo.com\/de\/#website"},"primaryImageOfPage":{"@id":"https:\/\/xedoo.com\/de\/produkt\/kriechenden-zwerg-wacholder-kaufen-juniperus-procumbens-nana\/#primaryimage"},"image":{"@id":"https:\/\/xedoo.com\/de\/produkt\/kriechenden-zwerg-wacholder-kaufen-juniperus-procumbens-nana\/#primaryimage"},"thumbnailUrl":"https:\/\/xedoo.com\/wp-content\/uploads\/2021\/11\/juniperus-procumbens-nana-1000.jpg","datePublished":"2021-11-21T12:57:31+00:00","dateModified":"2024-03-11T06:20:25+00:00","description":"21. November 2021 - Kriechender Zwerg Wacholder Verkauf (Juniperus procumbens nana), verschiedene Gr\u00f6ssen verf\u00fcgbar.","breadcrumb":{"@id":"https:\/\/xedoo.com\/de\/produkt\/kriechenden-zwerg-wacholder-kaufen-juniperus-procumbens-nana\/#breadcrumb"},"inLanguage":"de","potentialAction":[{"@type":"ReadAction","target":["https:\/\/xedoo.com\/de\/produkt\/kriechenden-zwerg-wacholder-kaufen-juniperus-procumbens-nana\/"]}]},{"@type":"ImageObject","inLanguage":"de","@id":"https:\/\/xedoo.com\/de\/produkt\/kriechenden-zwerg-wacholder-kaufen-juniperus-procumbens-nana\/#primaryimage","url":"https:\/\/xedoo.com\/wp-content\/uploads\/2021\/11\/juniperus-procumbens-nana-1000.jpg","contentUrl":"https:\/\/xedoo.com\/wp-content\/uploads\/2021\/11\/juniperus-procumbens-nana-1000.jpg","width":1000,"height":1000,"caption":"juniperus-procumbens-nana"},{"@type":"BreadcrumbList","@id":"https:\/\/xedoo.com\/de\/produkt\/kriechenden-zwerg-wacholder-kaufen-juniperus-procumbens-nana\/#breadcrumb","itemListElement":[{"@type":"ListItem","position":1,"name":"Home","item":"https:\/\/xedoo.com\/de\/"},{"@type":"ListItem","position":2,"name":"Mediterrane Baumschule, G\u00e4rtnerei M\u00e1laga, Spanien &#8211; Xedoo.com","item":"https:\/\/xedoo.com\/de\/"},{"@type":"ListItem","position":3,"name":"Juniperus chinensis procumbens nana"}]},{"@type":"WebSite","@id":"https:\/\/xedoo.com\/de\/#website","url":"https:\/\/xedoo.com\/de\/","name":"Xedoo.com","description":"","publisher":{"@id":"https:\/\/xedoo.com\/de\/#organization"},"potentialAction":[{"@type":"SearchAction","target":{"@type":"EntryPoint","urlTemplate":"https:\/\/xedoo.com\/de\/?s={search_term_string}"},"query-input":"required name=search_term_string"}],"inLanguage":"de"},{"@type":"Organization","@id":"https:\/\/xedoo.com\/de\/#organization","name":"Xedoo","url":"https:\/\/xedoo.com\/de\/","logo":{"@type":"ImageObject","inLanguage":"de","@id":"https:\/\/xedoo.com\/de\/#\/schema\/logo\/image\/","url":"https:\/\/xedoo.com\/wp-content\/uploads\/2021\/12\/cropped-cropped-logo-new.jpg","contentUrl":"https:\/\/xedoo.com\/wp-content\/uploads\/2021\/12\/cropped-cropped-logo-new.jpg","width":240,"height":84,"caption":"Xedoo"},"image":{"@id":"https:\/\/xedoo.com\/de\/#\/schema\/logo\/image\/"}}]}},"_links":{"self":[{"href":"https:\/\/xedoo.com\/de\/wp-json\/wp\/v2\/product\/560"}],"collection":[{"href":"https:\/\/xedoo.com\/de\/wp-json\/wp\/v2\/product"}],"about":[{"href":"https:\/\/xedoo.com\/de\/wp-json\/wp\/v2\/types\/product"}],"wp:featuredmedia":[{"embeddable":true,"href":"https:\/\/xedoo.com\/de\/wp-json\/wp\/v2\/media\/674"}],"wp:attachment":[{"href":"https:\/\/xedoo.com\/de\/wp-json\/wp\/v2\/media?parent=560"}],"wp:term":[{"taxonomy":"product_brand","embeddable":true,"href":"https:\/\/xedoo.com\/de\/wp-json\/wp\/v2\/product_brand?post=560"},{"taxonomy":"product_cat","embeddable":true,"href":"https:\/\/xedoo.com\/de\/wp-json\/wp\/v2\/product_cat?post=560"},{"taxonomy":"product_tag","embeddable":true,"href":"https:\/\/xedoo.com\/de\/wp-json\/wp\/v2\/product_tag?post=560"},{"taxonomy":"woo-feed-brand","embeddable":true,"href":"https:\/\/xedoo.com\/de\/wp-json\/wp\/v2\/woo-feed-brand?post=560"}],"curies":[{"name":"wp","href":"https:\/\/api.w.org\/{rel}","templated":true}]}}