{"id":626,"date":"2021-11-30T08:18:39","date_gmt":"2021-11-30T07:28:24","guid":{"rendered":"https:\/\/xedoo.com\/?post_type=product&#038;p=626"},"modified":"2022-02-18T05:23:30","modified_gmt":"2022-02-18T04:23:30","slug":"oesterreichische-schwarzkiefer-kaufen-pinus-nigra-nigra","status":"publish","type":"product","link":"https:\/\/xedoo.com\/de\/produkt\/oesterreichische-schwarzkiefer-kaufen-pinus-nigra-nigra\/","title":{"rendered":"\u00d6sterreichische Schwarzkiefer kaufen (Pinus nigra nigra)"},"content":{"rendered":"<p>Die \u00f6sterreichische Schwarzkiefer (Pinus nigra nigra) stammt aus \u00d6sterreich und S\u00fcdeuropa und geh\u00f6rt zur Gattung der Kiefern (Pinus). Der Baum kann eine Gesamth\u00f6he von bis zu 50 Metern erreichen und bis zu 750 Jahre alt werden. Es handelt sich bei Pinus nigra nigra um einen \u00e4u\u00dferst widerstandsf\u00e4higen Baum, der auch mit starkem Frost und gro\u00dfer Hitze keine Probleme hat. Die Schwarzkiefer steht bei Bonsai Liebhabern  besonders hoch im Kurs, da sich mit ihr aufgrund der im Alter zunehmenden knorrigen Wuchsform wundersch\u00f6ne kleine B\u00e4ume kreieren lassen. In der Tat handelt geh\u00f6ren die Schwarzkiefer Bonsais zu den sch\u00f6nsten, aber leider auch teuersten Bonsai \u00fcberhaupt.<\/p>\n<p>Wissenschaftlicher Name: Pinus nigra nigra<br \/>\nDeutscher Name: \u00d6sterreichische Schwarzkiefer<br \/>\nHerkunft: Mittel- und S\u00fcdeuropa<br \/>\nWuchsh\u00f6he: Bis zu 50 Meter<br \/>\nWinterhart: Ja<br \/>\nHitzeempfindlich: Nein<br \/>\nWindempfindlich: Nein<br \/>\nGeeignet als Bonsai: Ja<br \/>\nPflanzenh\u00f6he: 30-40cm<\/p>\n","protected":false},"excerpt":{"rendered":"<p>Verkauf von Schwarzkiefern (Pinus nigra nigra) in verschiedenen Gr\u00f6\u00dfen f\u00fcr Garten- und Bonsaikreationen.<\/p>\n","protected":false},"featured_media":624,"template":"","meta":[],"product_brand":[],"product_cat":[111,107],"product_tag":[],"woo-feed-brand":[],"class_list":{"0":"post-626","1":"product","2":"type-product","3":"status-publish","4":"has-post-thumbnail","6":"product_cat-gartenpflanzen","7":"product_cat-pinus-kiefern","9":"first","10":"outofstock","11":"shipping-taxable","12":"purchasable","13":"product-type-simple","14":"prodpage-classic"},"yoast_head":"<!-- This site is optimized with the Yoast SEO Premium plugin v22.0 (Yoast SEO v22.7) - https:\/\/yoast.com\/wordpress\/plugins\/seo\/ -->\n<title>\u00d6sterreichische Schwarzkiefer kaufen (Pinus nigra nigra)<\/title>\n<meta name=\"description\" content=\"Verkauf von Schwarzkiefer (Pinus nigra nigra) in verschiedenen Gr\u00f6\u00dfen als Freilandpflanze f\u00fcr G\u00e4rten und auch f\u00fcr die Herstellung von Bonsai.\" \/>\n<meta name=\"robots\" content=\"index, follow, max-snippet:-1, max-image-preview:large, max-video-preview:-1\" \/>\n<link rel=\"canonical\" href=\"https:\/\/xedoo.com\/de\/produkt\/oesterreichische-schwarzkiefer-kaufen-pinus-nigra-nigra\/\" \/>\n<meta name=\"twitter:label1\" content=\"Gesch\u00e4tzte Lesezeit\" \/>\n\t<meta name=\"twitter:data1\" content=\"1\u00a0Minute\" \/>\n<script type=\"application\/ld+json\" class=\"yoast-schema-graph\">{\"@context\":\"https:\/\/schema.org\",\"@graph\":[{\"@type\":\"WebPage\",\"@id\":\"https:\/\/xedoo.com\/de\/produkt\/oesterreichische-schwarzkiefer-kaufen-pinus-nigra-nigra\/\",\"url\":\"https:\/\/xedoo.com\/de\/produkt\/oesterreichische-schwarzkiefer-kaufen-pinus-nigra-nigra\/\",\"name\":\"\u00d6sterreichische Schwarzkiefer kaufen (Pinus nigra nigra)\",\"isPartOf\":{\"@id\":\"https:\/\/xedoo.com\/de\/#website\"},\"primaryImageOfPage\":{\"@id\":\"https:\/\/xedoo.com\/de\/produkt\/oesterreichische-schwarzkiefer-kaufen-pinus-nigra-nigra\/#primaryimage\"},\"image\":{\"@id\":\"https:\/\/xedoo.com\/de\/produkt\/oesterreichische-schwarzkiefer-kaufen-pinus-nigra-nigra\/#primaryimage\"},\"thumbnailUrl\":\"https:\/\/xedoo.com\/wp-content\/uploads\/2021\/11\/pinus-nigra-nigra-.jpg\",\"datePublished\":\"2021-11-30T07:28:24+00:00\",\"dateModified\":\"2022-02-18T04:23:30+00:00\",\"description\":\"Verkauf von Schwarzkiefer (Pinus nigra nigra) in verschiedenen Gr\u00f6\u00dfen als Freilandpflanze f\u00fcr G\u00e4rten und auch f\u00fcr die Herstellung von Bonsai.\",\"breadcrumb\":{\"@id\":\"https:\/\/xedoo.com\/de\/produkt\/oesterreichische-schwarzkiefer-kaufen-pinus-nigra-nigra\/#breadcrumb\"},\"inLanguage\":\"de\",\"potentialAction\":[{\"@type\":\"ReadAction\",\"target\":[\"https:\/\/xedoo.com\/de\/produkt\/oesterreichische-schwarzkiefer-kaufen-pinus-nigra-nigra\/\"]}]},{\"@type\":\"ImageObject\",\"inLanguage\":\"de\",\"@id\":\"https:\/\/xedoo.com\/de\/produkt\/oesterreichische-schwarzkiefer-kaufen-pinus-nigra-nigra\/#primaryimage\",\"url\":\"https:\/\/xedoo.com\/wp-content\/uploads\/2021\/11\/pinus-nigra-nigra-.jpg\",\"contentUrl\":\"https:\/\/xedoo.com\/wp-content\/uploads\/2021\/11\/pinus-nigra-nigra-.jpg\",\"width\":1000,\"height\":1143,\"caption\":\"\u00d6sterreichische Schwarzkiefer\"},{\"@type\":\"BreadcrumbList\",\"@id\":\"https:\/\/xedoo.com\/de\/produkt\/oesterreichische-schwarzkiefer-kaufen-pinus-nigra-nigra\/#breadcrumb\",\"itemListElement\":[{\"@type\":\"ListItem\",\"position\":1,\"name\":\"Home\",\"item\":\"https:\/\/xedoo.com\/de\/\"},{\"@type\":\"ListItem\",\"position\":2,\"name\":\"Mediterrane Baumschule, G\u00e4rtnerei M\u00e1laga, Spanien &#8211; Xedoo.com\",\"item\":\"https:\/\/xedoo.com\/de\/\"},{\"@type\":\"ListItem\",\"position\":3,\"name\":\"\u00d6sterreichische Schwarzkiefer kaufen (Pinus nigra nigra)\"}]},{\"@type\":\"WebSite\",\"@id\":\"https:\/\/xedoo.com\/de\/#website\",\"url\":\"https:\/\/xedoo.com\/de\/\",\"name\":\"Xedoo.com\",\"description\":\"\",\"publisher\":{\"@id\":\"https:\/\/xedoo.com\/de\/#organization\"},\"potentialAction\":[{\"@type\":\"SearchAction\",\"target\":{\"@type\":\"EntryPoint\",\"urlTemplate\":\"https:\/\/xedoo.com\/de\/?s={search_term_string}\"},\"query-input\":\"required name=search_term_string\"}],\"inLanguage\":\"de\"},{\"@type\":\"Organization\",\"@id\":\"https:\/\/xedoo.com\/de\/#organization\",\"name\":\"Xedoo\",\"url\":\"https:\/\/xedoo.com\/de\/\",\"logo\":{\"@type\":\"ImageObject\",\"inLanguage\":\"de\",\"@id\":\"https:\/\/xedoo.com\/de\/#\/schema\/logo\/image\/\",\"url\":\"https:\/\/xedoo.com\/wp-content\/uploads\/2021\/12\/cropped-cropped-logo-new.jpg\",\"contentUrl\":\"https:\/\/xedoo.com\/wp-content\/uploads\/2021\/12\/cropped-cropped-logo-new.jpg\",\"width\":240,\"height\":84,\"caption\":\"Xedoo\"},\"image\":{\"@id\":\"https:\/\/xedoo.com\/de\/#\/schema\/logo\/image\/\"}}]}<\/script>\n<!-- \/ Yoast SEO Premium plugin. -->","yoast_head_json":{"title":"\u00d6sterreichische Schwarzkiefer kaufen (Pinus nigra nigra)","description":"Verkauf von Schwarzkiefer (Pinus nigra nigra) in verschiedenen Gr\u00f6\u00dfen als Freilandpflanze f\u00fcr G\u00e4rten und auch f\u00fcr die Herstellung von Bonsai.","robots":{"index":"index","follow":"follow","max-snippet":"max-snippet:-1","max-image-preview":"max-image-preview:large","max-video-preview":"max-video-preview:-1"},"canonical":"https:\/\/xedoo.com\/de\/produkt\/oesterreichische-schwarzkiefer-kaufen-pinus-nigra-nigra\/","twitter_misc":{"Gesch\u00e4tzte Lesezeit":"1\u00a0Minute"},"schema":{"@context":"https:\/\/schema.org","@graph":[{"@type":"WebPage","@id":"https:\/\/xedoo.com\/de\/produkt\/oesterreichische-schwarzkiefer-kaufen-pinus-nigra-nigra\/","url":"https:\/\/xedoo.com\/de\/produkt\/oesterreichische-schwarzkiefer-kaufen-pinus-nigra-nigra\/","name":"\u00d6sterreichische Schwarzkiefer kaufen (Pinus nigra nigra)","isPartOf":{"@id":"https:\/\/xedoo.com\/de\/#website"},"primaryImageOfPage":{"@id":"https:\/\/xedoo.com\/de\/produkt\/oesterreichische-schwarzkiefer-kaufen-pinus-nigra-nigra\/#primaryimage"},"image":{"@id":"https:\/\/xedoo.com\/de\/produkt\/oesterreichische-schwarzkiefer-kaufen-pinus-nigra-nigra\/#primaryimage"},"thumbnailUrl":"https:\/\/xedoo.com\/wp-content\/uploads\/2021\/11\/pinus-nigra-nigra-.jpg","datePublished":"2021-11-30T07:28:24+00:00","dateModified":"2022-02-18T04:23:30+00:00","description":"Verkauf von Schwarzkiefer (Pinus nigra nigra) in verschiedenen Gr\u00f6\u00dfen als Freilandpflanze f\u00fcr G\u00e4rten und auch f\u00fcr die Herstellung von Bonsai.","breadcrumb":{"@id":"https:\/\/xedoo.com\/de\/produkt\/oesterreichische-schwarzkiefer-kaufen-pinus-nigra-nigra\/#breadcrumb"},"inLanguage":"de","potentialAction":[{"@type":"ReadAction","target":["https:\/\/xedoo.com\/de\/produkt\/oesterreichische-schwarzkiefer-kaufen-pinus-nigra-nigra\/"]}]},{"@type":"ImageObject","inLanguage":"de","@id":"https:\/\/xedoo.com\/de\/produkt\/oesterreichische-schwarzkiefer-kaufen-pinus-nigra-nigra\/#primaryimage","url":"https:\/\/xedoo.com\/wp-content\/uploads\/2021\/11\/pinus-nigra-nigra-.jpg","contentUrl":"https:\/\/xedoo.com\/wp-content\/uploads\/2021\/11\/pinus-nigra-nigra-.jpg","width":1000,"height":1143,"caption":"\u00d6sterreichische Schwarzkiefer"},{"@type":"BreadcrumbList","@id":"https:\/\/xedoo.com\/de\/produkt\/oesterreichische-schwarzkiefer-kaufen-pinus-nigra-nigra\/#breadcrumb","itemListElement":[{"@type":"ListItem","position":1,"name":"Home","item":"https:\/\/xedoo.com\/de\/"},{"@type":"ListItem","position":2,"name":"Mediterrane Baumschule, G\u00e4rtnerei M\u00e1laga, Spanien &#8211; Xedoo.com","item":"https:\/\/xedoo.com\/de\/"},{"@type":"ListItem","position":3,"name":"\u00d6sterreichische Schwarzkiefer kaufen (Pinus nigra nigra)"}]},{"@type":"WebSite","@id":"https:\/\/xedoo.com\/de\/#website","url":"https:\/\/xedoo.com\/de\/","name":"Xedoo.com","description":"","publisher":{"@id":"https:\/\/xedoo.com\/de\/#organization"},"potentialAction":[{"@type":"SearchAction","target":{"@type":"EntryPoint","urlTemplate":"https:\/\/xedoo.com\/de\/?s={search_term_string}"},"query-input":"required name=search_term_string"}],"inLanguage":"de"},{"@type":"Organization","@id":"https:\/\/xedoo.com\/de\/#organization","name":"Xedoo","url":"https:\/\/xedoo.com\/de\/","logo":{"@type":"ImageObject","inLanguage":"de","@id":"https:\/\/xedoo.com\/de\/#\/schema\/logo\/image\/","url":"https:\/\/xedoo.com\/wp-content\/uploads\/2021\/12\/cropped-cropped-logo-new.jpg","contentUrl":"https:\/\/xedoo.com\/wp-content\/uploads\/2021\/12\/cropped-cropped-logo-new.jpg","width":240,"height":84,"caption":"Xedoo"},"image":{"@id":"https:\/\/xedoo.com\/de\/#\/schema\/logo\/image\/"}}]}},"_links":{"self":[{"href":"https:\/\/xedoo.com\/de\/wp-json\/wp\/v2\/product\/626"}],"collection":[{"href":"https:\/\/xedoo.com\/de\/wp-json\/wp\/v2\/product"}],"about":[{"href":"https:\/\/xedoo.com\/de\/wp-json\/wp\/v2\/types\/product"}],"wp:featuredmedia":[{"embeddable":true,"href":"https:\/\/xedoo.com\/de\/wp-json\/wp\/v2\/media\/624"}],"wp:attachment":[{"href":"https:\/\/xedoo.com\/de\/wp-json\/wp\/v2\/media?parent=626"}],"wp:term":[{"taxonomy":"product_brand","embeddable":true,"href":"https:\/\/xedoo.com\/de\/wp-json\/wp\/v2\/product_brand?post=626"},{"taxonomy":"product_cat","embeddable":true,"href":"https:\/\/xedoo.com\/de\/wp-json\/wp\/v2\/product_cat?post=626"},{"taxonomy":"product_tag","embeddable":true,"href":"https:\/\/xedoo.com\/de\/wp-json\/wp\/v2\/product_tag?post=626"},{"taxonomy":"woo-feed-brand","embeddable":true,"href":"https:\/\/xedoo.com\/de\/wp-json\/wp\/v2\/woo-feed-brand?post=626"}],"curies":[{"name":"wp","href":"https:\/\/api.w.org\/{rel}","templated":true}]}}