{"id":723,"date":"2021-12-05T13:55:24","date_gmt":"2021-12-05T12:55:24","guid":{"rendered":"https:\/\/xedoo.com\/?post_type=product&#038;p=723"},"modified":"2025-09-22T10:21:52","modified_gmt":"2025-09-22T08:21:52","slug":"johannisbrotbaum-kaufen-ceratonia-siliqua","status":"publish","type":"product","link":"https:\/\/xedoo.com\/de\/produkt\/johannisbrotbaum-kaufen-ceratonia-siliqua\/","title":{"rendered":"Johannisbrotbaum &#8211; Ceratonia siliqua"},"content":{"rendered":"<p>Der Johannisbrotbaum (Ceratonia siliqua) stammt aus dem Mittelmeerraum und kann eine Gesamth\u00f6he von 10 \u2013 15 Metern erreichen. Er geh\u00f6rt zur Familie der H\u00fclsenfr\u00fcchtler und gilt als \u00e4u\u00dferst robust, was hohe Temperaturen, Bodenbeschaffenheit und Trockenheit anbelangt. Der Johannisbrotbaum ist jedoch sehr frostempfindlich und sollte im Winter gegen jeglichen Frost gut gesch\u00fctzt werden. Ceratonia siliqua ist bekannt f\u00fcr seine essbaren Fr\u00fcchte, den Johannisbrotschoten, aus denen Nahrungsmittel wie S\u00fcsswaren, Backwaren und Speiseeis hergestellt werden.<\/p>\n<p>Wissenschaftlicher Name: Ceratonia siliqua<br \/>\nDeutscher Name: Johannisbrotbaum, Bocksh\u00f6rndlbaum, Karubenbaum, Karobbaum<br \/>\nHerkunft: Mittelmeerraum<br \/>\nWuchsh\u00f6he: Bis zu 15 Meter<br \/>\nWinterhart: Nein<br \/>\nHitzeempfindlich: Nein<br \/>\nWindempfindlich: Nein<br \/>\nGeeignet als Bonsai: Ja<br \/>\nPflanzenh\u00f6he: 30-40cm<\/p>\n","protected":false},"excerpt":{"rendered":"<p>Verkauf von Johannisbrotb\u00e4umen (Ceratonia siliqua) in verschiedenen Gr\u00f6\u00dfen f\u00fcr den Garten und Bonsaikreationen.<\/p>\n","protected":false},"featured_media":724,"template":"","meta":[],"product_brand":[],"product_cat":[109,111],"product_tag":[],"woo-feed-brand":[],"class_list":{"0":"post-723","1":"product","2":"type-product","3":"status-publish","4":"has-post-thumbnail","6":"product_cat-bonsai","7":"product_cat-gartenpflanzen","9":"first","10":"outofstock","11":"shipping-taxable","12":"purchasable","13":"product-type-simple","14":"prodpage-classic"},"yoast_head":"<!-- This site is optimized with the Yoast SEO Premium plugin v22.0 (Yoast SEO v22.7) - https:\/\/yoast.com\/wordpress\/plugins\/seo\/ -->\n<title>Johannisbrotbaum kaufen - Ceratonia siliqua \u2618\ufe0f<\/title>\n<meta name=\"description\" content=\"Johannisbrotbaum kaufen, Ceratonia siliqua ab . F\u00fcr Garten und zur Bonsaigestaltung in verschiedenen Gr\u00f6\u00dfen direkt aus S\u00fcdspanien.\" \/>\n<meta name=\"robots\" content=\"index, follow, max-snippet:-1, max-image-preview:large, max-video-preview:-1\" \/>\n<link rel=\"canonical\" href=\"https:\/\/xedoo.com\/de\/produkt\/johannisbrotbaum-kaufen-ceratonia-siliqua\/\" \/>\n<meta name=\"twitter:label1\" content=\"Gesch\u00e4tzte Lesezeit\" \/>\n\t<meta name=\"twitter:data1\" content=\"1\u00a0Minute\" \/>\n<script type=\"application\/ld+json\" class=\"yoast-schema-graph\">{\"@context\":\"https:\/\/schema.org\",\"@graph\":[{\"@type\":\"WebPage\",\"@id\":\"https:\/\/xedoo.com\/de\/produkt\/johannisbrotbaum-kaufen-ceratonia-siliqua\/\",\"url\":\"https:\/\/xedoo.com\/de\/produkt\/johannisbrotbaum-kaufen-ceratonia-siliqua\/\",\"name\":\"Johannisbrotbaum kaufen - Ceratonia siliqua \u2618\ufe0f\",\"isPartOf\":{\"@id\":\"https:\/\/xedoo.com\/de\/#website\"},\"primaryImageOfPage\":{\"@id\":\"https:\/\/xedoo.com\/de\/produkt\/johannisbrotbaum-kaufen-ceratonia-siliqua\/#primaryimage\"},\"image\":{\"@id\":\"https:\/\/xedoo.com\/de\/produkt\/johannisbrotbaum-kaufen-ceratonia-siliqua\/#primaryimage\"},\"thumbnailUrl\":\"https:\/\/xedoo.com\/wp-content\/uploads\/2021\/12\/johannisbrotbaum-1.jpg\",\"datePublished\":\"2021-12-05T12:55:24+00:00\",\"dateModified\":\"2025-09-22T08:21:52+00:00\",\"description\":\"Johannisbrotbaum kaufen, Ceratonia siliqua ab . F\u00fcr Garten und zur Bonsaigestaltung in verschiedenen Gr\u00f6\u00dfen direkt aus S\u00fcdspanien.\",\"breadcrumb\":{\"@id\":\"https:\/\/xedoo.com\/de\/produkt\/johannisbrotbaum-kaufen-ceratonia-siliqua\/#breadcrumb\"},\"inLanguage\":\"de\",\"potentialAction\":[{\"@type\":\"ReadAction\",\"target\":[\"https:\/\/xedoo.com\/de\/produkt\/johannisbrotbaum-kaufen-ceratonia-siliqua\/\"]}]},{\"@type\":\"ImageObject\",\"inLanguage\":\"de\",\"@id\":\"https:\/\/xedoo.com\/de\/produkt\/johannisbrotbaum-kaufen-ceratonia-siliqua\/#primaryimage\",\"url\":\"https:\/\/xedoo.com\/wp-content\/uploads\/2021\/12\/johannisbrotbaum-1.jpg\",\"contentUrl\":\"https:\/\/xedoo.com\/wp-content\/uploads\/2021\/12\/johannisbrotbaum-1.jpg\",\"width\":1000,\"height\":748,\"caption\":\"Johannisbrotbaum - Ceratonia siliqua\"},{\"@type\":\"BreadcrumbList\",\"@id\":\"https:\/\/xedoo.com\/de\/produkt\/johannisbrotbaum-kaufen-ceratonia-siliqua\/#breadcrumb\",\"itemListElement\":[{\"@type\":\"ListItem\",\"position\":1,\"name\":\"Home\",\"item\":\"https:\/\/xedoo.com\/de\/\"},{\"@type\":\"ListItem\",\"position\":2,\"name\":\"Mediterrane Baumschule, G\u00e4rtnerei M\u00e1laga, Spanien &#8211; Xedoo.com\",\"item\":\"https:\/\/xedoo.com\/de\/\"},{\"@type\":\"ListItem\",\"position\":3,\"name\":\"Johannisbrotbaum &#8211; Ceratonia siliqua\"}]},{\"@type\":\"WebSite\",\"@id\":\"https:\/\/xedoo.com\/de\/#website\",\"url\":\"https:\/\/xedoo.com\/de\/\",\"name\":\"Xedoo.com\",\"description\":\"\",\"publisher\":{\"@id\":\"https:\/\/xedoo.com\/de\/#organization\"},\"potentialAction\":[{\"@type\":\"SearchAction\",\"target\":{\"@type\":\"EntryPoint\",\"urlTemplate\":\"https:\/\/xedoo.com\/de\/?s={search_term_string}\"},\"query-input\":\"required name=search_term_string\"}],\"inLanguage\":\"de\"},{\"@type\":\"Organization\",\"@id\":\"https:\/\/xedoo.com\/de\/#organization\",\"name\":\"Xedoo\",\"url\":\"https:\/\/xedoo.com\/de\/\",\"logo\":{\"@type\":\"ImageObject\",\"inLanguage\":\"de\",\"@id\":\"https:\/\/xedoo.com\/de\/#\/schema\/logo\/image\/\",\"url\":\"https:\/\/xedoo.com\/wp-content\/uploads\/2021\/12\/cropped-cropped-logo-new.jpg\",\"contentUrl\":\"https:\/\/xedoo.com\/wp-content\/uploads\/2021\/12\/cropped-cropped-logo-new.jpg\",\"width\":240,\"height\":84,\"caption\":\"Xedoo\"},\"image\":{\"@id\":\"https:\/\/xedoo.com\/de\/#\/schema\/logo\/image\/\"}}]}<\/script>\n<!-- \/ Yoast SEO Premium plugin. -->","yoast_head_json":{"title":"Johannisbrotbaum kaufen - Ceratonia siliqua \u2618\ufe0f","description":"Johannisbrotbaum kaufen, Ceratonia siliqua ab . F\u00fcr Garten und zur Bonsaigestaltung in verschiedenen Gr\u00f6\u00dfen direkt aus S\u00fcdspanien.","robots":{"index":"index","follow":"follow","max-snippet":"max-snippet:-1","max-image-preview":"max-image-preview:large","max-video-preview":"max-video-preview:-1"},"canonical":"https:\/\/xedoo.com\/de\/produkt\/johannisbrotbaum-kaufen-ceratonia-siliqua\/","twitter_misc":{"Gesch\u00e4tzte Lesezeit":"1\u00a0Minute"},"schema":{"@context":"https:\/\/schema.org","@graph":[{"@type":"WebPage","@id":"https:\/\/xedoo.com\/de\/produkt\/johannisbrotbaum-kaufen-ceratonia-siliqua\/","url":"https:\/\/xedoo.com\/de\/produkt\/johannisbrotbaum-kaufen-ceratonia-siliqua\/","name":"Johannisbrotbaum kaufen - Ceratonia siliqua \u2618\ufe0f","isPartOf":{"@id":"https:\/\/xedoo.com\/de\/#website"},"primaryImageOfPage":{"@id":"https:\/\/xedoo.com\/de\/produkt\/johannisbrotbaum-kaufen-ceratonia-siliqua\/#primaryimage"},"image":{"@id":"https:\/\/xedoo.com\/de\/produkt\/johannisbrotbaum-kaufen-ceratonia-siliqua\/#primaryimage"},"thumbnailUrl":"https:\/\/xedoo.com\/wp-content\/uploads\/2021\/12\/johannisbrotbaum-1.jpg","datePublished":"2021-12-05T12:55:24+00:00","dateModified":"2025-09-22T08:21:52+00:00","description":"Johannisbrotbaum kaufen, Ceratonia siliqua ab . F\u00fcr Garten und zur Bonsaigestaltung in verschiedenen Gr\u00f6\u00dfen direkt aus S\u00fcdspanien.","breadcrumb":{"@id":"https:\/\/xedoo.com\/de\/produkt\/johannisbrotbaum-kaufen-ceratonia-siliqua\/#breadcrumb"},"inLanguage":"de","potentialAction":[{"@type":"ReadAction","target":["https:\/\/xedoo.com\/de\/produkt\/johannisbrotbaum-kaufen-ceratonia-siliqua\/"]}]},{"@type":"ImageObject","inLanguage":"de","@id":"https:\/\/xedoo.com\/de\/produkt\/johannisbrotbaum-kaufen-ceratonia-siliqua\/#primaryimage","url":"https:\/\/xedoo.com\/wp-content\/uploads\/2021\/12\/johannisbrotbaum-1.jpg","contentUrl":"https:\/\/xedoo.com\/wp-content\/uploads\/2021\/12\/johannisbrotbaum-1.jpg","width":1000,"height":748,"caption":"Johannisbrotbaum - Ceratonia siliqua"},{"@type":"BreadcrumbList","@id":"https:\/\/xedoo.com\/de\/produkt\/johannisbrotbaum-kaufen-ceratonia-siliqua\/#breadcrumb","itemListElement":[{"@type":"ListItem","position":1,"name":"Home","item":"https:\/\/xedoo.com\/de\/"},{"@type":"ListItem","position":2,"name":"Mediterrane Baumschule, G\u00e4rtnerei M\u00e1laga, Spanien &#8211; Xedoo.com","item":"https:\/\/xedoo.com\/de\/"},{"@type":"ListItem","position":3,"name":"Johannisbrotbaum &#8211; Ceratonia siliqua"}]},{"@type":"WebSite","@id":"https:\/\/xedoo.com\/de\/#website","url":"https:\/\/xedoo.com\/de\/","name":"Xedoo.com","description":"","publisher":{"@id":"https:\/\/xedoo.com\/de\/#organization"},"potentialAction":[{"@type":"SearchAction","target":{"@type":"EntryPoint","urlTemplate":"https:\/\/xedoo.com\/de\/?s={search_term_string}"},"query-input":"required name=search_term_string"}],"inLanguage":"de"},{"@type":"Organization","@id":"https:\/\/xedoo.com\/de\/#organization","name":"Xedoo","url":"https:\/\/xedoo.com\/de\/","logo":{"@type":"ImageObject","inLanguage":"de","@id":"https:\/\/xedoo.com\/de\/#\/schema\/logo\/image\/","url":"https:\/\/xedoo.com\/wp-content\/uploads\/2021\/12\/cropped-cropped-logo-new.jpg","contentUrl":"https:\/\/xedoo.com\/wp-content\/uploads\/2021\/12\/cropped-cropped-logo-new.jpg","width":240,"height":84,"caption":"Xedoo"},"image":{"@id":"https:\/\/xedoo.com\/de\/#\/schema\/logo\/image\/"}}]}},"_links":{"self":[{"href":"https:\/\/xedoo.com\/de\/wp-json\/wp\/v2\/product\/723"}],"collection":[{"href":"https:\/\/xedoo.com\/de\/wp-json\/wp\/v2\/product"}],"about":[{"href":"https:\/\/xedoo.com\/de\/wp-json\/wp\/v2\/types\/product"}],"wp:featuredmedia":[{"embeddable":true,"href":"https:\/\/xedoo.com\/de\/wp-json\/wp\/v2\/media\/724"}],"wp:attachment":[{"href":"https:\/\/xedoo.com\/de\/wp-json\/wp\/v2\/media?parent=723"}],"wp:term":[{"taxonomy":"product_brand","embeddable":true,"href":"https:\/\/xedoo.com\/de\/wp-json\/wp\/v2\/product_brand?post=723"},{"taxonomy":"product_cat","embeddable":true,"href":"https:\/\/xedoo.com\/de\/wp-json\/wp\/v2\/product_cat?post=723"},{"taxonomy":"product_tag","embeddable":true,"href":"https:\/\/xedoo.com\/de\/wp-json\/wp\/v2\/product_tag?post=723"},{"taxonomy":"woo-feed-brand","embeddable":true,"href":"https:\/\/xedoo.com\/de\/wp-json\/wp\/v2\/woo-feed-brand?post=723"}],"curies":[{"name":"wp","href":"https:\/\/api.w.org\/{rel}","templated":true}]}}