{"id":875,"date":"2021-12-10T20:50:21","date_gmt":"2021-12-10T19:50:21","guid":{"rendered":"https:\/\/xedoo.com\/?post_type=product&#038;p=875"},"modified":"2023-11-17T19:24:40","modified_gmt":"2023-11-17T18:24:40","slug":"aleppo-kiefer-pinus-halepensis-kaufen","status":"publish","type":"product","link":"https:\/\/xedoo.com\/de\/produkt\/aleppo-kiefer-pinus-halepensis-kaufen\/","title":{"rendered":"Aleppo Kiefer kaufen, Pinus Halepensis"},"content":{"rendered":"<p>Die Aleppo Kiefer (Pinus Halepensis) stammt aus dem Mittelmeerraum und kann eine Gesamth\u00f6he von bis zu 25 Meter erreichen. Pinus Halepensis gilt als \u00e4u\u00dferst robust, was Hitze und Trockenheit anbelangt. Einmal eingewachsen, kann sie mehrere Monate ohne jegliches Wasser auskommen. Sie vertr\u00e4gt jedoch keine l\u00e4ngeren Frostperioden mit Temperaturen unter Minus 10 Grad Celsius und ist daher f\u00fcr den Anbau in Nordeuropa weniger geeignet. Die Aleppo Kiefer braucht ein mediterranes Klima mit viel Sonne und ohne \u00fcberm\u00e4\u00dfige Niederschl\u00e4ge oder K\u00e4lte. Sie gedeiht gut auf trockenen H\u00e4ngen, vorzugsweise auf kalkhaltigen oder kalkreichen B\u00f6den und in K\u00fcstenn\u00e4he. Sie kommt vom Meeresspiegel bis in 1000 Meter H\u00f6he vor, in einigen Gebirgsz\u00fcgen im S\u00fcden erreicht sie sogar 1600 Meter. Pinus Halepensis ist auch sehr gut als Bonsai Rohmaterial geeignet.<\/p>\n<p>&nbsp;<\/p>\n<p>Wissenschaftlicher Name: Pinus Halepensis<br \/>\nDeutscher Name: Aleppo Kiefer<br \/>\nHerkunft: Mittelmeerraum<br \/>\nWuchsh\u00f6he: bis zu 25 Meter<br \/>\nWinterhart: Ja, bis \u2013 10 Grad Celsius<br \/>\nHitzeempfindlich: Nein<br \/>\nWindempfindlich: Nein<br \/>\nGeeignet als Bonsai: Ja<br \/>\nPflanzenh\u00f6he: 20-30cm<\/p>\n","protected":false},"excerpt":{"rendered":"<p>Verkauf von Pinus Halepensis (Aleppo Kiefer) B\u00e4umen, Setzlinge, ca. 20-30cm H\u00f6he, geeignet auch als Bonsai Rohmaterial.<\/p>\n","protected":false},"featured_media":1298,"template":"","meta":[],"product_brand":[],"product_cat":[107],"product_tag":[],"woo-feed-brand":[],"class_list":{"0":"post-875","1":"product","2":"type-product","3":"status-publish","4":"has-post-thumbnail","6":"product_cat-pinus-kiefern","8":"first","9":"outofstock","10":"shipping-taxable","11":"purchasable","12":"product-type-simple","13":"prodpage-classic"},"yoast_head":"<!-- This site is optimized with the Yoast SEO Premium plugin v22.0 (Yoast SEO v22.7) - https:\/\/yoast.com\/wordpress\/plugins\/seo\/ -->\n<title>Aleppo Kiefer kaufen, Pinus Halepensis \u2618\ufe0f - Xedoo M\u00e1laga<\/title>\n<meta name=\"description\" content=\"Aleppo Kiefer kaufen, Pinus Halepensis, Jungpflanzen 20-30cm, . Die Aleppo Kiefer stammt aus dem Mittelmeerraum und gilt als ausgesprochen robust.\" \/>\n<meta name=\"robots\" content=\"index, follow, max-snippet:-1, max-image-preview:large, max-video-preview:-1\" \/>\n<link rel=\"canonical\" href=\"https:\/\/xedoo.com\/de\/produkt\/aleppo-kiefer-pinus-halepensis-kaufen\/\" \/>\n<meta name=\"twitter:label1\" content=\"Gesch\u00e4tzte Lesezeit\" \/>\n\t<meta name=\"twitter:data1\" content=\"1\u00a0Minute\" \/>\n<script type=\"application\/ld+json\" class=\"yoast-schema-graph\">{\"@context\":\"https:\/\/schema.org\",\"@graph\":[{\"@type\":\"WebPage\",\"@id\":\"https:\/\/xedoo.com\/de\/produkt\/aleppo-kiefer-pinus-halepensis-kaufen\/\",\"url\":\"https:\/\/xedoo.com\/de\/produkt\/aleppo-kiefer-pinus-halepensis-kaufen\/\",\"name\":\"Aleppo Kiefer kaufen, Pinus Halepensis \u2618\ufe0f - Xedoo M\u00e1laga\",\"isPartOf\":{\"@id\":\"https:\/\/xedoo.com\/de\/#website\"},\"primaryImageOfPage\":{\"@id\":\"https:\/\/xedoo.com\/de\/produkt\/aleppo-kiefer-pinus-halepensis-kaufen\/#primaryimage\"},\"image\":{\"@id\":\"https:\/\/xedoo.com\/de\/produkt\/aleppo-kiefer-pinus-halepensis-kaufen\/#primaryimage\"},\"thumbnailUrl\":\"https:\/\/xedoo.com\/wp-content\/uploads\/2021\/12\/pinus-halepensis-1.jpg\",\"datePublished\":\"2021-12-10T19:50:21+00:00\",\"dateModified\":\"2023-11-17T18:24:40+00:00\",\"description\":\"Aleppo Kiefer kaufen, Pinus Halepensis, Jungpflanzen 20-30cm, . Die Aleppo Kiefer stammt aus dem Mittelmeerraum und gilt als ausgesprochen robust.\",\"breadcrumb\":{\"@id\":\"https:\/\/xedoo.com\/de\/produkt\/aleppo-kiefer-pinus-halepensis-kaufen\/#breadcrumb\"},\"inLanguage\":\"de\",\"potentialAction\":[{\"@type\":\"ReadAction\",\"target\":[\"https:\/\/xedoo.com\/de\/produkt\/aleppo-kiefer-pinus-halepensis-kaufen\/\"]}]},{\"@type\":\"ImageObject\",\"inLanguage\":\"de\",\"@id\":\"https:\/\/xedoo.com\/de\/produkt\/aleppo-kiefer-pinus-halepensis-kaufen\/#primaryimage\",\"url\":\"https:\/\/xedoo.com\/wp-content\/uploads\/2021\/12\/pinus-halepensis-1.jpg\",\"contentUrl\":\"https:\/\/xedoo.com\/wp-content\/uploads\/2021\/12\/pinus-halepensis-1.jpg\",\"width\":2500,\"height\":1566,\"caption\":\"pinus-halepensis\"},{\"@type\":\"BreadcrumbList\",\"@id\":\"https:\/\/xedoo.com\/de\/produkt\/aleppo-kiefer-pinus-halepensis-kaufen\/#breadcrumb\",\"itemListElement\":[{\"@type\":\"ListItem\",\"position\":1,\"name\":\"Home\",\"item\":\"https:\/\/xedoo.com\/de\/\"},{\"@type\":\"ListItem\",\"position\":2,\"name\":\"Mediterrane Baumschule, G\u00e4rtnerei M\u00e1laga, Spanien &#8211; Xedoo.com\",\"item\":\"https:\/\/xedoo.com\/de\/\"},{\"@type\":\"ListItem\",\"position\":3,\"name\":\"Aleppo Kiefer kaufen, Pinus Halepensis\"}]},{\"@type\":\"WebSite\",\"@id\":\"https:\/\/xedoo.com\/de\/#website\",\"url\":\"https:\/\/xedoo.com\/de\/\",\"name\":\"Xedoo.com\",\"description\":\"\",\"publisher\":{\"@id\":\"https:\/\/xedoo.com\/de\/#organization\"},\"potentialAction\":[{\"@type\":\"SearchAction\",\"target\":{\"@type\":\"EntryPoint\",\"urlTemplate\":\"https:\/\/xedoo.com\/de\/?s={search_term_string}\"},\"query-input\":\"required name=search_term_string\"}],\"inLanguage\":\"de\"},{\"@type\":\"Organization\",\"@id\":\"https:\/\/xedoo.com\/de\/#organization\",\"name\":\"Xedoo\",\"url\":\"https:\/\/xedoo.com\/de\/\",\"logo\":{\"@type\":\"ImageObject\",\"inLanguage\":\"de\",\"@id\":\"https:\/\/xedoo.com\/de\/#\/schema\/logo\/image\/\",\"url\":\"https:\/\/xedoo.com\/wp-content\/uploads\/2021\/12\/cropped-cropped-logo-new.jpg\",\"contentUrl\":\"https:\/\/xedoo.com\/wp-content\/uploads\/2021\/12\/cropped-cropped-logo-new.jpg\",\"width\":240,\"height\":84,\"caption\":\"Xedoo\"},\"image\":{\"@id\":\"https:\/\/xedoo.com\/de\/#\/schema\/logo\/image\/\"}}]}<\/script>\n<!-- \/ Yoast SEO Premium plugin. -->","yoast_head_json":{"title":"Aleppo Kiefer kaufen, Pinus Halepensis \u2618\ufe0f - Xedoo M\u00e1laga","description":"Aleppo Kiefer kaufen, Pinus Halepensis, Jungpflanzen 20-30cm, . Die Aleppo Kiefer stammt aus dem Mittelmeerraum und gilt als ausgesprochen robust.","robots":{"index":"index","follow":"follow","max-snippet":"max-snippet:-1","max-image-preview":"max-image-preview:large","max-video-preview":"max-video-preview:-1"},"canonical":"https:\/\/xedoo.com\/de\/produkt\/aleppo-kiefer-pinus-halepensis-kaufen\/","twitter_misc":{"Gesch\u00e4tzte Lesezeit":"1\u00a0Minute"},"schema":{"@context":"https:\/\/schema.org","@graph":[{"@type":"WebPage","@id":"https:\/\/xedoo.com\/de\/produkt\/aleppo-kiefer-pinus-halepensis-kaufen\/","url":"https:\/\/xedoo.com\/de\/produkt\/aleppo-kiefer-pinus-halepensis-kaufen\/","name":"Aleppo Kiefer kaufen, Pinus Halepensis \u2618\ufe0f - Xedoo M\u00e1laga","isPartOf":{"@id":"https:\/\/xedoo.com\/de\/#website"},"primaryImageOfPage":{"@id":"https:\/\/xedoo.com\/de\/produkt\/aleppo-kiefer-pinus-halepensis-kaufen\/#primaryimage"},"image":{"@id":"https:\/\/xedoo.com\/de\/produkt\/aleppo-kiefer-pinus-halepensis-kaufen\/#primaryimage"},"thumbnailUrl":"https:\/\/xedoo.com\/wp-content\/uploads\/2021\/12\/pinus-halepensis-1.jpg","datePublished":"2021-12-10T19:50:21+00:00","dateModified":"2023-11-17T18:24:40+00:00","description":"Aleppo Kiefer kaufen, Pinus Halepensis, Jungpflanzen 20-30cm, . Die Aleppo Kiefer stammt aus dem Mittelmeerraum und gilt als ausgesprochen robust.","breadcrumb":{"@id":"https:\/\/xedoo.com\/de\/produkt\/aleppo-kiefer-pinus-halepensis-kaufen\/#breadcrumb"},"inLanguage":"de","potentialAction":[{"@type":"ReadAction","target":["https:\/\/xedoo.com\/de\/produkt\/aleppo-kiefer-pinus-halepensis-kaufen\/"]}]},{"@type":"ImageObject","inLanguage":"de","@id":"https:\/\/xedoo.com\/de\/produkt\/aleppo-kiefer-pinus-halepensis-kaufen\/#primaryimage","url":"https:\/\/xedoo.com\/wp-content\/uploads\/2021\/12\/pinus-halepensis-1.jpg","contentUrl":"https:\/\/xedoo.com\/wp-content\/uploads\/2021\/12\/pinus-halepensis-1.jpg","width":2500,"height":1566,"caption":"pinus-halepensis"},{"@type":"BreadcrumbList","@id":"https:\/\/xedoo.com\/de\/produkt\/aleppo-kiefer-pinus-halepensis-kaufen\/#breadcrumb","itemListElement":[{"@type":"ListItem","position":1,"name":"Home","item":"https:\/\/xedoo.com\/de\/"},{"@type":"ListItem","position":2,"name":"Mediterrane Baumschule, G\u00e4rtnerei M\u00e1laga, Spanien &#8211; Xedoo.com","item":"https:\/\/xedoo.com\/de\/"},{"@type":"ListItem","position":3,"name":"Aleppo Kiefer kaufen, Pinus Halepensis"}]},{"@type":"WebSite","@id":"https:\/\/xedoo.com\/de\/#website","url":"https:\/\/xedoo.com\/de\/","name":"Xedoo.com","description":"","publisher":{"@id":"https:\/\/xedoo.com\/de\/#organization"},"potentialAction":[{"@type":"SearchAction","target":{"@type":"EntryPoint","urlTemplate":"https:\/\/xedoo.com\/de\/?s={search_term_string}"},"query-input":"required name=search_term_string"}],"inLanguage":"de"},{"@type":"Organization","@id":"https:\/\/xedoo.com\/de\/#organization","name":"Xedoo","url":"https:\/\/xedoo.com\/de\/","logo":{"@type":"ImageObject","inLanguage":"de","@id":"https:\/\/xedoo.com\/de\/#\/schema\/logo\/image\/","url":"https:\/\/xedoo.com\/wp-content\/uploads\/2021\/12\/cropped-cropped-logo-new.jpg","contentUrl":"https:\/\/xedoo.com\/wp-content\/uploads\/2021\/12\/cropped-cropped-logo-new.jpg","width":240,"height":84,"caption":"Xedoo"},"image":{"@id":"https:\/\/xedoo.com\/de\/#\/schema\/logo\/image\/"}}]}},"_links":{"self":[{"href":"https:\/\/xedoo.com\/de\/wp-json\/wp\/v2\/product\/875"}],"collection":[{"href":"https:\/\/xedoo.com\/de\/wp-json\/wp\/v2\/product"}],"about":[{"href":"https:\/\/xedoo.com\/de\/wp-json\/wp\/v2\/types\/product"}],"wp:featuredmedia":[{"embeddable":true,"href":"https:\/\/xedoo.com\/de\/wp-json\/wp\/v2\/media\/1298"}],"wp:attachment":[{"href":"https:\/\/xedoo.com\/de\/wp-json\/wp\/v2\/media?parent=875"}],"wp:term":[{"taxonomy":"product_brand","embeddable":true,"href":"https:\/\/xedoo.com\/de\/wp-json\/wp\/v2\/product_brand?post=875"},{"taxonomy":"product_cat","embeddable":true,"href":"https:\/\/xedoo.com\/de\/wp-json\/wp\/v2\/product_cat?post=875"},{"taxonomy":"product_tag","embeddable":true,"href":"https:\/\/xedoo.com\/de\/wp-json\/wp\/v2\/product_tag?post=875"},{"taxonomy":"woo-feed-brand","embeddable":true,"href":"https:\/\/xedoo.com\/de\/wp-json\/wp\/v2\/woo-feed-brand?post=875"}],"curies":[{"name":"wp","href":"https:\/\/api.w.org\/{rel}","templated":true}]}}