{"id":920,"date":"2021-12-11T07:55:39","date_gmt":"2021-12-11T17:17:12","guid":{"rendered":"https:\/\/xedoo.com\/?post_type=product&#038;p=920"},"modified":"2021-12-11T18:17:13","modified_gmt":"2021-12-11T17:17:13","slug":"bonsaischale-gross-rechteckig","status":"publish","type":"product","link":"https:\/\/xedoo.com\/de\/produkt\/bonsaischale-gross-rechteckig\/","title":{"rendered":"Bonsaischale gro\u00df rechteckig"},"content":{"rendered":"<p>Rechteckige schwarze Bonsaischale, Penjing Schale.<\/p>\n<p>Material: Kunststoff<\/p>\n<p>Abmessungen: 60x30x6cm<\/p>\n","protected":false},"excerpt":{"rendered":"<p>Verkauf von gro\u00dfen, rechteckigen Bonsaischalen, Penjing Schalen. Gr\u00f6\u00dfe 60x30cm.<\/p>\n","protected":false},"featured_media":893,"template":"","meta":[],"product_brand":[],"product_cat":[46],"product_tag":[],"woo-feed-brand":[],"class_list":{"0":"post-920","1":"product","2":"type-product","3":"status-publish","4":"has-post-thumbnail","6":"product_cat-varios","8":"first","9":"outofstock","10":"shipping-taxable","11":"purchasable","12":"product-type-simple","13":"prodpage-classic"},"yoast_head":"<!-- This site is optimized with the Yoast SEO Premium plugin v22.0 (Yoast SEO v22.7) - https:\/\/yoast.com\/wordpress\/plugins\/seo\/ -->\n<title>Bonsaischale gro\u00df rechteckig<\/title>\n<meta name=\"description\" content=\"Verkauf von gro\u00dfen, rechteckigen Bonsaischalen, Penjing Schalen. Gr\u00f6\u00dfe 60x30cm.\" \/>\n<meta name=\"robots\" content=\"index, follow, max-snippet:-1, max-image-preview:large, max-video-preview:-1\" \/>\n<link rel=\"canonical\" href=\"https:\/\/xedoo.com\/de\/produkt\/bonsaischale-gross-rechteckig\/\" \/>\n<meta name=\"twitter:label1\" content=\"Gesch\u00e4tzte Lesezeit\" \/>\n\t<meta name=\"twitter:data1\" content=\"1\u00a0Minute\" \/>\n<script type=\"application\/ld+json\" class=\"yoast-schema-graph\">{\"@context\":\"https:\/\/schema.org\",\"@graph\":[{\"@type\":\"WebPage\",\"@id\":\"https:\/\/xedoo.com\/de\/produkt\/bonsaischale-gross-rechteckig\/\",\"url\":\"https:\/\/xedoo.com\/de\/produkt\/bonsaischale-gross-rechteckig\/\",\"name\":\"Bonsaischale gro\u00df rechteckig\",\"isPartOf\":{\"@id\":\"https:\/\/xedoo.com\/de\/#website\"},\"primaryImageOfPage\":{\"@id\":\"https:\/\/xedoo.com\/de\/produkt\/bonsaischale-gross-rechteckig\/#primaryimage\"},\"image\":{\"@id\":\"https:\/\/xedoo.com\/de\/produkt\/bonsaischale-gross-rechteckig\/#primaryimage\"},\"thumbnailUrl\":\"https:\/\/xedoo.com\/wp-content\/uploads\/2021\/12\/maceta-bonsai-grande-rectangular.jpg\",\"datePublished\":\"2021-12-11T17:17:12+00:00\",\"dateModified\":\"2021-12-11T17:17:13+00:00\",\"description\":\"Verkauf von gro\u00dfen, rechteckigen Bonsaischalen, Penjing Schalen. Gr\u00f6\u00dfe 60x30cm.\",\"breadcrumb\":{\"@id\":\"https:\/\/xedoo.com\/de\/produkt\/bonsaischale-gross-rechteckig\/#breadcrumb\"},\"inLanguage\":\"de\",\"potentialAction\":[{\"@type\":\"ReadAction\",\"target\":[\"https:\/\/xedoo.com\/de\/produkt\/bonsaischale-gross-rechteckig\/\"]}]},{\"@type\":\"ImageObject\",\"inLanguage\":\"de\",\"@id\":\"https:\/\/xedoo.com\/de\/produkt\/bonsaischale-gross-rechteckig\/#primaryimage\",\"url\":\"https:\/\/xedoo.com\/wp-content\/uploads\/2021\/12\/maceta-bonsai-grande-rectangular.jpg\",\"contentUrl\":\"https:\/\/xedoo.com\/wp-content\/uploads\/2021\/12\/maceta-bonsai-grande-rectangular.jpg\",\"width\":1000,\"height\":668,\"caption\":\"Bonsai Topf gross\"},{\"@type\":\"BreadcrumbList\",\"@id\":\"https:\/\/xedoo.com\/de\/produkt\/bonsaischale-gross-rechteckig\/#breadcrumb\",\"itemListElement\":[{\"@type\":\"ListItem\",\"position\":1,\"name\":\"Home\",\"item\":\"https:\/\/xedoo.com\/de\/\"},{\"@type\":\"ListItem\",\"position\":2,\"name\":\"Mediterrane Baumschule, G\u00e4rtnerei M\u00e1laga, Spanien &#8211; Xedoo.com\",\"item\":\"https:\/\/xedoo.com\/de\/\"},{\"@type\":\"ListItem\",\"position\":3,\"name\":\"Bonsaischale gro\u00df rechteckig\"}]},{\"@type\":\"WebSite\",\"@id\":\"https:\/\/xedoo.com\/de\/#website\",\"url\":\"https:\/\/xedoo.com\/de\/\",\"name\":\"Xedoo.com\",\"description\":\"\",\"publisher\":{\"@id\":\"https:\/\/xedoo.com\/de\/#organization\"},\"potentialAction\":[{\"@type\":\"SearchAction\",\"target\":{\"@type\":\"EntryPoint\",\"urlTemplate\":\"https:\/\/xedoo.com\/de\/?s={search_term_string}\"},\"query-input\":\"required name=search_term_string\"}],\"inLanguage\":\"de\"},{\"@type\":\"Organization\",\"@id\":\"https:\/\/xedoo.com\/de\/#organization\",\"name\":\"Xedoo\",\"url\":\"https:\/\/xedoo.com\/de\/\",\"logo\":{\"@type\":\"ImageObject\",\"inLanguage\":\"de\",\"@id\":\"https:\/\/xedoo.com\/de\/#\/schema\/logo\/image\/\",\"url\":\"https:\/\/xedoo.com\/wp-content\/uploads\/2021\/12\/cropped-cropped-logo-new.jpg\",\"contentUrl\":\"https:\/\/xedoo.com\/wp-content\/uploads\/2021\/12\/cropped-cropped-logo-new.jpg\",\"width\":240,\"height\":84,\"caption\":\"Xedoo\"},\"image\":{\"@id\":\"https:\/\/xedoo.com\/de\/#\/schema\/logo\/image\/\"}}]}<\/script>\n<!-- \/ Yoast SEO Premium plugin. -->","yoast_head_json":{"title":"Bonsaischale gro\u00df rechteckig","description":"Verkauf von gro\u00dfen, rechteckigen Bonsaischalen, Penjing Schalen. Gr\u00f6\u00dfe 60x30cm.","robots":{"index":"index","follow":"follow","max-snippet":"max-snippet:-1","max-image-preview":"max-image-preview:large","max-video-preview":"max-video-preview:-1"},"canonical":"https:\/\/xedoo.com\/de\/produkt\/bonsaischale-gross-rechteckig\/","twitter_misc":{"Gesch\u00e4tzte Lesezeit":"1\u00a0Minute"},"schema":{"@context":"https:\/\/schema.org","@graph":[{"@type":"WebPage","@id":"https:\/\/xedoo.com\/de\/produkt\/bonsaischale-gross-rechteckig\/","url":"https:\/\/xedoo.com\/de\/produkt\/bonsaischale-gross-rechteckig\/","name":"Bonsaischale gro\u00df rechteckig","isPartOf":{"@id":"https:\/\/xedoo.com\/de\/#website"},"primaryImageOfPage":{"@id":"https:\/\/xedoo.com\/de\/produkt\/bonsaischale-gross-rechteckig\/#primaryimage"},"image":{"@id":"https:\/\/xedoo.com\/de\/produkt\/bonsaischale-gross-rechteckig\/#primaryimage"},"thumbnailUrl":"https:\/\/xedoo.com\/wp-content\/uploads\/2021\/12\/maceta-bonsai-grande-rectangular.jpg","datePublished":"2021-12-11T17:17:12+00:00","dateModified":"2021-12-11T17:17:13+00:00","description":"Verkauf von gro\u00dfen, rechteckigen Bonsaischalen, Penjing Schalen. Gr\u00f6\u00dfe 60x30cm.","breadcrumb":{"@id":"https:\/\/xedoo.com\/de\/produkt\/bonsaischale-gross-rechteckig\/#breadcrumb"},"inLanguage":"de","potentialAction":[{"@type":"ReadAction","target":["https:\/\/xedoo.com\/de\/produkt\/bonsaischale-gross-rechteckig\/"]}]},{"@type":"ImageObject","inLanguage":"de","@id":"https:\/\/xedoo.com\/de\/produkt\/bonsaischale-gross-rechteckig\/#primaryimage","url":"https:\/\/xedoo.com\/wp-content\/uploads\/2021\/12\/maceta-bonsai-grande-rectangular.jpg","contentUrl":"https:\/\/xedoo.com\/wp-content\/uploads\/2021\/12\/maceta-bonsai-grande-rectangular.jpg","width":1000,"height":668,"caption":"Bonsai Topf gross"},{"@type":"BreadcrumbList","@id":"https:\/\/xedoo.com\/de\/produkt\/bonsaischale-gross-rechteckig\/#breadcrumb","itemListElement":[{"@type":"ListItem","position":1,"name":"Home","item":"https:\/\/xedoo.com\/de\/"},{"@type":"ListItem","position":2,"name":"Mediterrane Baumschule, G\u00e4rtnerei M\u00e1laga, Spanien &#8211; Xedoo.com","item":"https:\/\/xedoo.com\/de\/"},{"@type":"ListItem","position":3,"name":"Bonsaischale gro\u00df rechteckig"}]},{"@type":"WebSite","@id":"https:\/\/xedoo.com\/de\/#website","url":"https:\/\/xedoo.com\/de\/","name":"Xedoo.com","description":"","publisher":{"@id":"https:\/\/xedoo.com\/de\/#organization"},"potentialAction":[{"@type":"SearchAction","target":{"@type":"EntryPoint","urlTemplate":"https:\/\/xedoo.com\/de\/?s={search_term_string}"},"query-input":"required name=search_term_string"}],"inLanguage":"de"},{"@type":"Organization","@id":"https:\/\/xedoo.com\/de\/#organization","name":"Xedoo","url":"https:\/\/xedoo.com\/de\/","logo":{"@type":"ImageObject","inLanguage":"de","@id":"https:\/\/xedoo.com\/de\/#\/schema\/logo\/image\/","url":"https:\/\/xedoo.com\/wp-content\/uploads\/2021\/12\/cropped-cropped-logo-new.jpg","contentUrl":"https:\/\/xedoo.com\/wp-content\/uploads\/2021\/12\/cropped-cropped-logo-new.jpg","width":240,"height":84,"caption":"Xedoo"},"image":{"@id":"https:\/\/xedoo.com\/de\/#\/schema\/logo\/image\/"}}]}},"_links":{"self":[{"href":"https:\/\/xedoo.com\/de\/wp-json\/wp\/v2\/product\/920"}],"collection":[{"href":"https:\/\/xedoo.com\/de\/wp-json\/wp\/v2\/product"}],"about":[{"href":"https:\/\/xedoo.com\/de\/wp-json\/wp\/v2\/types\/product"}],"wp:featuredmedia":[{"embeddable":true,"href":"https:\/\/xedoo.com\/de\/wp-json\/wp\/v2\/media\/893"}],"wp:attachment":[{"href":"https:\/\/xedoo.com\/de\/wp-json\/wp\/v2\/media?parent=920"}],"wp:term":[{"taxonomy":"product_brand","embeddable":true,"href":"https:\/\/xedoo.com\/de\/wp-json\/wp\/v2\/product_brand?post=920"},{"taxonomy":"product_cat","embeddable":true,"href":"https:\/\/xedoo.com\/de\/wp-json\/wp\/v2\/product_cat?post=920"},{"taxonomy":"product_tag","embeddable":true,"href":"https:\/\/xedoo.com\/de\/wp-json\/wp\/v2\/product_tag?post=920"},{"taxonomy":"woo-feed-brand","embeddable":true,"href":"https:\/\/xedoo.com\/de\/wp-json\/wp\/v2\/woo-feed-brand?post=920"}],"curies":[{"name":"wp","href":"https:\/\/api.w.org\/{rel}","templated":true}]}}