{"id":922,"date":"2021-12-11T08:17:27","date_gmt":"2021-12-11T17:22:54","guid":{"rendered":"https:\/\/xedoo.com\/?post_type=product&#038;p=922"},"modified":"2022-11-13T15:31:29","modified_gmt":"2022-11-13T14:31:29","slug":"bonsaischale-schwarz-rund-verschiedene-groessen","status":"publish","type":"product","link":"https:\/\/xedoo.com\/de\/produkt\/bonsaischale-schwarz-rund-verschiedene-groessen\/","title":{"rendered":"Bonsaischale schwarz, rund, verschiedene Gr\u00f6\u00dfen"},"content":{"rendered":"<p>Schwarze, runde Bonsaischale. Verschiedene Gr\u00f6\u00dfen erh\u00e4ltlich: kleine Bonsaischale, mittlere Bonsaischale, gro\u00dfe Bonsaischale.<\/p>\n<p>Material: Kunststoff<\/p>\n<p>Durchmesser 20cm<\/p>\n<p>Durchmesser 25cm<\/p>\n<p>Durchmesser 30cm<\/p>\n","protected":false},"excerpt":{"rendered":"<p>Verkauf von preisg\u00fcnstigen Bonsaischalen aus schwarzem Kunststoff. Verschiedene Gr\u00f6\u00dfen verf\u00fcgbar.<\/p>\n","protected":false},"featured_media":1145,"template":"","meta":[],"product_brand":[],"product_cat":[232],"product_tag":[],"woo-feed-brand":[],"class_list":{"0":"post-922","1":"product","2":"type-product","3":"status-publish","4":"has-post-thumbnail","6":"product_cat-blumentoepfe","8":"first","9":"outofstock","10":"shipping-taxable","11":"purchasable","12":"product-type-variable","13":"prodpage-classic"},"yoast_head":"<!-- This site is optimized with the Yoast SEO Premium plugin v22.0 (Yoast SEO v22.7) - https:\/\/yoast.com\/wordpress\/plugins\/seo\/ -->\n<title>Bonsaischale schwarz, rund, verschiedene Gr\u00f6\u00dfen<\/title>\n<meta name=\"description\" content=\"Preisg\u00fcnstige Bonsaischalen in verschiedenen Gr\u00f6\u00dfen aus schwarzem Kunststoff erh\u00e4ltlich. \u2300 20cm, \u2300 25cm, \u2300 30cm. Bereits ab 2,50 Euro\" \/>\n<meta name=\"robots\" content=\"index, follow, max-snippet:-1, max-image-preview:large, max-video-preview:-1\" \/>\n<link rel=\"canonical\" href=\"https:\/\/xedoo.com\/de\/produkt\/bonsaischale-schwarz-rund-verschiedene-groessen\/\" \/>\n<meta name=\"twitter:label1\" content=\"Gesch\u00e4tzte Lesezeit\" \/>\n\t<meta name=\"twitter:data1\" content=\"1\u00a0Minute\" \/>\n<script type=\"application\/ld+json\" class=\"yoast-schema-graph\">{\"@context\":\"https:\/\/schema.org\",\"@graph\":[{\"@type\":\"WebPage\",\"@id\":\"https:\/\/xedoo.com\/de\/produkt\/bonsaischale-schwarz-rund-verschiedene-groessen\/\",\"url\":\"https:\/\/xedoo.com\/de\/produkt\/bonsaischale-schwarz-rund-verschiedene-groessen\/\",\"name\":\"Bonsaischale schwarz, rund, verschiedene Gr\u00f6\u00dfen\",\"isPartOf\":{\"@id\":\"https:\/\/xedoo.com\/de\/#website\"},\"primaryImageOfPage\":{\"@id\":\"https:\/\/xedoo.com\/de\/produkt\/bonsaischale-schwarz-rund-verschiedene-groessen\/#primaryimage\"},\"image\":{\"@id\":\"https:\/\/xedoo.com\/de\/produkt\/bonsaischale-schwarz-rund-verschiedene-groessen\/#primaryimage\"},\"thumbnailUrl\":\"https:\/\/xedoo.com\/wp-content\/uploads\/2021\/12\/maceta-bonsai.jpg\",\"datePublished\":\"2021-12-11T17:22:54+00:00\",\"dateModified\":\"2022-11-13T14:31:29+00:00\",\"description\":\"Preisg\u00fcnstige Bonsaischalen in verschiedenen Gr\u00f6\u00dfen aus schwarzem Kunststoff erh\u00e4ltlich. \u2300 20cm, \u2300 25cm, \u2300 30cm. Bereits ab 2,50 Euro\",\"breadcrumb\":{\"@id\":\"https:\/\/xedoo.com\/de\/produkt\/bonsaischale-schwarz-rund-verschiedene-groessen\/#breadcrumb\"},\"inLanguage\":\"de\",\"potentialAction\":[{\"@type\":\"ReadAction\",\"target\":[\"https:\/\/xedoo.com\/de\/produkt\/bonsaischale-schwarz-rund-verschiedene-groessen\/\"]}]},{\"@type\":\"ImageObject\",\"inLanguage\":\"de\",\"@id\":\"https:\/\/xedoo.com\/de\/produkt\/bonsaischale-schwarz-rund-verschiedene-groessen\/#primaryimage\",\"url\":\"https:\/\/xedoo.com\/wp-content\/uploads\/2021\/12\/maceta-bonsai.jpg\",\"contentUrl\":\"https:\/\/xedoo.com\/wp-content\/uploads\/2021\/12\/maceta-bonsai.jpg\",\"width\":1000,\"height\":800},{\"@type\":\"BreadcrumbList\",\"@id\":\"https:\/\/xedoo.com\/de\/produkt\/bonsaischale-schwarz-rund-verschiedene-groessen\/#breadcrumb\",\"itemListElement\":[{\"@type\":\"ListItem\",\"position\":1,\"name\":\"Home\",\"item\":\"https:\/\/xedoo.com\/de\/\"},{\"@type\":\"ListItem\",\"position\":2,\"name\":\"Mediterrane Baumschule, G\u00e4rtnerei M\u00e1laga, Spanien &#8211; Xedoo.com\",\"item\":\"https:\/\/xedoo.com\/de\/\"},{\"@type\":\"ListItem\",\"position\":3,\"name\":\"Bonsaischale schwarz, rund, verschiedene Gr\u00f6\u00dfen\"}]},{\"@type\":\"WebSite\",\"@id\":\"https:\/\/xedoo.com\/de\/#website\",\"url\":\"https:\/\/xedoo.com\/de\/\",\"name\":\"Xedoo.com\",\"description\":\"\",\"publisher\":{\"@id\":\"https:\/\/xedoo.com\/de\/#organization\"},\"potentialAction\":[{\"@type\":\"SearchAction\",\"target\":{\"@type\":\"EntryPoint\",\"urlTemplate\":\"https:\/\/xedoo.com\/de\/?s={search_term_string}\"},\"query-input\":\"required name=search_term_string\"}],\"inLanguage\":\"de\"},{\"@type\":\"Organization\",\"@id\":\"https:\/\/xedoo.com\/de\/#organization\",\"name\":\"Xedoo\",\"url\":\"https:\/\/xedoo.com\/de\/\",\"logo\":{\"@type\":\"ImageObject\",\"inLanguage\":\"de\",\"@id\":\"https:\/\/xedoo.com\/de\/#\/schema\/logo\/image\/\",\"url\":\"https:\/\/xedoo.com\/wp-content\/uploads\/2021\/12\/cropped-cropped-logo-new.jpg\",\"contentUrl\":\"https:\/\/xedoo.com\/wp-content\/uploads\/2021\/12\/cropped-cropped-logo-new.jpg\",\"width\":240,\"height\":84,\"caption\":\"Xedoo\"},\"image\":{\"@id\":\"https:\/\/xedoo.com\/de\/#\/schema\/logo\/image\/\"}}]}<\/script>\n<!-- \/ Yoast SEO Premium plugin. -->","yoast_head_json":{"title":"Bonsaischale schwarz, rund, verschiedene Gr\u00f6\u00dfen","description":"Preisg\u00fcnstige Bonsaischalen in verschiedenen Gr\u00f6\u00dfen aus schwarzem Kunststoff erh\u00e4ltlich. \u2300 20cm, \u2300 25cm, \u2300 30cm. Bereits ab 2,50 Euro","robots":{"index":"index","follow":"follow","max-snippet":"max-snippet:-1","max-image-preview":"max-image-preview:large","max-video-preview":"max-video-preview:-1"},"canonical":"https:\/\/xedoo.com\/de\/produkt\/bonsaischale-schwarz-rund-verschiedene-groessen\/","twitter_misc":{"Gesch\u00e4tzte Lesezeit":"1\u00a0Minute"},"schema":{"@context":"https:\/\/schema.org","@graph":[{"@type":"WebPage","@id":"https:\/\/xedoo.com\/de\/produkt\/bonsaischale-schwarz-rund-verschiedene-groessen\/","url":"https:\/\/xedoo.com\/de\/produkt\/bonsaischale-schwarz-rund-verschiedene-groessen\/","name":"Bonsaischale schwarz, rund, verschiedene Gr\u00f6\u00dfen","isPartOf":{"@id":"https:\/\/xedoo.com\/de\/#website"},"primaryImageOfPage":{"@id":"https:\/\/xedoo.com\/de\/produkt\/bonsaischale-schwarz-rund-verschiedene-groessen\/#primaryimage"},"image":{"@id":"https:\/\/xedoo.com\/de\/produkt\/bonsaischale-schwarz-rund-verschiedene-groessen\/#primaryimage"},"thumbnailUrl":"https:\/\/xedoo.com\/wp-content\/uploads\/2021\/12\/maceta-bonsai.jpg","datePublished":"2021-12-11T17:22:54+00:00","dateModified":"2022-11-13T14:31:29+00:00","description":"Preisg\u00fcnstige Bonsaischalen in verschiedenen Gr\u00f6\u00dfen aus schwarzem Kunststoff erh\u00e4ltlich. \u2300 20cm, \u2300 25cm, \u2300 30cm. Bereits ab 2,50 Euro","breadcrumb":{"@id":"https:\/\/xedoo.com\/de\/produkt\/bonsaischale-schwarz-rund-verschiedene-groessen\/#breadcrumb"},"inLanguage":"de","potentialAction":[{"@type":"ReadAction","target":["https:\/\/xedoo.com\/de\/produkt\/bonsaischale-schwarz-rund-verschiedene-groessen\/"]}]},{"@type":"ImageObject","inLanguage":"de","@id":"https:\/\/xedoo.com\/de\/produkt\/bonsaischale-schwarz-rund-verschiedene-groessen\/#primaryimage","url":"https:\/\/xedoo.com\/wp-content\/uploads\/2021\/12\/maceta-bonsai.jpg","contentUrl":"https:\/\/xedoo.com\/wp-content\/uploads\/2021\/12\/maceta-bonsai.jpg","width":1000,"height":800},{"@type":"BreadcrumbList","@id":"https:\/\/xedoo.com\/de\/produkt\/bonsaischale-schwarz-rund-verschiedene-groessen\/#breadcrumb","itemListElement":[{"@type":"ListItem","position":1,"name":"Home","item":"https:\/\/xedoo.com\/de\/"},{"@type":"ListItem","position":2,"name":"Mediterrane Baumschule, G\u00e4rtnerei M\u00e1laga, Spanien &#8211; Xedoo.com","item":"https:\/\/xedoo.com\/de\/"},{"@type":"ListItem","position":3,"name":"Bonsaischale schwarz, rund, verschiedene Gr\u00f6\u00dfen"}]},{"@type":"WebSite","@id":"https:\/\/xedoo.com\/de\/#website","url":"https:\/\/xedoo.com\/de\/","name":"Xedoo.com","description":"","publisher":{"@id":"https:\/\/xedoo.com\/de\/#organization"},"potentialAction":[{"@type":"SearchAction","target":{"@type":"EntryPoint","urlTemplate":"https:\/\/xedoo.com\/de\/?s={search_term_string}"},"query-input":"required name=search_term_string"}],"inLanguage":"de"},{"@type":"Organization","@id":"https:\/\/xedoo.com\/de\/#organization","name":"Xedoo","url":"https:\/\/xedoo.com\/de\/","logo":{"@type":"ImageObject","inLanguage":"de","@id":"https:\/\/xedoo.com\/de\/#\/schema\/logo\/image\/","url":"https:\/\/xedoo.com\/wp-content\/uploads\/2021\/12\/cropped-cropped-logo-new.jpg","contentUrl":"https:\/\/xedoo.com\/wp-content\/uploads\/2021\/12\/cropped-cropped-logo-new.jpg","width":240,"height":84,"caption":"Xedoo"},"image":{"@id":"https:\/\/xedoo.com\/de\/#\/schema\/logo\/image\/"}}]}},"_links":{"self":[{"href":"https:\/\/xedoo.com\/de\/wp-json\/wp\/v2\/product\/922"}],"collection":[{"href":"https:\/\/xedoo.com\/de\/wp-json\/wp\/v2\/product"}],"about":[{"href":"https:\/\/xedoo.com\/de\/wp-json\/wp\/v2\/types\/product"}],"wp:featuredmedia":[{"embeddable":true,"href":"https:\/\/xedoo.com\/de\/wp-json\/wp\/v2\/media\/1145"}],"wp:attachment":[{"href":"https:\/\/xedoo.com\/de\/wp-json\/wp\/v2\/media?parent=922"}],"wp:term":[{"taxonomy":"product_brand","embeddable":true,"href":"https:\/\/xedoo.com\/de\/wp-json\/wp\/v2\/product_brand?post=922"},{"taxonomy":"product_cat","embeddable":true,"href":"https:\/\/xedoo.com\/de\/wp-json\/wp\/v2\/product_cat?post=922"},{"taxonomy":"product_tag","embeddable":true,"href":"https:\/\/xedoo.com\/de\/wp-json\/wp\/v2\/product_tag?post=922"},{"taxonomy":"woo-feed-brand","embeddable":true,"href":"https:\/\/xedoo.com\/de\/wp-json\/wp\/v2\/woo-feed-brand?post=922"}],"curies":[{"name":"wp","href":"https:\/\/api.w.org\/{rel}","templated":true}]}}